{"id":24212,"date":"2025-01-17T08:56:34","date_gmt":"2025-01-17T13:56:34","guid":{"rendered":"https:\/\/thehometownlawyers.com\/?page_id=24212"},"modified":"2025-02-11T17:14:15","modified_gmt":"2025-02-11T22:14:15","slug":"areas-en-las-que-prestamos-servicios","status":"publish","type":"page","link":"https:\/\/thehometownlawyers.com\/es\/areas-en-las-que-prestamos-servicios\/","title":{"rendered":"\u00c1reas en las que prestamos servicios"},"content":{"rendered":"<p data-pm-slice=\"1 1 []\">El bufete de abogados Kruger &amp; Hodges se enorgullece de prestar servicios en las ciudades de Ohio y brindar su experiencia en \u00e1reas de pr\u00e1ctica espec\u00edficas. Si est\u00e1 interesado en trabajar con nosotros pero no ve su ciudad espec\u00edfica en la lista a continuaci\u00f3n, comun\u00edquese con nosotros y veremos c\u00f3mo podemos ayudarlo.<\/p>\n<div class='location-row'><div class='column'><h2>B<\/h2><ul><li><a href='https:\/\/thehometownlawyers.com\/es\/abogados-de-lesiones-personales-de-brookville-ohio\/'>Brookville<\/a><\/li><li><a href='https:\/\/thehometownlawyers.com\/es\/abogados-de-lesiones-personales-del-condado-de-butler\/'>Butler County<\/a><\/li><\/ul><\/div><div class='column'><h2>C<\/h2><ul><li><a href='https:\/\/thehometownlawyers.com\/es\/circleville\/abogado-de-lesiones-personales\/'>Circleville<\/a><\/li><li><a href='https:\/\/thehometownlawyers.com\/es\/lesiones-personales-en-camden-ohio\/'>Camden<\/a><\/li><\/ul><\/div><div class='column'><h2>D<\/h2><ul><li><a href='https:\/\/thehometownlawyers.com\/es\/abogado-de-lesiones-del-condado-de-darke-ohio\/'>Darke County<\/a><\/li><\/ul><\/div><div class='column'><h2>E<\/h2><ul><li><a href='https:\/\/thehometownlawyers.com\/es\/abogados-de-lesiones-personales-en-eaton-ohio\/'>Eaton<\/a><\/li><\/ul><\/div><div class='column'><h2>F<\/h2><ul><li><a href='https:\/\/thehometownlawyers.com\/es\/abogado-de-lesiones-personales-franklin-ohio\/'>Franklin<\/a><\/li><li><a href='https:\/\/thehometownlawyers.com\/es\/abogados-de-lesiones-personales-en-fairfield-ohio\/'>Fairfield<\/a><\/li><\/ul><\/div><div class='column'><h2>L<\/h2><ul><li><a href='https:\/\/thehometownlawyers.com\/es\/abogados-de-lesiones-personales-en-lewisburg-ohio\/'>Lewisburg<\/a><\/li><li><a href='https:\/\/thehometownlawyers.com\/es\/abogado-de-lesiones-liberty-township-ohio\/'>Liberty Township<\/a><\/li><\/ul><\/div><div class='column'><h2>M<\/h2><ul><li><a href='https:\/\/thehometownlawyers.com\/es\/abogado-de-lesiones-personales-miamisburg-ohio\/'>Miamisburg<\/a><\/li><li><a href='https:\/\/thehometownlawyers.com\/es\/abogado-de-lesiones-personales-que-presta-servicios-en-greenville-ohio\/'>Miamisburg<\/a><\/li><li><a href='https:\/\/thehometownlawyers.com\/es\/abogados-de-lesiones-personales-de-middletown\/'>Middletown<\/a><\/li><li><a href='https:\/\/thehometownlawyers.com\/es\/abogados-de-lesiones-personales-que-prestan-servicios-en-millville-ohio\/'>Millville<\/a><\/li><\/ul><\/div><div class='column'><h2>N<\/h2><ul><li><a href='https:\/\/thehometownlawyers.com\/es\/lesiones-personales-en-new-paris-ohio\/'>New Paris<\/a><\/li><li><a href='https:\/\/thehometownlawyers.com\/es\/abogados-de-lesiones-personales-que-prestan-servicios-en-new-miami-ohio\/'>New Miami<\/a><\/li><\/ul><\/div><div class='column'><h2>O<\/h2><ul><li><a href='https:\/\/thehometownlawyers.com\/es\/abogados-de-lesiones-personales-que-prestan-servicios-en-oxford-ohio\/'>Oxford<\/a><\/li><\/ul><\/div><div class='column'><h2>P<\/h2><ul><li><a href='https:\/\/thehometownlawyers.com\/es\/abogados-de-lesiones-personales-en-el-condado-de-preble-ohio\/'>Preble County<\/a><\/li><\/ul><\/div><div class='column'><h2>S<\/h2><ul><li><a href='https:\/\/thehometownlawyers.com\/es\/abogados-de-lesiones-personales-que-prestan-servicios-en-seven-mile-ohio\/'>Seven Mile<\/a><\/li><\/ul><\/div><div class='column'><h2>T<\/h2><ul><li><a href='https:\/\/thehometownlawyers.com\/es\/abogados-de-lesiones-personales-que-prestan-servicios-en-trenton-ohio\/'>Trenton<\/a><\/li><\/ul><\/div><div class='column'><h2>W<\/h2><ul><li><a href='https:\/\/thehometownlawyers.com\/es\/lesiones-personales-en-west-alexandria-ohio\/'>West Alexandria<\/a><\/li><li><a href='https:\/\/thehometownlawyers.com\/es\/lesiones-personales-en-west-elkton-ohio\/'>West Elkton<\/a><\/li><li><a href='https:\/\/thehometownlawyers.com\/es\/abogados-de-lesiones-personales-de-west-chester\/'>West Chester<\/a><\/li><\/ul><\/div><div class='column'><h2>h<\/h2><ul><li><a href='https:\/\/thehometownlawyers.com\/es\/'>hamilton<\/a><\/li><\/ul><\/div><\/div>\n","protected":false},"excerpt":{"rendered":"<p>El bufete de abogados Kruger &amp; Hodges se enorgullece de prestar servicios en las ciudades de Ohio y brindar su experiencia en \u00e1reas de pr\u00e1ctica espec\u00edficas. Si est\u00e1 interesado en trabajar con nosotros pero no ve su ciudad espec\u00edfica en la lista a continuaci\u00f3n, comun\u00edquese con nosotros y veremos c\u00f3mo podemos ayudarlo.<\/p>\n","protected":false},"author":7,"featured_media":26406,"parent":0,"menu_order":0,"comment_status":"closed","ping_status":"closed","template":"","meta":{"_acf_changed":false,"inline_featured_image":false,"_genesis_hide_title":false,"_genesis_hide_breadcrumbs":false,"_genesis_hide_singular_image":false,"_genesis_hide_footer_widgets":false,"_genesis_custom_body_class":"","_genesis_custom_post_class":"","_genesis_layout":"","footnotes":""},"hc_faqs":[],"hc_spanish_faqs":[],"class_list":{"0":"post-24212","1":"page","2":"type-page","3":"status-publish","4":"has-post-thumbnail","6":"entry"},"acf":[],"yoast_head":"<!-- This site is optimized with the Yoast SEO plugin v27.3 - https:\/\/yoast.com\/product\/yoast-seo-wordpress\/ -->\n<title>\u00c1reas en las que prestamos servicios | Consulta gratuita<\/title>\n<meta name=\"description\" content=\"\u00c1reas en las que prestamos servicios: Luchamos por una compensaci\u00f3n justa en nombre de las familias. Consultas gratuitas.\" \/>\n<meta name=\"robots\" content=\"index, follow, max-snippet:-1, max-image-preview:large, max-video-preview:-1\" \/>\n<link rel=\"canonical\" href=\"https:\/\/thehometownlawyers.com\/es\/areas-en-las-que-prestamos-servicios\/\" \/>\n<meta property=\"og:locale\" content=\"es_MX\" \/>\n<meta property=\"og:type\" content=\"article\" \/>\n<meta property=\"og:title\" content=\"\u00c1reas en las que prestamos servicios | Consulta gratuita\" \/>\n<meta property=\"og:description\" content=\"\u00c1reas en las que prestamos servicios: Luchamos por una compensaci\u00f3n justa en nombre de las familias. Consultas gratuitas.\" \/>\n<meta property=\"og:url\" content=\"https:\/\/thehometownlawyers.com\/es\/areas-en-las-que-prestamos-servicios\/\" \/>\n<meta property=\"og:site_name\" content=\"Kruger &amp; Hodges Abogados De Lesiones\" \/>\n<meta property=\"article:publisher\" content=\"https:\/\/www.facebook.com\/KrugerHodges\/\" \/>\n<meta property=\"article:modified_time\" content=\"2025-02-11T22:14:15+00:00\" \/>\n<meta property=\"og:image\" content=\"https:\/\/thehometownlawyers.com\/wp-content\/uploads\/2026\/02\/TEAM-PHOTO-2026-scaled.jpg\" \/>\n\t<meta property=\"og:image:width\" content=\"2560\" \/>\n\t<meta property=\"og:image:height\" content=\"1689\" \/>\n\t<meta property=\"og:image:type\" content=\"image\/jpeg\" \/>\n<meta name=\"twitter:card\" content=\"summary_large_image\" \/>\n<meta name=\"twitter:label1\" content=\"Tiempo de lectura\" \/>\n\t<meta name=\"twitter:data1\" content=\"1 minuto\" \/>\n<script type=\"application\/ld+json\" class=\"yoast-schema-graph\">{\"@context\":\"https:\\\/\\\/schema.org\",\"@graph\":[{\"@type\":\"WebPage\",\"@id\":\"https:\\\/\\\/thehometownlawyers.com\\\/es\\\/areas-en-las-que-prestamos-servicios\\\/\",\"url\":\"https:\\\/\\\/thehometownlawyers.com\\\/es\\\/areas-en-las-que-prestamos-servicios\\\/\",\"name\":\"\u00c1reas en las que prestamos servicios | Consulta gratuita\",\"isPartOf\":{\"@id\":\"https:\\\/\\\/thehometownlawyers.com\\\/es\\\/#website\"},\"primaryImageOfPage\":{\"@id\":\"https:\\\/\\\/thehometownlawyers.com\\\/es\\\/areas-en-las-que-prestamos-servicios\\\/#primaryimage\"},\"image\":{\"@id\":\"https:\\\/\\\/thehometownlawyers.com\\\/es\\\/areas-en-las-que-prestamos-servicios\\\/#primaryimage\"},\"thumbnailUrl\":\"https:\\\/\\\/thehometownlawyers.com\\\/wp-content\\\/uploads\\\/2026\\\/02\\\/TEAM-PHOTO-2026-scaled.jpg\",\"datePublished\":\"2025-01-17T13:56:34+00:00\",\"dateModified\":\"2025-02-11T22:14:15+00:00\",\"description\":\"\u00c1reas en las que prestamos servicios: Luchamos por una compensaci\u00f3n justa en nombre de las familias. Consultas gratuitas.\",\"breadcrumb\":{\"@id\":\"https:\\\/\\\/thehometownlawyers.com\\\/es\\\/areas-en-las-que-prestamos-servicios\\\/#breadcrumb\"},\"inLanguage\":\"es\",\"potentialAction\":[{\"@type\":\"ReadAction\",\"target\":[\"https:\\\/\\\/thehometownlawyers.com\\\/es\\\/areas-en-las-que-prestamos-servicios\\\/\"]}]},{\"@type\":\"ImageObject\",\"inLanguage\":\"es\",\"@id\":\"https:\\\/\\\/thehometownlawyers.com\\\/es\\\/areas-en-las-que-prestamos-servicios\\\/#primaryimage\",\"url\":\"https:\\\/\\\/thehometownlawyers.com\\\/wp-content\\\/uploads\\\/2026\\\/02\\\/TEAM-PHOTO-2026-scaled.jpg\",\"contentUrl\":\"https:\\\/\\\/thehometownlawyers.com\\\/wp-content\\\/uploads\\\/2026\\\/02\\\/TEAM-PHOTO-2026-scaled.jpg\",\"width\":2560,\"height\":1689,\"caption\":\"KRUGER & HODGES TEAM PHOTO\"},{\"@type\":\"BreadcrumbList\",\"@id\":\"https:\\\/\\\/thehometownlawyers.com\\\/es\\\/areas-en-las-que-prestamos-servicios\\\/#breadcrumb\",\"itemListElement\":[{\"@type\":\"ListItem\",\"position\":1,\"name\":\"Home\",\"item\":\"https:\\\/\\\/thehometownlawyers.com\\\/es\\\/\"},{\"@type\":\"ListItem\",\"position\":2,\"name\":\"\u00c1reas en las que prestamos servicios\"}]},{\"@type\":\"WebSite\",\"@id\":\"https:\\\/\\\/thehometownlawyers.com\\\/es\\\/#website\",\"url\":\"https:\\\/\\\/thehometownlawyers.com\\\/es\\\/\",\"name\":\"Kruger & Hodges Hometown Injury Lawyers | Accident Attorneys\",\"description\":\"Attorneys for Car, Truck and Motorcycle Accidents, Personal Injuries, and Criminal Defense.\",\"publisher\":{\"@id\":\"https:\\\/\\\/thehometownlawyers.com\\\/es\\\/#organization\"},\"alternateName\":\"Kruger & Hodges Personal Injury Lawyers\",\"inLanguage\":\"es\"},{\"@type\":\"Organization\",\"@id\":\"https:\\\/\\\/thehometownlawyers.com\\\/es\\\/#organization\",\"name\":\"Kruger & Hodges Hometown Injury Lawyers\",\"alternateName\":\"Kruger & Hodges\",\"url\":\"https:\\\/\\\/thehometownlawyers.com\\\/es\\\/\",\"logo\":{\"@type\":\"ImageObject\",\"inLanguage\":\"es\",\"@id\":\"https:\\\/\\\/thehometownlawyers.com\\\/es\\\/#\\\/schema\\\/logo\\\/image\\\/\",\"url\":\"https:\\\/\\\/thehometownlawyers.com\\\/wp-content\\\/uploads\\\/2025\\\/12\\\/revised-kh-logo-vertical-white-background-scaled.png\",\"contentUrl\":\"https:\\\/\\\/thehometownlawyers.com\\\/wp-content\\\/uploads\\\/2025\\\/12\\\/revised-kh-logo-vertical-white-background-scaled.png\",\"width\":2560,\"height\":1440,\"caption\":\"Kruger & Hodges Hometown Injury Lawyers\"},\"image\":{\"@id\":\"https:\\\/\\\/thehometownlawyers.com\\\/es\\\/#\\\/schema\\\/logo\\\/image\\\/\"},\"sameAs\":[\"https:\\\/\\\/www.facebook.com\\\/KrugerHodges\\\/\",\"https:\\\/\\\/www.instagram.com\\\/krugerhodges\\\/\",\"https:\\\/\\\/www.linkedin.com\\\/company\\\/kruger-hodges-hometown-injury-lawyers\\\/\",\"https:\\\/\\\/www.youtube.com\\\/channel\\\/UCeYcMaMaN2rb9jMlqt4EIdQ\",\"https:\\\/\\\/www.tiktok.com\\\/@thehometownlawyer\"]}]}<\/script>\n<!-- \/ Yoast SEO plugin. -->","yoast_head_json":{"title":"\u00c1reas en las que prestamos servicios | Consulta gratuita","description":"\u00c1reas en las que prestamos servicios: Luchamos por una compensaci\u00f3n justa en nombre de las familias. Consultas gratuitas.","robots":{"index":"index","follow":"follow","max-snippet":"max-snippet:-1","max-image-preview":"max-image-preview:large","max-video-preview":"max-video-preview:-1"},"canonical":"https:\/\/thehometownlawyers.com\/es\/areas-en-las-que-prestamos-servicios\/","og_locale":"es_MX","og_type":"article","og_title":"\u00c1reas en las que prestamos servicios | Consulta gratuita","og_description":"\u00c1reas en las que prestamos servicios: Luchamos por una compensaci\u00f3n justa en nombre de las familias. Consultas gratuitas.","og_url":"https:\/\/thehometownlawyers.com\/es\/areas-en-las-que-prestamos-servicios\/","og_site_name":"Kruger &amp; Hodges Abogados De Lesiones","article_publisher":"https:\/\/www.facebook.com\/KrugerHodges\/","article_modified_time":"2025-02-11T22:14:15+00:00","og_image":[{"width":2560,"height":1689,"url":"https:\/\/thehometownlawyers.com\/wp-content\/uploads\/2026\/02\/TEAM-PHOTO-2026-scaled.jpg","type":"image\/jpeg"}],"twitter_card":"summary_large_image","twitter_misc":{"Tiempo de lectura":"1 minuto"},"schema":{"@context":"https:\/\/schema.org","@graph":[{"@type":"WebPage","@id":"https:\/\/thehometownlawyers.com\/es\/areas-en-las-que-prestamos-servicios\/","url":"https:\/\/thehometownlawyers.com\/es\/areas-en-las-que-prestamos-servicios\/","name":"\u00c1reas en las que prestamos servicios | Consulta gratuita","isPartOf":{"@id":"https:\/\/thehometownlawyers.com\/es\/#website"},"primaryImageOfPage":{"@id":"https:\/\/thehometownlawyers.com\/es\/areas-en-las-que-prestamos-servicios\/#primaryimage"},"image":{"@id":"https:\/\/thehometownlawyers.com\/es\/areas-en-las-que-prestamos-servicios\/#primaryimage"},"thumbnailUrl":"https:\/\/thehometownlawyers.com\/wp-content\/uploads\/2026\/02\/TEAM-PHOTO-2026-scaled.jpg","datePublished":"2025-01-17T13:56:34+00:00","dateModified":"2025-02-11T22:14:15+00:00","description":"\u00c1reas en las que prestamos servicios: Luchamos por una compensaci\u00f3n justa en nombre de las familias. Consultas gratuitas.","breadcrumb":{"@id":"https:\/\/thehometownlawyers.com\/es\/areas-en-las-que-prestamos-servicios\/#breadcrumb"},"inLanguage":"es","potentialAction":[{"@type":"ReadAction","target":["https:\/\/thehometownlawyers.com\/es\/areas-en-las-que-prestamos-servicios\/"]}]},{"@type":"ImageObject","inLanguage":"es","@id":"https:\/\/thehometownlawyers.com\/es\/areas-en-las-que-prestamos-servicios\/#primaryimage","url":"https:\/\/thehometownlawyers.com\/wp-content\/uploads\/2026\/02\/TEAM-PHOTO-2026-scaled.jpg","contentUrl":"https:\/\/thehometownlawyers.com\/wp-content\/uploads\/2026\/02\/TEAM-PHOTO-2026-scaled.jpg","width":2560,"height":1689,"caption":"KRUGER & HODGES TEAM PHOTO"},{"@type":"BreadcrumbList","@id":"https:\/\/thehometownlawyers.com\/es\/areas-en-las-que-prestamos-servicios\/#breadcrumb","itemListElement":[{"@type":"ListItem","position":1,"name":"Home","item":"https:\/\/thehometownlawyers.com\/es\/"},{"@type":"ListItem","position":2,"name":"\u00c1reas en las que prestamos servicios"}]},{"@type":"WebSite","@id":"https:\/\/thehometownlawyers.com\/es\/#website","url":"https:\/\/thehometownlawyers.com\/es\/","name":"Kruger & Hodges Hometown Injury Lawyers | Accident Attorneys","description":"Attorneys for Car, Truck and Motorcycle Accidents, Personal Injuries, and Criminal Defense.","publisher":{"@id":"https:\/\/thehometownlawyers.com\/es\/#organization"},"alternateName":"Kruger & Hodges Personal Injury Lawyers","inLanguage":"es"},{"@type":"Organization","@id":"https:\/\/thehometownlawyers.com\/es\/#organization","name":"Kruger & Hodges Hometown Injury Lawyers","alternateName":"Kruger & Hodges","url":"https:\/\/thehometownlawyers.com\/es\/","logo":{"@type":"ImageObject","inLanguage":"es","@id":"https:\/\/thehometownlawyers.com\/es\/#\/schema\/logo\/image\/","url":"https:\/\/thehometownlawyers.com\/wp-content\/uploads\/2025\/12\/revised-kh-logo-vertical-white-background-scaled.png","contentUrl":"https:\/\/thehometownlawyers.com\/wp-content\/uploads\/2025\/12\/revised-kh-logo-vertical-white-background-scaled.png","width":2560,"height":1440,"caption":"Kruger & Hodges Hometown Injury Lawyers"},"image":{"@id":"https:\/\/thehometownlawyers.com\/es\/#\/schema\/logo\/image\/"},"sameAs":["https:\/\/www.facebook.com\/KrugerHodges\/","https:\/\/www.instagram.com\/krugerhodges\/","https:\/\/www.linkedin.com\/company\/kruger-hodges-hometown-injury-lawyers\/","https:\/\/www.youtube.com\/channel\/UCeYcMaMaN2rb9jMlqt4EIdQ","https:\/\/www.tiktok.com\/@thehometownlawyer"]}]}},"_links":{"self":[{"href":"https:\/\/thehometownlawyers.com\/es\/wp-json\/wp\/v2\/pages\/24212","targetHints":{"allow":["GET"]}}],"collection":[{"href":"https:\/\/thehometownlawyers.com\/es\/wp-json\/wp\/v2\/pages"}],"about":[{"href":"https:\/\/thehometownlawyers.com\/es\/wp-json\/wp\/v2\/types\/page"}],"author":[{"embeddable":true,"href":"https:\/\/thehometownlawyers.com\/es\/wp-json\/wp\/v2\/users\/7"}],"replies":[{"embeddable":true,"href":"https:\/\/thehometownlawyers.com\/es\/wp-json\/wp\/v2\/comments?post=24212"}],"version-history":[{"count":0,"href":"https:\/\/thehometownlawyers.com\/es\/wp-json\/wp\/v2\/pages\/24212\/revisions"}],"wp:featuredmedia":[{"embeddable":true,"href":"https:\/\/thehometownlawyers.com\/es\/wp-json\/wp\/v2\/media\/26406"}],"wp:attachment":[{"href":"https:\/\/thehometownlawyers.com\/es\/wp-json\/wp\/v2\/media?parent=24212"}],"wp:term":[{"taxonomy":"hc_faqs","embeddable":true,"href":"https:\/\/thehometownlawyers.com\/es\/wp-json\/wp\/v2\/hc_faqs?post=24212"},{"taxonomy":"hc_spanish_faqs","embeddable":true,"href":"https:\/\/thehometownlawyers.com\/es\/wp-json\/wp\/v2\/hc_spanish_faqs?post=24212"}],"curies":[{"name":"wp","href":"https:\/\/api.w.org\/{rel}","templated":true}]}}