{"id":24230,"date":"2019-05-21T16:20:03","date_gmt":"2019-05-21T20:20:03","guid":{"rendered":"https:\/\/thehometownlawyers.com\/?page_id=24230"},"modified":"2025-04-03T13:43:32","modified_gmt":"2025-04-03T17:43:32","slug":"accidentes-de-tren-en-ohio","status":"publish","type":"page","link":"https:\/\/thehometownlawyers.com\/es\/blog\/accidentes-de-tren-en-ohio\/","title":{"rendered":"Abogado de accidentes de tren en Ohio"},"content":{"rendered":"<p>Los ferrocarriles ya no son una fuente principal de transporte, pero siguen desempe\u00f1ando un papel vital en la infraestructura de nuestro pa\u00eds. Al igual que con todos los dem\u00e1s tipos de transporte, los accidentes ferroviarios ocurren y, cuando lo hacen, pueden poner en peligro la vida de los pasajeros y de cualquier persona cercana. Cuando ocurren accidentes de tren, las v\u00edctimas a menudo pueden buscar una compensaci\u00f3n por sus p\u00e9rdidas con la ayuda de un abogado con experiencia en accidentes de tren.<\/p>\n<h2>Accidentes de tren en Ohio<\/h2>\n<p>Ohio es el coraz\u00f3n de todo, y como tal, hay muchas l\u00edneas de ferrocarril que pasan por nuestro estado. De hecho, hay m\u00e1s de 140,000 millas de v\u00edas f\u00e9rreas en todo Ohio. Es posible que se sorprenda al saber que los accidentes de tren ocurren casi todas las semanas aqu\u00ed. Desafortunadamente, el condado de Butler ha tenido una buena cantidad de <a href=\"https:\/\/www.journal-news.com\/news\/butler-county-deadliest-place-ohio-for-train-incidents\/K4sQ8E606xgZsYSuzjaPrI\/\" target=\"_blank\" rel=\"noopener\">accidentes de tren<\/a> . Debido a que estos accidentes son tan comunes, es fundamental que los ferrocarriles utilicen la se\u00f1alizaci\u00f3n adecuada para que los conductores de los veh\u00edculos de pasajeros, as\u00ed como los peatones, est\u00e9n al tanto del peligro circundante o inminente.<\/p>\n<p class=\"rs-content-cta rs-content-cta-small\">Para una consulta legal gratuita, llame al <a href=\"tel:+15138943333\">513-894-3333 <\/a><\/p><h2>Tipos comunes de accidentes de tren<\/h2>\n<p>Los accidentes de tren ocurren m\u00e1s com\u00fanmente en cruces e intersecciones. El tipo m\u00e1s com\u00fan de accidente de tren involucra la colisi\u00f3n de trenes con otros veh\u00edculos. Por esta raz\u00f3n, las precauciones de seguridad como luces intermitentes y puertas de seguridad que alertan a los conductores sobre el peligro de los trenes que se aproximan son de suma importancia para prevenir accidentes de trenes.<\/p>\n<p class=\"rs-content-cta\">Abogado de Accidentes de tren de hamilton Cerca de M\u00ed <a href=\"tel:+15138943333\">513-894-3333<\/a><\/p><h2>Causas Comunes de Accidentes de Tren<\/h2>\n<p>Las estad\u00edsticas compiladas por la <a href=\"https:\/\/railroads.dot.gov\/\" target=\"_blank\" rel=\"noopener\">Administraci\u00f3n Federal de Ferrocarriles<\/a> revelan que ha habido una disminuci\u00f3n sustancial en el n\u00famero de accidentes de trenes durante la \u00faltima d\u00e9cada. Mientras que 2000 descarrilamientos de trenes ocurrieron en los Estados Unidos en 2007, un n\u00famero mucho menor de descarrilamientos de trenes ocurri\u00f3 en 2017. Algunas de las causas m\u00e1s comunes de accidentes de tren incluyen las siguientes:<\/p>\n<ul>\n<li><strong>Se\u00f1ales de advertencia defectuosas. <\/strong>Las puertas del ferrocarril deben tener luces intermitentes y alarmas. Si no se colocan las se\u00f1ales de advertencia adecuadas, los operadores de veh\u00edculos motorizados pueden cruzar las v\u00edas del tren frente a los trenes que se aproximan, lo que puede provocar accidentes mortales.<\/li>\n<li><strong>Error humano. <\/strong>La causa m\u00e1s com\u00fan de los accidentes de tren es el error humano. Esto puede incluir ingenieros distra\u00eddos, trenes que se conducen a velocidades excesivas y operadores de trenes que no frenan r\u00e1pidamente. Otro ejemplo de error humano es cuando los operadores de trenes no hacen se\u00f1ales para que otras personas sepan que el tren se acerca.<\/li>\n<li><strong>L\u00edneas de visi\u00f3n inadecuadas. <\/strong>Cualquier cosa que impida que los conductores de veh\u00edculos motorizados vean un tren que se aproxima puede provocar accidentes mortales. Los \u00e1rboles y arbustos demasiado grandes pueden obstruir las l\u00edneas de visi\u00f3n y provocar accidentes de tren mortales.<\/li>\n<li>Cuando los rieles se deterioran, pueden provocar descarrilamientos de trenes. Para evitar accidentes, es fundamental que todas las v\u00edas f\u00e9rreas y los propios trenes reciban un mantenimiento adecuado.<\/li>\n<li><strong>Falla mec\u00e1nica. <\/strong>La falla mec\u00e1nica ocurre cuando los trenes no reciben el mantenimiento adecuado o no se mantienen en condiciones de funcionamiento y, a menudo, pueden provocar accidentes mortales.<\/li>\n<li><strong>Objetos en la pista. <\/strong>Cuando se encuentran objetos en las v\u00edas del tren, pueden ocurrir accidentes mortales. Algunas cosas que se encuentran com\u00fanmente en las v\u00edas del tren y que provocan accidentes graves incluyen animales y veh\u00edculos motorizados.<\/li>\n<\/ul>\n<p class=\"rs-content-cta rs-content-cta-small\"><a href=\"\/es\/contacto\/\">Haga clic para contactar<\/a> con nuestros accidentes de tren abogados hoy<\/p><h2>\u00bfQui\u00e9n es responsable de los accidentes de tren?<\/h2>\n<p>Cuando ocurren accidentes de tren, hay varias partes que pueden ser consideradas responsables, que incluyen las siguientes:<\/p>\n<ul>\n<li>Los conductores de veh\u00edculos motorizados a veces pueden ser responsables de accidentes de tren. Por ejemplo, si un conductor intenta ganarle a un tren a trav\u00e9s de las v\u00edas, es probable que el conductor sea encontrado responsable.<\/li>\n<li>La empresa que opera el tren tiene la responsabilidad de asegurarse de que el tren se opere de manera segura. Si no se opera correctamente un tren, se pueden producir accidentes graves.<\/li>\n<li>En ocasiones, los fabricantes de trenes dise\u00f1an trenes con defectos en sus sistemas el\u00e9ctricos o mec\u00e1nicos. Algunos de los defectos m\u00e1s comunes involucran frenos y mecanismos de acoplamiento.<\/li>\n<li>El propietario de una v\u00eda f\u00e9rrea debe asegurarse de que la v\u00eda reciba el mantenimiento adecuado.<\/li>\n<li>Si la condici\u00f3n de una carretera fue responsable de un accidente de tren, una ciudad o un condado pueden ser responsables de un accidente.<\/li>\n<\/ul>\n<p class=\"rs-content-cta rs-content-cta-small\">Complete una <a href=\"\/es\/contacto\/\">evaluaci\u00f3n gratuita de su caso<\/a> ahora<\/p><h2>Consejos para la Prevenci\u00f3n de Accidentes de Tren<\/h2>\n<p>Las estad\u00edsticas revelan que los trenes golpean a las personas en los Estados Unidos una vez cada pocas horas. Algunas estrategias de seguridad que las personas deben seguir para evitar ser atropelladas por trenes incluyen las siguientes:<\/p>\n<ul>\n<li>Evite caminar sobre o cerca de las v\u00edas del tren<\/li>\n<li>Si cruza las v\u00edas del tren en un veh\u00edculo, nunca se detenga en las v\u00edas.<\/li>\n<li>Si cruza las v\u00edas del tren y un veh\u00edculo se detiene, salga inmediatamente y salga del \u00e1rea.<\/li>\n<li>Mire a ambos lados antes de cruzar una v\u00eda de tren<\/li>\n<li>Nunca asuma que una v\u00eda de tren no est\u00e1 en uso<\/li>\n<li>Solo cruce las v\u00edas del tren en las \u00e1reas apropiadas<\/li>\n<li>Est\u00e9 atento a las se\u00f1ales de advertencia sobre los trenes cercanos.<\/li>\n<li>Siempre que cruce las v\u00edas del tren, suponga que viene un tren.<\/li>\n<li>Bajo ninguna circunstancia ninguna persona debe intentar ganarle a un tren a trav\u00e9s de las v\u00edas<\/li>\n<li>Comprenda que los trenes no pueden detenerse r\u00e1pidamente y que causar\u00e1n da\u00f1os considerables al impactar<\/li>\n<\/ul>\n<h2>Hable con un abogado experimentado en accidentes<\/h2>\n<p>Si usted o un ser querido result\u00f3 herido en un accidente de tren, no dude en comunicarse con <a href=\"https:\/\/thehometownlawyers.com\/es\/\">Kruger &amp; Hodges<\/a> hoy para programar una consulta inicial gratuita.<\/p>\n<p class=\"rs-content-cta rs-content-cta-small\">Llame o env\u00ede un mensaje de texto al <a href=\"tel:+15138943333\">513-894-3333<\/a> o complete una <a href=\"\/es\/contacto\/\">evaluaci\u00f3n gratuita de su caso<\/a><\/p>","protected":false},"excerpt":{"rendered":"<p>Los ferrocarriles ya no son una fuente principal de transporte, pero siguen desempe\u00f1ando un papel vital en la infraestructura de nuestro pa\u00eds. Al igual que con todos los dem\u00e1s tipos de transporte, los accidentes ferroviarios ocurren y, cuando lo hacen, pueden poner en peligro la vida de los pasajeros y de cualquier persona cercana. Cuando &#8230;<\/p>\n","protected":false},"author":7,"featured_media":20711,"parent":20908,"menu_order":0,"comment_status":"closed","ping_status":"closed","template":"","meta":{"_acf_changed":false,"inline_featured_image":false,"_genesis_hide_title":false,"_genesis_hide_breadcrumbs":false,"_genesis_hide_singular_image":false,"_genesis_hide_footer_widgets":false,"_genesis_custom_body_class":"","_genesis_custom_post_class":"","_genesis_layout":"","footnotes":""},"hc_faqs":[],"hc_spanish_faqs":[],"class_list":{"0":"post-24230","1":"page","2":"type-page","3":"status-publish","4":"has-post-thumbnail","6":"hc_city_location-hamilton-es-2","7":"entry"},"acf":[],"yoast_head":"<!-- This site is optimized with the Yoast SEO plugin v27.4 - https:\/\/yoast.com\/product\/yoast-seo-wordpress\/ -->\n<title>Abogado de accidentes de tren en el condado de Butler, Ohio - Kruger &amp; Hodges<\/title>\n<meta name=\"description\" content=\"Si desea hablar con un abogado de accidentes de tren en el condado de Butler, Ohio, ll\u00e1menos al 513-894-3333 para una consulta gratuita.\" \/>\n<meta name=\"robots\" content=\"index, follow, max-snippet:-1, max-image-preview:large, max-video-preview:-1\" \/>\n<link rel=\"canonical\" href=\"https:\/\/thehometownlawyers.com\/es\/blog\/accidentes-de-tren-en-ohio\/\" \/>\n<meta property=\"og:locale\" content=\"es_MX\" \/>\n<meta property=\"og:type\" content=\"article\" \/>\n<meta property=\"og:title\" content=\"Abogado de accidentes de tren en el condado de Butler, Ohio - Kruger &amp; Hodges\" \/>\n<meta property=\"og:description\" content=\"Si desea hablar con un abogado de accidentes de tren en el condado de Butler, Ohio, ll\u00e1menos al 513-894-3333 para una consulta gratuita.\" \/>\n<meta property=\"og:url\" content=\"https:\/\/thehometownlawyers.com\/es\/blog\/accidentes-de-tren-en-ohio\/\" \/>\n<meta property=\"og:site_name\" content=\"Kruger &amp; Hodges Abogados De Lesiones\" \/>\n<meta property=\"article:publisher\" content=\"https:\/\/www.facebook.com\/KrugerHodges\/\" \/>\n<meta property=\"article:modified_time\" content=\"2025-04-03T17:43:32+00:00\" \/>\n<meta property=\"og:image\" content=\"https:\/\/thehometownlawyers.com\/wp-content\/uploads\/2019\/05\/Train-Accident-Lawyer.jpg\" \/>\n\t<meta property=\"og:image:width\" content=\"640\" \/>\n\t<meta property=\"og:image:height\" content=\"474\" \/>\n\t<meta property=\"og:image:type\" content=\"image\/jpeg\" \/>\n<meta name=\"twitter:card\" content=\"summary_large_image\" \/>\n<meta name=\"twitter:label1\" content=\"Tiempo de lectura\" \/>\n\t<meta name=\"twitter:data1\" content=\"5 minutos\" \/>\n<script type=\"application\/ld+json\" class=\"yoast-schema-graph\">{\"@context\":\"https:\\\/\\\/schema.org\",\"@graph\":[{\"@type\":\"WebPage\",\"@id\":\"https:\\\/\\\/thehometownlawyers.com\\\/es\\\/blog\\\/accidentes-de-tren-en-ohio\\\/\",\"url\":\"https:\\\/\\\/thehometownlawyers.com\\\/es\\\/blog\\\/accidentes-de-tren-en-ohio\\\/\",\"name\":\"Abogado de accidentes de tren en el condado de Butler, Ohio - Kruger & Hodges\",\"isPartOf\":{\"@id\":\"https:\\\/\\\/thehometownlawyers.com\\\/es\\\/#website\"},\"primaryImageOfPage\":{\"@id\":\"https:\\\/\\\/thehometownlawyers.com\\\/es\\\/blog\\\/accidentes-de-tren-en-ohio\\\/#primaryimage\"},\"image\":{\"@id\":\"https:\\\/\\\/thehometownlawyers.com\\\/es\\\/blog\\\/accidentes-de-tren-en-ohio\\\/#primaryimage\"},\"thumbnailUrl\":\"https:\\\/\\\/thehometownlawyers.com\\\/wp-content\\\/uploads\\\/2019\\\/05\\\/Train-Accident-Lawyer.jpg\",\"datePublished\":\"2019-05-21T20:20:03+00:00\",\"dateModified\":\"2025-04-03T17:43:32+00:00\",\"description\":\"Si desea hablar con un abogado de accidentes de tren en el condado de Butler, Ohio, ll\u00e1menos al 513-894-3333 para una consulta gratuita.\",\"breadcrumb\":{\"@id\":\"https:\\\/\\\/thehometownlawyers.com\\\/es\\\/blog\\\/accidentes-de-tren-en-ohio\\\/#breadcrumb\"},\"inLanguage\":\"es\",\"potentialAction\":[{\"@type\":\"ReadAction\",\"target\":[\"https:\\\/\\\/thehometownlawyers.com\\\/es\\\/blog\\\/accidentes-de-tren-en-ohio\\\/\"]}]},{\"@type\":\"ImageObject\",\"inLanguage\":\"es\",\"@id\":\"https:\\\/\\\/thehometownlawyers.com\\\/es\\\/blog\\\/accidentes-de-tren-en-ohio\\\/#primaryimage\",\"url\":\"https:\\\/\\\/thehometownlawyers.com\\\/wp-content\\\/uploads\\\/2019\\\/05\\\/Train-Accident-Lawyer.jpg\",\"contentUrl\":\"https:\\\/\\\/thehometownlawyers.com\\\/wp-content\\\/uploads\\\/2019\\\/05\\\/Train-Accident-Lawyer.jpg\",\"width\":640,\"height\":474,\"caption\":\"Abogado de accidentes de tren\"},{\"@type\":\"BreadcrumbList\",\"@id\":\"https:\\\/\\\/thehometownlawyers.com\\\/es\\\/blog\\\/accidentes-de-tren-en-ohio\\\/#breadcrumb\",\"itemListElement\":[{\"@type\":\"ListItem\",\"position\":1,\"name\":\"Home\",\"item\":\"https:\\\/\\\/thehometownlawyers.com\\\/es\\\/\"},{\"@type\":\"ListItem\",\"position\":2,\"name\":\"Abogados de Lesiones Personales en Hamilton\",\"item\":\"https:\\\/\\\/thehometownlawyers.com\\\/es\\\/\"},{\"@type\":\"ListItem\",\"position\":3,\"name\":\"Abogado de accidentes de tren en Ohio\"}]},{\"@type\":\"WebSite\",\"@id\":\"https:\\\/\\\/thehometownlawyers.com\\\/es\\\/#website\",\"url\":\"https:\\\/\\\/thehometownlawyers.com\\\/es\\\/\",\"name\":\"Kruger & Hodges Hometown Injury Lawyers | Accident Attorneys\",\"description\":\"Attorneys for Car, Truck and Motorcycle Accidents, Personal Injuries, and Criminal Defense.\",\"publisher\":{\"@id\":\"https:\\\/\\\/thehometownlawyers.com\\\/es\\\/#organization\"},\"alternateName\":\"Kruger & Hodges Personal Injury Lawyers\",\"inLanguage\":\"es\"},{\"@type\":\"Organization\",\"@id\":\"https:\\\/\\\/thehometownlawyers.com\\\/es\\\/#organization\",\"name\":\"Kruger & Hodges Hometown Injury Lawyers\",\"alternateName\":\"Kruger & Hodges\",\"url\":\"https:\\\/\\\/thehometownlawyers.com\\\/es\\\/\",\"logo\":{\"@type\":\"ImageObject\",\"inLanguage\":\"es\",\"@id\":\"https:\\\/\\\/thehometownlawyers.com\\\/es\\\/#\\\/schema\\\/logo\\\/image\\\/\",\"url\":\"https:\\\/\\\/thehometownlawyers.com\\\/wp-content\\\/uploads\\\/2025\\\/12\\\/revised-kh-logo-vertical-white-background-scaled.png\",\"contentUrl\":\"https:\\\/\\\/thehometownlawyers.com\\\/wp-content\\\/uploads\\\/2025\\\/12\\\/revised-kh-logo-vertical-white-background-scaled.png\",\"width\":2560,\"height\":1440,\"caption\":\"Kruger & Hodges Hometown Injury Lawyers\"},\"image\":{\"@id\":\"https:\\\/\\\/thehometownlawyers.com\\\/es\\\/#\\\/schema\\\/logo\\\/image\\\/\"},\"sameAs\":[\"https:\\\/\\\/www.facebook.com\\\/KrugerHodges\\\/\",\"https:\\\/\\\/www.instagram.com\\\/krugerhodges\\\/\",\"https:\\\/\\\/www.linkedin.com\\\/company\\\/kruger-hodges-hometown-injury-lawyers\\\/\",\"https:\\\/\\\/www.youtube.com\\\/channel\\\/UCeYcMaMaN2rb9jMlqt4EIdQ\",\"https:\\\/\\\/www.tiktok.com\\\/@thehometownlawyer\"]}]}<\/script>\n<!-- \/ Yoast SEO plugin. -->","yoast_head_json":{"title":"Abogado de accidentes de tren en el condado de Butler, Ohio - Kruger & Hodges","description":"Si desea hablar con un abogado de accidentes de tren en el condado de Butler, Ohio, ll\u00e1menos al 513-894-3333 para una consulta gratuita.","robots":{"index":"index","follow":"follow","max-snippet":"max-snippet:-1","max-image-preview":"max-image-preview:large","max-video-preview":"max-video-preview:-1"},"canonical":"https:\/\/thehometownlawyers.com\/es\/blog\/accidentes-de-tren-en-ohio\/","og_locale":"es_MX","og_type":"article","og_title":"Abogado de accidentes de tren en el condado de Butler, Ohio - Kruger & Hodges","og_description":"Si desea hablar con un abogado de accidentes de tren en el condado de Butler, Ohio, ll\u00e1menos al 513-894-3333 para una consulta gratuita.","og_url":"https:\/\/thehometownlawyers.com\/es\/blog\/accidentes-de-tren-en-ohio\/","og_site_name":"Kruger &amp; Hodges Abogados De Lesiones","article_publisher":"https:\/\/www.facebook.com\/KrugerHodges\/","article_modified_time":"2025-04-03T17:43:32+00:00","og_image":[{"width":640,"height":474,"url":"https:\/\/thehometownlawyers.com\/wp-content\/uploads\/2019\/05\/Train-Accident-Lawyer.jpg","type":"image\/jpeg"}],"twitter_card":"summary_large_image","twitter_misc":{"Tiempo de lectura":"5 minutos"},"schema":{"@context":"https:\/\/schema.org","@graph":[{"@type":"WebPage","@id":"https:\/\/thehometownlawyers.com\/es\/blog\/accidentes-de-tren-en-ohio\/","url":"https:\/\/thehometownlawyers.com\/es\/blog\/accidentes-de-tren-en-ohio\/","name":"Abogado de accidentes de tren en el condado de Butler, Ohio - Kruger & Hodges","isPartOf":{"@id":"https:\/\/thehometownlawyers.com\/es\/#website"},"primaryImageOfPage":{"@id":"https:\/\/thehometownlawyers.com\/es\/blog\/accidentes-de-tren-en-ohio\/#primaryimage"},"image":{"@id":"https:\/\/thehometownlawyers.com\/es\/blog\/accidentes-de-tren-en-ohio\/#primaryimage"},"thumbnailUrl":"https:\/\/thehometownlawyers.com\/wp-content\/uploads\/2019\/05\/Train-Accident-Lawyer.jpg","datePublished":"2019-05-21T20:20:03+00:00","dateModified":"2025-04-03T17:43:32+00:00","description":"Si desea hablar con un abogado de accidentes de tren en el condado de Butler, Ohio, ll\u00e1menos al 513-894-3333 para una consulta gratuita.","breadcrumb":{"@id":"https:\/\/thehometownlawyers.com\/es\/blog\/accidentes-de-tren-en-ohio\/#breadcrumb"},"inLanguage":"es","potentialAction":[{"@type":"ReadAction","target":["https:\/\/thehometownlawyers.com\/es\/blog\/accidentes-de-tren-en-ohio\/"]}]},{"@type":"ImageObject","inLanguage":"es","@id":"https:\/\/thehometownlawyers.com\/es\/blog\/accidentes-de-tren-en-ohio\/#primaryimage","url":"https:\/\/thehometownlawyers.com\/wp-content\/uploads\/2019\/05\/Train-Accident-Lawyer.jpg","contentUrl":"https:\/\/thehometownlawyers.com\/wp-content\/uploads\/2019\/05\/Train-Accident-Lawyer.jpg","width":640,"height":474,"caption":"Abogado de accidentes de tren"},{"@type":"BreadcrumbList","@id":"https:\/\/thehometownlawyers.com\/es\/blog\/accidentes-de-tren-en-ohio\/#breadcrumb","itemListElement":[{"@type":"ListItem","position":1,"name":"Home","item":"https:\/\/thehometownlawyers.com\/es\/"},{"@type":"ListItem","position":2,"name":"Abogados de Lesiones Personales en Hamilton","item":"https:\/\/thehometownlawyers.com\/es\/"},{"@type":"ListItem","position":3,"name":"Abogado de accidentes de tren en Ohio"}]},{"@type":"WebSite","@id":"https:\/\/thehometownlawyers.com\/es\/#website","url":"https:\/\/thehometownlawyers.com\/es\/","name":"Kruger & Hodges Hometown Injury Lawyers | Accident Attorneys","description":"Attorneys for Car, Truck and Motorcycle Accidents, Personal Injuries, and Criminal Defense.","publisher":{"@id":"https:\/\/thehometownlawyers.com\/es\/#organization"},"alternateName":"Kruger & Hodges Personal Injury Lawyers","inLanguage":"es"},{"@type":"Organization","@id":"https:\/\/thehometownlawyers.com\/es\/#organization","name":"Kruger & Hodges Hometown Injury Lawyers","alternateName":"Kruger & Hodges","url":"https:\/\/thehometownlawyers.com\/es\/","logo":{"@type":"ImageObject","inLanguage":"es","@id":"https:\/\/thehometownlawyers.com\/es\/#\/schema\/logo\/image\/","url":"https:\/\/thehometownlawyers.com\/wp-content\/uploads\/2025\/12\/revised-kh-logo-vertical-white-background-scaled.png","contentUrl":"https:\/\/thehometownlawyers.com\/wp-content\/uploads\/2025\/12\/revised-kh-logo-vertical-white-background-scaled.png","width":2560,"height":1440,"caption":"Kruger & Hodges Hometown Injury Lawyers"},"image":{"@id":"https:\/\/thehometownlawyers.com\/es\/#\/schema\/logo\/image\/"},"sameAs":["https:\/\/www.facebook.com\/KrugerHodges\/","https:\/\/www.instagram.com\/krugerhodges\/","https:\/\/www.linkedin.com\/company\/kruger-hodges-hometown-injury-lawyers\/","https:\/\/www.youtube.com\/channel\/UCeYcMaMaN2rb9jMlqt4EIdQ","https:\/\/www.tiktok.com\/@thehometownlawyer"]}]}},"_links":{"self":[{"href":"https:\/\/thehometownlawyers.com\/es\/wp-json\/wp\/v2\/pages\/24230","targetHints":{"allow":["GET"]}}],"collection":[{"href":"https:\/\/thehometownlawyers.com\/es\/wp-json\/wp\/v2\/pages"}],"about":[{"href":"https:\/\/thehometownlawyers.com\/es\/wp-json\/wp\/v2\/types\/page"}],"author":[{"embeddable":true,"href":"https:\/\/thehometownlawyers.com\/es\/wp-json\/wp\/v2\/users\/7"}],"replies":[{"embeddable":true,"href":"https:\/\/thehometownlawyers.com\/es\/wp-json\/wp\/v2\/comments?post=24230"}],"version-history":[{"count":0,"href":"https:\/\/thehometownlawyers.com\/es\/wp-json\/wp\/v2\/pages\/24230\/revisions"}],"up":[{"embeddable":true,"href":"https:\/\/thehometownlawyers.com\/es\/wp-json\/wp\/v2\/pages\/20908"}],"wp:featuredmedia":[{"embeddable":true,"href":"https:\/\/thehometownlawyers.com\/es\/wp-json\/wp\/v2\/media\/20711"}],"wp:attachment":[{"href":"https:\/\/thehometownlawyers.com\/es\/wp-json\/wp\/v2\/media?parent=24230"}],"wp:term":[{"taxonomy":"hc_faqs","embeddable":true,"href":"https:\/\/thehometownlawyers.com\/es\/wp-json\/wp\/v2\/hc_faqs?post=24230"},{"taxonomy":"hc_spanish_faqs","embeddable":true,"href":"https:\/\/thehometownlawyers.com\/es\/wp-json\/wp\/v2\/hc_spanish_faqs?post=24230"}],"curies":[{"name":"wp","href":"https:\/\/api.w.org\/{rel}","templated":true}]}}