{"id":24456,"date":"2025-03-11T16:37:15","date_gmt":"2025-03-11T20:37:15","guid":{"rendered":"https:\/\/thehometownlawyers.com\/?page_id=24456"},"modified":"2026-02-26T10:10:09","modified_gmt":"2026-02-26T15:10:09","slug":"abogados-de-accidentes-de-camion-en-forest-park","status":"publish","type":"page","link":"https:\/\/thehometownlawyers.com\/es\/abogados-de-accidentes-de-camion-en-forest-park\/","title":{"rendered":"Abogados de accidentes de cami\u00f3n en Forest Park"},"content":{"rendered":"<p><span style=\"font-weight: 400;\">Los accidentes de cami\u00f3n se encuentran entre los tipos m\u00e1s devastadores de colisi\u00f3n de veh\u00edculos en la carretera, y a menudo provocan lesiones graves, importantes da\u00f1os materiales y, tr\u00e1gicamente, la p\u00e9rdida de la vida. En Forest Park, Ohio, una comunidad conocida por sus vibrantes barrios y sus activos corredores comerciales, los riesgos asociados a los accidentes de cami\u00f3n est\u00e1n siempre presentes. Y, en caso de que alguna vez te veas implicado en este tipo de accidentes, recuerda que puedes confiar en el <a href=\"https:\/\/thehometownlawyers.com\/es\/abogados\/\">equipo de Kruger &amp; Hodges<\/a> para que te ayude a navegar por los complejos aspectos de estos sucesos. <\/span><\/p><h2><span style=\"font-weight: 400;\">La creciente preocupaci\u00f3n por los accidentes de cami\u00f3n en Forest Park<\/span><\/h2><p><span style=\"font-weight: 400;\">Forest Park, situado en el condado de Hamilton, Ohio, es un animado suburbio de Cincinnati con una poblaci\u00f3n que disfruta de f\u00e1cil acceso a las principales autopistas, como la I-275 y la Ruta 4. Estas autopistas son vitales para el comercio, ya que permiten transportar mercanc\u00edas con eficacia por todo el estado y m\u00e1s all\u00e1. Sin embargo, la fuerte presencia de camiones comerciales en estas carreteras aumenta la probabilidad de accidentes. <\/span><\/p><p><span style=\"font-weight: 400;\">Los accidentes de cami\u00f3n en Forest Park no son s\u00f3lo un problema de congesti\u00f3n del tr\u00e1fico; representan un importante problema de seguridad p\u00fablica. Seg\u00fan datos del Departamento de Seguridad P\u00fablica de Ohio, el n\u00famero de accidentes relacionados con camiones ha ido en aumento en los \u00faltimos a\u00f1os, reflejando las tendencias nacionales. El tama\u00f1o y el peso de los camiones comerciales hacen que cualquier colisi\u00f3n en la que se vean implicados estos veh\u00edculos pueda tener consecuencias catastr\u00f3ficas. <\/span><\/p><p class=\"rs-content-cta rs-content-cta-small\">Para una consulta legal gratuita, llame al <a href=\"tel:+15138943333\">513-894-3333 <\/a><\/p><h2><span style=\"font-weight: 400;\">Causas comunes de los accidentes de cami\u00f3n<\/span><\/h2><ol>\n<li style=\"font-weight: 400;\" aria-level=\"1\"><span style=\"font-weight: 400;\">Fatiga del conductor: Los conductores de camiones suelen trabajar muchas horas, y a pesar de las normativas destinadas a limitar el tiempo de conducci\u00f3n, la fatiga sigue siendo un problema importante. Un conductor cansado tiene tiempos de reacci\u00f3n m\u00e1s lentos y es m\u00e1s propenso a cometer errores, lo que puede provocar graves accidentes de cami\u00f3n. <\/span><\/li>\n<\/ol><ol>\n<li style=\"font-weight: 400;\" aria-level=\"1\"><span style=\"font-weight: 400;\">Conducci\u00f3n distra\u00edda: El uso de dispositivos m\u00f3viles, comer u otras distracciones pueden hacer que un camionero pierda la concentraci\u00f3n en la carretera. Dado el tama\u00f1o de sus veh\u00edculos, incluso un fallo moment\u00e1neo de atenci\u00f3n puede tener consecuencias devastadoras. <\/span><\/li>\n<\/ol><ol>\n<li style=\"font-weight: 400;\" aria-level=\"1\"><span style=\"font-weight: 400;\">El exceso de velocidad: Los camioneros s\u00f3lo quieren entregar las mercanc\u00edas que transportan lo antes posible y la velocidad es la forma de hacerlo. Adem\u00e1s, los camiones necesitan distancias m\u00e1s largas para detenerse debido a su peso. Cuando un cami\u00f3n circula con exceso de velocidad, resulta mucho m\u00e1s dif\u00edcil evitar una colisi\u00f3n, sobre todo en caso de cambios bruscos de tr\u00e1fico o peligros en la carretera. <\/span><\/li>\n<\/ol><ol>\n<li style=\"font-weight: 400;\" aria-level=\"1\"><span style=\"font-weight: 400;\">Carga inadecuada: Si la carga de un cami\u00f3n no est\u00e1 bien sujeta, puede desplazarse durante el transporte, desequilibrando el cami\u00f3n. Este desequilibrio puede provocar vuelcos o dificultar al conductor el control del veh\u00edculo. <\/span><\/li>\n<\/ol><ol>\n<li style=\"font-weight: 400;\" aria-level=\"1\"><span style=\"font-weight: 400;\">Aver\u00edas mec\u00e1nicas: Los camiones son m\u00e1quinas complejas que requieren un mantenimiento regular. Si estos veh\u00edculos no reciben un mantenimiento adecuado, los problemas mec\u00e1nicos pueden provocar accidentes en la carretera. <\/span><\/li>\n<\/ol><ol>\n<li style=\"font-weight: 400;\" aria-level=\"1\"><span style=\"font-weight: 400;\">Condiciones meteorol\u00f3gicas: El tiempo de Ohio puede ser impredecible, con nieve, hielo y lluvia que crean condiciones de conducci\u00f3n peligrosas. Los camiones, debido a su tama\u00f1o, son especialmente susceptibles de perder el control con mal tiempo. <\/span><\/li>\n<\/ol><p class=\"rs-content-cta\">Abogado de Lesiones Personales de Parque Forestal Abogados de accidentes de cami\u00f3n en Forest Park Cerca de M\u00ed <a href=\"tel:+15138943333\">513-894-3333<\/a><\/p><h2><span style=\"font-weight: 400;\">Implicaciones jur\u00eddicas de los accidentes de cami\u00f3n<\/span><\/h2><p><span style=\"font-weight: 400;\">Si te ves implicado en un accidente de cami\u00f3n en Forest Park, el panorama jur\u00eddico puede ser complejo. Los accidentes de cami\u00f3n difieren significativamente de los t\u00edpicos accidentes de coche debido a la implicaci\u00f3n de entidades comerciales y a las diversas leyes y normativas que rigen el sector del transporte por cami\u00f3n. <\/span><\/p><ol>\n<li style=\"font-weight: 400;\" aria-level=\"1\"><span style=\"font-weight: 400;\">Responsabilidad civil: Determinar qui\u00e9n es responsable en un accidente de cami\u00f3n puede ser un reto. El conductor del cami\u00f3n, la empresa de transporte, el fabricante del cami\u00f3n o incluso un proveedor de mantenimiento externo pueden ser considerados responsables, seg\u00fan las circunstancias. <\/span><\/li>\n<\/ol><ol>\n<li style=\"font-weight: 400;\" aria-level=\"1\"><span style=\"font-weight: 400;\">Normativa federal y estatal: Las empresas de transporte por carretera y los conductores est\u00e1n sujetos a diversas normativas federales y estatales. Estas normativas cubren aspectos como las horas de los conductores, el mantenimiento de los veh\u00edculos y la carga de mercanc\u00edas. La infracci\u00f3n de estas normas puede ser un factor decisivo para determinar la responsabilidad. <\/span><\/li>\n<\/ol><ol>\n<li style=\"font-weight: 400;\" aria-level=\"1\"><span style=\"font-weight: 400;\">Complicaciones del seguro: Las empresas de transporte por carretera suelen tener grandes p\u00f3lizas de seguro para cubrir los posibles da\u00f1os de los accidentes. Sin embargo, tratar con estas compa\u00f1\u00edas de seguros puede ser desalentador. Suelen tener equipos de abogados dedicados a minimizar los pagos, por lo que es esencial que las v\u00edctimas tengan una s\u00f3lida representaci\u00f3n legal. <\/span><\/li>\n<\/ol><p><span style=\"font-weight: 400;\">Recuerda que el plazo de prescripci\u00f3n de las demandas por lesiones personales en Ohio suele ser de dos a\u00f1os a partir de la fecha del accidente de cami\u00f3n. Es crucial actuar con rapidez para preservar tus derechos legales. <\/span><\/p><p class=\"rs-content-cta rs-content-cta-small\"><a href=\"\/es\/contacto\/\">Haga clic para contactar<\/a> con nuestros  abogados hoy<\/p><h2><span style=\"font-weight: 400;\">Pasos a seguir tras un accidente de cami\u00f3n en Forest Park. <\/span><\/h2><p><span style=\"font-weight: 400;\">Si t\u00fa o un ser querido os veis implicados en un accidente de cami\u00f3n en Forest Park, los pasos que des inmediatamente despu\u00e9s del accidente pueden tener un impacto significativo en tu capacidad para recuperar los da\u00f1os. Esto es lo que debes hacer <\/span><\/p><ol>\n<li style=\"font-weight: 400;\" aria-level=\"1\"><span style=\"font-weight: 400;\">Busca atenci\u00f3n m\u00e9dica: Tu salud es lo m\u00e1s importante. Acude a un hospital para que te examinen aunque te encuentres bien. <\/span><\/li>\n<\/ol><ol>\n<li style=\"font-weight: 400;\" aria-level=\"1\"><span style=\"font-weight: 400;\">Llama a la Polic\u00eda: El atestado policial es una prueba fundamental en la investigaci\u00f3n de cualquier accidente. Aseg\u00farate de que se denuncia el accidente e intenta conseguir una copia del informe para tus archivos. Este informe ser\u00e1 vital a la hora de presentar una demanda por lesiones. <\/span><\/li>\n<\/ol><ol>\n<li style=\"font-weight: 400;\" aria-level=\"1\"><span style=\"font-weight: 400;\">Documenta la escena: Si puedes, haz fotos del lugar del accidente, incluidos los veh\u00edculos implicados, el estado de la carretera y las lesiones visibles. Esta documentaci\u00f3n puede ser muy valiosa para tu caso. <\/span><\/li>\n<\/ol><ol>\n<li style=\"font-weight: 400;\" aria-level=\"1\"><span style=\"font-weight: 400;\">Re\u00fane informaci\u00f3n: Obt\u00e9n la informaci\u00f3n de contacto y del seguro del conductor del cami\u00f3n, as\u00ed como la informaci\u00f3n de contacto de cualquier testigo. <\/span><\/li>\n<\/ol><ol>\n<li style=\"font-weight: 400;\" aria-level=\"1\"><span style=\"font-weight: 400;\">Consulta a un Abogado de Accidentes de Cami\u00f3n: Los casos de accidente de cami\u00f3n son realmente complejos, y es esencial tener de tu lado a un abogado experto en lesiones personales. Pueden ayudarte a navegar por el proceso legal, negociar con las compa\u00f1\u00edas de seguros en tu nombre y asegurarse de que recibes la indemnizaci\u00f3n que mereces. <\/span><\/li>\n<\/ol><p class=\"rs-content-cta rs-content-cta-small\">Complete una <a href=\"\/es\/contacto\/\">evaluaci\u00f3n gratuita de su caso<\/a> ahora<\/p><h2><span style=\"font-weight: 400;\">Por qu\u00e9 necesitas un abogado de camiones de tu ciudad<\/span><\/h2><p><span style=\"font-weight: 400;\">Elegir un abogado local que entienda los matices de los accidentes de cami\u00f3n en Forest Park puede suponer una diferencia significativa en el resultado de tu caso. Un abogado local estar\u00e1 familiarizado con las leyes y reglamentos espec\u00edficos que se aplican en Ohio, as\u00ed como con los tribunales locales y las compa\u00f1\u00edas de seguros. <\/span><\/p><p><span style=\"font-weight: 400;\">Adem\u00e1s, un abogado local tendr\u00e1 un inter\u00e9s personal en la comunidad y un conocimiento m\u00e1s profundo de los retos \u00fanicos a los que se enfrentan los residentes de Forest Park. Pueden prestar un servicio personalizado y ser m\u00e1s accesibles durante todo el proceso legal. <\/span><\/p><h2><span style=\"font-weight: 400;\">Conclusi\u00f3n<\/span><\/h2><p><span style=\"font-weight: 400;\">Los accidentes de cami\u00f3n en Forest Park, Ohio, son una grave preocupaci\u00f3n, con consecuencias que pueden alterar la vida. Entender las causas habituales de estos accidentes, las implicaciones legales y los pasos a dar despu\u00e9s puede ayudarte a protegerte a ti y a tus seres queridos. <\/span><\/p><p><span style=\"font-weight: 400;\">Si te ves implicado en un accidente de cami\u00f3n, no dudes en <a href=\"https:\/\/thehometownlawyers.com\/es\/contacto\/\">ponerte en contacto con los abogados de Kruger &amp; Hodges especializados en lesiones personales de tu ciudad<\/a>. La complejidad de los casos de accidente de cami\u00f3n requiere un abogado experto que pueda luchar por tus derechos y nuestro equipo jur\u00eddico tiene todo lo necesario para ayudarte en cada paso del proceso. <\/span><\/p><p class=\"rs-content-cta rs-content-cta-small\">Llame o env\u00ede un mensaje de texto al <a href=\"tel:+15138943333\">513-894-3333<\/a> o complete una <a href=\"\/es\/contacto\/\">evaluaci\u00f3n gratuita de su caso<\/a><\/p>","protected":false},"excerpt":{"rendered":"<p>Los accidentes de cami\u00f3n se encuentran entre los tipos m\u00e1s devastadores de colisi\u00f3n de veh\u00edculos en la carretera, y a menudo provocan lesiones graves, importantes da\u00f1os materiales y, tr\u00e1gicamente, la p\u00e9rdida de la vida. En Forest Park, Ohio, una comunidad conocida por sus vibrantes barrios y sus activos corredores comerciales, los riesgos asociados a los &#8230;<\/p>\n","protected":false},"author":13,"featured_media":24397,"parent":0,"menu_order":0,"comment_status":"closed","ping_status":"closed","template":"","meta":{"_acf_changed":false,"inline_featured_image":false,"_genesis_hide_title":false,"_genesis_hide_breadcrumbs":false,"_genesis_hide_singular_image":false,"_genesis_hide_footer_widgets":false,"_genesis_custom_body_class":"","_genesis_custom_post_class":"","_genesis_layout":"","footnotes":""},"hc_faqs":[],"hc_spanish_faqs":[],"class_list":{"0":"post-24456","1":"page","2":"type-page","3":"status-publish","4":"has-post-thumbnail","6":"hc_city_location-parque-forestal","7":"entry"},"acf":[],"yoast_head":"<!-- This site is optimized with the Yoast SEO plugin v27.3 - https:\/\/yoast.com\/product\/yoast-seo-wordpress\/ -->\n<title>Abogado de Accidente de Cami\u00f3n en Forest Park | Consulta Gratuita<\/title>\n<meta name=\"description\" content=\"Abogado de accidentes de cami\u00f3n en Forest Park: Luchamos por una indemnizaci\u00f3n justa en nombre de las familias. Consulta gratuita.\" \/>\n<meta name=\"robots\" content=\"index, follow, max-snippet:-1, max-image-preview:large, max-video-preview:-1\" \/>\n<link rel=\"canonical\" href=\"https:\/\/thehometownlawyers.com\/es\/abogados-de-accidentes-de-camion-en-forest-park\/\" \/>\n<meta property=\"og:locale\" content=\"es_MX\" \/>\n<meta property=\"og:type\" content=\"article\" \/>\n<meta property=\"og:title\" content=\"Abogado de Accidente de Cami\u00f3n en Forest Park | Consulta Gratuita\" \/>\n<meta property=\"og:description\" content=\"Abogado de accidentes de cami\u00f3n en Forest Park: Luchamos por una indemnizaci\u00f3n justa en nombre de las familias. Consulta gratuita.\" \/>\n<meta property=\"og:url\" content=\"https:\/\/thehometownlawyers.com\/es\/abogados-de-accidentes-de-camion-en-forest-park\/\" \/>\n<meta property=\"og:site_name\" content=\"Kruger &amp; Hodges Abogados De Lesiones\" \/>\n<meta property=\"article:publisher\" content=\"https:\/\/www.facebook.com\/KrugerHodges\/\" \/>\n<meta property=\"article:modified_time\" content=\"2026-02-26T15:10:09+00:00\" \/>\n<meta property=\"og:image\" content=\"https:\/\/thehometownlawyers.com\/wp-content\/uploads\/2025\/03\/forest-park-truck-accident-lawyers.jpg\" \/>\n\t<meta property=\"og:image:width\" content=\"1000\" \/>\n\t<meta property=\"og:image:height\" content=\"667\" \/>\n\t<meta property=\"og:image:type\" content=\"image\/jpeg\" \/>\n<meta name=\"twitter:card\" content=\"summary_large_image\" \/>\n<meta name=\"twitter:label1\" content=\"Tiempo de lectura\" \/>\n\t<meta name=\"twitter:data1\" content=\"6 minutos\" \/>\n<script type=\"application\/ld+json\" class=\"yoast-schema-graph\">{\"@context\":\"https:\\\/\\\/schema.org\",\"@graph\":[{\"@type\":\"WebPage\",\"@id\":\"https:\\\/\\\/thehometownlawyers.com\\\/es\\\/abogados-de-accidentes-de-camion-en-forest-park\\\/\",\"url\":\"https:\\\/\\\/thehometownlawyers.com\\\/es\\\/abogados-de-accidentes-de-camion-en-forest-park\\\/\",\"name\":\"Abogado de Accidente de Cami\u00f3n en Forest Park | Consulta Gratuita\",\"isPartOf\":{\"@id\":\"https:\\\/\\\/thehometownlawyers.com\\\/es\\\/#website\"},\"primaryImageOfPage\":{\"@id\":\"https:\\\/\\\/thehometownlawyers.com\\\/es\\\/abogados-de-accidentes-de-camion-en-forest-park\\\/#primaryimage\"},\"image\":{\"@id\":\"https:\\\/\\\/thehometownlawyers.com\\\/es\\\/abogados-de-accidentes-de-camion-en-forest-park\\\/#primaryimage\"},\"thumbnailUrl\":\"https:\\\/\\\/thehometownlawyers.com\\\/wp-content\\\/uploads\\\/2025\\\/03\\\/forest-park-truck-accident-lawyers.jpg\",\"datePublished\":\"2025-03-11T20:37:15+00:00\",\"dateModified\":\"2026-02-26T15:10:09+00:00\",\"description\":\"Abogado de accidentes de cami\u00f3n en Forest Park: Luchamos por una indemnizaci\u00f3n justa en nombre de las familias. Consulta gratuita.\",\"breadcrumb\":{\"@id\":\"https:\\\/\\\/thehometownlawyers.com\\\/es\\\/abogados-de-accidentes-de-camion-en-forest-park\\\/#breadcrumb\"},\"inLanguage\":\"es\",\"potentialAction\":[{\"@type\":\"ReadAction\",\"target\":[\"https:\\\/\\\/thehometownlawyers.com\\\/es\\\/abogados-de-accidentes-de-camion-en-forest-park\\\/\"]}]},{\"@type\":\"ImageObject\",\"inLanguage\":\"es\",\"@id\":\"https:\\\/\\\/thehometownlawyers.com\\\/es\\\/abogados-de-accidentes-de-camion-en-forest-park\\\/#primaryimage\",\"url\":\"https:\\\/\\\/thehometownlawyers.com\\\/wp-content\\\/uploads\\\/2025\\\/03\\\/forest-park-truck-accident-lawyers.jpg\",\"contentUrl\":\"https:\\\/\\\/thehometownlawyers.com\\\/wp-content\\\/uploads\\\/2025\\\/03\\\/forest-park-truck-accident-lawyers.jpg\",\"width\":1000,\"height\":667,\"caption\":\"forest park truck accident lawyers\"},{\"@type\":\"BreadcrumbList\",\"@id\":\"https:\\\/\\\/thehometownlawyers.com\\\/es\\\/abogados-de-accidentes-de-camion-en-forest-park\\\/#breadcrumb\",\"itemListElement\":[{\"@type\":\"ListItem\",\"position\":1,\"name\":\"Home\",\"item\":\"https:\\\/\\\/thehometownlawyers.com\\\/es\\\/\"},{\"@type\":\"ListItem\",\"position\":2,\"name\":\"Abogados de accidentes de cami\u00f3n en Forest Park\"}]},{\"@type\":\"WebSite\",\"@id\":\"https:\\\/\\\/thehometownlawyers.com\\\/es\\\/#website\",\"url\":\"https:\\\/\\\/thehometownlawyers.com\\\/es\\\/\",\"name\":\"Kruger & Hodges Hometown Injury Lawyers | Accident Attorneys\",\"description\":\"Attorneys for Car, Truck and Motorcycle Accidents, Personal Injuries, and Criminal Defense.\",\"publisher\":{\"@id\":\"https:\\\/\\\/thehometownlawyers.com\\\/es\\\/#organization\"},\"alternateName\":\"Kruger & Hodges Personal Injury Lawyers\",\"inLanguage\":\"es\"},{\"@type\":\"Organization\",\"@id\":\"https:\\\/\\\/thehometownlawyers.com\\\/es\\\/#organization\",\"name\":\"Kruger & Hodges Hometown Injury Lawyers\",\"alternateName\":\"Kruger & Hodges Accident Attorneys\",\"url\":\"https:\\\/\\\/thehometownlawyers.com\\\/es\\\/\",\"logo\":{\"@type\":\"ImageObject\",\"inLanguage\":\"es\",\"@id\":\"https:\\\/\\\/thehometownlawyers.com\\\/es\\\/#\\\/schema\\\/logo\\\/image\\\/\",\"url\":\"https:\\\/\\\/thehometownlawyers.com\\\/wp-content\\\/uploads\\\/2025\\\/12\\\/revised-kh-logo-vertical-white-background-scaled.png\",\"contentUrl\":\"https:\\\/\\\/thehometownlawyers.com\\\/wp-content\\\/uploads\\\/2025\\\/12\\\/revised-kh-logo-vertical-white-background-scaled.png\",\"width\":2560,\"height\":1440,\"caption\":\"Kruger & Hodges Hometown Injury Lawyers\"},\"image\":{\"@id\":\"https:\\\/\\\/thehometownlawyers.com\\\/es\\\/#\\\/schema\\\/logo\\\/image\\\/\"},\"sameAs\":[\"https:\\\/\\\/www.facebook.com\\\/KrugerHodges\\\/\",\"https:\\\/\\\/www.instagram.com\\\/krugerhodges\\\/\",\"https:\\\/\\\/www.linkedin.com\\\/company\\\/kruger-hodges-hometown-injury-lawyers\\\/\",\"https:\\\/\\\/www.youtube.com\\\/channel\\\/UCeYcMaMaN2rb9jMlqt4EIdQ\",\"https:\\\/\\\/www.tiktok.com\\\/@thehometownlawyer\"]}]}<\/script>\n<!-- \/ Yoast SEO plugin. -->","yoast_head_json":{"title":"Abogado de Accidente de Cami\u00f3n en Forest Park | Consulta Gratuita","description":"Abogado de accidentes de cami\u00f3n en Forest Park: Luchamos por una indemnizaci\u00f3n justa en nombre de las familias. Consulta gratuita.","robots":{"index":"index","follow":"follow","max-snippet":"max-snippet:-1","max-image-preview":"max-image-preview:large","max-video-preview":"max-video-preview:-1"},"canonical":"https:\/\/thehometownlawyers.com\/es\/abogados-de-accidentes-de-camion-en-forest-park\/","og_locale":"es_MX","og_type":"article","og_title":"Abogado de Accidente de Cami\u00f3n en Forest Park | Consulta Gratuita","og_description":"Abogado de accidentes de cami\u00f3n en Forest Park: Luchamos por una indemnizaci\u00f3n justa en nombre de las familias. Consulta gratuita.","og_url":"https:\/\/thehometownlawyers.com\/es\/abogados-de-accidentes-de-camion-en-forest-park\/","og_site_name":"Kruger &amp; Hodges Abogados De Lesiones","article_publisher":"https:\/\/www.facebook.com\/KrugerHodges\/","article_modified_time":"2026-02-26T15:10:09+00:00","og_image":[{"width":1000,"height":667,"url":"https:\/\/thehometownlawyers.com\/wp-content\/uploads\/2025\/03\/forest-park-truck-accident-lawyers.jpg","type":"image\/jpeg"}],"twitter_card":"summary_large_image","twitter_misc":{"Tiempo de lectura":"6 minutos"},"schema":{"@context":"https:\/\/schema.org","@graph":[{"@type":"WebPage","@id":"https:\/\/thehometownlawyers.com\/es\/abogados-de-accidentes-de-camion-en-forest-park\/","url":"https:\/\/thehometownlawyers.com\/es\/abogados-de-accidentes-de-camion-en-forest-park\/","name":"Abogado de Accidente de Cami\u00f3n en Forest Park | Consulta Gratuita","isPartOf":{"@id":"https:\/\/thehometownlawyers.com\/es\/#website"},"primaryImageOfPage":{"@id":"https:\/\/thehometownlawyers.com\/es\/abogados-de-accidentes-de-camion-en-forest-park\/#primaryimage"},"image":{"@id":"https:\/\/thehometownlawyers.com\/es\/abogados-de-accidentes-de-camion-en-forest-park\/#primaryimage"},"thumbnailUrl":"https:\/\/thehometownlawyers.com\/wp-content\/uploads\/2025\/03\/forest-park-truck-accident-lawyers.jpg","datePublished":"2025-03-11T20:37:15+00:00","dateModified":"2026-02-26T15:10:09+00:00","description":"Abogado de accidentes de cami\u00f3n en Forest Park: Luchamos por una indemnizaci\u00f3n justa en nombre de las familias. Consulta gratuita.","breadcrumb":{"@id":"https:\/\/thehometownlawyers.com\/es\/abogados-de-accidentes-de-camion-en-forest-park\/#breadcrumb"},"inLanguage":"es","potentialAction":[{"@type":"ReadAction","target":["https:\/\/thehometownlawyers.com\/es\/abogados-de-accidentes-de-camion-en-forest-park\/"]}]},{"@type":"ImageObject","inLanguage":"es","@id":"https:\/\/thehometownlawyers.com\/es\/abogados-de-accidentes-de-camion-en-forest-park\/#primaryimage","url":"https:\/\/thehometownlawyers.com\/wp-content\/uploads\/2025\/03\/forest-park-truck-accident-lawyers.jpg","contentUrl":"https:\/\/thehometownlawyers.com\/wp-content\/uploads\/2025\/03\/forest-park-truck-accident-lawyers.jpg","width":1000,"height":667,"caption":"forest park truck accident lawyers"},{"@type":"BreadcrumbList","@id":"https:\/\/thehometownlawyers.com\/es\/abogados-de-accidentes-de-camion-en-forest-park\/#breadcrumb","itemListElement":[{"@type":"ListItem","position":1,"name":"Home","item":"https:\/\/thehometownlawyers.com\/es\/"},{"@type":"ListItem","position":2,"name":"Abogados de accidentes de cami\u00f3n en Forest Park"}]},{"@type":"WebSite","@id":"https:\/\/thehometownlawyers.com\/es\/#website","url":"https:\/\/thehometownlawyers.com\/es\/","name":"Kruger & Hodges Hometown Injury Lawyers | Accident Attorneys","description":"Attorneys for Car, Truck and Motorcycle Accidents, Personal Injuries, and Criminal Defense.","publisher":{"@id":"https:\/\/thehometownlawyers.com\/es\/#organization"},"alternateName":"Kruger & Hodges Personal Injury Lawyers","inLanguage":"es"},{"@type":"Organization","@id":"https:\/\/thehometownlawyers.com\/es\/#organization","name":"Kruger & Hodges Hometown Injury Lawyers","alternateName":"Kruger & Hodges Accident Attorneys","url":"https:\/\/thehometownlawyers.com\/es\/","logo":{"@type":"ImageObject","inLanguage":"es","@id":"https:\/\/thehometownlawyers.com\/es\/#\/schema\/logo\/image\/","url":"https:\/\/thehometownlawyers.com\/wp-content\/uploads\/2025\/12\/revised-kh-logo-vertical-white-background-scaled.png","contentUrl":"https:\/\/thehometownlawyers.com\/wp-content\/uploads\/2025\/12\/revised-kh-logo-vertical-white-background-scaled.png","width":2560,"height":1440,"caption":"Kruger & Hodges Hometown Injury Lawyers"},"image":{"@id":"https:\/\/thehometownlawyers.com\/es\/#\/schema\/logo\/image\/"},"sameAs":["https:\/\/www.facebook.com\/KrugerHodges\/","https:\/\/www.instagram.com\/krugerhodges\/","https:\/\/www.linkedin.com\/company\/kruger-hodges-hometown-injury-lawyers\/","https:\/\/www.youtube.com\/channel\/UCeYcMaMaN2rb9jMlqt4EIdQ","https:\/\/www.tiktok.com\/@thehometownlawyer"]}]}},"_links":{"self":[{"href":"https:\/\/thehometownlawyers.com\/es\/wp-json\/wp\/v2\/pages\/24456","targetHints":{"allow":["GET"]}}],"collection":[{"href":"https:\/\/thehometownlawyers.com\/es\/wp-json\/wp\/v2\/pages"}],"about":[{"href":"https:\/\/thehometownlawyers.com\/es\/wp-json\/wp\/v2\/types\/page"}],"author":[{"embeddable":true,"href":"https:\/\/thehometownlawyers.com\/es\/wp-json\/wp\/v2\/users\/13"}],"replies":[{"embeddable":true,"href":"https:\/\/thehometownlawyers.com\/es\/wp-json\/wp\/v2\/comments?post=24456"}],"version-history":[{"count":0,"href":"https:\/\/thehometownlawyers.com\/es\/wp-json\/wp\/v2\/pages\/24456\/revisions"}],"wp:featuredmedia":[{"embeddable":true,"href":"https:\/\/thehometownlawyers.com\/es\/wp-json\/wp\/v2\/media\/24397"}],"wp:attachment":[{"href":"https:\/\/thehometownlawyers.com\/es\/wp-json\/wp\/v2\/media?parent=24456"}],"wp:term":[{"taxonomy":"hc_faqs","embeddable":true,"href":"https:\/\/thehometownlawyers.com\/es\/wp-json\/wp\/v2\/hc_faqs?post=24456"},{"taxonomy":"hc_spanish_faqs","embeddable":true,"href":"https:\/\/thehometownlawyers.com\/es\/wp-json\/wp\/v2\/hc_spanish_faqs?post=24456"}],"curies":[{"name":"wp","href":"https:\/\/api.w.org\/{rel}","templated":true}]}}