{"id":24460,"date":"2025-03-11T15:58:19","date_gmt":"2025-03-11T19:58:19","guid":{"rendered":"http:\/\/abogado-de-accidentes-de-moto-en-forest-park\/"},"modified":"2026-02-26T10:09:30","modified_gmt":"2026-02-26T15:09:30","slug":"abogado-de-accidentes-de-moto-en-forest-park","status":"publish","type":"page","link":"https:\/\/thehometownlawyers.com\/es\/abogado-de-accidentes-de-moto-en-forest-park\/","title":{"rendered":"Abogado de accidentes de moto en Forest Park"},"content":{"rendered":"<p><span style=\"font-weight: 400;\">Los accidentes de motocicleta figuran entre los tipos de colisi\u00f3n de veh\u00edculos m\u00e1s graves y potencialmente mortales, y a menudo provocan lesiones graves. En Forest Park, Ohio, una comunidad conocida por sus pintorescas carreteras y su activa poblaci\u00f3n motociclista, los riesgos asociados a la conducci\u00f3n de una motocicleta est\u00e1n siempre presentes. <\/span><\/p><p><span style=\"font-weight: 400;\">Si t\u00fa o un ser querido os enfrent\u00e1is a las secuelas de un accidente de moto, no dudes en <a href=\"https:\/\/thehometownlawyers.com\/es\/contacto\/\">ponerte en contacto con el equipo jur\u00eddico<\/a> de Kruger &amp; Hodges. Nos preocupamos por tu bienestar y haremos todo lo posible para guiarte a trav\u00e9s de todos los pasos legales. <\/span><\/p><h2><span style=\"font-weight: 400;\">La creciente preocupaci\u00f3n por los accidentes de moto en Forest Park<\/span><\/h2><p><span style=\"font-weight: 400;\">Forest Park es una mezcla de barrios residenciales, zonas comerciales y espacios verdes. Las carreteras de la ciudad, incluidas v\u00edas principales como la Ruta 4 y Winton Road, registran un importante tr\u00e1fico de motocicletas, especialmente durante los meses m\u00e1s c\u00e1lidos. Por desgracia, esto tambi\u00e9n significa que los accidentes de moto son frecuentes. <\/span><\/p><p><span style=\"font-weight: 400;\">A diferencia de los conductores de autom\u00f3viles, los motoristas tienen poca protecci\u00f3n en caso de colisi\u00f3n, lo que les hace m\u00e1s vulnerables a sufrir lesiones graves. Seg\u00fan el Departamento de Seguridad P\u00fablica de Ohio, los accidentes de motocicleta representan un n\u00famero desproporcionado de v\u00edctimas mortales de tr\u00e1fico en el estado. Esta tendencia se refleja en Forest Park, donde la combinaci\u00f3n de carreteras con mucho tr\u00e1fico y conductores a veces poco atentos puede crear un entorno peligroso para los motoristas. <\/span><\/p><p class=\"rs-content-cta rs-content-cta-small\">Para una consulta legal gratuita, llame al <a href=\"tel:+15138943333\">513-894-3333 <\/a><\/p><h2><span style=\"font-weight: 400;\"> Causas comunes de los accidentes de moto<\/span><\/h2><p><span style=\"font-weight: 400;\">Comprender las causas habituales de los accidentes de moto puede ayudar tanto a los motoristas como a los conductores de Forest Park a estar m\u00e1s atentos y evitar potencialmente situaciones peligrosas. Algunas de las causas m\u00e1s frecuentes son: <\/span><\/p><ol>\n<li><span style=\"font-weight: 400;\"> Negligencia del conductor: Muchos accidentes de moto se deben a la negligencia de otros conductores en la carretera. Esto puede incluir no ceder el paso a un motociclista, cambiar de carril sin comprobar si hay motocicletas, o saltarse sem\u00e1foros en rojo y se\u00f1ales de stop. Como las motocicletas son m\u00e1s peque\u00f1as y menos visibles que los coches, es posible que los conductores no las vean hasta que sea demasiado tarde. <\/span><\/li>\n<\/ol><ol start=\"2\">\n<li><span style=\"font-weight: 400;\"> Conducci\u00f3n distra\u00edda: El aumento del uso de dispositivos m\u00f3viles mientras se conduce ha provocado un incremento de los incidentes de conducci\u00f3n distra\u00edda. Los conductores que env\u00edan mensajes de texto, hablan por tel\u00e9fono o est\u00e1n distra\u00eddos de alguna otra forma pueden no ver a un motorista en su trayectoria, lo que provoca colisiones. Tambi\u00e9n ocurre al rev\u00e9s, los motoristas manipulan sus smartphones con una mano mientras conducen su motocicleta con la otra. <\/span><\/li>\n<\/ol><ol start=\"3\">\n<li><span style=\"font-weight: 400;\"> Exceso de velocidad: Tanto los motoristas como los conductores de autom\u00f3viles que conducen con exceso de velocidad crean condiciones peligrosas en la carretera. El exceso de velocidad reduce el tiempo disponible para reaccionar ante los peligros y, en caso de colisi\u00f3n, es m\u00e1s probable que el impacto provoque lesiones graves o muertes. <\/span><\/li>\n<\/ol><ol start=\"4\">\n<li><span style=\"font-weight: 400;\"> Accidentes por giro a la izquierda: Uno de los tipos m\u00e1s comunes de accidentes de moto se produce cuando un coche gira a la izquierda delante de una moto que se aproxima. El conductor puede calcular mal la velocidad de la motocicleta o no verla del todo, lo que provoca una colisi\u00f3n. <\/span><\/li>\n<\/ol><ol start=\"5\">\n<li><span style=\"font-weight: 400;\"> Desviaci\u00f3n de carril: El cambio de carril, o circular entre carriles de tr\u00e1fico lento o detenido, es ilegal en Ohio. Sin embargo, algunos motoristas siguen practic\u00e1ndolo, lo que puede ser extremadamente peligroso. Es posible que los conductores no esperen que una motocicleta les adelante de esta forma, lo que puede provocar accidentes. <\/span><\/li>\n<\/ol><ol start=\"6\">\n<li><span style=\"font-weight: 400;\"> Peligros de la carretera: Las motocicletas son m\u00e1s susceptibles a los peligros de la carretera, como baches, gravilla, pavimento mojado y escombros. Un peligro menor, que para un coche podr\u00eda ser un simple bache, puede hacer que un motorista pierda el control y se estrelle. <\/span><\/li>\n<\/ol><ol start=\"7\">\n<li><span style=\"font-weight: 400;\"> Consumo de alcohol y drogas: La conducci\u00f3n bajo los efectos del alcohol o las drogas es una de las principales causas de todo tipo de accidentes de tr\u00e1fico, incluidos los de motocicletas. Tanto los motoristas como los conductores bajo los efectos del alcohol o las drogas suponen un riesgo importante en la carretera. <\/span><\/li>\n<\/ol><p class=\"rs-content-cta\">Abogado de Lesiones Personales de Parque Forestal Abogado de accidentes de moto en Forest Park Cerca de M\u00ed <a href=\"tel:+15138943333\">513-894-3333<\/a><\/p><h2><span style=\"font-weight: 400;\"> Las graves consecuencias de los accidentes de moto<\/span><\/h2><p><span style=\"font-weight: 400;\">Los accidentes de moto suelen provocar lesiones catastr\u00f3ficas debido a la falta de protecci\u00f3n que ofrecen las motocicletas. Algunas de las lesiones m\u00e1s comunes sufridas en estos accidentes son: <\/span><\/p><ol>\n<li><span style=\"font-weight: 400;\"> Lesiones cerebrales traum\u00e1ticas (LCT): Aunque lleven casco, los motoristas corren el riesgo de sufrir lesiones graves en la cabeza en caso de accidente. Las LCT pueden tener efectos duraderos, como deterioro cognitivo, p\u00e9rdida de memoria y cambios de personalidad. <\/span><\/li>\n<\/ol><ol start=\"2\">\n<li><span style=\"font-weight: 400;\"> Lesiones de m\u00e9dula espinal: Los da\u00f1os en la m\u00e9dula espinal pueden provocar par\u00e1lisis parcial o total, alterando significativamente la calidad de vida de la v\u00edctima. Estas lesiones suelen requerir tratamiento m\u00e9dico y rehabilitaci\u00f3n prolongados. <\/span><\/li>\n<\/ol><ol start=\"3\">\n<li><span style=\"font-weight: 400;\"> Huesos rotos: El impacto de un accidente de moto puede causar m\u00faltiples fracturas, sobre todo en brazos, piernas y costillas. Estas lesiones pueden requerir cirug\u00eda y largos periodos de recuperaci\u00f3n. <\/span><\/li>\n<\/ol><ol start=\"4\">\n<li><span style=\"font-weight: 400;\"> Rozaduras: Cuando un motorista sale despedido de su moto, puede resbalar por el pavimento, lo que provoca graves abrasiones conocidas como erupciones en la calzada. Estas lesiones pueden ser dolorosas y provocar infecciones o cicatrices permanentes. <\/span><\/li>\n<\/ol><ol start=\"5\">\n<li><span style=\"font-weight: 400;\"> Lesiones internas: La fuerza de un accidente de moto puede causar lesiones internas, incluidos da\u00f1os en \u00f3rganos, hemorragias internas y otras afecciones potencialmente mortales.<\/span><\/li>\n<\/ol><ol start=\"6\">\n<li><span style=\"font-weight: 400;\"> V\u00edctimas mortales: Tr\u00e1gicamente, muchos accidentes de moto se saldan con v\u00edctimas mortales. La p\u00e9rdida de un ser querido en un accidente de este tipo es devastadora y puede tener consecuencias emocionales y econ\u00f3micas de gran alcance para los familiares supervivientes. <\/span><\/li>\n<\/ol><p class=\"rs-content-cta rs-content-cta-small\"><a href=\"\/es\/contacto\/\">Haga clic para contactar<\/a> con nuestros  abogados hoy<\/p><h2><span style=\"font-weight: 400;\">Implicaciones jur\u00eddicas de los accidentes de moto<\/span><\/h2><p><span style=\"font-weight: 400;\">Los casos de accidente de moto pueden ser complejos, y es esencial que te pongas en contacto con un abogado de lesiones personales para dar los pasos adecuados para proteger tus intereses.<\/span><\/p><ol>\n<li><span style=\"font-weight: 400;\"> Determinar la responsabilidad: Uno de los primeros pasos en un caso de accidente de moto es determinar qui\u00e9n tiene la culpa. En muchos casos, el otro conductor puede ser declarado responsable si fue negligente o infringi\u00f3 las leyes de tr\u00e1fico. Sin embargo, hay situaciones en las que varias partes pueden compartir la responsabilidad, por ejemplo si un peligro en la carretera contribuy\u00f3 al accidente. <\/span><\/li>\n<\/ol><ol start=\"2\">\n<li><span style=\"font-weight: 400;\"> Negligencia comparativa: Ohio sigue la doctrina de la negligencia comparativa, lo que significa que si se determina que el motorista lesionado es parcialmente culpable del accidente, su indemnizaci\u00f3n puede reducirse en funci\u00f3n de su porcentaje de culpa. Por ejemplo, si un motorista circulaba con exceso de velocidad en el momento del accidente, podr\u00eda ser considerado parcialmente responsable de la colisi\u00f3n. <\/span><\/li>\n<\/ol><ol start=\"3\">\n<li><span style=\"font-weight: 400;\"> Cuestiones de seguros: Los peritos del seguro pueden intentar minimizar la cantidad que pagan, sobre todo si creen que el motorista tuvo parte de la culpa. Contar con un abogado con experiencia puede ayudarte a superar estas negociaciones y garantizar que recibas una indemnizaci\u00f3n justa. <\/span><\/li>\n<\/ol><ol start=\"4\">\n<li><span style=\"font-weight: 400;\"> Indemnizaci\u00f3n por da\u00f1os y perjuicios: Si tienes \u00e9xito en tu caso de accidente de moto, puedes tener derecho a varios tipos de indemnizaci\u00f3n por da\u00f1os y perjuicios, incluidos gastos m\u00e9dicos, salarios perdidos, dolor y sufrimiento, e indemnizaci\u00f3n por cualquier efecto a largo plazo de tus lesiones. En los casos de homicidio culposo, los familiares supervivientes tambi\u00e9n pueden tener derecho a una indemnizaci\u00f3n por gastos funerarios, p\u00e9rdida de compa\u00f1\u00eda y otros gastos relacionados. <\/span><\/li>\n<\/ol><p class=\"rs-content-cta rs-content-cta-small\">Complete una <a href=\"\/es\/contacto\/\">evaluaci\u00f3n gratuita de su caso<\/a> ahora<\/p><h2><span style=\"font-weight: 400;\">Los abogados de accidentes de moto en Forest Park pueden ayudarte<\/span><\/h2><p><span style=\"font-weight: 400;\">Un abogado especializado en lesiones personales conocer\u00e1 a fondo los problemas espec\u00edficos a los que se enfrentan los motoristas en Forest Park. Pueden ofrecerte un servicio personalizado y guiarte a lo largo del proceso legal. Aparte de contratar a un abogado, es importante que sigas estos pasos si alguna vez te encuentras en este tipo de accidentes: <\/span><\/p><ol>\n<li><span style=\"font-weight: 400;\"> Busca atenci\u00f3n m\u00e9dica: Tu salud debe ser tu m\u00e1xima prioridad. Aunque te encuentres bien, es esencial que te examine un profesional m\u00e9dico, ya que algunas lesiones pueden no ser evidentes de inmediato. <\/span><\/li>\n<\/ol><ol start=\"2\">\n<li><span style=\"font-weight: 400;\"> Llama a la Polic\u00eda: El atestado policial es una prueba fundamental en la investigaci\u00f3n de cualquier accidente. Aseg\u00farate de que se denuncia el accidente e intenta conseguir una copia del informe para tus archivos. <\/span><\/li>\n<\/ol><ol start=\"3\">\n<li><span style=\"font-weight: 400;\"> Documenta la escena: Si es posible, haz fotos del lugar del accidente, incluidos los veh\u00edculos implicados, el estado de la carretera y las lesiones visibles. Esta documentaci\u00f3n puede ser muy valiosa para tu caso. <\/span><\/li>\n<\/ol><ol start=\"4\">\n<li><span style=\"font-weight: 400;\"> Re\u00fane informaci\u00f3n: Obt\u00e9n la informaci\u00f3n de contacto y del seguro del otro conductor, as\u00ed como la informaci\u00f3n de contacto de cualquier testigo. Esta informaci\u00f3n ser\u00e1 fundamental a la hora de presentar una reclamaci\u00f3n. <\/span><\/li>\n<\/ol><h2><span style=\"font-weight: 400;\">Conclusi\u00f3n<\/span><\/h2><p><span style=\"font-weight: 400;\">Si te ves implicado en un accidente de moto, no dudes en buscar asistencia jur\u00eddica. La complejidad de los casos de accidente de moto requiere la experiencia de un abogado experto que pueda luchar por tus derechos y ayudarte a conseguir la indemnizaci\u00f3n que necesitas para recuperarte de tus lesiones y seguir adelante con tu vida. En Kruger &amp; Hodges, nuestros abogados estar\u00e1n encantados de ayudarte con tus asuntos legales y conseguirte el mejor resultado posible. <a href=\"https:\/\/thehometownlawyers.com\/es\/contacto\/\">Ponte en contacto con nosotros ahora<\/a>. <\/span><\/p><p class=\"rs-content-cta rs-content-cta-small\">Llame o env\u00ede un mensaje de texto al <a href=\"tel:+15138943333\">513-894-3333<\/a> o complete una <a href=\"\/es\/contacto\/\">evaluaci\u00f3n gratuita de su caso<\/a><\/p>","protected":false},"excerpt":{"rendered":"<p>Los accidentes de motocicleta figuran entre los tipos de colisi\u00f3n de veh\u00edculos m\u00e1s graves y potencialmente mortales, y a menudo provocan lesiones graves. En Forest Park, Ohio, una comunidad conocida por sus pintorescas carreteras y su activa poblaci\u00f3n motociclista, los riesgos asociados a la conducci\u00f3n de una motocicleta est\u00e1n siempre presentes. Si t\u00fa o un &#8230;<\/p>\n","protected":false},"author":13,"featured_media":24386,"parent":0,"menu_order":0,"comment_status":"closed","ping_status":"closed","template":"","meta":{"_acf_changed":false,"inline_featured_image":false,"_genesis_hide_title":false,"_genesis_hide_breadcrumbs":false,"_genesis_hide_singular_image":false,"_genesis_hide_footer_widgets":false,"_genesis_custom_body_class":"","_genesis_custom_post_class":"","_genesis_layout":"","footnotes":""},"hc_faqs":[],"hc_spanish_faqs":[],"class_list":{"0":"post-24460","1":"page","2":"type-page","3":"status-publish","4":"has-post-thumbnail","6":"hc_city_location-parque-forestal","7":"entry"},"acf":[],"yoast_head":"<!-- This site is optimized with the Yoast SEO plugin v27.3 - https:\/\/yoast.com\/product\/yoast-seo-wordpress\/ -->\n<title>Abogado de Accidente de Motocicleta en Forest Park | Consulta Gratuita<\/title>\n<meta name=\"description\" content=\"Abogado de accidentes de moto en Forest Park: Luchamos por una indemnizaci\u00f3n justa en nombre de las familias. Consulta gratuita.\" \/>\n<meta name=\"robots\" content=\"index, follow, max-snippet:-1, max-image-preview:large, max-video-preview:-1\" \/>\n<link rel=\"canonical\" href=\"https:\/\/thehometownlawyers.com\/es\/abogado-de-accidentes-de-moto-en-forest-park\/\" \/>\n<meta property=\"og:locale\" content=\"es_MX\" \/>\n<meta property=\"og:type\" content=\"article\" \/>\n<meta property=\"og:title\" content=\"Abogado de Accidente de Motocicleta en Forest Park | Consulta Gratuita\" \/>\n<meta property=\"og:description\" content=\"Abogado de accidentes de moto en Forest Park: Luchamos por una indemnizaci\u00f3n justa en nombre de las familias. Consulta gratuita.\" \/>\n<meta property=\"og:url\" content=\"https:\/\/thehometownlawyers.com\/es\/abogado-de-accidentes-de-moto-en-forest-park\/\" \/>\n<meta property=\"og:site_name\" content=\"Kruger &amp; Hodges Abogados De Lesiones\" \/>\n<meta property=\"article:publisher\" content=\"https:\/\/www.facebook.com\/KrugerHodges\/\" \/>\n<meta property=\"article:modified_time\" content=\"2026-02-26T15:09:30+00:00\" \/>\n<meta property=\"og:image\" content=\"https:\/\/thehometownlawyers.com\/wp-content\/uploads\/2025\/03\/forest-park-motorcycle-accident-lawyers.jpg\" \/>\n\t<meta property=\"og:image:width\" content=\"1500\" \/>\n\t<meta property=\"og:image:height\" content=\"1000\" \/>\n\t<meta property=\"og:image:type\" content=\"image\/jpeg\" \/>\n<meta name=\"twitter:card\" content=\"summary_large_image\" \/>\n<meta name=\"twitter:label1\" content=\"Tiempo de lectura\" \/>\n\t<meta name=\"twitter:data1\" content=\"7 minutos\" \/>\n<script type=\"application\/ld+json\" class=\"yoast-schema-graph\">{\"@context\":\"https:\\\/\\\/schema.org\",\"@graph\":[{\"@type\":\"WebPage\",\"@id\":\"https:\\\/\\\/thehometownlawyers.com\\\/es\\\/abogado-de-accidentes-de-moto-en-forest-park\\\/\",\"url\":\"https:\\\/\\\/thehometownlawyers.com\\\/es\\\/abogado-de-accidentes-de-moto-en-forest-park\\\/\",\"name\":\"Abogado de Accidente de Motocicleta en Forest Park | Consulta Gratuita\",\"isPartOf\":{\"@id\":\"https:\\\/\\\/thehometownlawyers.com\\\/es\\\/#website\"},\"primaryImageOfPage\":{\"@id\":\"https:\\\/\\\/thehometownlawyers.com\\\/es\\\/abogado-de-accidentes-de-moto-en-forest-park\\\/#primaryimage\"},\"image\":{\"@id\":\"https:\\\/\\\/thehometownlawyers.com\\\/es\\\/abogado-de-accidentes-de-moto-en-forest-park\\\/#primaryimage\"},\"thumbnailUrl\":\"https:\\\/\\\/thehometownlawyers.com\\\/wp-content\\\/uploads\\\/2025\\\/03\\\/forest-park-motorcycle-accident-lawyers.jpg\",\"datePublished\":\"2025-03-11T19:58:19+00:00\",\"dateModified\":\"2026-02-26T15:09:30+00:00\",\"description\":\"Abogado de accidentes de moto en Forest Park: Luchamos por una indemnizaci\u00f3n justa en nombre de las familias. Consulta gratuita.\",\"breadcrumb\":{\"@id\":\"https:\\\/\\\/thehometownlawyers.com\\\/es\\\/abogado-de-accidentes-de-moto-en-forest-park\\\/#breadcrumb\"},\"inLanguage\":\"es\",\"potentialAction\":[{\"@type\":\"ReadAction\",\"target\":[\"https:\\\/\\\/thehometownlawyers.com\\\/es\\\/abogado-de-accidentes-de-moto-en-forest-park\\\/\"]}]},{\"@type\":\"ImageObject\",\"inLanguage\":\"es\",\"@id\":\"https:\\\/\\\/thehometownlawyers.com\\\/es\\\/abogado-de-accidentes-de-moto-en-forest-park\\\/#primaryimage\",\"url\":\"https:\\\/\\\/thehometownlawyers.com\\\/wp-content\\\/uploads\\\/2025\\\/03\\\/forest-park-motorcycle-accident-lawyers.jpg\",\"contentUrl\":\"https:\\\/\\\/thehometownlawyers.com\\\/wp-content\\\/uploads\\\/2025\\\/03\\\/forest-park-motorcycle-accident-lawyers.jpg\",\"width\":1500,\"height\":1000,\"caption\":\"forest park motorcycle accident lawyers\"},{\"@type\":\"BreadcrumbList\",\"@id\":\"https:\\\/\\\/thehometownlawyers.com\\\/es\\\/abogado-de-accidentes-de-moto-en-forest-park\\\/#breadcrumb\",\"itemListElement\":[{\"@type\":\"ListItem\",\"position\":1,\"name\":\"Home\",\"item\":\"https:\\\/\\\/thehometownlawyers.com\\\/es\\\/\"},{\"@type\":\"ListItem\",\"position\":2,\"name\":\"Abogado de accidentes de moto en Forest Park\"}]},{\"@type\":\"WebSite\",\"@id\":\"https:\\\/\\\/thehometownlawyers.com\\\/es\\\/#website\",\"url\":\"https:\\\/\\\/thehometownlawyers.com\\\/es\\\/\",\"name\":\"Kruger & Hodges Hometown Injury Lawyers | Accident Attorneys\",\"description\":\"Attorneys for Car, Truck and Motorcycle Accidents, Personal Injuries, and Criminal Defense.\",\"publisher\":{\"@id\":\"https:\\\/\\\/thehometownlawyers.com\\\/es\\\/#organization\"},\"alternateName\":\"Kruger & Hodges Personal Injury Lawyers\",\"inLanguage\":\"es\"},{\"@type\":\"Organization\",\"@id\":\"https:\\\/\\\/thehometownlawyers.com\\\/es\\\/#organization\",\"name\":\"Kruger & Hodges Hometown Injury Lawyers\",\"alternateName\":\"Kruger & Hodges Accident Attorneys\",\"url\":\"https:\\\/\\\/thehometownlawyers.com\\\/es\\\/\",\"logo\":{\"@type\":\"ImageObject\",\"inLanguage\":\"es\",\"@id\":\"https:\\\/\\\/thehometownlawyers.com\\\/es\\\/#\\\/schema\\\/logo\\\/image\\\/\",\"url\":\"https:\\\/\\\/thehometownlawyers.com\\\/wp-content\\\/uploads\\\/2025\\\/12\\\/revised-kh-logo-vertical-white-background-scaled.png\",\"contentUrl\":\"https:\\\/\\\/thehometownlawyers.com\\\/wp-content\\\/uploads\\\/2025\\\/12\\\/revised-kh-logo-vertical-white-background-scaled.png\",\"width\":2560,\"height\":1440,\"caption\":\"Kruger & Hodges Hometown Injury Lawyers\"},\"image\":{\"@id\":\"https:\\\/\\\/thehometownlawyers.com\\\/es\\\/#\\\/schema\\\/logo\\\/image\\\/\"},\"sameAs\":[\"https:\\\/\\\/www.facebook.com\\\/KrugerHodges\\\/\",\"https:\\\/\\\/www.instagram.com\\\/krugerhodges\\\/\",\"https:\\\/\\\/www.linkedin.com\\\/company\\\/kruger-hodges-hometown-injury-lawyers\\\/\",\"https:\\\/\\\/www.youtube.com\\\/channel\\\/UCeYcMaMaN2rb9jMlqt4EIdQ\",\"https:\\\/\\\/www.tiktok.com\\\/@thehometownlawyer\"]}]}<\/script>\n<!-- \/ Yoast SEO plugin. -->","yoast_head_json":{"title":"Abogado de Accidente de Motocicleta en Forest Park | Consulta Gratuita","description":"Abogado de accidentes de moto en Forest Park: Luchamos por una indemnizaci\u00f3n justa en nombre de las familias. Consulta gratuita.","robots":{"index":"index","follow":"follow","max-snippet":"max-snippet:-1","max-image-preview":"max-image-preview:large","max-video-preview":"max-video-preview:-1"},"canonical":"https:\/\/thehometownlawyers.com\/es\/abogado-de-accidentes-de-moto-en-forest-park\/","og_locale":"es_MX","og_type":"article","og_title":"Abogado de Accidente de Motocicleta en Forest Park | Consulta Gratuita","og_description":"Abogado de accidentes de moto en Forest Park: Luchamos por una indemnizaci\u00f3n justa en nombre de las familias. Consulta gratuita.","og_url":"https:\/\/thehometownlawyers.com\/es\/abogado-de-accidentes-de-moto-en-forest-park\/","og_site_name":"Kruger &amp; Hodges Abogados De Lesiones","article_publisher":"https:\/\/www.facebook.com\/KrugerHodges\/","article_modified_time":"2026-02-26T15:09:30+00:00","og_image":[{"width":1500,"height":1000,"url":"https:\/\/thehometownlawyers.com\/wp-content\/uploads\/2025\/03\/forest-park-motorcycle-accident-lawyers.jpg","type":"image\/jpeg"}],"twitter_card":"summary_large_image","twitter_misc":{"Tiempo de lectura":"7 minutos"},"schema":{"@context":"https:\/\/schema.org","@graph":[{"@type":"WebPage","@id":"https:\/\/thehometownlawyers.com\/es\/abogado-de-accidentes-de-moto-en-forest-park\/","url":"https:\/\/thehometownlawyers.com\/es\/abogado-de-accidentes-de-moto-en-forest-park\/","name":"Abogado de Accidente de Motocicleta en Forest Park | Consulta Gratuita","isPartOf":{"@id":"https:\/\/thehometownlawyers.com\/es\/#website"},"primaryImageOfPage":{"@id":"https:\/\/thehometownlawyers.com\/es\/abogado-de-accidentes-de-moto-en-forest-park\/#primaryimage"},"image":{"@id":"https:\/\/thehometownlawyers.com\/es\/abogado-de-accidentes-de-moto-en-forest-park\/#primaryimage"},"thumbnailUrl":"https:\/\/thehometownlawyers.com\/wp-content\/uploads\/2025\/03\/forest-park-motorcycle-accident-lawyers.jpg","datePublished":"2025-03-11T19:58:19+00:00","dateModified":"2026-02-26T15:09:30+00:00","description":"Abogado de accidentes de moto en Forest Park: Luchamos por una indemnizaci\u00f3n justa en nombre de las familias. Consulta gratuita.","breadcrumb":{"@id":"https:\/\/thehometownlawyers.com\/es\/abogado-de-accidentes-de-moto-en-forest-park\/#breadcrumb"},"inLanguage":"es","potentialAction":[{"@type":"ReadAction","target":["https:\/\/thehometownlawyers.com\/es\/abogado-de-accidentes-de-moto-en-forest-park\/"]}]},{"@type":"ImageObject","inLanguage":"es","@id":"https:\/\/thehometownlawyers.com\/es\/abogado-de-accidentes-de-moto-en-forest-park\/#primaryimage","url":"https:\/\/thehometownlawyers.com\/wp-content\/uploads\/2025\/03\/forest-park-motorcycle-accident-lawyers.jpg","contentUrl":"https:\/\/thehometownlawyers.com\/wp-content\/uploads\/2025\/03\/forest-park-motorcycle-accident-lawyers.jpg","width":1500,"height":1000,"caption":"forest park motorcycle accident lawyers"},{"@type":"BreadcrumbList","@id":"https:\/\/thehometownlawyers.com\/es\/abogado-de-accidentes-de-moto-en-forest-park\/#breadcrumb","itemListElement":[{"@type":"ListItem","position":1,"name":"Home","item":"https:\/\/thehometownlawyers.com\/es\/"},{"@type":"ListItem","position":2,"name":"Abogado de accidentes de moto en Forest Park"}]},{"@type":"WebSite","@id":"https:\/\/thehometownlawyers.com\/es\/#website","url":"https:\/\/thehometownlawyers.com\/es\/","name":"Kruger & Hodges Hometown Injury Lawyers | Accident Attorneys","description":"Attorneys for Car, Truck and Motorcycle Accidents, Personal Injuries, and Criminal Defense.","publisher":{"@id":"https:\/\/thehometownlawyers.com\/es\/#organization"},"alternateName":"Kruger & Hodges Personal Injury Lawyers","inLanguage":"es"},{"@type":"Organization","@id":"https:\/\/thehometownlawyers.com\/es\/#organization","name":"Kruger & Hodges Hometown Injury Lawyers","alternateName":"Kruger & Hodges Accident Attorneys","url":"https:\/\/thehometownlawyers.com\/es\/","logo":{"@type":"ImageObject","inLanguage":"es","@id":"https:\/\/thehometownlawyers.com\/es\/#\/schema\/logo\/image\/","url":"https:\/\/thehometownlawyers.com\/wp-content\/uploads\/2025\/12\/revised-kh-logo-vertical-white-background-scaled.png","contentUrl":"https:\/\/thehometownlawyers.com\/wp-content\/uploads\/2025\/12\/revised-kh-logo-vertical-white-background-scaled.png","width":2560,"height":1440,"caption":"Kruger & Hodges Hometown Injury Lawyers"},"image":{"@id":"https:\/\/thehometownlawyers.com\/es\/#\/schema\/logo\/image\/"},"sameAs":["https:\/\/www.facebook.com\/KrugerHodges\/","https:\/\/www.instagram.com\/krugerhodges\/","https:\/\/www.linkedin.com\/company\/kruger-hodges-hometown-injury-lawyers\/","https:\/\/www.youtube.com\/channel\/UCeYcMaMaN2rb9jMlqt4EIdQ","https:\/\/www.tiktok.com\/@thehometownlawyer"]}]}},"_links":{"self":[{"href":"https:\/\/thehometownlawyers.com\/es\/wp-json\/wp\/v2\/pages\/24460","targetHints":{"allow":["GET"]}}],"collection":[{"href":"https:\/\/thehometownlawyers.com\/es\/wp-json\/wp\/v2\/pages"}],"about":[{"href":"https:\/\/thehometownlawyers.com\/es\/wp-json\/wp\/v2\/types\/page"}],"author":[{"embeddable":true,"href":"https:\/\/thehometownlawyers.com\/es\/wp-json\/wp\/v2\/users\/13"}],"replies":[{"embeddable":true,"href":"https:\/\/thehometownlawyers.com\/es\/wp-json\/wp\/v2\/comments?post=24460"}],"version-history":[{"count":0,"href":"https:\/\/thehometownlawyers.com\/es\/wp-json\/wp\/v2\/pages\/24460\/revisions"}],"wp:featuredmedia":[{"embeddable":true,"href":"https:\/\/thehometownlawyers.com\/es\/wp-json\/wp\/v2\/media\/24386"}],"wp:attachment":[{"href":"https:\/\/thehometownlawyers.com\/es\/wp-json\/wp\/v2\/media?parent=24460"}],"wp:term":[{"taxonomy":"hc_faqs","embeddable":true,"href":"https:\/\/thehometownlawyers.com\/es\/wp-json\/wp\/v2\/hc_faqs?post=24460"},{"taxonomy":"hc_spanish_faqs","embeddable":true,"href":"https:\/\/thehometownlawyers.com\/es\/wp-json\/wp\/v2\/hc_spanish_faqs?post=24460"}],"curies":[{"name":"wp","href":"https:\/\/api.w.org\/{rel}","templated":true}]}}