{"id":25142,"date":"2025-06-11T14:00:02","date_gmt":"2025-06-11T18:00:02","guid":{"rendered":"https:\/\/thehometownlawyers.com\/?page_id=25142"},"modified":"2026-02-26T12:56:50","modified_gmt":"2026-02-26T17:56:50","slug":"abogado-de-lesiones-personales-en-circleville","status":"publish","type":"page","link":"https:\/\/thehometownlawyers.com\/es\/circleville\/abogado-de-lesiones-personales\/","title":{"rendered":"Abogado de Lesiones Personales en Circleville"},"content":{"rendered":"<p><span style=\"font-weight: 400;\">Circleville es una comunidad acogedora con mucho que ofrecer a sus m\u00e1s de 13,000 habitantes. Sin embargo, muchos sufren p\u00e9rdidas por causas ajenas a su voluntad. Si sufri\u00f3 un accidente automovil\u00edstico en la Ruta 23 o sufri\u00f3 una mordedura de perro mientras caminaba por los senderos del Parque Mary Virginia Crites Hannan, podr\u00eda tener derecho a una compensaci\u00f3n por sus p\u00e9rdidas. Como abogados de lesiones personales que atienden en Circleville, Ohio, Kruger &amp; Hodges puede colaborar estrechamente con usted para determinar si ese es el caso.<\/span><\/p><h2><span style=\"font-weight: 400;\">Accidentes De Carro\u00a0 en Circleville<\/span><\/h2>\n<p>Los accidentes automovil\u00edsticos pueden ser devastadores, ya sea por no respetar un sem\u00e1foro, conducir de forma imprudente o impactarlo al dar marcha atr\u00e1s. <a href=\"https:\/\/statepatrol.ohio.gov\/dashboards-statistics\/ostats-dashboards\/crash-dashboard\">La Patrulla Estatal de Carreteras de Ohio<\/a> afirma que, en 2025, se registraron 7027 accidentes en el condado de Pickaway, muchos de ellos en Circleville. Por ello, es f\u00e1cil comprender la frecuencia de este tipo de accidentes.<\/p>\n<p>Si alguien le caus\u00f3 da\u00f1os, incluyendo gastos m\u00e9dicos elevados, rehabilitaci\u00f3n a largo plazo, dolor y sufrimiento, dolor cr\u00f3nico u otras p\u00e9rdidas, podr\u00eda tener derecho a una compensaci\u00f3n econ\u00f3mica. Nuestros abogados de lesiones personales en Circleville, Ohio, trabajar\u00e1n estrechamente con usted para determinar su derecho a una compensaci\u00f3n con base en la evidencia disponible y ayudarle a recibir una compensaci\u00f3n por dichas p\u00e9rdidas. Esto puede incluir cobertura para sus gastos m\u00e9dicos, tiempo de trabajo perdido y otras p\u00e9rdidas.<\/p>\n<p>No hable con las compa\u00f1\u00edas de seguros hasta que tenga un abogado a su lado. Perm\u00edtanos ofrecerle una consulta gratuita para hablar sobre su caso primero.<\/p><h3><span style=\"font-weight: 400;\">Estad\u00edsticas de Accidentes de Tr\u00e1nsito<\/span><\/h3>\n<p>En 2024, el Departamento de Seguridad P\u00fablica de Ohio inform\u00f3 que ocurrieron 135 accidentes automovil\u00edsticos en Circleville, Ohio. Esto significa que la mayor\u00eda de los d\u00edas del a\u00f1o hubo un accidente automovil\u00edstico en esta comunidad de aproximadamente 13,900 habitantes. Muchos de estos accidentes son leves, pero muchos resultan en lesiones graves e incluso la muerte debido al comportamiento de otros conductores.<\/p>\n<p>Muchas personas en estos accidentes sufren una amplia gama de p\u00e9rdidas m\u00e9dicas. Como abogados de accidentes de carro de Circleville, sabemos esto porque vemos las dram\u00e1ticas p\u00e9rdidas que nuestros clientes han sufrido sin tener la culpa.<\/p>\n<p><a href=\"https:\/\/www.cdc.gov\/\">El Centros para el Control y la Prevenci\u00f3n de Enfermedades<\/a> afirman que, en 2020, 64,000 personas murieron por lesiones cerebrales traum\u00e1ticas, lo que equivale a aproximadamente 176 personas al d\u00eda. Este es uno de los tipos de lesiones m\u00e1s comunes que ocurren despu\u00e9s de un accidente automovil\u00edstico. Otros sufren otros tipos de p\u00e9rdidas, como:<\/p>\n<ul>\n<li>Fracturas<\/li>\n<li>Laceraciones<\/li>\n<li>Lesiones internas<\/li>\n<li>Lesiones de m\u00e9dula espinal<\/li>\n<li>Cicatrices y mucho m\u00e1s<\/li>\n<\/ul>\n<p>Si se encuentra en el hospital despu\u00e9s de un accidente en Circleville causado por otra persona, sepa que no est\u00e1 solo. Nos esforzaremos para ayudarle a obtener la compensaci\u00f3n que le corresponde por sus p\u00e9rdidas m\u00e9dicas. No hay forma de borrar lo ocurrido, pero nuestro equipo trabajar\u00e1 arduamente para ayudarle a recuperar lo que se le debe financieramente.<\/p>\n<p>Enlaces a talleres de motocicletas m\u00e1s cercanos:<\/p>\n<p>Perfection One Collision Center<br \/>\n101 Island Rd, Circleville, OH 43113<br \/>\n(740) 474-5354<br \/>\np1cc.com<\/p>\n<p>R and M Tires<br \/>\n150 E Main St, Circleville, OH 43113<br \/>\n(740) 474-2442<br \/>\nrandmtires2022.com<\/p><p class=\"rs-content-cta rs-content-cta-small\">Para una consulta legal gratuita, llame al <a href=\"tel:+17408737139\">740-873-7139 <\/a><\/p><h2><span style=\"font-weight: 400;\">Accidentes de Cami\u00f3n en Circleville<\/span><\/h2>\n<p><span style=\"font-weight: 400;\">Los accidentes de cami\u00f3n son muy comunes en Ohio, un importante estado industrial, manufacturero y agr\u00edcola. Sin duda, quienes viajan por Circleville con semirremolques pueden poner en riesgo a otros conductores. Los accidentes de cami\u00f3n suelen ser causados \u200b\u200bpor conductores cansados \u200b\u200by con exceso de trabajo, conducci\u00f3n imprudente, conducci\u00f3n distra\u00edda o capacitaci\u00f3n deficiente. Independientemente de la causa del problema, si sufre las consecuencias de un accidente de cami\u00f3n, podr\u00eda sufrir p\u00e9rdidas financieras significativas.<\/span><\/p>\n<p><span style=\"font-weight: 400;\">Nuestros abogados de lesiones personales en Circleville, Ohio, pueden ayudarle. Nuestro equipo trabaja estrechamente con usted para determinar qu\u00e9 sucedi\u00f3, por ejemplo, c\u00f3mo el conductor del cami\u00f3n caus\u00f3 su accidente y qui\u00e9n podr\u00eda ser responsable. Esto podr\u00eda incluir al conductor, la empresa que lo emplea, el fabricante del cami\u00f3n u otros. Posteriormente, trabajamos con usted para determinar cu\u00e1les son sus p\u00e9rdidas financieras, brind\u00e1ndole una manera sencilla de recibir la compensaci\u00f3n que se le debe.<\/span><\/p><p class=\"rs-content-cta\">Abogado de Lesiones Personales de Circleville Cerca de M\u00ed <a href=\"tel:+17408737139\">740-873-7139<\/a><\/p><h2><span style=\"font-weight: 400;\">Accidentes de Motocicleta en Circleville<\/span><\/h2>\n<p><span style=\"font-weight: 400;\">No hay nada como salir a pasear en moto por la carretera en un d\u00eda fresco, ya sea para ir a una exposici\u00f3n de autos local o simplemente para explorar las carreteras. Sin embargo, cuando ocurre un accidente, las consecuencias pueden ser devastadoras. A menudo, la responsabilidad de las p\u00e9rdidas recae en otra persona. Los motociclistas corren un alto riesgo de sufrir accidentes, como accidentes por ir en reversa, por no ser observados, por conducir distra\u00eddos y por la imprudencia de otros conductores.<\/span><\/p>\n<p><span style=\"font-weight: 400;\">Si sufri\u00f3 p\u00e9rdidas econ\u00f3micas por un accidente de motocicleta y la responsabilidad recae en otra persona, queremos ayudarle a obtener una compensaci\u00f3n por dichas p\u00e9rdidas, incluyendo reparaciones de su motocicleta, as\u00ed como una compensaci\u00f3n econ\u00f3mica por sus gastos m\u00e9dicos, la rehabilitaci\u00f3n que necesita, el dolor cr\u00f3nico y el sufrimiento. Sin duda, podr\u00eda estar en una etapa de recuperaci\u00f3n a largo plazo y, como resultado, no poder trabajar. Puede que su vida no sea la misma, pero puede obtener la compensaci\u00f3n econ\u00f3mica que le corresponde para obtener el mejor resultado posible.\u00a0<\/span><\/p><p class=\"rs-content-cta rs-content-cta-small\"><a href=\"\/es\/contacto\/\">Haga clic para contactar<\/a> con nuestros lesiones personales abogados hoy<\/p><h2><span style=\"font-weight: 400;\">Mordeduras y Ataques de Perro en Circleville<\/span><\/h2>\n<p><span style=\"font-weight: 400;\">Una de las ventajas de Circleville es que es una hermosa ciudad con numerosos parques, desde el Parque Estatal AW Marion hasta los dem\u00e1s parques del vecindario. Tiene derecho a disfrutar de estos parques, caminar por su calle o realizar cualquier otra actividad sin correr el riesgo de ser mordido por un perro. Sin embargo, esto es com\u00fan y, en ocasiones, las lesiones por mordedura de perro pueden ocasionar p\u00e9rdidas costosas.<\/span><\/p>\n<p><span style=\"font-weight: 400;\">Si ha sido atacado por un perro que no estaba bajo el control de su due\u00f1o o si fue mordido y sufri\u00f3 da\u00f1os significativos, como cirug\u00eda reconstructiva, da\u00f1o nervioso o dolor cr\u00f3nico, permita que nuestro equipo le brinde apoyo mientras trabaja para recuperar su salud. Nuestro equipo le ayudar\u00e1 a demostrar que la otra parte podr\u00eda haber sido responsable. Nuestro objetivo es siempre utilizar la evidencia disponible para que reciba una compensaci\u00f3n justa.<\/span><\/p><p class=\"rs-content-cta rs-content-cta-small\">Complete una <a href=\"\/es\/contacto\/\">evaluaci\u00f3n gratuita de su caso<\/a> ahora<\/p><h2><span style=\"font-weight: 400;\">V\u00edctimas de Accidentes por Conducir Ebrio en Circleville<\/span><\/h2>\n<p><span style=\"font-weight: 400;\">Los accidentes por conducir ebrio pueden ocurrir en cualquier momento, con resultados devastadores para las v\u00edctimas. Si ha sufrido p\u00e9rdidas debido a las acciones de otra persona que condujo ebria, nuestro equipo quiere ayudarle. Los accidentes por conducir ebrio pueden causar lesiones a largo plazo y largos per\u00edodos de rehabilitaci\u00f3n. En ocasiones, una persona puede sufrir la p\u00e9rdida de la vida a manos de otros.<\/span><\/p>\n<p><span style=\"font-weight: 400;\">En Kruger &amp; Hodges, nuestro objetivo es ayudarle a recibir la compensaci\u00f3n que le corresponde. El problema es que las compa\u00f1\u00edas de seguros quieren que pague menos de lo que le corresponde, y eso es una verdadera preocupaci\u00f3n cuando tiene que pagar una gran cantidad de facturas m\u00e9dicas. Por eso, nuestro equipo trabaja estrechamente con usted para ayudarle a obtener una compensaci\u00f3n justa por lo que ha perdido.<\/span><\/p><h2><span style=\"font-weight: 400;\">Accidentes de peatones y ciclistas en Circleville<\/span><\/h2>\n<p><span style=\"font-weight: 400;\">Ya sea que camine por la calle E. Main o su hijo ande en bicicleta por el vecindario, existen expectativas de seguridad. Sin embargo, incluso en Circleville, una comunidad peque\u00f1a y acogedora, existe el riesgo de que alguien lo atropelle y le cause p\u00e9rdidas devastadoras. Los accidentes de bicicleta pueden causar problemas m\u00e9dicos complejos, que a menudo resultan en procedimientos quir\u00fargicos, fracturas y, en ocasiones, lesiones cerebrales traum\u00e1ticas. Si esto le sucede, sepa que no est\u00e1 solo en su camino para obtener la compensaci\u00f3n financiera que le corresponde.<\/span><\/p>\n<p><span style=\"font-weight: 400;\">Nuestro equipo trabaja con v\u00edctimas de accidentes de peatones y ciclistas para ayudarlas a obtener la compensaci\u00f3n financiera que necesitan para pagar las facturas m\u00e9dicas y recuperarse de sus p\u00e9rdidas. Si est\u00e1 listo para buscar ayuda, cont\u00e1ctenos hoy mismo para hablar sobre las opciones disponibles. Podemos ayudarlo a luchar por la compensaci\u00f3n de las compa\u00f1\u00edas de seguros y otros responsables de sus p\u00e9rdidas.<\/span><\/p>\n<h2><span style=\"font-weight: 400;\">C\u00f3mo elegir al mejor abogado de lesiones personales para m\u00ed<\/span><\/h2>\n<p><span style=\"font-weight: 400;\">Kruger &amp; Hodges\u00a0 desea brindarle el apoyo y la orientaci\u00f3n que necesita cuando se enfrenta a cualquier tipo de reclamo por lesiones personales. Puede confiar en nosotros porque:<\/span><\/p>\n<ul>\n<li style=\"font-weight: 400;\" aria-level=\"1\"><span style=\"font-weight: 400;\">Tenemos resultados gracias a los clientes que hemos atendido.<\/span><\/li>\n<li style=\"font-weight: 400;\" aria-level=\"1\"><span style=\"font-weight: 400;\">Nuestro equipo trabaja arduamente para garantizar que su caso reciba una indemnizaci\u00f3n justa.<\/span><\/li>\n<li style=\"font-weight: 400;\" aria-level=\"1\"><span style=\"font-weight: 400;\">Cuando necesite ir a juicio, contamos con amplia experiencia en tribunales.<\/span><\/li>\n<li style=\"font-weight: 400;\" aria-level=\"1\"><span style=\"font-weight: 400;\">Nuestro equipo es dedicado y compasivo.<\/span><\/li>\n<li style=\"font-weight: 400;\" aria-level=\"1\"><span style=\"font-weight: 400;\">Con a\u00f1os de experiencia combinada, nuestros abogados de lesiones personales en Circleville, Ohio, est\u00e1n listos para ayudarle.<\/span><\/li>\n<\/ul>\n<p><span style=\"font-weight: 400;\">Hemos visto a muchas personas recuperar la compensaci\u00f3n financiera que se les debe debido a los accidentes y p\u00e9rdidas que otros causan. Si enfrenta una p\u00e9rdida y no est\u00e1 seguro de c\u00f3mo se resolver\u00e1 todo, comun\u00edquese con nuestro equipo. Perm\u00edtanos responder sus preguntas durante una evaluaci\u00f3n gratuita de su caso para determinar cu\u00e1les son sus opciones legales para seguir adelante. Conf\u00ede en nosotros para guiarlo a lo largo de este proceso legal.<\/span><\/p><h2><span style=\"font-weight: 400;\">C\u00f3mo puede ayudar Kruger &amp; Hodges<\/span><\/h2>\n<p><span style=\"font-weight: 400;\">Si usted o un ser querido sufri\u00f3 una lesi\u00f3n personal en Circleville, Ohio, o sus alrededores, <\/span><a href=\"https:\/\/thehometownlawyers.com\/es\/contacto\/\"><span style=\"font-weight: 400;\">comun\u00edquese <\/span><\/a><span style=\"font-weight: 400;\">con Kruger &amp; Hodges. Permita que nuestro equipo le brinde informaci\u00f3n franca, clara y detallada sobre sus opciones legales. No espere para contactarnos. Nuestro equipo puede brindarle apoyo personalizado antes de hablar con agentes de seguros para garantizar la protecci\u00f3n de sus derechos. Llame hoy mismo a Kruger &amp; Hodges para programar una evaluaci\u00f3n gratuita de su caso.<\/span><\/p>\n<p class=\"rs-content-cta rs-content-cta-small\">Llame o env\u00ede un mensaje de texto al <a href=\"tel:+17408737139\">740-873-7139<\/a> o complete una <a href=\"\/es\/contacto\/\">evaluaci\u00f3n gratuita de su caso<\/a><\/p>","protected":false},"excerpt":{"rendered":"<p>Circleville es una comunidad acogedora con mucho que ofrecer a sus m\u00e1s de 13,000 habitantes. Sin embargo, muchos sufren p\u00e9rdidas por causas ajenas a su voluntad. Si sufri\u00f3 un accidente automovil\u00edstico en la Ruta 23 o sufri\u00f3 una mordedura de perro mientras caminaba por los senderos del Parque Mary Virginia Crites Hannan, podr\u00eda tener derecho &#8230;<\/p>\n","protected":false},"author":13,"featured_media":26406,"parent":0,"menu_order":0,"comment_status":"closed","ping_status":"closed","template":"","meta":{"_acf_changed":false,"inline_featured_image":false,"_genesis_hide_title":false,"_genesis_hide_breadcrumbs":false,"_genesis_hide_singular_image":false,"_genesis_hide_footer_widgets":false,"_genesis_custom_body_class":"","_genesis_custom_post_class":"","_genesis_layout":"","footnotes":""},"hc_faqs":[],"hc_spanish_faqs":[],"class_list":{"0":"post-25142","1":"page","2":"type-page","3":"status-publish","4":"has-post-thumbnail","6":"hc_city_location-circleville-2","7":"entry"},"acf":[],"yoast_head":"<!-- This site is optimized with the Yoast SEO plugin v27.4 - https:\/\/yoast.com\/product\/yoast-seo-wordpress\/ -->\n<title>Abogado de Lesiones Personales en Circleville | Kruger &amp; Hodges Abogados De Lesiones<\/title>\n<meta name=\"description\" content=\"Abogado de lesiones personales cerca de m\u00ed en Circleville: Luchamos por una compensaci\u00f3n justa para las familias. Consulta gratuita.\" \/>\n<meta name=\"robots\" content=\"index, follow, max-snippet:-1, max-image-preview:large, max-video-preview:-1\" \/>\n<link rel=\"canonical\" href=\"https:\/\/thehometownlawyers.com\/es\/circleville\/abogado-de-lesiones-personales\/\" \/>\n<meta property=\"og:locale\" content=\"es_MX\" \/>\n<meta property=\"og:type\" content=\"article\" \/>\n<meta property=\"og:title\" content=\"Abogado de Lesiones Personales en Circleville | Kruger &amp; Hodges Abogados De Lesiones\" \/>\n<meta property=\"og:description\" content=\"Abogado de lesiones personales cerca de m\u00ed en Circleville: Luchamos por una compensaci\u00f3n justa para las familias. Consulta gratuita.\" \/>\n<meta property=\"og:url\" content=\"https:\/\/thehometownlawyers.com\/es\/circleville\/abogado-de-lesiones-personales\/\" \/>\n<meta property=\"og:site_name\" content=\"Kruger &amp; Hodges Abogados De Lesiones\" \/>\n<meta property=\"article:publisher\" content=\"https:\/\/www.facebook.com\/KrugerHodges\/\" \/>\n<meta property=\"article:modified_time\" content=\"2026-02-26T17:56:50+00:00\" \/>\n<meta property=\"og:image\" content=\"https:\/\/thehometownlawyers.com\/wp-content\/uploads\/2026\/02\/TEAM-PHOTO-2026-scaled.jpg\" \/>\n\t<meta property=\"og:image:width\" content=\"2560\" \/>\n\t<meta property=\"og:image:height\" content=\"1689\" \/>\n\t<meta property=\"og:image:type\" content=\"image\/jpeg\" \/>\n<meta name=\"twitter:card\" content=\"summary_large_image\" \/>\n<meta name=\"twitter:label1\" content=\"Tiempo de lectura\" \/>\n\t<meta name=\"twitter:data1\" content=\"7 minutos\" \/>\n<script type=\"application\/ld+json\" class=\"yoast-schema-graph\">{\"@context\":\"https:\\\/\\\/schema.org\",\"@graph\":[{\"@type\":\"WebPage\",\"@id\":\"https:\\\/\\\/thehometownlawyers.com\\\/es\\\/circleville\\\/abogado-de-lesiones-personales\\\/\",\"url\":\"https:\\\/\\\/thehometownlawyers.com\\\/es\\\/circleville\\\/abogado-de-lesiones-personales\\\/\",\"name\":\"Abogado de Lesiones Personales en Circleville | Kruger &amp; Hodges Abogados De Lesiones\",\"isPartOf\":{\"@id\":\"https:\\\/\\\/thehometownlawyers.com\\\/es\\\/#website\"},\"primaryImageOfPage\":{\"@id\":\"https:\\\/\\\/thehometownlawyers.com\\\/es\\\/circleville\\\/abogado-de-lesiones-personales\\\/#primaryimage\"},\"image\":{\"@id\":\"https:\\\/\\\/thehometownlawyers.com\\\/es\\\/circleville\\\/abogado-de-lesiones-personales\\\/#primaryimage\"},\"thumbnailUrl\":\"https:\\\/\\\/thehometownlawyers.com\\\/wp-content\\\/uploads\\\/2026\\\/02\\\/TEAM-PHOTO-2026-scaled.jpg\",\"datePublished\":\"2025-06-11T18:00:02+00:00\",\"dateModified\":\"2026-02-26T17:56:50+00:00\",\"description\":\"Abogado de lesiones personales cerca de m\u00ed en Circleville: Luchamos por una compensaci\u00f3n justa para las familias. Consulta gratuita.\",\"breadcrumb\":{\"@id\":\"https:\\\/\\\/thehometownlawyers.com\\\/es\\\/circleville\\\/abogado-de-lesiones-personales\\\/#breadcrumb\"},\"inLanguage\":\"es\",\"potentialAction\":[{\"@type\":\"ReadAction\",\"target\":[\"https:\\\/\\\/thehometownlawyers.com\\\/es\\\/circleville\\\/abogado-de-lesiones-personales\\\/\"]}]},{\"@type\":\"ImageObject\",\"inLanguage\":\"es\",\"@id\":\"https:\\\/\\\/thehometownlawyers.com\\\/es\\\/circleville\\\/abogado-de-lesiones-personales\\\/#primaryimage\",\"url\":\"https:\\\/\\\/thehometownlawyers.com\\\/wp-content\\\/uploads\\\/2026\\\/02\\\/TEAM-PHOTO-2026-scaled.jpg\",\"contentUrl\":\"https:\\\/\\\/thehometownlawyers.com\\\/wp-content\\\/uploads\\\/2026\\\/02\\\/TEAM-PHOTO-2026-scaled.jpg\",\"width\":2560,\"height\":1689,\"caption\":\"KRUGER & HODGES TEAM PHOTO\"},{\"@type\":\"BreadcrumbList\",\"@id\":\"https:\\\/\\\/thehometownlawyers.com\\\/es\\\/circleville\\\/abogado-de-lesiones-personales\\\/#breadcrumb\",\"itemListElement\":[{\"@type\":\"ListItem\",\"position\":1,\"name\":\"Home\",\"item\":\"https:\\\/\\\/thehometownlawyers.com\\\/es\\\/\"},{\"@type\":\"ListItem\",\"position\":2,\"name\":\"Abogado de Lesiones Personales en Circleville\"}]},{\"@type\":\"WebSite\",\"@id\":\"https:\\\/\\\/thehometownlawyers.com\\\/es\\\/#website\",\"url\":\"https:\\\/\\\/thehometownlawyers.com\\\/es\\\/\",\"name\":\"Kruger & Hodges Hometown Injury Lawyers | Accident Attorneys\",\"description\":\"Attorneys for Car, Truck and Motorcycle Accidents, Personal Injuries, and Criminal Defense.\",\"publisher\":{\"@id\":\"https:\\\/\\\/thehometownlawyers.com\\\/es\\\/#organization\"},\"alternateName\":\"Kruger & Hodges Personal Injury Lawyers\",\"inLanguage\":\"es\"},{\"@type\":\"Organization\",\"@id\":\"https:\\\/\\\/thehometownlawyers.com\\\/es\\\/#organization\",\"name\":\"Kruger & Hodges Hometown Injury Lawyers\",\"alternateName\":\"Kruger & Hodges\",\"url\":\"https:\\\/\\\/thehometownlawyers.com\\\/es\\\/\",\"logo\":{\"@type\":\"ImageObject\",\"inLanguage\":\"es\",\"@id\":\"https:\\\/\\\/thehometownlawyers.com\\\/es\\\/#\\\/schema\\\/logo\\\/image\\\/\",\"url\":\"https:\\\/\\\/thehometownlawyers.com\\\/wp-content\\\/uploads\\\/2025\\\/12\\\/revised-kh-logo-vertical-white-background-scaled.png\",\"contentUrl\":\"https:\\\/\\\/thehometownlawyers.com\\\/wp-content\\\/uploads\\\/2025\\\/12\\\/revised-kh-logo-vertical-white-background-scaled.png\",\"width\":2560,\"height\":1440,\"caption\":\"Kruger & Hodges Hometown Injury Lawyers\"},\"image\":{\"@id\":\"https:\\\/\\\/thehometownlawyers.com\\\/es\\\/#\\\/schema\\\/logo\\\/image\\\/\"},\"sameAs\":[\"https:\\\/\\\/www.facebook.com\\\/KrugerHodges\\\/\",\"https:\\\/\\\/www.instagram.com\\\/krugerhodges\\\/\",\"https:\\\/\\\/www.linkedin.com\\\/company\\\/kruger-hodges-hometown-injury-lawyers\\\/\",\"https:\\\/\\\/www.youtube.com\\\/channel\\\/UCeYcMaMaN2rb9jMlqt4EIdQ\",\"https:\\\/\\\/www.tiktok.com\\\/@thehometownlawyer\"]}]}<\/script>\n<!-- \/ Yoast SEO plugin. -->","yoast_head_json":{"title":"Abogado de Lesiones Personales en Circleville | Kruger &amp; Hodges Abogados De Lesiones","description":"Abogado de lesiones personales cerca de m\u00ed en Circleville: Luchamos por una compensaci\u00f3n justa para las familias. Consulta gratuita.","robots":{"index":"index","follow":"follow","max-snippet":"max-snippet:-1","max-image-preview":"max-image-preview:large","max-video-preview":"max-video-preview:-1"},"canonical":"https:\/\/thehometownlawyers.com\/es\/circleville\/abogado-de-lesiones-personales\/","og_locale":"es_MX","og_type":"article","og_title":"Abogado de Lesiones Personales en Circleville | Kruger &amp; Hodges Abogados De Lesiones","og_description":"Abogado de lesiones personales cerca de m\u00ed en Circleville: Luchamos por una compensaci\u00f3n justa para las familias. Consulta gratuita.","og_url":"https:\/\/thehometownlawyers.com\/es\/circleville\/abogado-de-lesiones-personales\/","og_site_name":"Kruger &amp; Hodges Abogados De Lesiones","article_publisher":"https:\/\/www.facebook.com\/KrugerHodges\/","article_modified_time":"2026-02-26T17:56:50+00:00","og_image":[{"width":2560,"height":1689,"url":"https:\/\/thehometownlawyers.com\/wp-content\/uploads\/2026\/02\/TEAM-PHOTO-2026-scaled.jpg","type":"image\/jpeg"}],"twitter_card":"summary_large_image","twitter_misc":{"Tiempo de lectura":"7 minutos"},"schema":{"@context":"https:\/\/schema.org","@graph":[{"@type":"WebPage","@id":"https:\/\/thehometownlawyers.com\/es\/circleville\/abogado-de-lesiones-personales\/","url":"https:\/\/thehometownlawyers.com\/es\/circleville\/abogado-de-lesiones-personales\/","name":"Abogado de Lesiones Personales en Circleville | Kruger &amp; Hodges Abogados De Lesiones","isPartOf":{"@id":"https:\/\/thehometownlawyers.com\/es\/#website"},"primaryImageOfPage":{"@id":"https:\/\/thehometownlawyers.com\/es\/circleville\/abogado-de-lesiones-personales\/#primaryimage"},"image":{"@id":"https:\/\/thehometownlawyers.com\/es\/circleville\/abogado-de-lesiones-personales\/#primaryimage"},"thumbnailUrl":"https:\/\/thehometownlawyers.com\/wp-content\/uploads\/2026\/02\/TEAM-PHOTO-2026-scaled.jpg","datePublished":"2025-06-11T18:00:02+00:00","dateModified":"2026-02-26T17:56:50+00:00","description":"Abogado de lesiones personales cerca de m\u00ed en Circleville: Luchamos por una compensaci\u00f3n justa para las familias. Consulta gratuita.","breadcrumb":{"@id":"https:\/\/thehometownlawyers.com\/es\/circleville\/abogado-de-lesiones-personales\/#breadcrumb"},"inLanguage":"es","potentialAction":[{"@type":"ReadAction","target":["https:\/\/thehometownlawyers.com\/es\/circleville\/abogado-de-lesiones-personales\/"]}]},{"@type":"ImageObject","inLanguage":"es","@id":"https:\/\/thehometownlawyers.com\/es\/circleville\/abogado-de-lesiones-personales\/#primaryimage","url":"https:\/\/thehometownlawyers.com\/wp-content\/uploads\/2026\/02\/TEAM-PHOTO-2026-scaled.jpg","contentUrl":"https:\/\/thehometownlawyers.com\/wp-content\/uploads\/2026\/02\/TEAM-PHOTO-2026-scaled.jpg","width":2560,"height":1689,"caption":"KRUGER & HODGES TEAM PHOTO"},{"@type":"BreadcrumbList","@id":"https:\/\/thehometownlawyers.com\/es\/circleville\/abogado-de-lesiones-personales\/#breadcrumb","itemListElement":[{"@type":"ListItem","position":1,"name":"Home","item":"https:\/\/thehometownlawyers.com\/es\/"},{"@type":"ListItem","position":2,"name":"Abogado de Lesiones Personales en Circleville"}]},{"@type":"WebSite","@id":"https:\/\/thehometownlawyers.com\/es\/#website","url":"https:\/\/thehometownlawyers.com\/es\/","name":"Kruger & Hodges Hometown Injury Lawyers | Accident Attorneys","description":"Attorneys for Car, Truck and Motorcycle Accidents, Personal Injuries, and Criminal Defense.","publisher":{"@id":"https:\/\/thehometownlawyers.com\/es\/#organization"},"alternateName":"Kruger & Hodges Personal Injury Lawyers","inLanguage":"es"},{"@type":"Organization","@id":"https:\/\/thehometownlawyers.com\/es\/#organization","name":"Kruger & Hodges Hometown Injury Lawyers","alternateName":"Kruger & Hodges","url":"https:\/\/thehometownlawyers.com\/es\/","logo":{"@type":"ImageObject","inLanguage":"es","@id":"https:\/\/thehometownlawyers.com\/es\/#\/schema\/logo\/image\/","url":"https:\/\/thehometownlawyers.com\/wp-content\/uploads\/2025\/12\/revised-kh-logo-vertical-white-background-scaled.png","contentUrl":"https:\/\/thehometownlawyers.com\/wp-content\/uploads\/2025\/12\/revised-kh-logo-vertical-white-background-scaled.png","width":2560,"height":1440,"caption":"Kruger & Hodges Hometown Injury Lawyers"},"image":{"@id":"https:\/\/thehometownlawyers.com\/es\/#\/schema\/logo\/image\/"},"sameAs":["https:\/\/www.facebook.com\/KrugerHodges\/","https:\/\/www.instagram.com\/krugerhodges\/","https:\/\/www.linkedin.com\/company\/kruger-hodges-hometown-injury-lawyers\/","https:\/\/www.youtube.com\/channel\/UCeYcMaMaN2rb9jMlqt4EIdQ","https:\/\/www.tiktok.com\/@thehometownlawyer"]}]}},"_links":{"self":[{"href":"https:\/\/thehometownlawyers.com\/es\/wp-json\/wp\/v2\/pages\/25142","targetHints":{"allow":["GET"]}}],"collection":[{"href":"https:\/\/thehometownlawyers.com\/es\/wp-json\/wp\/v2\/pages"}],"about":[{"href":"https:\/\/thehometownlawyers.com\/es\/wp-json\/wp\/v2\/types\/page"}],"author":[{"embeddable":true,"href":"https:\/\/thehometownlawyers.com\/es\/wp-json\/wp\/v2\/users\/13"}],"replies":[{"embeddable":true,"href":"https:\/\/thehometownlawyers.com\/es\/wp-json\/wp\/v2\/comments?post=25142"}],"version-history":[{"count":0,"href":"https:\/\/thehometownlawyers.com\/es\/wp-json\/wp\/v2\/pages\/25142\/revisions"}],"wp:featuredmedia":[{"embeddable":true,"href":"https:\/\/thehometownlawyers.com\/es\/wp-json\/wp\/v2\/media\/26406"}],"wp:attachment":[{"href":"https:\/\/thehometownlawyers.com\/es\/wp-json\/wp\/v2\/media?parent=25142"}],"wp:term":[{"taxonomy":"hc_faqs","embeddable":true,"href":"https:\/\/thehometownlawyers.com\/es\/wp-json\/wp\/v2\/hc_faqs?post=25142"},{"taxonomy":"hc_spanish_faqs","embeddable":true,"href":"https:\/\/thehometownlawyers.com\/es\/wp-json\/wp\/v2\/hc_spanish_faqs?post=25142"}],"curies":[{"name":"wp","href":"https:\/\/api.w.org\/{rel}","templated":true}]}}