{"id":25164,"date":"2025-06-18T10:13:15","date_gmt":"2025-06-18T14:13:15","guid":{"rendered":"https:\/\/thehometownlawyers.com\/?page_id=25164"},"modified":"2025-06-18T10:20:42","modified_gmt":"2025-06-18T14:20:42","slug":"abogados-de-accidentes-automovilisticos-de-circleville","status":"publish","type":"page","link":"https:\/\/thehometownlawyers.com\/es\/circleville\/abogado-de-accidentes-de-carro\/","title":{"rendered":"Abogado de Accidentes De Carro en Circleville"},"content":{"rendered":"<p><span style=\"font-weight: 400;\">Ubicada en el condado de Pickaway, Circleville es una ciudad peque\u00f1a a poca distancia de Columbus. Sin embargo, aqu\u00ed ocurren accidentes a diario. Si reside en la ciudad, sabe que algunas de las principales v\u00edas, como E Main Street y las rutas 22 y 23, pueden ser zonas comunes de congestiones de tr\u00e1fico y, a menudo, accidentes. Cuando esto sucede, puede dejar a una persona con problemas de salud, limitaciones financieras y temor al futuro. En Kruger &amp; Hodges Attorneys at Law, estamos aqu\u00ed para apoyarle si ha sufrido p\u00e9rdidas causadas por otras personas. Nuestros abogados de accidentes automovil\u00edsticos en Circleville se comprometen a brindarle un apoyo excepcional durante este proceso.<\/span><\/p>\n<h2><span style=\"font-weight: 400;\">Estad\u00edsticas de Accidentes Automovil\u00edsticos<\/span><\/h2>\n<p><span style=\"font-weight: 400;\">En 2021, el <\/span><a href=\"https:\/\/publicsafety.ohio.gov\/what-we-do\/crash-reports\/\"><span style=\"font-weight: 400;\">Departamento de Seguridad P\u00fablica de Ohio<\/span><\/a><span style=\"font-weight: 400;\"> inform\u00f3 que ocurrieron 197 accidentes automovil\u00edsticos en Circleville, Ohio. Esto significa que la mayor\u00eda de los d\u00edas del a\u00f1o hubo un accidente automovil\u00edstico en esta comunidad de aproximadamente 13,000 habitantes. Muchos de estos son leves, pero muchos resultan en lesiones graves e incluso muertes debido al comportamiento de otros conductores. Muchas personas en estos accidentes sufren una amplia gama de p\u00e9rdidas m\u00e9dicas. Como abogados especializados en accidentes automovil\u00edsticos de Circleville, sabemos esto porque vemos las dram\u00e1ticas p\u00e9rdidas que nuestros clientes han sufrido sin tener la culpa.<\/span><\/p>\n<p><span style=\"font-weight: 400;\">Los Centros para el Control y la Prevenci\u00f3n de Enfermedades afirman que, en 2020, 64,000 personas murieron por lesiones cerebrales traum\u00e1ticas, lo que equivale a aproximadamente 176 personas al d\u00eda. Este es uno de los tipos de lesiones m\u00e1s comunes que ocurren despu\u00e9s de accidentes automovil\u00edsticos. Otras personas sufren otros tipos de p\u00e9rdidas, como:<\/span><\/p>\n<ul>\n<li style=\"font-weight: 400;\" aria-level=\"1\"><span style=\"font-weight: 400;\">Fracturas<\/span><\/li>\n<li style=\"font-weight: 400;\" aria-level=\"1\"><span style=\"font-weight: 400;\">Laceraciones<\/span><\/li>\n<li style=\"font-weight: 400;\" aria-level=\"1\"><span style=\"font-weight: 400;\">Lesiones internas<\/span><\/li>\n<li style=\"font-weight: 400;\" aria-level=\"1\"><span style=\"font-weight: 400;\">Lesiones de la m\u00e9dula espinal<\/span><\/li>\n<li style=\"font-weight: 400;\" aria-level=\"1\"><span style=\"font-weight: 400;\">Cicatrices y mucho m\u00e1s<\/span><\/li>\n<\/ul>\n<p><span style=\"font-weight: 400;\">Si se encuentra en el hospital despu\u00e9s de un accidente en Circleville causado por otra persona, sepa que no est\u00e1 solo. Trabajaremos arduamente para ayudarle a obtener la compensaci\u00f3n que se le debe por sus p\u00e9rdidas m\u00e9dicas. No hay forma de borrar lo ocurrido, pero nuestro equipo trabajar\u00e1 arduamente para ayudarle a recuperar lo que se le debe financieramente.<\/span><\/p>\n<p class=\"rs-content-cta rs-content-cta-small\">Para una consulta legal gratuita, llame al <a href=\"tel:+17408737139\">740-873-7139 <\/a><\/p><h2><span style=\"font-weight: 400;\">Medidas preventivas<\/span><\/h2>\n<p><span style=\"font-weight: 400;\">\u00bfEs posible prevenir accidentes? Es muy importante saber que el estado cuenta con numerosas leyes viales y medidas de seguridad para promover una conducci\u00f3n segura. Sin embargo, algunas personas a\u00fan toman la decisi\u00f3n de subirse a un veh\u00edculo cuando no es seguro conducir, lo que a menudo causa accidentes con otras personas. Esto puede deberse a distracciones al conducir, exceso de velocidad o simples errores. Sin embargo, puede causar miles de d\u00f3lares, si no m\u00e1s, en p\u00e9rdidas financieras para la v\u00edctima.<\/span><\/p><p class=\"rs-content-cta\">Abogado de Lesiones Personales de Circleville Cerca de M\u00ed <a href=\"tel:+17408737139\">740-873-7139<\/a><\/p><h2><span style=\"font-weight: 400;\">Qu\u00e9 hacer despu\u00e9s de un accidente de auto en Circleville, Ohio<\/span><\/h2>\n<p><span style=\"font-weight: 400;\">Si ha tenido un accidente de auto, el primer paso es obtener la atenci\u00f3n m\u00e9dica de emergencia que necesita. Dir\u00edjase al hospital m\u00e1s cercano, como el Ohio Health Berger Hospital, para un examen completo, incluso si se siente bien. Adem\u00e1s, aseg\u00farese de solicitar a la polic\u00eda que acuda al lugar del accidente. La polic\u00eda documentar\u00e1 el caso y trabajar\u00e1 para recopilar todas las pruebas disponibles. Adem\u00e1s, determinar\u00e1 qui\u00e9n puede ser responsable.<\/span><\/p>\n<p><span style=\"font-weight: 400;\">Luego, contacte a los abogados especializados en accidentes de auto de Circleville. Nuestro equipo est\u00e1 listo para ayudarle a determinar c\u00f3mo superar las p\u00e9rdidas que enfrenta. Esto incluye ayudarle a demostrar que otra persona fue responsable. Tambi\u00e9n trabajaremos cuidadosamente con usted para ayudarlo a evitar aceptar un pago menor al que le deben las compa\u00f1\u00edas de seguros.<\/span><\/p>\n<p class=\"rs-content-cta rs-content-cta-small\"><a href=\"\/es\/contacto\/\">Haga clic para contactar<\/a> con nuestros lesiones personales abogados hoy<\/p><h2><span style=\"font-weight: 400;\">Proceso de Reclamaci\u00f3n<\/span><\/h2>\n<p><span style=\"font-weight: 400;\">El proceso de reclamaci\u00f3n es complejo, y aunque crea saber cu\u00e1nto le deben, rara vez es as\u00ed. Los ajustadores de seguros se esfuerzan por reducir lo que pagan en cada caso, a menudo anim\u00e1ndole a aceptar una indemnizaci\u00f3n que parece mucho dinero. Si le ofrecen esa indemnizaci\u00f3n, no es todo lo que le deben.<\/span><\/p><p><span style=\"font-weight: 400;\">En lugar de contactar a la compa\u00f1\u00eda de seguros, permita que sus abogados de accidentes de auto de Circleville le ayuden. Nuestro principal objetivo es determinar cu\u00e1les son sus p\u00e9rdidas, que a menudo son mucho mayores de lo que mucha gente cree. Esto significa considerar sus p\u00e9rdidas m\u00e9dicas actuales, los costos m\u00e9dicos continuos e incluso la atenci\u00f3n a largo plazo que pueda necesitar.<\/span><\/p><p><span style=\"font-weight: 400;\">Con esta informaci\u00f3n, nos comunicaremos y trabajaremos con los ajustadores de seguros para asegurarnos de que reciba una indemnizaci\u00f3n justa. Nuestro equipo es de confianza porque trabajamos de manera justa con las compa\u00f1\u00edas de seguros para proporcionarles evidencia de lo que se le debe.<\/span><\/p><p class=\"rs-content-cta rs-content-cta-small\">Complete una <a href=\"\/es\/contacto\/\">evaluaci\u00f3n gratuita de su caso<\/a> ahora<\/p><h2><span style=\"font-weight: 400;\">\u00bfTengo un caso?<\/span><\/h2><p><span style=\"font-weight: 400;\">\u00bfCree que alguien m\u00e1s es responsable de sus p\u00e9rdidas? Si es as\u00ed, le animamos a reunirse con nuestro equipo para hablar sobre su situaci\u00f3n. No asuma que no tiene un caso, incluso si ha recibido una oferta de la compa\u00f1\u00eda de seguros.<\/span><\/p><h2><span style=\"font-weight: 400;\">\u00bfCu\u00e1nto vale mi caso?<\/span><\/h2>\n<p><span style=\"font-weight: 400;\">Su caso podr\u00eda valer las p\u00e9rdidas financieras que ha sufrido. Esto var\u00eda seg\u00fan la situaci\u00f3n, pero puede incluir:<\/span><\/p>\n<ul>\n<li style=\"font-weight: 400;\" aria-level=\"1\"><span style=\"font-weight: 400;\">P\u00e9rdida de tiempo en el trabajo<\/span><\/li>\n<li style=\"font-weight: 400;\" aria-level=\"1\"><span style=\"font-weight: 400;\">Gastos m\u00e9dicos de emergencia<\/span><\/li>\n<li style=\"font-weight: 400;\" aria-level=\"1\"><span style=\"font-weight: 400;\">Gastos de procedimientos quir\u00fargicos<\/span><\/li>\n<li style=\"font-weight: 400;\" aria-level=\"1\"><span style=\"font-weight: 400;\">Atenci\u00f3n m\u00e9dica especializada<\/span><\/li>\n<li style=\"font-weight: 400;\" aria-level=\"1\"><span style=\"font-weight: 400;\">Necesidades m\u00e9dicas y de medicamentos continuos<\/span><\/li>\n<li style=\"font-weight: 400;\" aria-level=\"1\"><span style=\"font-weight: 400;\">Rehabilitaci\u00f3n<\/span><\/li>\n<li style=\"font-weight: 400;\" aria-level=\"1\"><span style=\"font-weight: 400;\">Dolor y sufrimiento<\/span><\/li>\n<\/ul><p><span style=\"font-weight: 400;\">La \u00fanica manera de saber cu\u00e1les son sus p\u00e9rdidas es permitir que un equipo de profesionales analice m\u00e1s detenidamente su situaci\u00f3n. Nuestro equipo est\u00e1 listo para responder a sus preguntas.<\/span><\/p><h2><span style=\"font-weight: 400;\">C\u00f3mo elegir al mejor abogado de accidentes de auto en Circleville, Ohio<\/span><\/h2>\n<p><span style=\"font-weight: 400;\">Para elegir al mejor abogado, busque un equipo en el que pueda confiar. En Kruger &amp; Hodges Attorneys at Law, ofrecemos un apoyo excepcional, pero tambi\u00e9n tenemos otros beneficios que ofrecerle:<\/span><\/p><ul>\n<li style=\"font-weight: 400;\" aria-level=\"1\"><span style=\"font-weight: 400;\">Evaluaci\u00f3n gratuita de su caso: perm\u00edtanos hablar sobre su caso sin compromiso.<\/span><\/li>\n<li style=\"font-weight: 400;\" aria-level=\"1\"><span style=\"font-weight: 400;\">Resultados comprobados en la obtenci\u00f3n de la compensaci\u00f3n de nuestros clientes.<\/span><\/li>\n<li style=\"font-weight: 400;\" aria-level=\"1\"><span style=\"font-weight: 400;\">A\u00f1os de experiencia combinada entre nuestros abogados.<\/span><\/li>\n<li style=\"font-weight: 400;\" aria-level=\"1\"><span style=\"font-weight: 400;\">Profesionales compasivos pero dedicados, dispuestos a trabajar arduamente para demostrar su caso.<\/span><\/li>\n<li style=\"font-weight: 400;\" aria-level=\"1\"><span style=\"font-weight: 400;\">Servicio y comunicaci\u00f3n confiables.<\/span><\/li>\n<\/ul><h2><span style=\"font-weight: 400;\">C\u00f3mo Kruger &amp; Hodges puede ayudarle<\/span><\/h2>\n<p><span style=\"font-weight: 400;\">En Kruger &amp; Hodges Attorneys at Law, sabemos lo importante que es para usted contar con un abogado con el que se sienta c\u00f3modo, que comprenda lo que enfrenta y que est\u00e9 dispuesto a ayudarle. Estamos aqu\u00ed para usted y lo escucharemos. <\/span><a href=\"https:\/\/thehometownlawyers.com\/contact\/\"><span style=\"font-weight: 400;\">Programe una consulta gratuita<\/span><\/a><span style=\"font-weight: 400;\"> para hablar sobre su caso con uno de los miembros de nuestro equipo. No acepte un acuerdo por menos de lo que se le debe. Cont\u00e1ctenos hoy mismo.<\/span><\/p>\n<p class=\"rs-content-cta rs-content-cta-small\">Llame o env\u00ede un mensaje de texto al <a href=\"tel:+17408737139\">740-873-7139<\/a> o complete una <a href=\"\/es\/contacto\/\">evaluaci\u00f3n gratuita de su caso<\/a><\/p>","protected":false},"excerpt":{"rendered":"<p>Ubicada en el condado de Pickaway, Circleville es una ciudad peque\u00f1a a poca distancia de Columbus. Sin embargo, aqu\u00ed ocurren accidentes a diario. Si reside en la ciudad, sabe que algunas de las principales v\u00edas, como E Main Street y las rutas 22 y 23, pueden ser zonas comunes de congestiones de tr\u00e1fico y, a &#8230;<\/p>\n","protected":false},"author":13,"featured_media":24765,"parent":25142,"menu_order":0,"comment_status":"closed","ping_status":"closed","template":"","meta":{"_acf_changed":false,"inline_featured_image":false,"_genesis_hide_title":false,"_genesis_hide_breadcrumbs":false,"_genesis_hide_singular_image":false,"_genesis_hide_footer_widgets":false,"_genesis_custom_body_class":"","_genesis_custom_post_class":"","_genesis_layout":"","footnotes":""},"hc_faqs":[],"hc_spanish_faqs":[],"class_list":{"0":"post-25164","1":"page","2":"type-page","3":"status-publish","4":"has-post-thumbnail","6":"hc_city_location-circleville-2","7":"entry"},"acf":[],"yoast_head":"<!-- This site is optimized with the Yoast SEO plugin v27.4 - https:\/\/yoast.com\/product\/yoast-seo-wordpress\/ -->\n<title>Abogados de accidentes automovil\u00edsticos de Circleville: Consulta gratuita<\/title>\n<meta name=\"description\" content=\"Comun\u00edquese hoy con nuestros abogados de accidentes automovil\u00edsticos en Circleville, Ohio, para programar su consulta inicial gratuita.\" \/>\n<meta name=\"robots\" content=\"index, follow, max-snippet:-1, max-image-preview:large, max-video-preview:-1\" \/>\n<link rel=\"canonical\" href=\"https:\/\/thehometownlawyers.com\/es\/circleville\/abogado-de-accidentes-de-carro\/\" \/>\n<meta property=\"og:locale\" content=\"es_MX\" \/>\n<meta property=\"og:type\" content=\"article\" \/>\n<meta property=\"og:title\" content=\"Abogados de accidentes automovil\u00edsticos de Circleville: Consulta gratuita\" \/>\n<meta property=\"og:description\" content=\"Comun\u00edquese hoy con nuestros abogados de accidentes automovil\u00edsticos en Circleville, Ohio, para programar su consulta inicial gratuita.\" \/>\n<meta property=\"og:url\" content=\"https:\/\/thehometownlawyers.com\/es\/circleville\/abogado-de-accidentes-de-carro\/\" \/>\n<meta property=\"og:site_name\" content=\"Kruger &amp; Hodges Abogados De Lesiones\" \/>\n<meta property=\"article:publisher\" content=\"https:\/\/www.facebook.com\/KrugerHodges\/\" \/>\n<meta property=\"article:modified_time\" content=\"2025-06-18T14:20:42+00:00\" \/>\n<meta property=\"og:image\" content=\"https:\/\/thehometownlawyers.com\/wp-content\/uploads\/2025\/03\/injuries-caused-by-head-on-collisions.jpg\" \/>\n\t<meta property=\"og:image:width\" content=\"735\" \/>\n\t<meta property=\"og:image:height\" content=\"490\" \/>\n\t<meta property=\"og:image:type\" content=\"image\/jpeg\" \/>\n<meta name=\"twitter:card\" content=\"summary_large_image\" \/>\n<meta name=\"twitter:label1\" content=\"Tiempo de lectura\" \/>\n\t<meta name=\"twitter:data1\" content=\"5 minutos\" \/>\n<script type=\"application\/ld+json\" class=\"yoast-schema-graph\">{\"@context\":\"https:\\\/\\\/schema.org\",\"@graph\":[{\"@type\":\"WebPage\",\"@id\":\"https:\\\/\\\/thehometownlawyers.com\\\/es\\\/circleville\\\/abogado-de-accidentes-de-carro\\\/\",\"url\":\"https:\\\/\\\/thehometownlawyers.com\\\/es\\\/circleville\\\/abogado-de-accidentes-de-carro\\\/\",\"name\":\"Abogados de accidentes automovil\u00edsticos de Circleville: Consulta gratuita\",\"isPartOf\":{\"@id\":\"https:\\\/\\\/thehometownlawyers.com\\\/es\\\/#website\"},\"primaryImageOfPage\":{\"@id\":\"https:\\\/\\\/thehometownlawyers.com\\\/es\\\/circleville\\\/abogado-de-accidentes-de-carro\\\/#primaryimage\"},\"image\":{\"@id\":\"https:\\\/\\\/thehometownlawyers.com\\\/es\\\/circleville\\\/abogado-de-accidentes-de-carro\\\/#primaryimage\"},\"thumbnailUrl\":\"https:\\\/\\\/thehometownlawyers.com\\\/wp-content\\\/uploads\\\/2025\\\/03\\\/injuries-caused-by-head-on-collisions.jpg\",\"datePublished\":\"2025-06-18T14:13:15+00:00\",\"dateModified\":\"2025-06-18T14:20:42+00:00\",\"description\":\"Comun\u00edquese hoy con nuestros abogados de accidentes automovil\u00edsticos en Circleville, Ohio, para programar su consulta inicial gratuita.\",\"breadcrumb\":{\"@id\":\"https:\\\/\\\/thehometownlawyers.com\\\/es\\\/circleville\\\/abogado-de-accidentes-de-carro\\\/#breadcrumb\"},\"inLanguage\":\"es\",\"potentialAction\":[{\"@type\":\"ReadAction\",\"target\":[\"https:\\\/\\\/thehometownlawyers.com\\\/es\\\/circleville\\\/abogado-de-accidentes-de-carro\\\/\"]}]},{\"@type\":\"ImageObject\",\"inLanguage\":\"es\",\"@id\":\"https:\\\/\\\/thehometownlawyers.com\\\/es\\\/circleville\\\/abogado-de-accidentes-de-carro\\\/#primaryimage\",\"url\":\"https:\\\/\\\/thehometownlawyers.com\\\/wp-content\\\/uploads\\\/2025\\\/03\\\/injuries-caused-by-head-on-collisions.jpg\",\"contentUrl\":\"https:\\\/\\\/thehometownlawyers.com\\\/wp-content\\\/uploads\\\/2025\\\/03\\\/injuries-caused-by-head-on-collisions.jpg\",\"width\":735,\"height\":490,\"caption\":\"Injuries Caused by Head-On Collisions\"},{\"@type\":\"BreadcrumbList\",\"@id\":\"https:\\\/\\\/thehometownlawyers.com\\\/es\\\/circleville\\\/abogado-de-accidentes-de-carro\\\/#breadcrumb\",\"itemListElement\":[{\"@type\":\"ListItem\",\"position\":1,\"name\":\"Home\",\"item\":\"https:\\\/\\\/thehometownlawyers.com\\\/es\\\/\"},{\"@type\":\"ListItem\",\"position\":2,\"name\":\"Abogado de Lesiones Personales en Circleville\",\"item\":\"https:\\\/\\\/thehometownlawyers.com\\\/es\\\/circleville\\\/abogado-de-lesiones-personales\\\/\"},{\"@type\":\"ListItem\",\"position\":3,\"name\":\"Abogado de Accidentes De Carro en Circleville\"}]},{\"@type\":\"WebSite\",\"@id\":\"https:\\\/\\\/thehometownlawyers.com\\\/es\\\/#website\",\"url\":\"https:\\\/\\\/thehometownlawyers.com\\\/es\\\/\",\"name\":\"Kruger & Hodges Hometown Injury Lawyers | Accident Attorneys\",\"description\":\"Attorneys for Car, Truck and Motorcycle Accidents, Personal Injuries, and Criminal Defense.\",\"publisher\":{\"@id\":\"https:\\\/\\\/thehometownlawyers.com\\\/es\\\/#organization\"},\"alternateName\":\"Kruger & Hodges Personal Injury Lawyers\",\"inLanguage\":\"es\"},{\"@type\":\"Organization\",\"@id\":\"https:\\\/\\\/thehometownlawyers.com\\\/es\\\/#organization\",\"name\":\"Kruger & Hodges Hometown Injury Lawyers\",\"alternateName\":\"Kruger & Hodges\",\"url\":\"https:\\\/\\\/thehometownlawyers.com\\\/es\\\/\",\"logo\":{\"@type\":\"ImageObject\",\"inLanguage\":\"es\",\"@id\":\"https:\\\/\\\/thehometownlawyers.com\\\/es\\\/#\\\/schema\\\/logo\\\/image\\\/\",\"url\":\"https:\\\/\\\/thehometownlawyers.com\\\/wp-content\\\/uploads\\\/2025\\\/12\\\/revised-kh-logo-vertical-white-background-scaled.png\",\"contentUrl\":\"https:\\\/\\\/thehometownlawyers.com\\\/wp-content\\\/uploads\\\/2025\\\/12\\\/revised-kh-logo-vertical-white-background-scaled.png\",\"width\":2560,\"height\":1440,\"caption\":\"Kruger & Hodges Hometown Injury Lawyers\"},\"image\":{\"@id\":\"https:\\\/\\\/thehometownlawyers.com\\\/es\\\/#\\\/schema\\\/logo\\\/image\\\/\"},\"sameAs\":[\"https:\\\/\\\/www.facebook.com\\\/KrugerHodges\\\/\",\"https:\\\/\\\/www.instagram.com\\\/krugerhodges\\\/\",\"https:\\\/\\\/www.linkedin.com\\\/company\\\/kruger-hodges-hometown-injury-lawyers\\\/\",\"https:\\\/\\\/www.youtube.com\\\/channel\\\/UCeYcMaMaN2rb9jMlqt4EIdQ\",\"https:\\\/\\\/www.tiktok.com\\\/@thehometownlawyer\"]}]}<\/script>\n<!-- \/ Yoast SEO plugin. -->","yoast_head_json":{"title":"Abogados de accidentes automovil\u00edsticos de Circleville: Consulta gratuita","description":"Comun\u00edquese hoy con nuestros abogados de accidentes automovil\u00edsticos en Circleville, Ohio, para programar su consulta inicial gratuita.","robots":{"index":"index","follow":"follow","max-snippet":"max-snippet:-1","max-image-preview":"max-image-preview:large","max-video-preview":"max-video-preview:-1"},"canonical":"https:\/\/thehometownlawyers.com\/es\/circleville\/abogado-de-accidentes-de-carro\/","og_locale":"es_MX","og_type":"article","og_title":"Abogados de accidentes automovil\u00edsticos de Circleville: Consulta gratuita","og_description":"Comun\u00edquese hoy con nuestros abogados de accidentes automovil\u00edsticos en Circleville, Ohio, para programar su consulta inicial gratuita.","og_url":"https:\/\/thehometownlawyers.com\/es\/circleville\/abogado-de-accidentes-de-carro\/","og_site_name":"Kruger &amp; Hodges Abogados De Lesiones","article_publisher":"https:\/\/www.facebook.com\/KrugerHodges\/","article_modified_time":"2025-06-18T14:20:42+00:00","og_image":[{"width":735,"height":490,"url":"https:\/\/thehometownlawyers.com\/wp-content\/uploads\/2025\/03\/injuries-caused-by-head-on-collisions.jpg","type":"image\/jpeg"}],"twitter_card":"summary_large_image","twitter_misc":{"Tiempo de lectura":"5 minutos"},"schema":{"@context":"https:\/\/schema.org","@graph":[{"@type":"WebPage","@id":"https:\/\/thehometownlawyers.com\/es\/circleville\/abogado-de-accidentes-de-carro\/","url":"https:\/\/thehometownlawyers.com\/es\/circleville\/abogado-de-accidentes-de-carro\/","name":"Abogados de accidentes automovil\u00edsticos de Circleville: Consulta gratuita","isPartOf":{"@id":"https:\/\/thehometownlawyers.com\/es\/#website"},"primaryImageOfPage":{"@id":"https:\/\/thehometownlawyers.com\/es\/circleville\/abogado-de-accidentes-de-carro\/#primaryimage"},"image":{"@id":"https:\/\/thehometownlawyers.com\/es\/circleville\/abogado-de-accidentes-de-carro\/#primaryimage"},"thumbnailUrl":"https:\/\/thehometownlawyers.com\/wp-content\/uploads\/2025\/03\/injuries-caused-by-head-on-collisions.jpg","datePublished":"2025-06-18T14:13:15+00:00","dateModified":"2025-06-18T14:20:42+00:00","description":"Comun\u00edquese hoy con nuestros abogados de accidentes automovil\u00edsticos en Circleville, Ohio, para programar su consulta inicial gratuita.","breadcrumb":{"@id":"https:\/\/thehometownlawyers.com\/es\/circleville\/abogado-de-accidentes-de-carro\/#breadcrumb"},"inLanguage":"es","potentialAction":[{"@type":"ReadAction","target":["https:\/\/thehometownlawyers.com\/es\/circleville\/abogado-de-accidentes-de-carro\/"]}]},{"@type":"ImageObject","inLanguage":"es","@id":"https:\/\/thehometownlawyers.com\/es\/circleville\/abogado-de-accidentes-de-carro\/#primaryimage","url":"https:\/\/thehometownlawyers.com\/wp-content\/uploads\/2025\/03\/injuries-caused-by-head-on-collisions.jpg","contentUrl":"https:\/\/thehometownlawyers.com\/wp-content\/uploads\/2025\/03\/injuries-caused-by-head-on-collisions.jpg","width":735,"height":490,"caption":"Injuries Caused by Head-On Collisions"},{"@type":"BreadcrumbList","@id":"https:\/\/thehometownlawyers.com\/es\/circleville\/abogado-de-accidentes-de-carro\/#breadcrumb","itemListElement":[{"@type":"ListItem","position":1,"name":"Home","item":"https:\/\/thehometownlawyers.com\/es\/"},{"@type":"ListItem","position":2,"name":"Abogado de Lesiones Personales en Circleville","item":"https:\/\/thehometownlawyers.com\/es\/circleville\/abogado-de-lesiones-personales\/"},{"@type":"ListItem","position":3,"name":"Abogado de Accidentes De Carro en Circleville"}]},{"@type":"WebSite","@id":"https:\/\/thehometownlawyers.com\/es\/#website","url":"https:\/\/thehometownlawyers.com\/es\/","name":"Kruger & Hodges Hometown Injury Lawyers | Accident Attorneys","description":"Attorneys for Car, Truck and Motorcycle Accidents, Personal Injuries, and Criminal Defense.","publisher":{"@id":"https:\/\/thehometownlawyers.com\/es\/#organization"},"alternateName":"Kruger & Hodges Personal Injury Lawyers","inLanguage":"es"},{"@type":"Organization","@id":"https:\/\/thehometownlawyers.com\/es\/#organization","name":"Kruger & Hodges Hometown Injury Lawyers","alternateName":"Kruger & Hodges","url":"https:\/\/thehometownlawyers.com\/es\/","logo":{"@type":"ImageObject","inLanguage":"es","@id":"https:\/\/thehometownlawyers.com\/es\/#\/schema\/logo\/image\/","url":"https:\/\/thehometownlawyers.com\/wp-content\/uploads\/2025\/12\/revised-kh-logo-vertical-white-background-scaled.png","contentUrl":"https:\/\/thehometownlawyers.com\/wp-content\/uploads\/2025\/12\/revised-kh-logo-vertical-white-background-scaled.png","width":2560,"height":1440,"caption":"Kruger & Hodges Hometown Injury Lawyers"},"image":{"@id":"https:\/\/thehometownlawyers.com\/es\/#\/schema\/logo\/image\/"},"sameAs":["https:\/\/www.facebook.com\/KrugerHodges\/","https:\/\/www.instagram.com\/krugerhodges\/","https:\/\/www.linkedin.com\/company\/kruger-hodges-hometown-injury-lawyers\/","https:\/\/www.youtube.com\/channel\/UCeYcMaMaN2rb9jMlqt4EIdQ","https:\/\/www.tiktok.com\/@thehometownlawyer"]}]}},"_links":{"self":[{"href":"https:\/\/thehometownlawyers.com\/es\/wp-json\/wp\/v2\/pages\/25164","targetHints":{"allow":["GET"]}}],"collection":[{"href":"https:\/\/thehometownlawyers.com\/es\/wp-json\/wp\/v2\/pages"}],"about":[{"href":"https:\/\/thehometownlawyers.com\/es\/wp-json\/wp\/v2\/types\/page"}],"author":[{"embeddable":true,"href":"https:\/\/thehometownlawyers.com\/es\/wp-json\/wp\/v2\/users\/13"}],"replies":[{"embeddable":true,"href":"https:\/\/thehometownlawyers.com\/es\/wp-json\/wp\/v2\/comments?post=25164"}],"version-history":[{"count":0,"href":"https:\/\/thehometownlawyers.com\/es\/wp-json\/wp\/v2\/pages\/25164\/revisions"}],"up":[{"embeddable":true,"href":"https:\/\/thehometownlawyers.com\/es\/wp-json\/wp\/v2\/pages\/25142"}],"wp:featuredmedia":[{"embeddable":true,"href":"https:\/\/thehometownlawyers.com\/es\/wp-json\/wp\/v2\/media\/24765"}],"wp:attachment":[{"href":"https:\/\/thehometownlawyers.com\/es\/wp-json\/wp\/v2\/media?parent=25164"}],"wp:term":[{"taxonomy":"hc_faqs","embeddable":true,"href":"https:\/\/thehometownlawyers.com\/es\/wp-json\/wp\/v2\/hc_faqs?post=25164"},{"taxonomy":"hc_spanish_faqs","embeddable":true,"href":"https:\/\/thehometownlawyers.com\/es\/wp-json\/wp\/v2\/hc_spanish_faqs?post=25164"}],"curies":[{"name":"wp","href":"https:\/\/api.w.org\/{rel}","templated":true}]}}