{"id":25169,"date":"2025-06-18T10:36:35","date_gmt":"2025-06-18T14:36:35","guid":{"rendered":"https:\/\/thehometownlawyers.com\/?page_id=25169"},"modified":"2025-06-18T10:39:45","modified_gmt":"2025-06-18T14:39:45","slug":"abogados-de-accidentes-de-camion-de-circleville","status":"publish","type":"page","link":"https:\/\/thehometownlawyers.com\/es\/circleville\/abogados-de-accidentes-de-camion\/","title":{"rendered":"Abogado de Accidente de Cami\u00f3n en Circleville"},"content":{"rendered":"<p><span style=\"font-weight: 400;\">Es evidente que un cami\u00f3n semirremolque es un veh\u00edculo mucho m\u00e1s grande que la mayor\u00eda de los autom\u00f3viles, lo que significa que puede causar da\u00f1os significativamente mayores en caso de accidente. Desafortunadamente, esto puede ocurrir en todas las carreteras principales de Circleville, incluyendo la Ruta 22 y la Ruta 23. No es raro que se produzcan choques m\u00faltiples en esta zona y sus alrededores. Si le ha sucedido, puede que no sepa qu\u00e9 hacer para proteger su futuro. Nuestros abogados especializados en accidentes de camiones semirremolque en Circleville, Ohio, pueden ayudarle.<\/span><\/p>\n<h2><span style=\"font-weight: 400;\">Estad\u00edsticas de Accidentes en Circleville, Ohio<\/span><\/h2>\n<p><span style=\"font-weight: 400;\">Seg\u00fan el Departamento de Seguridad P\u00fablica de Ohio, 1 de cada 8 muertes por accidentes de tr\u00e1fico se debe a una colisi\u00f3n con un cami\u00f3n grande, a pesar de que estos camiones grandes representan solo el 3% de todos los veh\u00edculos registrados en el estado. Tambi\u00e9n se\u00f1alan que el 35% de las muertes se producen porque un veh\u00edculo se encuentra en los puntos ciegos del cami\u00f3n. Conscientes de los riesgos asociados con este tipo de accidentes, le recomendamos encarecidamente que se ponga en contacto con nosotros directamente si ha tenido un accidente con un cami\u00f3n. Este tipo de accidente puede provocar lesiones cerebrales traum\u00e1ticas, lesiones en la columna, fracturas, cicatrices permanentes y la muerte. A menudo, se deben a que el conductor del cami\u00f3n est\u00e1 demasiado cansado o distra\u00eddo y no presta atenci\u00f3n a lo que ocurre en la carretera.<\/span><\/p>\n<p><span style=\"font-weight: 400;\">Las consecuencias son perjudiciales. No tiene que afrontarlas solo. Nuestros abogados especializados en accidentes de semirremolques en Circleville, OH, pueden brindarle el apoyo que necesita para obtener la compensaci\u00f3n financiera necesaria para recuperar su vida.<\/span><\/p>\n<p class=\"rs-content-cta rs-content-cta-small\">Para una consulta legal gratuita, llame al <a href=\"tel:+17408737139\">740-873-7139 <\/a><\/p><h2><span style=\"font-weight: 400;\">Qu\u00e9 hacer despu\u00e9s de un accidente de cami\u00f3n<\/span><\/h2>\n<p><span style=\"font-weight: 400;\">Si tiene un accidente con un cami\u00f3n, llame al 911 inmediatamente e intente permanecer donde est\u00e1 hasta que llegue la ayuda, si es seguro hacerlo. Trabaje con profesionales de emergencias para documentar lo ocurrido y proporcionar toda la informaci\u00f3n posible a la polic\u00eda sobre lo que vio. \u00bfEl conductor estaba desviando la vista, mirando el tel\u00e9fono o conduciendo imprudentemente? Obtenga los nombres y la informaci\u00f3n de contacto de quienes presenciaron lo ocurrido. Si es posible, tome fotos del lugar.<\/span><\/p>\n<p><span style=\"font-weight: 400;\">Luego, acuda al hospital. Aseg\u00farese de que sus lesiones est\u00e9n bien documentadas. Nunca ponga en riesgo su salud. Una vez que lo haga, contacte a un abogado especializado en accidentes de semirremolques en Circleville, OH, para obtener ayuda. Nuestro equipo de Kruger &amp; Hodges Attorneys at Law trabajar\u00e1 estrechamente con usted para documentar lo ocurrido.<\/span><\/p>\n<p class=\"rs-content-cta\">Abogado de Lesiones Personales de Circleville Cerca de M\u00ed <a href=\"tel:+17408737139\">740-873-7139<\/a><\/p><h2><span style=\"font-weight: 400;\">Proceso de Reclamaciones<\/span><\/h2>\n<p><span style=\"font-weight: 400;\">No le recomendamos que presente el proceso de reclamaci\u00f3n por su cuenta. Si ha perdido dinero, calidad de vida, su capacidad para trabajar o la vida de un ser querido, el ajustador de seguros no est\u00e1 de su lado. Trabaja para la parte responsable, tratando de reducir la deuda. Nuestro objetivo en Kruger &amp; Hodges Attorneys at Law es asegurar que reciba la compensaci\u00f3n que se le debe en funci\u00f3n de esas p\u00e9rdidas.<\/span><\/p>\n<p><span style=\"font-weight: 400;\">El proceso de reclamaci\u00f3n requiere una cuidadosa consideraci\u00f3n de lo ocurrido, las p\u00e9rdidas sufridas y el impacto a largo plazo de esas lesiones. Trabajamos con usted para determinar el valor financiero de su p\u00e9rdida. Entonces, y solo entonces, presentamos una reclamaci\u00f3n a la compa\u00f1\u00eda de seguros u otra parte responsable por la deuda que se le debe. Podr\u00eda haber alguna negociaci\u00f3n. Si consideramos que no est\u00e1 recibiendo la compensaci\u00f3n que le corresponde, emprenderemos acciones legales ante un tribunal.<\/span><\/p><p class=\"rs-content-cta rs-content-cta-small\"><a href=\"\/es\/contacto\/\">Haga clic para contactar<\/a> con nuestros lesiones personales abogados hoy<\/p><h2><span style=\"font-weight: 400;\">\u00bfTengo un caso?<\/span><\/h2>\n<p><span style=\"font-weight: 400;\">Los propietarios de semirremolques y las compa\u00f1\u00edas de transporte cuentan con abogados de alto nivel que har\u00e1n todo lo posible para reducir su posibilidad de presentar una reclamaci\u00f3n. Sin embargo, independientemente de si la compa\u00f1\u00eda de seguros desea llegar a un acuerdo con usted, si ha perdido dinero o m\u00e1s debido a los errores de un conductor de cami\u00f3n, es posible que tenga un caso. Con una revisi\u00f3n completa del caso, es posible obtener m\u00e1s informaci\u00f3n sobre si se le debe una compensaci\u00f3n por sus p\u00e9rdidas.<\/span><\/p><p class=\"rs-content-cta rs-content-cta-small\">Complete una <a href=\"\/es\/contacto\/\">evaluaci\u00f3n gratuita de su caso<\/a> ahora<\/p><h2><span style=\"font-weight: 400;\">\u00bfCu\u00e1nto vale mi caso?<\/span><\/h2><p><span style=\"font-weight: 400;\">El valor de cualquier tipo de accidente de semirremolque depende de varios factores. Esto incluye las facturas m\u00e9dicas y otras p\u00e9rdidas que tenga actualmente, como las facturas por la atenci\u00f3n m\u00e9dica recibida, el tiempo perdido en el trabajo y los costos asociados con su rehabilitaci\u00f3n. Tambi\u00e9n debe incluir los costos por p\u00e9rdidas a largo plazo, como la incapacidad para trabajar debido a la p\u00e9rdida de movilidad o la p\u00e9rdida de calidad de vida. Tambi\u00e9n debemos considerar el dolor y el sufrimiento que usted y su familia hayan sufrido como resultado de este incidente. C\u00f3mo elegir al mejor abogado de accidentes de cami\u00f3n<\/span><\/p>\n<p><span style=\"font-weight: 400;\">Un accidente de cami\u00f3n es una situaci\u00f3n aterradora. Una vez que empiece a recuperarse, no posponga la b\u00fasqueda de un abogado especializado en accidentes de semirremolque en Circleville, OH, que pueda ayudarle. Al elegir un abogado, hay algunos aspectos que debe buscar.<\/span><\/p>\n<p><span style=\"font-weight: 400;\">Aseg\u00farese de que el abogado tenga experiencia espec\u00edfica trabajando con personas que sufren p\u00e9rdidas por accidentes de cami\u00f3n, ya que estos son tipos de accidentes m\u00e1s complejos que involucran a compa\u00f1\u00edas de seguros mucho m\u00e1s agresivas. Pregunte por su historial y los resultados de casos de reclamos como este. Luego, re\u00fanase con el abogado para hablar sobre su caso. \u00bfEs abierto y franco con usted sobre su situaci\u00f3n y objetivos? \u00bfLe proporciona informaci\u00f3n clara y comprensible para usted?<\/span><\/p>\n<p><span style=\"font-weight: 400;\">No es f\u00e1cil elegir un abogado, especialmente cuando hay tanto en juego. Le animamos a reunirse con nuestro equipo para descubrir por qu\u00e9 somos diferentes.<\/span><\/p>\n<h2><span style=\"font-weight: 400;\">C\u00f3mo puede ayudarle Kruger &amp; Hodges Attorneys at Law<\/span><\/h2>\n<p><span style=\"font-weight: 400;\">Agende una consulta con Kruger &amp; Hodges Attorneys at Law hoy mismo. Ofrecemos una evaluaci\u00f3n gratuita de su caso para iniciar el proceso. Esta es una buena manera de saber si tiene un caso y, de ser as\u00ed, cu\u00e1les deber\u00edan ser sus pr\u00f3ximos pasos. No tiene obligaci\u00f3n de trabajar con nosotros y toda la informaci\u00f3n que nos comparta est\u00e1 protegida.<\/span><\/p>\n<p><span style=\"font-weight: 400;\"><a href=\"https:\/\/thehometownlawyers.com\/es\/contacto\/\">Contacte<\/a> hoy mismo con nuestros abogados de accidentes de semirremolques en Circleville, OH, para saber c\u00f3mo podemos ayudarle en estos momentos dif\u00edciles.<\/span><\/p>\n<p class=\"rs-content-cta rs-content-cta-small\">Llame o env\u00ede un mensaje de texto al <a href=\"tel:+17408737139\">740-873-7139<\/a> o complete una <a href=\"\/es\/contacto\/\">evaluaci\u00f3n gratuita de su caso<\/a><\/p>","protected":false},"excerpt":{"rendered":"<p>Es evidente que un cami\u00f3n semirremolque es un veh\u00edculo mucho m\u00e1s grande que la mayor\u00eda de los autom\u00f3viles, lo que significa que puede causar da\u00f1os significativamente mayores en caso de accidente. Desafortunadamente, esto puede ocurrir en todas las carreteras principales de Circleville, incluyendo la Ruta 22 y la Ruta 23. No es raro que se &#8230;<\/p>\n","protected":false},"author":13,"featured_media":23787,"parent":25142,"menu_order":0,"comment_status":"closed","ping_status":"closed","template":"","meta":{"_acf_changed":false,"inline_featured_image":false,"_genesis_hide_title":false,"_genesis_hide_breadcrumbs":false,"_genesis_hide_singular_image":false,"_genesis_hide_footer_widgets":false,"_genesis_custom_body_class":"","_genesis_custom_post_class":"","_genesis_layout":"","footnotes":""},"hc_faqs":[],"hc_spanish_faqs":[],"class_list":{"0":"post-25169","1":"page","2":"type-page","3":"status-publish","4":"has-post-thumbnail","6":"hc_city_location-circleville-2","7":"entry"},"acf":[],"yoast_head":"<!-- This site is optimized with the Yoast SEO plugin v27.4 - https:\/\/yoast.com\/product\/yoast-seo-wordpress\/ -->\n<title>Abogados de accidentes de cami\u00f3n de Circleville: Consulta gratuita<\/title>\n<meta name=\"description\" content=\"Comun\u00edquese hoy con nuestros abogados de accidentes de cami\u00f3n en Circleville, Ohio, para programar su consulta inicial gratuita.\" \/>\n<meta name=\"robots\" content=\"index, follow, max-snippet:-1, max-image-preview:large, max-video-preview:-1\" \/>\n<link rel=\"canonical\" href=\"https:\/\/thehometownlawyers.com\/es\/circleville\/abogados-de-accidentes-de-camion\/\" \/>\n<meta property=\"og:locale\" content=\"es_MX\" \/>\n<meta property=\"og:type\" content=\"article\" \/>\n<meta property=\"og:title\" content=\"Abogados de accidentes de cami\u00f3n de Circleville: Consulta gratuita\" \/>\n<meta property=\"og:description\" content=\"Comun\u00edquese hoy con nuestros abogados de accidentes de cami\u00f3n en Circleville, Ohio, para programar su consulta inicial gratuita.\" \/>\n<meta property=\"og:url\" content=\"https:\/\/thehometownlawyers.com\/es\/circleville\/abogados-de-accidentes-de-camion\/\" \/>\n<meta property=\"og:site_name\" content=\"Kruger &amp; Hodges Abogados De Lesiones\" \/>\n<meta property=\"article:publisher\" content=\"https:\/\/www.facebook.com\/KrugerHodges\/\" \/>\n<meta property=\"article:modified_time\" content=\"2025-06-18T14:39:45+00:00\" \/>\n<meta property=\"og:image\" content=\"https:\/\/thehometownlawyers.com\/wp-content\/uploads\/2024\/11\/truck-accident-img.jpg\" \/>\n\t<meta property=\"og:image:width\" content=\"1000\" \/>\n\t<meta property=\"og:image:height\" content=\"667\" \/>\n\t<meta property=\"og:image:type\" content=\"image\/jpeg\" \/>\n<meta name=\"twitter:card\" content=\"summary_large_image\" \/>\n<meta name=\"twitter:label1\" content=\"Tiempo de lectura\" \/>\n\t<meta name=\"twitter:data1\" content=\"5 minutos\" \/>\n<script type=\"application\/ld+json\" class=\"yoast-schema-graph\">{\"@context\":\"https:\\\/\\\/schema.org\",\"@graph\":[{\"@type\":\"WebPage\",\"@id\":\"https:\\\/\\\/thehometownlawyers.com\\\/es\\\/circleville\\\/abogados-de-accidentes-de-camion\\\/\",\"url\":\"https:\\\/\\\/thehometownlawyers.com\\\/es\\\/circleville\\\/abogados-de-accidentes-de-camion\\\/\",\"name\":\"Abogados de accidentes de cami\u00f3n de Circleville: Consulta gratuita\",\"isPartOf\":{\"@id\":\"https:\\\/\\\/thehometownlawyers.com\\\/es\\\/#website\"},\"primaryImageOfPage\":{\"@id\":\"https:\\\/\\\/thehometownlawyers.com\\\/es\\\/circleville\\\/abogados-de-accidentes-de-camion\\\/#primaryimage\"},\"image\":{\"@id\":\"https:\\\/\\\/thehometownlawyers.com\\\/es\\\/circleville\\\/abogados-de-accidentes-de-camion\\\/#primaryimage\"},\"thumbnailUrl\":\"https:\\\/\\\/thehometownlawyers.com\\\/wp-content\\\/uploads\\\/2024\\\/11\\\/truck-accident-img.jpg\",\"datePublished\":\"2025-06-18T14:36:35+00:00\",\"dateModified\":\"2025-06-18T14:39:45+00:00\",\"description\":\"Comun\u00edquese hoy con nuestros abogados de accidentes de cami\u00f3n en Circleville, Ohio, para programar su consulta inicial gratuita.\",\"breadcrumb\":{\"@id\":\"https:\\\/\\\/thehometownlawyers.com\\\/es\\\/circleville\\\/abogados-de-accidentes-de-camion\\\/#breadcrumb\"},\"inLanguage\":\"es\",\"potentialAction\":[{\"@type\":\"ReadAction\",\"target\":[\"https:\\\/\\\/thehometownlawyers.com\\\/es\\\/circleville\\\/abogados-de-accidentes-de-camion\\\/\"]}]},{\"@type\":\"ImageObject\",\"inLanguage\":\"es\",\"@id\":\"https:\\\/\\\/thehometownlawyers.com\\\/es\\\/circleville\\\/abogados-de-accidentes-de-camion\\\/#primaryimage\",\"url\":\"https:\\\/\\\/thehometownlawyers.com\\\/wp-content\\\/uploads\\\/2024\\\/11\\\/truck-accident-img.jpg\",\"contentUrl\":\"https:\\\/\\\/thehometownlawyers.com\\\/wp-content\\\/uploads\\\/2024\\\/11\\\/truck-accident-img.jpg\",\"width\":1000,\"height\":667,\"caption\":\"Big Rig Semi Truck Accident Lawyers in Ohio\"},{\"@type\":\"BreadcrumbList\",\"@id\":\"https:\\\/\\\/thehometownlawyers.com\\\/es\\\/circleville\\\/abogados-de-accidentes-de-camion\\\/#breadcrumb\",\"itemListElement\":[{\"@type\":\"ListItem\",\"position\":1,\"name\":\"Home\",\"item\":\"https:\\\/\\\/thehometownlawyers.com\\\/es\\\/\"},{\"@type\":\"ListItem\",\"position\":2,\"name\":\"Abogado de Lesiones Personales en Circleville\",\"item\":\"https:\\\/\\\/thehometownlawyers.com\\\/es\\\/circleville\\\/abogado-de-lesiones-personales\\\/\"},{\"@type\":\"ListItem\",\"position\":3,\"name\":\"Abogado de Accidente de Cami\u00f3n en Circleville\"}]},{\"@type\":\"WebSite\",\"@id\":\"https:\\\/\\\/thehometownlawyers.com\\\/es\\\/#website\",\"url\":\"https:\\\/\\\/thehometownlawyers.com\\\/es\\\/\",\"name\":\"Kruger & Hodges Hometown Injury Lawyers | Accident Attorneys\",\"description\":\"Attorneys for Car, Truck and Motorcycle Accidents, Personal Injuries, and Criminal Defense.\",\"publisher\":{\"@id\":\"https:\\\/\\\/thehometownlawyers.com\\\/es\\\/#organization\"},\"alternateName\":\"Kruger & Hodges Personal Injury Lawyers\",\"inLanguage\":\"es\"},{\"@type\":\"Organization\",\"@id\":\"https:\\\/\\\/thehometownlawyers.com\\\/es\\\/#organization\",\"name\":\"Kruger & Hodges Hometown Injury Lawyers\",\"alternateName\":\"Kruger & Hodges\",\"url\":\"https:\\\/\\\/thehometownlawyers.com\\\/es\\\/\",\"logo\":{\"@type\":\"ImageObject\",\"inLanguage\":\"es\",\"@id\":\"https:\\\/\\\/thehometownlawyers.com\\\/es\\\/#\\\/schema\\\/logo\\\/image\\\/\",\"url\":\"https:\\\/\\\/thehometownlawyers.com\\\/wp-content\\\/uploads\\\/2025\\\/12\\\/revised-kh-logo-vertical-white-background-scaled.png\",\"contentUrl\":\"https:\\\/\\\/thehometownlawyers.com\\\/wp-content\\\/uploads\\\/2025\\\/12\\\/revised-kh-logo-vertical-white-background-scaled.png\",\"width\":2560,\"height\":1440,\"caption\":\"Kruger & Hodges Hometown Injury Lawyers\"},\"image\":{\"@id\":\"https:\\\/\\\/thehometownlawyers.com\\\/es\\\/#\\\/schema\\\/logo\\\/image\\\/\"},\"sameAs\":[\"https:\\\/\\\/www.facebook.com\\\/KrugerHodges\\\/\",\"https:\\\/\\\/www.instagram.com\\\/krugerhodges\\\/\",\"https:\\\/\\\/www.linkedin.com\\\/company\\\/kruger-hodges-hometown-injury-lawyers\\\/\",\"https:\\\/\\\/www.youtube.com\\\/channel\\\/UCeYcMaMaN2rb9jMlqt4EIdQ\",\"https:\\\/\\\/www.tiktok.com\\\/@thehometownlawyer\"]}]}<\/script>\n<!-- \/ Yoast SEO plugin. -->","yoast_head_json":{"title":"Abogados de accidentes de cami\u00f3n de Circleville: Consulta gratuita","description":"Comun\u00edquese hoy con nuestros abogados de accidentes de cami\u00f3n en Circleville, Ohio, para programar su consulta inicial gratuita.","robots":{"index":"index","follow":"follow","max-snippet":"max-snippet:-1","max-image-preview":"max-image-preview:large","max-video-preview":"max-video-preview:-1"},"canonical":"https:\/\/thehometownlawyers.com\/es\/circleville\/abogados-de-accidentes-de-camion\/","og_locale":"es_MX","og_type":"article","og_title":"Abogados de accidentes de cami\u00f3n de Circleville: Consulta gratuita","og_description":"Comun\u00edquese hoy con nuestros abogados de accidentes de cami\u00f3n en Circleville, Ohio, para programar su consulta inicial gratuita.","og_url":"https:\/\/thehometownlawyers.com\/es\/circleville\/abogados-de-accidentes-de-camion\/","og_site_name":"Kruger &amp; Hodges Abogados De Lesiones","article_publisher":"https:\/\/www.facebook.com\/KrugerHodges\/","article_modified_time":"2025-06-18T14:39:45+00:00","og_image":[{"width":1000,"height":667,"url":"https:\/\/thehometownlawyers.com\/wp-content\/uploads\/2024\/11\/truck-accident-img.jpg","type":"image\/jpeg"}],"twitter_card":"summary_large_image","twitter_misc":{"Tiempo de lectura":"5 minutos"},"schema":{"@context":"https:\/\/schema.org","@graph":[{"@type":"WebPage","@id":"https:\/\/thehometownlawyers.com\/es\/circleville\/abogados-de-accidentes-de-camion\/","url":"https:\/\/thehometownlawyers.com\/es\/circleville\/abogados-de-accidentes-de-camion\/","name":"Abogados de accidentes de cami\u00f3n de Circleville: Consulta gratuita","isPartOf":{"@id":"https:\/\/thehometownlawyers.com\/es\/#website"},"primaryImageOfPage":{"@id":"https:\/\/thehometownlawyers.com\/es\/circleville\/abogados-de-accidentes-de-camion\/#primaryimage"},"image":{"@id":"https:\/\/thehometownlawyers.com\/es\/circleville\/abogados-de-accidentes-de-camion\/#primaryimage"},"thumbnailUrl":"https:\/\/thehometownlawyers.com\/wp-content\/uploads\/2024\/11\/truck-accident-img.jpg","datePublished":"2025-06-18T14:36:35+00:00","dateModified":"2025-06-18T14:39:45+00:00","description":"Comun\u00edquese hoy con nuestros abogados de accidentes de cami\u00f3n en Circleville, Ohio, para programar su consulta inicial gratuita.","breadcrumb":{"@id":"https:\/\/thehometownlawyers.com\/es\/circleville\/abogados-de-accidentes-de-camion\/#breadcrumb"},"inLanguage":"es","potentialAction":[{"@type":"ReadAction","target":["https:\/\/thehometownlawyers.com\/es\/circleville\/abogados-de-accidentes-de-camion\/"]}]},{"@type":"ImageObject","inLanguage":"es","@id":"https:\/\/thehometownlawyers.com\/es\/circleville\/abogados-de-accidentes-de-camion\/#primaryimage","url":"https:\/\/thehometownlawyers.com\/wp-content\/uploads\/2024\/11\/truck-accident-img.jpg","contentUrl":"https:\/\/thehometownlawyers.com\/wp-content\/uploads\/2024\/11\/truck-accident-img.jpg","width":1000,"height":667,"caption":"Big Rig Semi Truck Accident Lawyers in Ohio"},{"@type":"BreadcrumbList","@id":"https:\/\/thehometownlawyers.com\/es\/circleville\/abogados-de-accidentes-de-camion\/#breadcrumb","itemListElement":[{"@type":"ListItem","position":1,"name":"Home","item":"https:\/\/thehometownlawyers.com\/es\/"},{"@type":"ListItem","position":2,"name":"Abogado de Lesiones Personales en Circleville","item":"https:\/\/thehometownlawyers.com\/es\/circleville\/abogado-de-lesiones-personales\/"},{"@type":"ListItem","position":3,"name":"Abogado de Accidente de Cami\u00f3n en Circleville"}]},{"@type":"WebSite","@id":"https:\/\/thehometownlawyers.com\/es\/#website","url":"https:\/\/thehometownlawyers.com\/es\/","name":"Kruger & Hodges Hometown Injury Lawyers | Accident Attorneys","description":"Attorneys for Car, Truck and Motorcycle Accidents, Personal Injuries, and Criminal Defense.","publisher":{"@id":"https:\/\/thehometownlawyers.com\/es\/#organization"},"alternateName":"Kruger & Hodges Personal Injury Lawyers","inLanguage":"es"},{"@type":"Organization","@id":"https:\/\/thehometownlawyers.com\/es\/#organization","name":"Kruger & Hodges Hometown Injury Lawyers","alternateName":"Kruger & Hodges","url":"https:\/\/thehometownlawyers.com\/es\/","logo":{"@type":"ImageObject","inLanguage":"es","@id":"https:\/\/thehometownlawyers.com\/es\/#\/schema\/logo\/image\/","url":"https:\/\/thehometownlawyers.com\/wp-content\/uploads\/2025\/12\/revised-kh-logo-vertical-white-background-scaled.png","contentUrl":"https:\/\/thehometownlawyers.com\/wp-content\/uploads\/2025\/12\/revised-kh-logo-vertical-white-background-scaled.png","width":2560,"height":1440,"caption":"Kruger & Hodges Hometown Injury Lawyers"},"image":{"@id":"https:\/\/thehometownlawyers.com\/es\/#\/schema\/logo\/image\/"},"sameAs":["https:\/\/www.facebook.com\/KrugerHodges\/","https:\/\/www.instagram.com\/krugerhodges\/","https:\/\/www.linkedin.com\/company\/kruger-hodges-hometown-injury-lawyers\/","https:\/\/www.youtube.com\/channel\/UCeYcMaMaN2rb9jMlqt4EIdQ","https:\/\/www.tiktok.com\/@thehometownlawyer"]}]}},"_links":{"self":[{"href":"https:\/\/thehometownlawyers.com\/es\/wp-json\/wp\/v2\/pages\/25169","targetHints":{"allow":["GET"]}}],"collection":[{"href":"https:\/\/thehometownlawyers.com\/es\/wp-json\/wp\/v2\/pages"}],"about":[{"href":"https:\/\/thehometownlawyers.com\/es\/wp-json\/wp\/v2\/types\/page"}],"author":[{"embeddable":true,"href":"https:\/\/thehometownlawyers.com\/es\/wp-json\/wp\/v2\/users\/13"}],"replies":[{"embeddable":true,"href":"https:\/\/thehometownlawyers.com\/es\/wp-json\/wp\/v2\/comments?post=25169"}],"version-history":[{"count":0,"href":"https:\/\/thehometownlawyers.com\/es\/wp-json\/wp\/v2\/pages\/25169\/revisions"}],"up":[{"embeddable":true,"href":"https:\/\/thehometownlawyers.com\/es\/wp-json\/wp\/v2\/pages\/25142"}],"wp:featuredmedia":[{"embeddable":true,"href":"https:\/\/thehometownlawyers.com\/es\/wp-json\/wp\/v2\/media\/23787"}],"wp:attachment":[{"href":"https:\/\/thehometownlawyers.com\/es\/wp-json\/wp\/v2\/media?parent=25169"}],"wp:term":[{"taxonomy":"hc_faqs","embeddable":true,"href":"https:\/\/thehometownlawyers.com\/es\/wp-json\/wp\/v2\/hc_faqs?post=25169"},{"taxonomy":"hc_spanish_faqs","embeddable":true,"href":"https:\/\/thehometownlawyers.com\/es\/wp-json\/wp\/v2\/hc_spanish_faqs?post=25169"}],"curies":[{"name":"wp","href":"https:\/\/api.w.org\/{rel}","templated":true}]}}