{"id":25192,"date":"2025-06-24T16:17:34","date_gmt":"2025-06-24T20:17:34","guid":{"rendered":"https:\/\/thehometownlawyers.com\/?page_id=25192"},"modified":"2025-06-24T16:25:58","modified_gmt":"2025-06-24T20:25:58","slug":"abogados-de-accidentes-peatonales-en-washington-court-house","status":"publish","type":"page","link":"https:\/\/thehometownlawyers.com\/es\/washington-court-house\/abogados-de-accidentes-peatonales\/","title":{"rendered":"Abogados De Accidentes Peatonales En Washington Court House"},"content":{"rendered":"<p><span style=\"font-weight: 400;\">Los accidentes peatonales pueden ser devastadores y cambiar la vida de quienes los sufren. En Washington Court House, Ohio, estos tipos de accidentes desafortunadamente no son infrecuentes. Si t\u00fa o un ser querido ha estado involucrado en un accidente peatonal, es importante comprender tus derechos y qu\u00e9 pasos puedes tomar para protegerte.<\/span><\/p><h2><span style=\"font-weight: 400;\">Causas de los accidentes peatonales<\/span><\/h2>\n<p><span style=\"font-weight: 400;\">Los accidentes peatonales pueden ocurrir por diversas razones, pero algunas de las causas m\u00e1s comunes incluyen:<\/span><\/p>\n<ul>\n<li style=\"font-weight: 400;\" aria-level=\"1\"><span style=\"font-weight: 400;\">Conducci\u00f3n distra\u00edda: Los conductores que usan sus tel\u00e9fonos, comen o est\u00e1n distra\u00eddos de alguna otra manera tienen menos probabilidades de ver a los peatones y m\u00e1s probabilidades de causar un accidente.<\/span><\/li>\n<li style=\"font-weight: 400;\" aria-level=\"1\"><span style=\"font-weight: 400;\">Exceso de velocidad: Los conductores que manejan a altas velocidades tienen menos capacidad de frenar a tiempo para evitar atropellar a un peat\u00f3n.<\/span><\/li>\n<li style=\"font-weight: 400;\" aria-level=\"1\"><span style=\"font-weight: 400;\">No ceder el paso: Los conductores que no ceden el paso a los peatones en los cruces pueden causar accidentes graves.<\/span><\/li>\n<li style=\"font-weight: 400;\" aria-level=\"1\"><span style=\"font-weight: 400;\">Conducci\u00f3n bajo los efectos del alcohol o drogas: Los conductores bajo la influencia tienen tiempos de reacci\u00f3n m\u00e1s lentos y son m\u00e1s propensos a causar accidentes.<\/span><\/li>\n<\/ul><p class=\"rs-content-cta rs-content-cta-small\">Para una consulta legal gratuita, llame al <a href=\"tel:+17408075079\">740-807-5079 <\/a><\/p><h2><span style=\"font-weight: 400;\">Lesiones comunes en accidentes peatonales<\/span><\/h2>\n<p><span style=\"font-weight: 400;\">Los accidentes peatonales pueden causar una amplia gama de lesiones, algunas de las cuales pueden tener efectos a largo plazo sobre la salud y calidad de vida de una persona. Aqu\u00ed algunas de las m\u00e1s comunes:<\/span><\/p>\n<ul>\n<li style=\"font-weight: 400;\" aria-level=\"1\"><span style=\"font-weight: 400;\">Lesiones en la cabeza y cerebro: Golpes en la cabeza pueden provocar conmociones cerebrales, fracturas de cr\u00e1neo, lesiones cerebrales traum\u00e1ticas (TBI) y hemorragias intracraneales.<\/span><\/li>\n<li style=\"font-weight: 400;\" aria-level=\"1\"><span style=\"font-weight: 400;\">Lesiones en la m\u00e9dula espinal: El impacto puede da\u00f1ar la m\u00e9dula espinal, lo que podr\u00eda causar par\u00e1lisis, p\u00e9rdida de sensibilidad u otros problemas graves.<\/span><\/li>\n<li style=\"font-weight: 400;\" aria-level=\"1\"><span style=\"font-weight: 400;\">Fracturas y huesos rotos: Brazos, piernas, costillas y caderas son algunas de las partes del cuerpo m\u00e1s com\u00fanmente fracturadas.<\/span><\/li>\n<li style=\"font-weight: 400;\" aria-level=\"1\"><span style=\"font-weight: 400;\">Lesiones en tejidos blandos: Esguinces, distensiones y contusiones son comunes y pueden causar dolor significativo.<\/span><\/li>\n<li style=\"font-weight: 400;\" aria-level=\"1\"><span style=\"font-weight: 400;\">Lesiones internas: Estas pueden incluir da\u00f1o a \u00f3rganos, hemorragias internas o lesiones en el \u00e1rea abdominal, y requieren atenci\u00f3n m\u00e9dica inmediata.<\/span><\/li>\n<li style=\"font-weight: 400;\" aria-level=\"1\"><span style=\"font-weight: 400;\">Los efectos a largo plazo de estas lesiones dependen de la gravedad de la lesi\u00f3n y la salud general del individuo. Algunas personas pueden experimentar dolor cr\u00f3nico, movilidad limitada u otras complicaciones que afectan su vida diaria.<\/span><\/li>\n<\/ul><p class=\"rs-content-cta\">Abogado de Lesiones Personales de Washington Court House Cerca de M\u00ed <a href=\"tel:+17408075079\">740-807-5079<\/a><\/p><h2><span style=\"font-weight: 400;\">\u00bfQu\u00e9 debo hacer si sufro un accidente peatonal?<\/span><\/h2>\n<p><span style=\"font-weight: 400;\">Si sufres lesiones en un accidente peatonal, hay varias medidas importantes que debes tomar para protegerte y proteger tus derechos legales. El primer paso, y el m\u00e1s importante, es buscar atenci\u00f3n m\u00e9dica para sus lesiones. Incluso si no cree que sus lesiones sean graves, es importante obtener una evaluaci\u00f3n m\u00e9dica profesional lo antes posible. Esto no solo garantizar\u00e1 que reciba el tratamiento m\u00e9dico adecuado, sino que tambi\u00e9n documentar\u00e1 el alcance y la gravedad de sus lesiones, lo cual puede ser una prueba importante en cualquier reclamaci\u00f3n legal que pueda presentar.<\/span><\/p><p><span style=\"font-weight: 400;\">Despu\u00e9s de buscar atenci\u00f3n m\u00e9dica, es importante documentar los detalles del accidente lo m\u00e1s exhaustivamente posible. Esto incluye tomar fotos del lugar del accidente, recopilar la informaci\u00f3n de contacto de los testigos y obtener la informaci\u00f3n de contacto y del seguro del conductor. Tambi\u00e9n debes reportar el accidente a la polic\u00eda, quienes elaborar\u00e1n un informe del accidente que puede ser una prueba importante en su reclamaci\u00f3n legal.<\/span><\/p>\n<p><span style=\"font-weight: 400;\">Tambi\u00e9n es importante evitar hablar del accidente con nadie que no sea su m\u00e9dico, la polic\u00eda y su abogado de lesiones personales. Esto incluye a los ajustadores de seguros y a los representantes de la aseguradora del conductor culpable, quienes podr\u00edan intentar que usted haga declaraciones que podr\u00edan perjudicar su reclamaci\u00f3n legal.<\/span><\/p>\n<p><span style=\"font-weight: 400;\">Por \u00faltimo, te recomendamos consultar de inmediato con un abogado especializado en lesiones personales. Un abogado experto puede ayudarte a comprender tus derechos y opciones legales, negociar con las aseguradoras en tu nombre y defender tus intereses en cualquier procedimiento legal.<\/span><\/p><p class=\"rs-content-cta rs-content-cta-small\"><a href=\"\/es\/contacto\/\">Haga clic para contactar<\/a> con nuestros lesiones personales abogados hoy<\/p><h2><span style=\"font-weight: 400;\">Tipos de compensaci\u00f3n disponibles para las v\u00edctimas<\/span><\/h2>\n<p><span style=\"font-weight: 400;\">Si sufre lesiones en un accidente peatonal en el juzgado de Washington, podr\u00eda tener derecho a una indemnizaci\u00f3n por:<\/span><\/p>\n<ul>\n<li style=\"font-weight: 400;\" aria-level=\"1\"><span style=\"font-weight: 400;\">Gastos m\u00e9dicos: Esto incluye los gastos m\u00e9dicos actuales y futuros relacionados con el accidente, como facturas de hospital, visitas al m\u00e9dico y costos de rehabilitaci\u00f3n.<\/span><\/li>\n<li style=\"font-weight: 400;\" aria-level=\"1\"><span style=\"font-weight: 400;\">Salarios perdidos: Si no puede trabajar como consecuencia de sus lesiones, podr\u00eda tener derecho a una indemnizaci\u00f3n por los salarios que habr\u00eda percibido.<\/span><\/li>\n<li style=\"font-weight: 400;\" aria-level=\"1\"><span style=\"font-weight: 400;\">Dolor y sufrimiento: Esto incluye la indemnizaci\u00f3n por el dolor f\u00edsico y la angustia emocional resultantes del accidente.<\/span><\/li>\n<li style=\"font-weight: 400;\" aria-level=\"1\"><span style=\"font-weight: 400;\">Da\u00f1os materiales: Si alguno de sus bienes personales result\u00f3 da\u00f1ado en el accidente, podr\u00eda tener derecho a una indemnizaci\u00f3n por el costo de su reparaci\u00f3n o reemplazo.<\/span><\/li>\n<\/ul><p class=\"rs-content-cta rs-content-cta-small\">Complete una <a href=\"\/es\/contacto\/\">evaluaci\u00f3n gratuita de su caso<\/a> ahora<\/p><h2><span style=\"font-weight: 400;\">C\u00f3mo pueden ayudarte los abogados de lesiones personales de Kruger &amp; Hodges en Washington Court House, OH<\/span><\/h2>\n<p><span style=\"font-weight: 400;\">Kruger &amp; Hodges Attorneys at Law es un bufete legal de accidentes peatonales que presta servicios en Washington Court House, Ohio, y que puede ayudarte con tu reclamaci\u00f3n. Nuestros abogados de accidentes peatonales pueden calcular el valor de tu reclamaci\u00f3n, identificar a las partes negligentes, exigirles responsabilidades y negociar con ellas y las aseguradoras para ayudarte a obtener la indemnizaci\u00f3n que te corresponde por ley. <a href=\"https:\/\/thehometownlawyers.com\/es\/contacto\/\">Contacta<\/a> hoy mismo con nuestro bufete en Washington Court House para una consulta gratuita.<\/span><\/p>\n<p class=\"rs-content-cta rs-content-cta-small\">Llame o env\u00ede un mensaje de texto al <a href=\"tel:+17408075079\">740-807-5079<\/a> o complete una <a href=\"\/es\/contacto\/\">evaluaci\u00f3n gratuita de su caso<\/a><\/p>","protected":false},"excerpt":{"rendered":"<p>Los accidentes peatonales pueden ser devastadores y cambiar la vida de quienes los sufren. En Washington Court House, Ohio, estos tipos de accidentes desafortunadamente no son infrecuentes. Si t\u00fa o un ser querido ha estado involucrado en un accidente peatonal, es importante comprender tus derechos y qu\u00e9 pasos puedes tomar para protegerte.Causas de los accidentes &#8230;<\/p>\n","protected":false},"author":13,"featured_media":24646,"parent":25184,"menu_order":0,"comment_status":"closed","ping_status":"closed","template":"","meta":{"_acf_changed":false,"inline_featured_image":false,"_genesis_hide_title":false,"_genesis_hide_breadcrumbs":false,"_genesis_hide_singular_image":false,"_genesis_hide_footer_widgets":false,"_genesis_custom_body_class":"","_genesis_custom_post_class":"","_genesis_layout":"","footnotes":""},"hc_faqs":[],"hc_spanish_faqs":[],"class_list":{"0":"post-25192","1":"page","2":"type-page","3":"status-publish","4":"has-post-thumbnail","6":"hc_city_location-washington-court-house-2","7":"entry"},"acf":[],"yoast_head":"<!-- This site is optimized with the Yoast SEO plugin v27.4 - https:\/\/yoast.com\/product\/yoast-seo-wordpress\/ -->\n<title>Abogados de accidentes peatonales en Washington Court House: Consulta gratuita<\/title>\n<meta name=\"description\" content=\"Comun\u00edquese hoy con nuestros abogados de accidentes peatonales de Washington Court House, Ohio, para programar su consulta inicial gratuita.\" \/>\n<meta name=\"robots\" content=\"index, follow, max-snippet:-1, max-image-preview:large, max-video-preview:-1\" \/>\n<link rel=\"canonical\" href=\"https:\/\/thehometownlawyers.com\/es\/washington-court-house\/abogados-de-accidentes-peatonales\/\" \/>\n<meta property=\"og:locale\" content=\"es_MX\" \/>\n<meta property=\"og:type\" content=\"article\" \/>\n<meta property=\"og:title\" content=\"Abogados de accidentes peatonales en Washington Court House: Consulta gratuita\" \/>\n<meta property=\"og:description\" content=\"Comun\u00edquese hoy con nuestros abogados de accidentes peatonales de Washington Court House, Ohio, para programar su consulta inicial gratuita.\" \/>\n<meta property=\"og:url\" content=\"https:\/\/thehometownlawyers.com\/es\/washington-court-house\/abogados-de-accidentes-peatonales\/\" \/>\n<meta property=\"og:site_name\" content=\"Kruger &amp; Hodges Abogados De Lesiones\" \/>\n<meta property=\"article:publisher\" content=\"https:\/\/www.facebook.com\/KrugerHodges\/\" \/>\n<meta property=\"article:modified_time\" content=\"2025-06-24T20:25:58+00:00\" \/>\n<meta property=\"og:image\" content=\"https:\/\/thehometownlawyers.com\/wp-content\/uploads\/2025\/03\/como-puede-evitar-los-accidentes-de-marcha-atras.jpg\" \/>\n\t<meta property=\"og:image:width\" content=\"768\" \/>\n\t<meta property=\"og:image:height\" content=\"512\" \/>\n\t<meta property=\"og:image:type\" content=\"image\/jpeg\" \/>\n<meta name=\"twitter:card\" content=\"summary_large_image\" \/>\n<meta name=\"twitter:label1\" content=\"Tiempo de lectura\" \/>\n\t<meta name=\"twitter:data1\" content=\"4 minutos\" \/>\n<script type=\"application\/ld+json\" class=\"yoast-schema-graph\">{\"@context\":\"https:\\\/\\\/schema.org\",\"@graph\":[{\"@type\":\"WebPage\",\"@id\":\"https:\\\/\\\/thehometownlawyers.com\\\/es\\\/washington-court-house\\\/abogados-de-accidentes-peatonales\\\/\",\"url\":\"https:\\\/\\\/thehometownlawyers.com\\\/es\\\/washington-court-house\\\/abogados-de-accidentes-peatonales\\\/\",\"name\":\"Abogados de accidentes peatonales en Washington Court House: Consulta gratuita\",\"isPartOf\":{\"@id\":\"https:\\\/\\\/thehometownlawyers.com\\\/es\\\/#website\"},\"primaryImageOfPage\":{\"@id\":\"https:\\\/\\\/thehometownlawyers.com\\\/es\\\/washington-court-house\\\/abogados-de-accidentes-peatonales\\\/#primaryimage\"},\"image\":{\"@id\":\"https:\\\/\\\/thehometownlawyers.com\\\/es\\\/washington-court-house\\\/abogados-de-accidentes-peatonales\\\/#primaryimage\"},\"thumbnailUrl\":\"https:\\\/\\\/thehometownlawyers.com\\\/wp-content\\\/uploads\\\/2025\\\/03\\\/como-puede-evitar-los-accidentes-de-marcha-atras.jpg\",\"datePublished\":\"2025-06-24T20:17:34+00:00\",\"dateModified\":\"2025-06-24T20:25:58+00:00\",\"description\":\"Comun\u00edquese hoy con nuestros abogados de accidentes peatonales de Washington Court House, Ohio, para programar su consulta inicial gratuita.\",\"breadcrumb\":{\"@id\":\"https:\\\/\\\/thehometownlawyers.com\\\/es\\\/washington-court-house\\\/abogados-de-accidentes-peatonales\\\/#breadcrumb\"},\"inLanguage\":\"es\",\"potentialAction\":[{\"@type\":\"ReadAction\",\"target\":[\"https:\\\/\\\/thehometownlawyers.com\\\/es\\\/washington-court-house\\\/abogados-de-accidentes-peatonales\\\/\"]}]},{\"@type\":\"ImageObject\",\"inLanguage\":\"es\",\"@id\":\"https:\\\/\\\/thehometownlawyers.com\\\/es\\\/washington-court-house\\\/abogados-de-accidentes-peatonales\\\/#primaryimage\",\"url\":\"https:\\\/\\\/thehometownlawyers.com\\\/wp-content\\\/uploads\\\/2025\\\/03\\\/como-puede-evitar-los-accidentes-de-marcha-atras.jpg\",\"contentUrl\":\"https:\\\/\\\/thehometownlawyers.com\\\/wp-content\\\/uploads\\\/2025\\\/03\\\/como-puede-evitar-los-accidentes-de-marcha-atras.jpg\",\"width\":768,\"height\":512,\"caption\":\"The annoyed female driver was backing up and accidentally hit a parked car.\"},{\"@type\":\"BreadcrumbList\",\"@id\":\"https:\\\/\\\/thehometownlawyers.com\\\/es\\\/washington-court-house\\\/abogados-de-accidentes-peatonales\\\/#breadcrumb\",\"itemListElement\":[{\"@type\":\"ListItem\",\"position\":1,\"name\":\"Home\",\"item\":\"https:\\\/\\\/thehometownlawyers.com\\\/es\\\/\"},{\"@type\":\"ListItem\",\"position\":2,\"name\":\"Abogado de Lesiones Personales en Washington Court House\",\"item\":\"https:\\\/\\\/thehometownlawyers.com\\\/es\\\/washington-court-house\\\/abogado-de-lesiones-personales\\\/\"},{\"@type\":\"ListItem\",\"position\":3,\"name\":\"Abogados De Accidentes Peatonales En Washington Court House\"}]},{\"@type\":\"WebSite\",\"@id\":\"https:\\\/\\\/thehometownlawyers.com\\\/es\\\/#website\",\"url\":\"https:\\\/\\\/thehometownlawyers.com\\\/es\\\/\",\"name\":\"Kruger & Hodges Hometown Injury Lawyers | Accident Attorneys\",\"description\":\"Attorneys for Car, Truck and Motorcycle Accidents, Personal Injuries, and Criminal Defense.\",\"publisher\":{\"@id\":\"https:\\\/\\\/thehometownlawyers.com\\\/es\\\/#organization\"},\"alternateName\":\"Kruger & Hodges Personal Injury Lawyers\",\"inLanguage\":\"es\"},{\"@type\":\"Organization\",\"@id\":\"https:\\\/\\\/thehometownlawyers.com\\\/es\\\/#organization\",\"name\":\"Kruger & Hodges Hometown Injury Lawyers\",\"alternateName\":\"Kruger & Hodges\",\"url\":\"https:\\\/\\\/thehometownlawyers.com\\\/es\\\/\",\"logo\":{\"@type\":\"ImageObject\",\"inLanguage\":\"es\",\"@id\":\"https:\\\/\\\/thehometownlawyers.com\\\/es\\\/#\\\/schema\\\/logo\\\/image\\\/\",\"url\":\"https:\\\/\\\/thehometownlawyers.com\\\/wp-content\\\/uploads\\\/2025\\\/12\\\/revised-kh-logo-vertical-white-background-scaled.png\",\"contentUrl\":\"https:\\\/\\\/thehometownlawyers.com\\\/wp-content\\\/uploads\\\/2025\\\/12\\\/revised-kh-logo-vertical-white-background-scaled.png\",\"width\":2560,\"height\":1440,\"caption\":\"Kruger & Hodges Hometown Injury Lawyers\"},\"image\":{\"@id\":\"https:\\\/\\\/thehometownlawyers.com\\\/es\\\/#\\\/schema\\\/logo\\\/image\\\/\"},\"sameAs\":[\"https:\\\/\\\/www.facebook.com\\\/KrugerHodges\\\/\",\"https:\\\/\\\/www.instagram.com\\\/krugerhodges\\\/\",\"https:\\\/\\\/www.linkedin.com\\\/company\\\/kruger-hodges-hometown-injury-lawyers\\\/\",\"https:\\\/\\\/www.youtube.com\\\/channel\\\/UCeYcMaMaN2rb9jMlqt4EIdQ\",\"https:\\\/\\\/www.tiktok.com\\\/@thehometownlawyer\"]}]}<\/script>\n<!-- \/ Yoast SEO plugin. -->","yoast_head_json":{"title":"Abogados de accidentes peatonales en Washington Court House: Consulta gratuita","description":"Comun\u00edquese hoy con nuestros abogados de accidentes peatonales de Washington Court House, Ohio, para programar su consulta inicial gratuita.","robots":{"index":"index","follow":"follow","max-snippet":"max-snippet:-1","max-image-preview":"max-image-preview:large","max-video-preview":"max-video-preview:-1"},"canonical":"https:\/\/thehometownlawyers.com\/es\/washington-court-house\/abogados-de-accidentes-peatonales\/","og_locale":"es_MX","og_type":"article","og_title":"Abogados de accidentes peatonales en Washington Court House: Consulta gratuita","og_description":"Comun\u00edquese hoy con nuestros abogados de accidentes peatonales de Washington Court House, Ohio, para programar su consulta inicial gratuita.","og_url":"https:\/\/thehometownlawyers.com\/es\/washington-court-house\/abogados-de-accidentes-peatonales\/","og_site_name":"Kruger &amp; Hodges Abogados De Lesiones","article_publisher":"https:\/\/www.facebook.com\/KrugerHodges\/","article_modified_time":"2025-06-24T20:25:58+00:00","og_image":[{"width":768,"height":512,"url":"https:\/\/thehometownlawyers.com\/wp-content\/uploads\/2025\/03\/como-puede-evitar-los-accidentes-de-marcha-atras.jpg","type":"image\/jpeg"}],"twitter_card":"summary_large_image","twitter_misc":{"Tiempo de lectura":"4 minutos"},"schema":{"@context":"https:\/\/schema.org","@graph":[{"@type":"WebPage","@id":"https:\/\/thehometownlawyers.com\/es\/washington-court-house\/abogados-de-accidentes-peatonales\/","url":"https:\/\/thehometownlawyers.com\/es\/washington-court-house\/abogados-de-accidentes-peatonales\/","name":"Abogados de accidentes peatonales en Washington Court House: Consulta gratuita","isPartOf":{"@id":"https:\/\/thehometownlawyers.com\/es\/#website"},"primaryImageOfPage":{"@id":"https:\/\/thehometownlawyers.com\/es\/washington-court-house\/abogados-de-accidentes-peatonales\/#primaryimage"},"image":{"@id":"https:\/\/thehometownlawyers.com\/es\/washington-court-house\/abogados-de-accidentes-peatonales\/#primaryimage"},"thumbnailUrl":"https:\/\/thehometownlawyers.com\/wp-content\/uploads\/2025\/03\/como-puede-evitar-los-accidentes-de-marcha-atras.jpg","datePublished":"2025-06-24T20:17:34+00:00","dateModified":"2025-06-24T20:25:58+00:00","description":"Comun\u00edquese hoy con nuestros abogados de accidentes peatonales de Washington Court House, Ohio, para programar su consulta inicial gratuita.","breadcrumb":{"@id":"https:\/\/thehometownlawyers.com\/es\/washington-court-house\/abogados-de-accidentes-peatonales\/#breadcrumb"},"inLanguage":"es","potentialAction":[{"@type":"ReadAction","target":["https:\/\/thehometownlawyers.com\/es\/washington-court-house\/abogados-de-accidentes-peatonales\/"]}]},{"@type":"ImageObject","inLanguage":"es","@id":"https:\/\/thehometownlawyers.com\/es\/washington-court-house\/abogados-de-accidentes-peatonales\/#primaryimage","url":"https:\/\/thehometownlawyers.com\/wp-content\/uploads\/2025\/03\/como-puede-evitar-los-accidentes-de-marcha-atras.jpg","contentUrl":"https:\/\/thehometownlawyers.com\/wp-content\/uploads\/2025\/03\/como-puede-evitar-los-accidentes-de-marcha-atras.jpg","width":768,"height":512,"caption":"The annoyed female driver was backing up and accidentally hit a parked car."},{"@type":"BreadcrumbList","@id":"https:\/\/thehometownlawyers.com\/es\/washington-court-house\/abogados-de-accidentes-peatonales\/#breadcrumb","itemListElement":[{"@type":"ListItem","position":1,"name":"Home","item":"https:\/\/thehometownlawyers.com\/es\/"},{"@type":"ListItem","position":2,"name":"Abogado de Lesiones Personales en Washington Court House","item":"https:\/\/thehometownlawyers.com\/es\/washington-court-house\/abogado-de-lesiones-personales\/"},{"@type":"ListItem","position":3,"name":"Abogados De Accidentes Peatonales En Washington Court House"}]},{"@type":"WebSite","@id":"https:\/\/thehometownlawyers.com\/es\/#website","url":"https:\/\/thehometownlawyers.com\/es\/","name":"Kruger & Hodges Hometown Injury Lawyers | Accident Attorneys","description":"Attorneys for Car, Truck and Motorcycle Accidents, Personal Injuries, and Criminal Defense.","publisher":{"@id":"https:\/\/thehometownlawyers.com\/es\/#organization"},"alternateName":"Kruger & Hodges Personal Injury Lawyers","inLanguage":"es"},{"@type":"Organization","@id":"https:\/\/thehometownlawyers.com\/es\/#organization","name":"Kruger & Hodges Hometown Injury Lawyers","alternateName":"Kruger & Hodges","url":"https:\/\/thehometownlawyers.com\/es\/","logo":{"@type":"ImageObject","inLanguage":"es","@id":"https:\/\/thehometownlawyers.com\/es\/#\/schema\/logo\/image\/","url":"https:\/\/thehometownlawyers.com\/wp-content\/uploads\/2025\/12\/revised-kh-logo-vertical-white-background-scaled.png","contentUrl":"https:\/\/thehometownlawyers.com\/wp-content\/uploads\/2025\/12\/revised-kh-logo-vertical-white-background-scaled.png","width":2560,"height":1440,"caption":"Kruger & Hodges Hometown Injury Lawyers"},"image":{"@id":"https:\/\/thehometownlawyers.com\/es\/#\/schema\/logo\/image\/"},"sameAs":["https:\/\/www.facebook.com\/KrugerHodges\/","https:\/\/www.instagram.com\/krugerhodges\/","https:\/\/www.linkedin.com\/company\/kruger-hodges-hometown-injury-lawyers\/","https:\/\/www.youtube.com\/channel\/UCeYcMaMaN2rb9jMlqt4EIdQ","https:\/\/www.tiktok.com\/@thehometownlawyer"]}]}},"_links":{"self":[{"href":"https:\/\/thehometownlawyers.com\/es\/wp-json\/wp\/v2\/pages\/25192","targetHints":{"allow":["GET"]}}],"collection":[{"href":"https:\/\/thehometownlawyers.com\/es\/wp-json\/wp\/v2\/pages"}],"about":[{"href":"https:\/\/thehometownlawyers.com\/es\/wp-json\/wp\/v2\/types\/page"}],"author":[{"embeddable":true,"href":"https:\/\/thehometownlawyers.com\/es\/wp-json\/wp\/v2\/users\/13"}],"replies":[{"embeddable":true,"href":"https:\/\/thehometownlawyers.com\/es\/wp-json\/wp\/v2\/comments?post=25192"}],"version-history":[{"count":0,"href":"https:\/\/thehometownlawyers.com\/es\/wp-json\/wp\/v2\/pages\/25192\/revisions"}],"up":[{"embeddable":true,"href":"https:\/\/thehometownlawyers.com\/es\/wp-json\/wp\/v2\/pages\/25184"}],"wp:featuredmedia":[{"embeddable":true,"href":"https:\/\/thehometownlawyers.com\/es\/wp-json\/wp\/v2\/media\/24646"}],"wp:attachment":[{"href":"https:\/\/thehometownlawyers.com\/es\/wp-json\/wp\/v2\/media?parent=25192"}],"wp:term":[{"taxonomy":"hc_faqs","embeddable":true,"href":"https:\/\/thehometownlawyers.com\/es\/wp-json\/wp\/v2\/hc_faqs?post=25192"},{"taxonomy":"hc_spanish_faqs","embeddable":true,"href":"https:\/\/thehometownlawyers.com\/es\/wp-json\/wp\/v2\/hc_spanish_faqs?post=25192"}],"curies":[{"name":"wp","href":"https:\/\/api.w.org\/{rel}","templated":true}]}}