{"id":25194,"date":"2025-06-24T16:43:23","date_gmt":"2025-06-24T20:43:23","guid":{"rendered":"https:\/\/thehometownlawyers.com\/?page_id=25194"},"modified":"2025-06-24T16:43:23","modified_gmt":"2025-06-24T20:43:23","slug":"abogados-de-accidente-de-bicicleta-en-middletown","status":"publish","type":"page","link":"https:\/\/thehometownlawyers.com\/es\/middletown\/abogados-de-accidente-de-bicicleta\/","title":{"rendered":"Abogados De Accidente De Bicicleta En Middletown"},"content":{"rendered":"<h2><span style=\"font-weight: 400;\">\u00bfPor qu\u00e9 podr\u00eda necesitar un abogado especializado en accidentes de peatones y ciclistas en Middletown, Ohio?<\/span><\/h2>\n<p><span style=\"font-weight: 400;\">Hablar con nuestros abogados expertos en accidentes de peatones y ciclistas en Middletown, Ohio, es un gran paso para obtener la compensaci\u00f3n que usted o su ser querido necesitan y merecen. Antes de analizar los beneficios de trabajar con Kruger &amp; Hodges, le presentamos un resumen de los accidentes de peatones y ciclistas.<\/span><\/p>\n<p><span style=\"font-weight: 400;\">Estos accidentes ocurren en diferentes ciudades de Ohio, incluyendo Middletown. Aunque las estad\u00edsticas muestran que el n\u00famero de accidentes de peatones en Middletown se ha reducido en los \u00faltimos a\u00f1os, una lesi\u00f3n o muerte es demasiado.<\/span><\/p>\n<p><span style=\"font-weight: 400;\">Un abogado con experiencia en accidentes de peatones y ciclistas puede ayudarle a defender sus derechos. Aqu\u00ed tiene algunos puntos que debe saber sobre andar en bicicleta o caminar en Middletown, Ohio:<\/span><\/p>\n<p><span style=\"font-weight: 400;\">Tiene derecho de paso:<\/span><\/p>\n<ul>\n<li><span style=\"font-weight: 400;\">Si las se\u00f1ales de tr\u00e1fico lo permiten;<\/span><\/li>\n<li>Al cruzar una calle usando un cruce peatonal;<\/li>\n<li>Al caminar por las aceras;<\/li>\n<li>Si es ciego y lleva un bast\u00f3n blanco liso o un bast\u00f3n blanco con punta roja;<\/li>\n<li>Si lo gu\u00eda un perro gu\u00eda.<\/li>\n<\/ul>\n<p>Si usted es ciclista en Middletown, OH, usted:<\/p>\n<ul>\n<li><span style=\"font-weight: 400;\">Tiene el mismo derecho de paso que cualquier otro conductor de veh\u00edculo en la carretera;<\/span><\/li>\n<li>Debe conducir lo m\u00e1s cerca posible del lado derecho de la carretera, a menos que sea irrazonable o peligroso hacerlo; y<\/li>\n<li>Debe observar todas las normas b\u00e1sicas de tr\u00e1nsito en todo momento.<\/li>\n<\/ul>\n<p class=\"rs-content-cta rs-content-cta-small\">Para una consulta legal gratuita, llame al <a href=\"tel:+15138059841\">513-805-9841 <\/a><\/p><h2><span style=\"font-weight: 400;\">Causas comunes de accidentes de peatones y ciclistas en Middletown<\/span><\/h2>\n<p><span style=\"font-weight: 400;\">Los accidentes de peatones y ciclistas ocurren por diversas razones. Sin embargo, la mayor\u00eda de las veces, estos accidentes ocurren por negligencia. Algunos ejemplos de acciones negligentes incluyen:<\/span><\/p>\n<ul>\n<li><span style=\"font-weight: 400;\">Enviar mensajes de texto mientras se conduce<\/span><\/li>\n<li><span style=\"font-weight: 400;\">Conducir bajo la influencia de drogas o alcohol<\/span><\/li>\n<li><span style=\"font-weight: 400;\">No respetar las se\u00f1ales de tr\u00e1nsito<\/span><\/li>\n<li><span style=\"font-weight: 400;\">Conducir por encima del l\u00edmite de velocidad<\/span><\/li>\n<li><span style=\"font-weight: 400;\">Conducir en zonas estrictamente restringidas a peatones y ciclistas<\/span><\/li>\n<\/ul>\n<p><span style=\"font-weight: 400;\">En algunos casos, estos accidentes pueden ocurrir debido a la negligencia de m\u00e1s de una persona. Por ejemplo, los cruces peatonales sin marcar podr\u00edan ser una se\u00f1al de negligencia por parte de la autoridad local encargada del mantenimiento de las carreteras. Lo mismo ocurre con la mala iluminaci\u00f3n en zonas con mucho tr\u00e1fico, especialmente de noche. <\/span><\/p>\n<p class=\"rs-content-cta\">Abogado de Lesiones Personales de Middletown Cerca de M\u00ed <a href=\"tel:+15138059841\">513-805-9841<\/a><\/p><h2><span style=\"font-weight: 400;\">Lesiones comunes causadas por accidentes de peatones y ciclistas<\/span><\/h2>\n<p><span style=\"font-weight: 400;\">Este tipo de accidentes causan todo tipo de lesiones. Lo peor es que algunas de estas lesiones pueden cambiar la vida. Aqu\u00ed hay algunos ejemplos:<\/span><\/p>\n<p><span style=\"font-weight: 400;\">Lesiones cerebrales traum\u00e1ticas<\/span><\/p>\n<p><span style=\"font-weight: 400;\">Estas lesiones ocurren cuando la v\u00edctima recibe un golpe fuerte hasta el final. Como resultado, puede experimentar p\u00e9rdida de memoria, convulsiones, n\u00e1useas, dolores de cabeza constantes o da\u00f1o cerebral permanente.<\/span><\/p>\n<p><span style=\"font-weight: 400;\">Lesiones de la m\u00e9dula espinal<\/span><\/p>\n<p><span style=\"font-weight: 400;\">Estas suelen ser algunas de las lesiones m\u00e1s graves. Pueden provocar par\u00e1lisis parcial o permanente, seg\u00fan la gravedad del accidente.<\/span><\/p>\n<p><span style=\"font-weight: 400;\">\u00d3rganos da\u00f1ados<\/span><\/p>\n<p><span style=\"font-weight: 400;\">Los da\u00f1os internos del cuerpo pueden provocar situaciones graves que pongan en peligro la vida. El ri\u00f1\u00f3n, los pulmones, los intestinos y el h\u00edgado son algunos de los \u00f3rganos m\u00e1s afectados en estos accidentes.<\/span><\/p>\n<p><span style=\"font-weight: 400;\">Huesos rotos<\/span><\/p>\n<p><span style=\"font-weight: 400;\">Muchos peatones o ciclistas que han sido lesionados por conductores negligentes sufren fracturas de huesos. En la mayor\u00eda de los casos, las fracturas de huesos solo se pueden corregir mediante cirug\u00eda si se atienden de inmediato.<\/span><\/p><p class=\"rs-content-cta rs-content-cta-small\"><a href=\"\/es\/contacto\/\">Haga clic para contactar<\/a> con nuestros lesiones personales abogados hoy<\/p><h2><span style=\"font-weight: 400;\">\u00bfQu\u00e9 hago si sufro lesiones por culpa de un conductor ebrio?<\/span><\/h2>\n<p><span style=\"font-weight: 400;\">Ya sea peat\u00f3n o ciclista, los pasos que tome tras sufrir lesiones por culpa de un conductor ebrio tendr\u00e1n un impacto significativo en su recuperaci\u00f3n y en el proceso de reclamaci\u00f3n. Aqu\u00ed tiene algunos puntos que debe tener en cuenta:<\/span><\/p>\n<ul>\n<li><span style=\"font-weight: 400;\">Su salud es lo primero. Llame al 911 y solicite una ambulancia si ha sufrido lesiones graves.<\/span><\/li>\n<li><span style=\"font-weight: 400;\">No intente alejarse del lugar del accidente si no puede caminar o si no es seguro hacerlo.<\/span><\/li>\n<li><span style=\"font-weight: 400;\">Cuando llegue la polic\u00eda, inf\u00f3rmeles de lo ocurrido, pero no se responsabilice del accidente, aunque se sienta parcialmente culpable.<\/span><\/li>\n<li><span style=\"font-weight: 400;\">Si no necesit\u00f3 una ambulancia, es importante que visite a un m\u00e9dico a m\u00e1s tardar 14 d\u00edas despu\u00e9s del accidente.<\/span><\/li>\n<li><span style=\"font-weight: 400;\">Si sufri\u00f3 lesiones graves, podr\u00eda necesitar hablar con abogados competentes en accidentes de peatones y ciclistas en Middletown. <\/span><\/li>\n<\/ul>\n<p class=\"rs-content-cta rs-content-cta-small\">Complete una <a href=\"\/es\/contacto\/\">evaluaci\u00f3n gratuita de su caso<\/a> ahora<\/p><h2><span style=\"font-weight: 400;\">Proceso de Reclamaciones por Accidentes de Peat\u00f3n y Bicicleta: Explicaci\u00f3n<\/span><\/h2>\n<p><span style=\"font-weight: 400;\">Al contactar a un abogado con experiencia para que lo represente, primero analizar\u00e1 su caso para determinar si tiene una reclamaci\u00f3n v\u00e1lida contra la otra parte. Posteriormente, el abogado iniciar\u00e1 sus investigaciones para construir un caso s\u00f3lido contra la otra parte. Este proceso incluye la recopilaci\u00f3n o revisi\u00f3n de pruebas, entrevistas a testigos, la obtenci\u00f3n de dict\u00e1menes periciales, etc.<\/span><\/p>\n<p><span style=\"font-weight: 400;\">A continuaci\u00f3n, el abogado evaluar\u00e1 los da\u00f1os que sufri\u00f3 debido a la negligencia de la otra parte. Dependiendo de la naturaleza de sus lesiones, podr\u00eda obtener una indemnizaci\u00f3n por los siguientes da\u00f1os:<\/span><\/p>\n<ul>\n<li><span style=\"font-weight: 400;\">Gastos m\u00e9dicos<\/span><\/li>\n<li><span style=\"font-weight: 400;\">Dolor y sufrimiento<\/span><\/li>\n<li><span style=\"font-weight: 400;\">Da\u00f1os materiales<\/span><\/li>\n<li><span style=\"font-weight: 400;\">P\u00e9rdida de ingresos<\/span><\/li>\n<li><span style=\"font-weight: 400;\">P\u00e9rdida de potencial de ingresos<\/span><\/li>\n<li><span style=\"font-weight: 400;\">Desfiguraci\u00f3n permanente<\/span><\/li>\n<li><span style=\"font-weight: 400;\">Costo de gastos m\u00e9dicos futuros<\/span><\/li>\n<li><span style=\"font-weight: 400;\">Y mucho m\u00e1s.<\/span><\/li>\n<\/ul>\n<p><span style=\"font-weight: 400;\">Despu\u00e9s de construir un caso s\u00f3lido contra la otra parte y evaluar sus da\u00f1os, el abogado presentar\u00e1 una reclamaci\u00f3n formal ante la aseguradora del conductor. La compa\u00f1\u00eda de seguros aceptar\u00e1 o rechazar\u00e1 la reclamaci\u00f3n. Dependiendo de la solidez del caso, ambas partes podr\u00edan decidir negociar un acuerdo razonable. Sin embargo, si ambas partes no llegan a un acuerdo, el abogado presentar\u00e1 una demanda ante el tribunal, llevando el caso ante el juez. El juez escuchar\u00e1 a ambas partes, revisar\u00e1 las pruebas disponibles y decidir\u00e1 la mejor manera de proceder. Si falla en su contra, su abogado tambi\u00e9n puede presentar una apelaci\u00f3n en su nombre.<\/span><\/p><h2><span style=\"font-weight: 400;\">\u00bfC\u00f3mo elijo al mejor abogado de accidentes de auto?<\/span><\/h2><p><span style=\"font-weight: 400;\">Sin duda, un abogado puede ayudarle a defender sus derechos; solo tiene que encontrar al adecuado para que lo represente. Al buscar al mejor abogado, considere los siguientes factores:<\/span><\/p>\n<ul>\n<li><span style=\"font-weight: 400;\">Su experiencia.<\/span><\/li>\n<li><span style=\"font-weight: 400;\">Lo que otros clientes dicen de \u00e9l.<\/span><\/li>\n<li><span style=\"font-weight: 400;\">Si manejar\u00e1 su caso directamente o lo subcontratar\u00e1 a otro abogado o bufete.<\/span><\/li>\n<li><span style=\"font-weight: 400;\">Si parece tener conocimiento sobre su caso espec\u00edfico.<\/span><\/li>\n<li><span style=\"font-weight: 400;\">Si cuenta con los recursos legales suficientes para defenderlo.<\/span><\/li>\n<\/ul><h2><span style=\"font-weight: 400;\">C\u00f3mo puede ayudarle Kruger &amp; Hodges<\/span><\/h2>\n<p><span style=\"font-weight: 400;\">Al buscar los mejores abogados de accidentes de peatones y ciclistas en Middletown, OH, probablemente encontrar\u00e1 muchas opciones. Pero algunas son mejores que otras. En Kruger &amp; Hodges, somos conocidos en los condados de Butler y Warren por nuestra experiencia, compasi\u00f3n y accesibilidad. No est\u00e1 solo en esta lucha. Llame a nuestra oficina de Middletown para programar una <a href=\"https:\/\/thehometownlawyers.com\/es\/contacto\/\">consulta gratuita<\/a> con alguien que se preocupa por usted.<\/span><\/p><p class=\"rs-content-cta rs-content-cta-small\">Llame o env\u00ede un mensaje de texto al <a href=\"tel:+15138059841\">513-805-9841<\/a> o complete una <a href=\"\/es\/contacto\/\">evaluaci\u00f3n gratuita de su caso<\/a><\/p>","protected":false},"excerpt":{"rendered":"<p>\u00bfPor qu\u00e9 podr\u00eda necesitar un abogado especializado en accidentes de peatones y ciclistas en Middletown, Ohio? Hablar con nuestros abogados expertos en accidentes de peatones y ciclistas en Middletown, Ohio, es un gran paso para obtener la compensaci\u00f3n que usted o su ser querido necesitan y merecen. Antes de analizar los beneficios de trabajar con &#8230;<\/p>\n","protected":false},"author":13,"featured_media":23492,"parent":21227,"menu_order":0,"comment_status":"closed","ping_status":"closed","template":"","meta":{"_acf_changed":false,"inline_featured_image":false,"_genesis_hide_title":false,"_genesis_hide_breadcrumbs":false,"_genesis_hide_singular_image":false,"_genesis_hide_footer_widgets":false,"_genesis_custom_body_class":"","_genesis_custom_post_class":"","_genesis_layout":"","footnotes":""},"hc_faqs":[],"hc_spanish_faqs":[],"class_list":{"0":"post-25194","1":"page","2":"type-page","3":"status-publish","4":"has-post-thumbnail","6":"hc_city_location-middletown-es","7":"entry"},"acf":[],"yoast_head":"<!-- This site is optimized with the Yoast SEO plugin v27.3 - https:\/\/yoast.com\/product\/yoast-seo-wordpress\/ -->\n<title>Abogados de accidente de bicicleta en Middletown: Consulta gratuita<\/title>\n<meta name=\"description\" content=\"Comun\u00edquese hoy con nuestros abogados de accidente de bicicleta en Middletown, Ohio, para programar su consulta inicial gratuita.\" \/>\n<meta name=\"robots\" content=\"index, follow, max-snippet:-1, max-image-preview:large, max-video-preview:-1\" \/>\n<link rel=\"canonical\" href=\"https:\/\/thehometownlawyers.com\/es\/middletown\/abogados-de-accidente-de-bicicleta\/\" \/>\n<meta property=\"og:locale\" content=\"es_MX\" \/>\n<meta property=\"og:type\" content=\"article\" \/>\n<meta property=\"og:title\" content=\"Abogados de accidente de bicicleta en Middletown: Consulta gratuita\" \/>\n<meta property=\"og:description\" content=\"Comun\u00edquese hoy con nuestros abogados de accidente de bicicleta en Middletown, Ohio, para programar su consulta inicial gratuita.\" \/>\n<meta property=\"og:url\" content=\"https:\/\/thehometownlawyers.com\/es\/middletown\/abogados-de-accidente-de-bicicleta\/\" \/>\n<meta property=\"og:site_name\" content=\"Kruger &amp; Hodges Abogados De Lesiones\" \/>\n<meta property=\"article:publisher\" content=\"https:\/\/www.facebook.com\/KrugerHodges\/\" \/>\n<meta property=\"og:image\" content=\"https:\/\/thehometownlawyers.com\/wp-content\/uploads\/2024\/06\/couple-riding-bicycle-on-the-side-of-the-road.jpg\" \/>\n\t<meta property=\"og:image:width\" content=\"1600\" \/>\n\t<meta property=\"og:image:height\" content=\"1067\" \/>\n\t<meta property=\"og:image:type\" content=\"image\/jpeg\" \/>\n<meta name=\"twitter:card\" content=\"summary_large_image\" \/>\n<meta name=\"twitter:label1\" content=\"Tiempo de lectura\" \/>\n\t<meta name=\"twitter:data1\" content=\"5 minutos\" \/>\n<script type=\"application\/ld+json\" class=\"yoast-schema-graph\">{\"@context\":\"https:\\\/\\\/schema.org\",\"@graph\":[{\"@type\":\"WebPage\",\"@id\":\"https:\\\/\\\/thehometownlawyers.com\\\/es\\\/middletown\\\/abogados-de-accidente-de-bicicleta\\\/\",\"url\":\"https:\\\/\\\/thehometownlawyers.com\\\/es\\\/middletown\\\/abogados-de-accidente-de-bicicleta\\\/\",\"name\":\"Abogados de accidente de bicicleta en Middletown: Consulta gratuita\",\"isPartOf\":{\"@id\":\"https:\\\/\\\/thehometownlawyers.com\\\/es\\\/#website\"},\"primaryImageOfPage\":{\"@id\":\"https:\\\/\\\/thehometownlawyers.com\\\/es\\\/middletown\\\/abogados-de-accidente-de-bicicleta\\\/#primaryimage\"},\"image\":{\"@id\":\"https:\\\/\\\/thehometownlawyers.com\\\/es\\\/middletown\\\/abogados-de-accidente-de-bicicleta\\\/#primaryimage\"},\"thumbnailUrl\":\"https:\\\/\\\/thehometownlawyers.com\\\/wp-content\\\/uploads\\\/2024\\\/06\\\/couple-riding-bicycle-on-the-side-of-the-road.jpg\",\"datePublished\":\"2025-06-24T20:43:23+00:00\",\"description\":\"Comun\u00edquese hoy con nuestros abogados de accidente de bicicleta en Middletown, Ohio, para programar su consulta inicial gratuita.\",\"breadcrumb\":{\"@id\":\"https:\\\/\\\/thehometownlawyers.com\\\/es\\\/middletown\\\/abogados-de-accidente-de-bicicleta\\\/#breadcrumb\"},\"inLanguage\":\"es\",\"potentialAction\":[{\"@type\":\"ReadAction\",\"target\":[\"https:\\\/\\\/thehometownlawyers.com\\\/es\\\/middletown\\\/abogados-de-accidente-de-bicicleta\\\/\"]}]},{\"@type\":\"ImageObject\",\"inLanguage\":\"es\",\"@id\":\"https:\\\/\\\/thehometownlawyers.com\\\/es\\\/middletown\\\/abogados-de-accidente-de-bicicleta\\\/#primaryimage\",\"url\":\"https:\\\/\\\/thehometownlawyers.com\\\/wp-content\\\/uploads\\\/2024\\\/06\\\/couple-riding-bicycle-on-the-side-of-the-road.jpg\",\"contentUrl\":\"https:\\\/\\\/thehometownlawyers.com\\\/wp-content\\\/uploads\\\/2024\\\/06\\\/couple-riding-bicycle-on-the-side-of-the-road.jpg\",\"width\":1600,\"height\":1067,\"caption\":\"a couple riding a bicycle on the side of the road\"},{\"@type\":\"BreadcrumbList\",\"@id\":\"https:\\\/\\\/thehometownlawyers.com\\\/es\\\/middletown\\\/abogados-de-accidente-de-bicicleta\\\/#breadcrumb\",\"itemListElement\":[{\"@type\":\"ListItem\",\"position\":1,\"name\":\"Home\",\"item\":\"https:\\\/\\\/thehometownlawyers.com\\\/es\\\/\"},{\"@type\":\"ListItem\",\"position\":2,\"name\":\"Abogado de Lesiones Personales en Middletown\",\"item\":\"https:\\\/\\\/thehometownlawyers.com\\\/es\\\/middletown\\\/personal-injury-lawyer\\\/\"},{\"@type\":\"ListItem\",\"position\":3,\"name\":\"Abogados De Accidente De Bicicleta En Middletown\"}]},{\"@type\":\"WebSite\",\"@id\":\"https:\\\/\\\/thehometownlawyers.com\\\/es\\\/#website\",\"url\":\"https:\\\/\\\/thehometownlawyers.com\\\/es\\\/\",\"name\":\"Kruger & Hodges Hometown Injury Lawyers | Accident Attorneys\",\"description\":\"Attorneys for Car, Truck and Motorcycle Accidents, Personal Injuries, and Criminal Defense.\",\"publisher\":{\"@id\":\"https:\\\/\\\/thehometownlawyers.com\\\/es\\\/#organization\"},\"alternateName\":\"Kruger & Hodges Personal Injury Lawyers\",\"inLanguage\":\"es\"},{\"@type\":\"Organization\",\"@id\":\"https:\\\/\\\/thehometownlawyers.com\\\/es\\\/#organization\",\"name\":\"Kruger & Hodges Hometown Injury Lawyers\",\"alternateName\":\"Kruger & Hodges\",\"url\":\"https:\\\/\\\/thehometownlawyers.com\\\/es\\\/\",\"logo\":{\"@type\":\"ImageObject\",\"inLanguage\":\"es\",\"@id\":\"https:\\\/\\\/thehometownlawyers.com\\\/es\\\/#\\\/schema\\\/logo\\\/image\\\/\",\"url\":\"https:\\\/\\\/thehometownlawyers.com\\\/wp-content\\\/uploads\\\/2025\\\/12\\\/revised-kh-logo-vertical-white-background-scaled.png\",\"contentUrl\":\"https:\\\/\\\/thehometownlawyers.com\\\/wp-content\\\/uploads\\\/2025\\\/12\\\/revised-kh-logo-vertical-white-background-scaled.png\",\"width\":2560,\"height\":1440,\"caption\":\"Kruger & Hodges Hometown Injury Lawyers\"},\"image\":{\"@id\":\"https:\\\/\\\/thehometownlawyers.com\\\/es\\\/#\\\/schema\\\/logo\\\/image\\\/\"},\"sameAs\":[\"https:\\\/\\\/www.facebook.com\\\/KrugerHodges\\\/\",\"https:\\\/\\\/www.instagram.com\\\/krugerhodges\\\/\",\"https:\\\/\\\/www.linkedin.com\\\/company\\\/kruger-hodges-hometown-injury-lawyers\\\/\",\"https:\\\/\\\/www.youtube.com\\\/channel\\\/UCeYcMaMaN2rb9jMlqt4EIdQ\",\"https:\\\/\\\/www.tiktok.com\\\/@thehometownlawyer\"]}]}<\/script>\n<!-- \/ Yoast SEO plugin. -->","yoast_head_json":{"title":"Abogados de accidente de bicicleta en Middletown: Consulta gratuita","description":"Comun\u00edquese hoy con nuestros abogados de accidente de bicicleta en Middletown, Ohio, para programar su consulta inicial gratuita.","robots":{"index":"index","follow":"follow","max-snippet":"max-snippet:-1","max-image-preview":"max-image-preview:large","max-video-preview":"max-video-preview:-1"},"canonical":"https:\/\/thehometownlawyers.com\/es\/middletown\/abogados-de-accidente-de-bicicleta\/","og_locale":"es_MX","og_type":"article","og_title":"Abogados de accidente de bicicleta en Middletown: Consulta gratuita","og_description":"Comun\u00edquese hoy con nuestros abogados de accidente de bicicleta en Middletown, Ohio, para programar su consulta inicial gratuita.","og_url":"https:\/\/thehometownlawyers.com\/es\/middletown\/abogados-de-accidente-de-bicicleta\/","og_site_name":"Kruger &amp; Hodges Abogados De Lesiones","article_publisher":"https:\/\/www.facebook.com\/KrugerHodges\/","og_image":[{"width":1600,"height":1067,"url":"https:\/\/thehometownlawyers.com\/wp-content\/uploads\/2024\/06\/couple-riding-bicycle-on-the-side-of-the-road.jpg","type":"image\/jpeg"}],"twitter_card":"summary_large_image","twitter_misc":{"Tiempo de lectura":"5 minutos"},"schema":{"@context":"https:\/\/schema.org","@graph":[{"@type":"WebPage","@id":"https:\/\/thehometownlawyers.com\/es\/middletown\/abogados-de-accidente-de-bicicleta\/","url":"https:\/\/thehometownlawyers.com\/es\/middletown\/abogados-de-accidente-de-bicicleta\/","name":"Abogados de accidente de bicicleta en Middletown: Consulta gratuita","isPartOf":{"@id":"https:\/\/thehometownlawyers.com\/es\/#website"},"primaryImageOfPage":{"@id":"https:\/\/thehometownlawyers.com\/es\/middletown\/abogados-de-accidente-de-bicicleta\/#primaryimage"},"image":{"@id":"https:\/\/thehometownlawyers.com\/es\/middletown\/abogados-de-accidente-de-bicicleta\/#primaryimage"},"thumbnailUrl":"https:\/\/thehometownlawyers.com\/wp-content\/uploads\/2024\/06\/couple-riding-bicycle-on-the-side-of-the-road.jpg","datePublished":"2025-06-24T20:43:23+00:00","description":"Comun\u00edquese hoy con nuestros abogados de accidente de bicicleta en Middletown, Ohio, para programar su consulta inicial gratuita.","breadcrumb":{"@id":"https:\/\/thehometownlawyers.com\/es\/middletown\/abogados-de-accidente-de-bicicleta\/#breadcrumb"},"inLanguage":"es","potentialAction":[{"@type":"ReadAction","target":["https:\/\/thehometownlawyers.com\/es\/middletown\/abogados-de-accidente-de-bicicleta\/"]}]},{"@type":"ImageObject","inLanguage":"es","@id":"https:\/\/thehometownlawyers.com\/es\/middletown\/abogados-de-accidente-de-bicicleta\/#primaryimage","url":"https:\/\/thehometownlawyers.com\/wp-content\/uploads\/2024\/06\/couple-riding-bicycle-on-the-side-of-the-road.jpg","contentUrl":"https:\/\/thehometownlawyers.com\/wp-content\/uploads\/2024\/06\/couple-riding-bicycle-on-the-side-of-the-road.jpg","width":1600,"height":1067,"caption":"a couple riding a bicycle on the side of the road"},{"@type":"BreadcrumbList","@id":"https:\/\/thehometownlawyers.com\/es\/middletown\/abogados-de-accidente-de-bicicleta\/#breadcrumb","itemListElement":[{"@type":"ListItem","position":1,"name":"Home","item":"https:\/\/thehometownlawyers.com\/es\/"},{"@type":"ListItem","position":2,"name":"Abogado de Lesiones Personales en Middletown","item":"https:\/\/thehometownlawyers.com\/es\/middletown\/personal-injury-lawyer\/"},{"@type":"ListItem","position":3,"name":"Abogados De Accidente De Bicicleta En Middletown"}]},{"@type":"WebSite","@id":"https:\/\/thehometownlawyers.com\/es\/#website","url":"https:\/\/thehometownlawyers.com\/es\/","name":"Kruger & Hodges Hometown Injury Lawyers | Accident Attorneys","description":"Attorneys for Car, Truck and Motorcycle Accidents, Personal Injuries, and Criminal Defense.","publisher":{"@id":"https:\/\/thehometownlawyers.com\/es\/#organization"},"alternateName":"Kruger & Hodges Personal Injury Lawyers","inLanguage":"es"},{"@type":"Organization","@id":"https:\/\/thehometownlawyers.com\/es\/#organization","name":"Kruger & Hodges Hometown Injury Lawyers","alternateName":"Kruger & Hodges","url":"https:\/\/thehometownlawyers.com\/es\/","logo":{"@type":"ImageObject","inLanguage":"es","@id":"https:\/\/thehometownlawyers.com\/es\/#\/schema\/logo\/image\/","url":"https:\/\/thehometownlawyers.com\/wp-content\/uploads\/2025\/12\/revised-kh-logo-vertical-white-background-scaled.png","contentUrl":"https:\/\/thehometownlawyers.com\/wp-content\/uploads\/2025\/12\/revised-kh-logo-vertical-white-background-scaled.png","width":2560,"height":1440,"caption":"Kruger & Hodges Hometown Injury Lawyers"},"image":{"@id":"https:\/\/thehometownlawyers.com\/es\/#\/schema\/logo\/image\/"},"sameAs":["https:\/\/www.facebook.com\/KrugerHodges\/","https:\/\/www.instagram.com\/krugerhodges\/","https:\/\/www.linkedin.com\/company\/kruger-hodges-hometown-injury-lawyers\/","https:\/\/www.youtube.com\/channel\/UCeYcMaMaN2rb9jMlqt4EIdQ","https:\/\/www.tiktok.com\/@thehometownlawyer"]}]}},"_links":{"self":[{"href":"https:\/\/thehometownlawyers.com\/es\/wp-json\/wp\/v2\/pages\/25194","targetHints":{"allow":["GET"]}}],"collection":[{"href":"https:\/\/thehometownlawyers.com\/es\/wp-json\/wp\/v2\/pages"}],"about":[{"href":"https:\/\/thehometownlawyers.com\/es\/wp-json\/wp\/v2\/types\/page"}],"author":[{"embeddable":true,"href":"https:\/\/thehometownlawyers.com\/es\/wp-json\/wp\/v2\/users\/13"}],"replies":[{"embeddable":true,"href":"https:\/\/thehometownlawyers.com\/es\/wp-json\/wp\/v2\/comments?post=25194"}],"version-history":[{"count":0,"href":"https:\/\/thehometownlawyers.com\/es\/wp-json\/wp\/v2\/pages\/25194\/revisions"}],"up":[{"embeddable":true,"href":"https:\/\/thehometownlawyers.com\/es\/wp-json\/wp\/v2\/pages\/21227"}],"wp:featuredmedia":[{"embeddable":true,"href":"https:\/\/thehometownlawyers.com\/es\/wp-json\/wp\/v2\/media\/23492"}],"wp:attachment":[{"href":"https:\/\/thehometownlawyers.com\/es\/wp-json\/wp\/v2\/media?parent=25194"}],"wp:term":[{"taxonomy":"hc_faqs","embeddable":true,"href":"https:\/\/thehometownlawyers.com\/es\/wp-json\/wp\/v2\/hc_faqs?post=25194"},{"taxonomy":"hc_spanish_faqs","embeddable":true,"href":"https:\/\/thehometownlawyers.com\/es\/wp-json\/wp\/v2\/hc_spanish_faqs?post=25194"}],"curies":[{"name":"wp","href":"https:\/\/api.w.org\/{rel}","templated":true}]}}