{"id":25196,"date":"2025-06-24T16:54:15","date_gmt":"2025-06-24T20:54:15","guid":{"rendered":"https:\/\/thehometownlawyers.com\/?page_id=25196"},"modified":"2025-06-24T16:55:13","modified_gmt":"2025-06-24T20:55:13","slug":"abogados-de-accidentes-peatonales-en-middletown","status":"publish","type":"page","link":"https:\/\/thehometownlawyers.com\/es\/middletown\/abogados-de-accidentes-peatonales\/","title":{"rendered":"Abogados de Accidentes Peatonales en Middletown"},"content":{"rendered":"<h2><span style=\"font-weight: 400;\">\u00bfPor qu\u00e9 necesitamos abogados de accidentes de peatones y ciclistas en Monroe?<\/span><\/h2><p><span style=\"font-weight: 400;\">Los accidentes de peatones y ciclistas pueden tener consecuencias devastadoras. Algunas son permanentes, mientras que otras, como la muerte, son irreversibles. Si usted o un ser querido es v\u00edctima de un accidente de este tipo, le recomendamos consultar con nuestros abogados de accidentes de peatones y ciclistas en Monroe.<\/span><\/p><p><span style=\"font-weight: 400;\">En Kruger &amp; Hodges, nuestros abogados de accidentes de peatones y ciclistas en Monroe pueden defender sus derechos si tiene una reclamaci\u00f3n v\u00e1lida contra la otra parte. Aqu\u00ed encontrar\u00e1 toda la informaci\u00f3n que necesita saber sobre este tipo de accidentes.<\/span><\/p><p class=\"rs-content-cta rs-content-cta-small\">Para una consulta legal gratuita, llame al <a href=\"tel:+15138059841\">513-805-9841 <\/a><\/p><h2><span style=\"font-weight: 400;\">\u00bfCu\u00e1les son sus derechos legales como peat\u00f3n o ciclista en Monroe?<\/span><\/h2><p><span style=\"font-weight: 400;\">Como peat\u00f3n en Monroe y en todo Ohio, tiene derecho de paso en ciertas circunstancias. Estas incluyen:<\/span><\/p><ul>\n<li style=\"font-weight: 400;\" aria-level=\"1\"><span style=\"font-weight: 400;\">Cuando las se\u00f1ales de tr\u00e1fico no est\u00e1n instaladas o no funcionan;<\/span><\/li>\n<li style=\"font-weight: 400;\" aria-level=\"1\"><span style=\"font-weight: 400;\">Cruzar una calle dentro de un cruce peatonal;<\/span><\/li>\n<li style=\"font-weight: 400;\" aria-level=\"1\"><span style=\"font-weight: 400;\">Caminando por las aceras; o<\/span><\/li>\n<li style=\"font-weight: 400;\" aria-level=\"1\"><span style=\"font-weight: 400;\">Una se\u00f1al de control peatonal le da el derecho de paso.<\/span><\/li>\n<\/ul><p><span style=\"font-weight: 400;\">En Ohio, los peatones invidentes tienen derecho de paso a todos los conductores. Esta ley cubre a los peatones que portan bastones blancos lisos o bastones blancos con puntas rojas, y a quienes viajan con perros gu\u00eda.<\/span><\/p><p><span style=\"font-weight: 400;\">Al igual que cualquier conductor de veh\u00edculo, los ciclistas de Monroe deben seguir todas las normas b\u00e1sicas de tr\u00e1nsito al andar en bicicleta. Ejemplos de estas normas incluyen detenerse en los sem\u00e1foros en rojo y las se\u00f1ales de alto, seguir las se\u00f1ales de tr\u00e1fico, etc.<\/span><\/p><p><span style=\"font-weight: 400;\">En Ohio, los ciclistas tienen el mismo derecho de paso que cualquier conductor de veh\u00edculo en la carretera. Sin embargo, deben conducir sus bicicletas lo m\u00e1s cerca posible del lado derecho de la carretera. En otros aspectos, como ciclista, se le permite usar la carretera como otros conductores, pero mantenerse en el lado derecho, y lo m\u00e1s cerca posible, a menos que sea inseguro o irrazonable.<\/span><\/p><p><span style=\"font-weight: 400;\">Las <\/span><a href=\"https:\/\/codes.ohio.gov\/ohio-revised-code\/section-4511.55\"><span style=\"font-weight: 400;\">leyes<\/span><\/a><span style=\"font-weight: 400;\"> que rigen a peatones y ciclistas en Monroe y el resto de Ohio son amplias. Si ha resultado lesionado por un conductor negligente, un abogado con experiencia en accidentes de peatones y ciclistas puede ayudarle a comprender mejor sus derechos.<\/span><\/p><p class=\"rs-content-cta\">Abogado de Lesiones Personales de Middletown Cerca de M\u00ed <a href=\"tel:+15138059841\">513-805-9841<\/a><\/p><h2><span style=\"font-weight: 400;\">\u00bfCu\u00e1les son las lesiones comunes en accidentes de peatones y ciclistas?<\/span><\/h2>\n<p><span style=\"font-weight: 400;\">Los accidentes de peatones y ciclistas pueden causar diferentes tipos de lesiones. Las m\u00e1s comunes incluyen:<\/span><\/p><ul>\n<li style=\"font-weight: 400;\" aria-level=\"1\"><span style=\"font-weight: 400;\">Desgarros musculares y ligamentos.<\/span><\/li>\n<li style=\"font-weight: 400;\" aria-level=\"1\"><span style=\"font-weight: 400;\">Cortes, raspaduras, moretones.<\/span><\/li>\n<li style=\"font-weight: 400;\" aria-level=\"1\"><span style=\"font-weight: 400;\">Lesiones de tejidos blandos.<\/span><\/li>\n<li style=\"font-weight: 400;\" aria-level=\"1\"><a href=\"https:\/\/thehometownlawyers.com\/faqs\/what-are-traumatic-brain-injuries\/\"><span style=\"font-weight: 400;\">Conmociones cerebrales.<\/span><\/a><\/li>\n<li style=\"font-weight: 400;\" aria-level=\"1\"><span style=\"font-weight: 400;\">Lesiones de espalda y cuello.<\/span><\/li>\n<li style=\"font-weight: 400;\" aria-level=\"1\"><a href=\"https:\/\/thehometownlawyers.com\/hamilton\/traumatic-brain-injury-lawyer\/\"><span style=\"font-weight: 400;\">Traumatismos craneoencef\u00e1licos.<\/span><\/a><\/li>\n<li style=\"font-weight: 400;\" aria-level=\"1\"><span style=\"font-weight: 400;\">Fracturas.<\/span><\/li>\n<li style=\"font-weight: 400;\" aria-level=\"1\"><span style=\"font-weight: 400;\">Lesiones en \u00f3rganos.<\/span><\/li>\n<\/ul><p class=\"rs-content-cta rs-content-cta-small\"><a href=\"\/es\/contacto\/\">Haga clic para contactar<\/a> con nuestros lesiones personales abogados hoy<\/p><h2><span style=\"font-weight: 400;\">Qu\u00e9 hacer si resulta lesionado por un conductor ebrio.<\/span><\/h2>\n<p><span style=\"font-weight: 400;\">Si ha resultado lesionado por un <\/span><a href=\"https:\/\/thehometownlawyers.com\/faqs\/can-i-sue-a-drunk-driver\/\"><span style=\"font-weight: 400;\">conductor ebrio<\/span><\/a><span style=\"font-weight: 400;\">, aqu\u00ed tiene algunos pasos a seguir:<\/span><\/p>\n<ul>\n<li style=\"font-weight: 400;\" aria-level=\"1\"><span style=\"font-weight: 400;\">Busque un lugar seguro, llame al 911 inmediatamente y solicite una ambulancia y un oficial de polic\u00eda.<\/span><\/li>\n<li style=\"font-weight: 400;\" aria-level=\"1\"><span style=\"font-weight: 400;\">Mientras espera la ambulancia, documente la escena del accidente tomando fotograf\u00edas de las lesiones, los da\u00f1os, las \u00e1reas circundantes, las se\u00f1ales de tr\u00e1fico importantes, etc.<\/span><\/li>\n<li style=\"font-weight: 400;\" aria-level=\"1\"><span style=\"font-weight: 400;\">Recopile la informaci\u00f3n de contacto de cualquier testigo en la escena.<\/span><\/li>\n<li style=\"font-weight: 400;\" aria-level=\"1\"><span style=\"font-weight: 400;\">Hable con la polic\u00eda sobre el accidente, pero no acepte la responsabilidad, incluso si se siente parcialmente responsable.<\/span><\/li>\n<li style=\"font-weight: 400;\" aria-level=\"1\"><span style=\"font-weight: 400;\">Documente su vida despu\u00e9s del accidente, incluyendo las visitas al hospital, c\u00f3mo se siente o cualquier otra informaci\u00f3n relevante.<\/span><\/li>\n<li style=\"font-weight: 400;\" aria-level=\"1\"><span style=\"font-weight: 400;\">Considere hablar con abogados con experiencia en accidentes de peatones y ciclistas que prestan servicios en Monroe.<\/span><\/li>\n<\/ul><p class=\"rs-content-cta rs-content-cta-small\">Complete una <a href=\"\/es\/contacto\/\">evaluaci\u00f3n gratuita de su caso<\/a> ahora<\/p><h2><span style=\"font-weight: 400;\">Abogados de Accidentes de Peatones y Bicicletas en Monroe \u2013 Explicaci\u00f3n del Proceso de Reclamaciones<\/span><\/h2>\n<p><span style=\"font-weight: 400;\">Como se detalla a continuaci\u00f3n, la mayor\u00eda de las reclamaciones por accidentes de peatones y bicicletas siguen un proceso est\u00e1ndar.<\/span><\/p><p><span style=\"font-weight: 400;\">El primer paso consiste en consultar con un abogado para analizar detalles importantes, como c\u00f3mo, cu\u00e1ndo y d\u00f3nde ocurri\u00f3 el accidente. Otros detalles incluyen, entre otros, las lesiones sufridas, la responsabilidad y las opciones de tratamiento.<\/span><\/p><p><span style=\"font-weight: 400;\">El segundo paso consiste en investigar el incidente. El abogado obtendr\u00e1 la documentaci\u00f3n necesaria, como los informes del accidente, entrevistar\u00e1 a testigos, revisar\u00e1 las pruebas disponibles y consultar\u00e1 con expertos.<\/span><\/p><p><span style=\"font-weight: 400;\">El abogado tambi\u00e9n recomendar\u00e1 diversas opciones de tratamiento, dado que cuenta con una amplia red de profesionales. As\u00ed que, ya sea que necesite un fisioterapeuta, un consejero, un masajista o cualquier otro profesional, un abogado con experiencia le ayudar\u00e1 a elegir el m\u00e1s adecuado.<\/span><\/p><p><span style=\"font-weight: 400;\">Su abogado elaborar\u00e1 un paquete de demanda y lo enviar\u00e1 a la parte responsable de sus lesiones para demostrar su p\u00e9rdida. Este paquete contiene sus facturas m\u00e9dicas, registros y otros documentos importantes para respaldar su caso.<\/span><\/p><p><span style=\"font-weight: 400;\">La parte culpable responder\u00e1, probablemente con una oferta de acuerdo. Con base en su experiencia manejando este tipo de casos, su abogado le informar\u00e1 si acepta la oferta. Si la oferta no es razonable, se iniciar\u00e1n las negociaciones.<\/span><\/p>\n<p><span style=\"font-weight: 400;\">Su abogado lo representar\u00e1 durante las negociaciones. Si la otra parte se niega a llegar a un acuerdo, es probable que el abogado lleve el caso a juicio y demuestre ante el jurado que usted merece la compensaci\u00f3n por la que lucha.<\/span><\/p><h2><span style=\"font-weight: 400;\">\u00bfC\u00f3mo elijo al mejor abogado de accidentes de auto?<\/span><\/h2><p><span style=\"font-weight: 400;\">Hay muchos aspectos que vale la pena considerar al buscar los mejores abogados de accidentes de auto. Sin embargo, siempre es importante centrarse solo en los m\u00e1s importantes. Estos incluyen:<\/span><\/p><p><span style=\"font-weight: 400;\">Experiencia: Necesita un abogado con amplia experiencia en este tipo de casos. Lo \u00faltimo que necesita es un abogado que lleve su caso como si fuera un experimento.<\/span><\/p><p><span style=\"font-weight: 400;\">Disponibilidad: El mejor abogado de accidentes de auto es aquel que tiene tiempo para su caso. No trabaje con un abogado si no puede dedicarle tiempo.<\/span><\/p><p><span style=\"font-weight: 400;\">Recursos: El proceso de investigar una reclamaci\u00f3n implica muchos recursos legales. Necesita un abogado con acceso a estos recursos para obtener la mejor representaci\u00f3n legal. Comunicaci\u00f3n: \u00bfResponde el abogado a sus llamadas o correos electr\u00f3nicos en un plazo razonable, preferiblemente en un m\u00e1ximo de 24 horas?<\/span><\/p><h2><span style=\"font-weight: 400;\">Contacte a Kruger &amp; Hodges despu\u00e9s de su accidente<\/span><\/h2><p><span style=\"font-weight: 400;\">Claro que encontrar\u00e1 muchos abogados especializados en accidentes de peatones y ciclistas en Monroe. Sin embargo, necesita trabajar con el mejor abogado para aumentar sus posibilidades de obtener el mejor resultado posible. Si eso es lo que busca, nos ha encontrado.<\/span><\/p><p><span style=\"font-weight: 400;\">En Kruger &amp; Hodgers, contamos con a\u00f1os de experiencia en el manejo de casos de accidentes de peatones y ciclistas. Tenemos experiencia trabajando con compa\u00f1\u00edas de seguros, por lo que conocemos las estrategias que utilizan las aseguradoras y sus abogados para eximir de responsabilidad a sus clientes.<\/span><\/p>\n<p><span style=\"font-weight: 400;\">Y si busca a alguien que luche por usted, necesita a alguien que pr\u00e1cticamente pueda predecir el pr\u00f3ximo paso de la otra parte. <\/span><a href=\"https:\/\/thehometownlawyers.com\/contact\/\"><span style=\"font-weight: 400;\">Llame hoy mismo a nuestra oficina<\/span><\/a><span style=\"font-weight: 400;\"> de Middletown para programar una consulta gratuita con un abogado experimentado. Adem\u00e1s de Middletown, nuestros abogados prestan servicios en Monroe, Eaton, Hamilton y las ciudades circundantes.<\/span><\/p>\n<p class=\"rs-content-cta rs-content-cta-small\">Llame o env\u00ede un mensaje de texto al <a href=\"tel:+15138059841\">513-805-9841<\/a> o complete una <a href=\"\/es\/contacto\/\">evaluaci\u00f3n gratuita de su caso<\/a><\/p>","protected":false},"excerpt":{"rendered":"<p>\u00bfPor qu\u00e9 necesitamos abogados de accidentes de peatones y ciclistas en Monroe?Los accidentes de peatones y ciclistas pueden tener consecuencias devastadoras. Algunas son permanentes, mientras que otras, como la muerte, son irreversibles. Si usted o un ser querido es v\u00edctima de un accidente de este tipo, le recomendamos consultar con nuestros abogados de accidentes de &#8230;<\/p>\n","protected":false},"author":13,"featured_media":24652,"parent":21227,"menu_order":0,"comment_status":"closed","ping_status":"closed","template":"","meta":{"_acf_changed":false,"inline_featured_image":false,"_genesis_hide_title":false,"_genesis_hide_breadcrumbs":false,"_genesis_hide_singular_image":false,"_genesis_hide_footer_widgets":false,"_genesis_custom_body_class":"","_genesis_custom_post_class":"","_genesis_layout":"","footnotes":""},"hc_faqs":[],"hc_spanish_faqs":[],"class_list":{"0":"post-25196","1":"page","2":"type-page","3":"status-publish","4":"has-post-thumbnail","6":"hc_city_location-middletown-es","7":"entry"},"acf":[],"yoast_head":"<!-- This site is optimized with the Yoast SEO plugin v27.4 - https:\/\/yoast.com\/product\/yoast-seo-wordpress\/ -->\n<title>Abogados de accidentes peatonales en Middletown: Consulta gratuita<\/title>\n<meta name=\"description\" content=\"Comun\u00edquese hoy con nuestros abogados de accidentes peatonales en Middletown, Ohio, para programar su consulta inicial gratuita.\" \/>\n<meta name=\"robots\" content=\"index, follow, max-snippet:-1, max-image-preview:large, max-video-preview:-1\" \/>\n<link rel=\"canonical\" href=\"https:\/\/thehometownlawyers.com\/es\/middletown\/abogados-de-accidentes-peatonales\/\" \/>\n<meta property=\"og:locale\" content=\"es_MX\" \/>\n<meta property=\"og:type\" content=\"article\" \/>\n<meta property=\"og:title\" content=\"Abogados de accidentes peatonales en Middletown: Consulta gratuita\" \/>\n<meta property=\"og:description\" content=\"Comun\u00edquese hoy con nuestros abogados de accidentes peatonales en Middletown, Ohio, para programar su consulta inicial gratuita.\" \/>\n<meta property=\"og:url\" content=\"https:\/\/thehometownlawyers.com\/es\/middletown\/abogados-de-accidentes-peatonales\/\" \/>\n<meta property=\"og:site_name\" content=\"Kruger &amp; Hodges Abogados De Lesiones\" \/>\n<meta property=\"article:publisher\" content=\"https:\/\/www.facebook.com\/KrugerHodges\/\" \/>\n<meta property=\"article:modified_time\" content=\"2025-06-24T20:55:13+00:00\" \/>\n<meta property=\"og:image\" content=\"https:\/\/thehometownlawyers.com\/wp-content\/uploads\/2020\/01\/accidentes-automovilisticos-al-amanecer-al-anochecer-y-en-ohio.jpg\" \/>\n\t<meta property=\"og:image:width\" content=\"768\" \/>\n\t<meta property=\"og:image:height\" content=\"512\" \/>\n\t<meta property=\"og:image:type\" content=\"image\/jpeg\" \/>\n<meta name=\"twitter:card\" content=\"summary_large_image\" \/>\n<meta name=\"twitter:label1\" content=\"Tiempo de lectura\" \/>\n\t<meta name=\"twitter:data1\" content=\"5 minutos\" \/>\n<script type=\"application\/ld+json\" class=\"yoast-schema-graph\">{\"@context\":\"https:\\\/\\\/schema.org\",\"@graph\":[{\"@type\":\"WebPage\",\"@id\":\"https:\\\/\\\/thehometownlawyers.com\\\/es\\\/middletown\\\/abogados-de-accidentes-peatonales\\\/\",\"url\":\"https:\\\/\\\/thehometownlawyers.com\\\/es\\\/middletown\\\/abogados-de-accidentes-peatonales\\\/\",\"name\":\"Abogados de accidentes peatonales en Middletown: Consulta gratuita\",\"isPartOf\":{\"@id\":\"https:\\\/\\\/thehometownlawyers.com\\\/es\\\/#website\"},\"primaryImageOfPage\":{\"@id\":\"https:\\\/\\\/thehometownlawyers.com\\\/es\\\/middletown\\\/abogados-de-accidentes-peatonales\\\/#primaryimage\"},\"image\":{\"@id\":\"https:\\\/\\\/thehometownlawyers.com\\\/es\\\/middletown\\\/abogados-de-accidentes-peatonales\\\/#primaryimage\"},\"thumbnailUrl\":\"https:\\\/\\\/thehometownlawyers.com\\\/wp-content\\\/uploads\\\/2020\\\/01\\\/accidentes-automovilisticos-al-amanecer-al-anochecer-y-en-ohio.jpg\",\"datePublished\":\"2025-06-24T20:54:15+00:00\",\"dateModified\":\"2025-06-24T20:55:13+00:00\",\"description\":\"Comun\u00edquese hoy con nuestros abogados de accidentes peatonales en Middletown, Ohio, para programar su consulta inicial gratuita.\",\"breadcrumb\":{\"@id\":\"https:\\\/\\\/thehometownlawyers.com\\\/es\\\/middletown\\\/abogados-de-accidentes-peatonales\\\/#breadcrumb\"},\"inLanguage\":\"es\",\"potentialAction\":[{\"@type\":\"ReadAction\",\"target\":[\"https:\\\/\\\/thehometownlawyers.com\\\/es\\\/middletown\\\/abogados-de-accidentes-peatonales\\\/\"]}]},{\"@type\":\"ImageObject\",\"inLanguage\":\"es\",\"@id\":\"https:\\\/\\\/thehometownlawyers.com\\\/es\\\/middletown\\\/abogados-de-accidentes-peatonales\\\/#primaryimage\",\"url\":\"https:\\\/\\\/thehometownlawyers.com\\\/wp-content\\\/uploads\\\/2020\\\/01\\\/accidentes-automovilisticos-al-amanecer-al-anochecer-y-en-ohio.jpg\",\"contentUrl\":\"https:\\\/\\\/thehometownlawyers.com\\\/wp-content\\\/uploads\\\/2020\\\/01\\\/accidentes-automovilisticos-al-amanecer-al-anochecer-y-en-ohio.jpg\",\"width\":768,\"height\":512,\"caption\":\"Woman calling car insurance examining car damage.\"},{\"@type\":\"BreadcrumbList\",\"@id\":\"https:\\\/\\\/thehometownlawyers.com\\\/es\\\/middletown\\\/abogados-de-accidentes-peatonales\\\/#breadcrumb\",\"itemListElement\":[{\"@type\":\"ListItem\",\"position\":1,\"name\":\"Home\",\"item\":\"https:\\\/\\\/thehometownlawyers.com\\\/es\\\/\"},{\"@type\":\"ListItem\",\"position\":2,\"name\":\"Abogado de Lesiones Personales en Middletown\",\"item\":\"https:\\\/\\\/thehometownlawyers.com\\\/es\\\/middletown\\\/personal-injury-lawyer\\\/\"},{\"@type\":\"ListItem\",\"position\":3,\"name\":\"Abogados de Accidentes Peatonales en Middletown\"}]},{\"@type\":\"WebSite\",\"@id\":\"https:\\\/\\\/thehometownlawyers.com\\\/es\\\/#website\",\"url\":\"https:\\\/\\\/thehometownlawyers.com\\\/es\\\/\",\"name\":\"Kruger & Hodges Hometown Injury Lawyers | Accident Attorneys\",\"description\":\"Attorneys for Car, Truck and Motorcycle Accidents, Personal Injuries, and Criminal Defense.\",\"publisher\":{\"@id\":\"https:\\\/\\\/thehometownlawyers.com\\\/es\\\/#organization\"},\"alternateName\":\"Kruger & Hodges Personal Injury Lawyers\",\"inLanguage\":\"es\"},{\"@type\":\"Organization\",\"@id\":\"https:\\\/\\\/thehometownlawyers.com\\\/es\\\/#organization\",\"name\":\"Kruger & Hodges Hometown Injury Lawyers\",\"alternateName\":\"Kruger & Hodges\",\"url\":\"https:\\\/\\\/thehometownlawyers.com\\\/es\\\/\",\"logo\":{\"@type\":\"ImageObject\",\"inLanguage\":\"es\",\"@id\":\"https:\\\/\\\/thehometownlawyers.com\\\/es\\\/#\\\/schema\\\/logo\\\/image\\\/\",\"url\":\"https:\\\/\\\/thehometownlawyers.com\\\/wp-content\\\/uploads\\\/2025\\\/12\\\/revised-kh-logo-vertical-white-background-scaled.png\",\"contentUrl\":\"https:\\\/\\\/thehometownlawyers.com\\\/wp-content\\\/uploads\\\/2025\\\/12\\\/revised-kh-logo-vertical-white-background-scaled.png\",\"width\":2560,\"height\":1440,\"caption\":\"Kruger & Hodges Hometown Injury Lawyers\"},\"image\":{\"@id\":\"https:\\\/\\\/thehometownlawyers.com\\\/es\\\/#\\\/schema\\\/logo\\\/image\\\/\"},\"sameAs\":[\"https:\\\/\\\/www.facebook.com\\\/KrugerHodges\\\/\",\"https:\\\/\\\/www.instagram.com\\\/krugerhodges\\\/\",\"https:\\\/\\\/www.linkedin.com\\\/company\\\/kruger-hodges-hometown-injury-lawyers\\\/\",\"https:\\\/\\\/www.youtube.com\\\/channel\\\/UCeYcMaMaN2rb9jMlqt4EIdQ\",\"https:\\\/\\\/www.tiktok.com\\\/@thehometownlawyer\"]}]}<\/script>\n<!-- \/ Yoast SEO plugin. -->","yoast_head_json":{"title":"Abogados de accidentes peatonales en Middletown: Consulta gratuita","description":"Comun\u00edquese hoy con nuestros abogados de accidentes peatonales en Middletown, Ohio, para programar su consulta inicial gratuita.","robots":{"index":"index","follow":"follow","max-snippet":"max-snippet:-1","max-image-preview":"max-image-preview:large","max-video-preview":"max-video-preview:-1"},"canonical":"https:\/\/thehometownlawyers.com\/es\/middletown\/abogados-de-accidentes-peatonales\/","og_locale":"es_MX","og_type":"article","og_title":"Abogados de accidentes peatonales en Middletown: Consulta gratuita","og_description":"Comun\u00edquese hoy con nuestros abogados de accidentes peatonales en Middletown, Ohio, para programar su consulta inicial gratuita.","og_url":"https:\/\/thehometownlawyers.com\/es\/middletown\/abogados-de-accidentes-peatonales\/","og_site_name":"Kruger &amp; Hodges Abogados De Lesiones","article_publisher":"https:\/\/www.facebook.com\/KrugerHodges\/","article_modified_time":"2025-06-24T20:55:13+00:00","og_image":[{"width":768,"height":512,"url":"https:\/\/thehometownlawyers.com\/wp-content\/uploads\/2020\/01\/accidentes-automovilisticos-al-amanecer-al-anochecer-y-en-ohio.jpg","type":"image\/jpeg"}],"twitter_card":"summary_large_image","twitter_misc":{"Tiempo de lectura":"5 minutos"},"schema":{"@context":"https:\/\/schema.org","@graph":[{"@type":"WebPage","@id":"https:\/\/thehometownlawyers.com\/es\/middletown\/abogados-de-accidentes-peatonales\/","url":"https:\/\/thehometownlawyers.com\/es\/middletown\/abogados-de-accidentes-peatonales\/","name":"Abogados de accidentes peatonales en Middletown: Consulta gratuita","isPartOf":{"@id":"https:\/\/thehometownlawyers.com\/es\/#website"},"primaryImageOfPage":{"@id":"https:\/\/thehometownlawyers.com\/es\/middletown\/abogados-de-accidentes-peatonales\/#primaryimage"},"image":{"@id":"https:\/\/thehometownlawyers.com\/es\/middletown\/abogados-de-accidentes-peatonales\/#primaryimage"},"thumbnailUrl":"https:\/\/thehometownlawyers.com\/wp-content\/uploads\/2020\/01\/accidentes-automovilisticos-al-amanecer-al-anochecer-y-en-ohio.jpg","datePublished":"2025-06-24T20:54:15+00:00","dateModified":"2025-06-24T20:55:13+00:00","description":"Comun\u00edquese hoy con nuestros abogados de accidentes peatonales en Middletown, Ohio, para programar su consulta inicial gratuita.","breadcrumb":{"@id":"https:\/\/thehometownlawyers.com\/es\/middletown\/abogados-de-accidentes-peatonales\/#breadcrumb"},"inLanguage":"es","potentialAction":[{"@type":"ReadAction","target":["https:\/\/thehometownlawyers.com\/es\/middletown\/abogados-de-accidentes-peatonales\/"]}]},{"@type":"ImageObject","inLanguage":"es","@id":"https:\/\/thehometownlawyers.com\/es\/middletown\/abogados-de-accidentes-peatonales\/#primaryimage","url":"https:\/\/thehometownlawyers.com\/wp-content\/uploads\/2020\/01\/accidentes-automovilisticos-al-amanecer-al-anochecer-y-en-ohio.jpg","contentUrl":"https:\/\/thehometownlawyers.com\/wp-content\/uploads\/2020\/01\/accidentes-automovilisticos-al-amanecer-al-anochecer-y-en-ohio.jpg","width":768,"height":512,"caption":"Woman calling car insurance examining car damage."},{"@type":"BreadcrumbList","@id":"https:\/\/thehometownlawyers.com\/es\/middletown\/abogados-de-accidentes-peatonales\/#breadcrumb","itemListElement":[{"@type":"ListItem","position":1,"name":"Home","item":"https:\/\/thehometownlawyers.com\/es\/"},{"@type":"ListItem","position":2,"name":"Abogado de Lesiones Personales en Middletown","item":"https:\/\/thehometownlawyers.com\/es\/middletown\/personal-injury-lawyer\/"},{"@type":"ListItem","position":3,"name":"Abogados de Accidentes Peatonales en Middletown"}]},{"@type":"WebSite","@id":"https:\/\/thehometownlawyers.com\/es\/#website","url":"https:\/\/thehometownlawyers.com\/es\/","name":"Kruger & Hodges Hometown Injury Lawyers | Accident Attorneys","description":"Attorneys for Car, Truck and Motorcycle Accidents, Personal Injuries, and Criminal Defense.","publisher":{"@id":"https:\/\/thehometownlawyers.com\/es\/#organization"},"alternateName":"Kruger & Hodges Personal Injury Lawyers","inLanguage":"es"},{"@type":"Organization","@id":"https:\/\/thehometownlawyers.com\/es\/#organization","name":"Kruger & Hodges Hometown Injury Lawyers","alternateName":"Kruger & Hodges","url":"https:\/\/thehometownlawyers.com\/es\/","logo":{"@type":"ImageObject","inLanguage":"es","@id":"https:\/\/thehometownlawyers.com\/es\/#\/schema\/logo\/image\/","url":"https:\/\/thehometownlawyers.com\/wp-content\/uploads\/2025\/12\/revised-kh-logo-vertical-white-background-scaled.png","contentUrl":"https:\/\/thehometownlawyers.com\/wp-content\/uploads\/2025\/12\/revised-kh-logo-vertical-white-background-scaled.png","width":2560,"height":1440,"caption":"Kruger & Hodges Hometown Injury Lawyers"},"image":{"@id":"https:\/\/thehometownlawyers.com\/es\/#\/schema\/logo\/image\/"},"sameAs":["https:\/\/www.facebook.com\/KrugerHodges\/","https:\/\/www.instagram.com\/krugerhodges\/","https:\/\/www.linkedin.com\/company\/kruger-hodges-hometown-injury-lawyers\/","https:\/\/www.youtube.com\/channel\/UCeYcMaMaN2rb9jMlqt4EIdQ","https:\/\/www.tiktok.com\/@thehometownlawyer"]}]}},"_links":{"self":[{"href":"https:\/\/thehometownlawyers.com\/es\/wp-json\/wp\/v2\/pages\/25196","targetHints":{"allow":["GET"]}}],"collection":[{"href":"https:\/\/thehometownlawyers.com\/es\/wp-json\/wp\/v2\/pages"}],"about":[{"href":"https:\/\/thehometownlawyers.com\/es\/wp-json\/wp\/v2\/types\/page"}],"author":[{"embeddable":true,"href":"https:\/\/thehometownlawyers.com\/es\/wp-json\/wp\/v2\/users\/13"}],"replies":[{"embeddable":true,"href":"https:\/\/thehometownlawyers.com\/es\/wp-json\/wp\/v2\/comments?post=25196"}],"version-history":[{"count":0,"href":"https:\/\/thehometownlawyers.com\/es\/wp-json\/wp\/v2\/pages\/25196\/revisions"}],"up":[{"embeddable":true,"href":"https:\/\/thehometownlawyers.com\/es\/wp-json\/wp\/v2\/pages\/21227"}],"wp:featuredmedia":[{"embeddable":true,"href":"https:\/\/thehometownlawyers.com\/es\/wp-json\/wp\/v2\/media\/24652"}],"wp:attachment":[{"href":"https:\/\/thehometownlawyers.com\/es\/wp-json\/wp\/v2\/media?parent=25196"}],"wp:term":[{"taxonomy":"hc_faqs","embeddable":true,"href":"https:\/\/thehometownlawyers.com\/es\/wp-json\/wp\/v2\/hc_faqs?post=25196"},{"taxonomy":"hc_spanish_faqs","embeddable":true,"href":"https:\/\/thehometownlawyers.com\/es\/wp-json\/wp\/v2\/hc_spanish_faqs?post=25196"}],"curies":[{"name":"wp","href":"https:\/\/api.w.org\/{rel}","templated":true}]}}