{"id":25206,"date":"2025-06-25T15:53:26","date_gmt":"2025-06-25T19:53:26","guid":{"rendered":"https:\/\/thehometownlawyers.com\/?page_id=25206"},"modified":"2025-06-25T15:54:14","modified_gmt":"2025-06-25T19:54:14","slug":"abogados-de-accidentes-automovilisticos-en-washington-court-house","status":"publish","type":"page","link":"https:\/\/thehometownlawyers.com\/es\/washington-court-house\/abogados-de-accidentes-automovilisticos\/","title":{"rendered":"Abogados De Accidentes Automovil\u00edsticos En Washington Court House"},"content":{"rendered":"<p><span style=\"font-weight: 400;\">Los accidentes automovil\u00edsticos son comunes. Aunque muchos no resultan en lesiones, otros s\u00ed. Cuando alguien causa un accidente automovil\u00edstico que deja a su familia con la p\u00e9rdida de un ser querido, o usted sufre lesiones devastadoras, esa persona debe rendir cuentas. En Kruger &amp; Hodges, trabajamos incansablemente para ayudar a proteger los derechos de las v\u00edctimas que han sufrido este tipo de p\u00e9rdidas. Nuestros <a href=\"https:\/\/thehometownlawyers.com\/es\/washington-court-house\/abogado-de-lesiones-personales\">abogados especializados en accidentes automovil\u00edsticos<\/a> en Washington Court House cuentan con a\u00f1os de experiencia combinada para apoyarlo incluso en las batallas legales m\u00e1s dif\u00edciles.<\/span><\/p>\n<p><span style=\"font-weight: 400;\">Si fue v\u00edctima de un accidente que le caus\u00f3 lesiones o p\u00e9rdidas graves, comun\u00edquese con Kruger &amp; Hodges hoy mismo para obtener m\u00e1s informaci\u00f3n sobre sus derechos. Ofrecemos consultas gratuitas a las v\u00edctimas de accidentes automovil\u00edsticos en Ohio.<\/span><\/p><h2><span style=\"font-weight: 400;\">Estad\u00edsticas de Accidentes<\/span><\/h2><p><span style=\"font-weight: 400;\">Los accidentes ocurren en todas partes, incluso en Washington Court House. Considere estas estad\u00edsticas de accidentes de 2021 en el condado, seg\u00fan el Departamento de Seguridad P\u00fablica de Ohio.<\/span><\/p>\n<ul>\n<li style=\"font-weight: 400;\" aria-level=\"1\"><span style=\"font-weight: 400;\">Un total de 4 accidentes automovil\u00edsticos mortales ocurrieron en el condado en 2021.<\/span><\/li>\n<li style=\"font-weight: 400;\" aria-level=\"1\"><span style=\"font-weight: 400;\">Se produjeron veintid\u00f3s lesiones graves adicionales en el condado ese a\u00f1o, lo que a menudo implic\u00f3 hospitalizaci\u00f3n y necesidad de cirug\u00eda. Esto incluye lesiones y muertes tanto de conductores como de pasajeros.<\/span><\/li>\n<li style=\"font-weight: 400;\" aria-level=\"1\"><span style=\"font-weight: 400;\">En total, se produjeron 1172 accidentes con veh\u00edculos de pasajeros en el condado.<\/span><\/li>\n<li style=\"font-weight: 400;\" aria-level=\"1\"><span style=\"font-weight: 400;\">El alcohol fue responsable de 11 de las lesiones reportadas y una de las muertes.<\/span><\/li>\n<\/ul>\n<p><span style=\"font-weight: 400;\">Nuestros abogados especializados en accidentes automovil\u00edsticos de Washington Course House trabajan arduamente para garantizar la protecci\u00f3n de sus derechos si ha sido v\u00edctima de un accidente automovil\u00edstico. No llegue a un acuerdo con una compa\u00f1\u00eda de seguros hasta que hable con nuestros abogados.<\/span><\/p>\n<p class=\"rs-content-cta rs-content-cta-small\">Para una consulta legal gratuita, llame al <a href=\"tel:+17408075079\">740-807-5079 <\/a><\/p><h2><span style=\"font-weight: 400;\">Lesiones comunes en accidentes automovil\u00edsticos<\/span><\/h2>\n<p><span style=\"font-weight: 400;\">Los accidentes automovil\u00edsticos pueden causar una amplia gama de lesiones a conductores y pasajeros. En caso de accidente, es fundamental recibir atenci\u00f3n m\u00e9dica. Algunos de los tipos de lesiones m\u00e1s comunes incluyen:<\/span><\/p>\n<ul>\n<li style=\"font-weight: 400;\" aria-level=\"1\"><span style=\"font-weight: 400;\">Lesiones cerebrales traum\u00e1ticas, incluyendo las resultantes de golpes en la cabeza contra superficies duras<\/span><\/li>\n<li style=\"font-weight: 400;\" aria-level=\"1\"><span style=\"font-weight: 400;\">Latigazo cervical, que puede causar da\u00f1o cerebral y dolor debido al movimiento de vaiv\u00e9n del cerebro dentro del cr\u00e1neo al recibir un golpe<\/span><\/li>\n<li style=\"font-weight: 400;\" aria-level=\"1\"><span style=\"font-weight: 400;\">Roturas \u00f3seas, incluyendo fracturas y fragmentaci\u00f3n de huesos<\/span><\/li>\n<li style=\"font-weight: 400;\" aria-level=\"1\"><span style=\"font-weight: 400;\">Laceraciones, que a veces resultan en lesiones internas e infecciones<\/span><\/li>\n<li style=\"font-weight: 400;\" aria-level=\"1\"><span style=\"font-weight: 400;\">Da\u00f1os en la m\u00e9dula espinal como resultado de lesiones en las v\u00e9rtebras<\/span><\/li>\n<\/ul>\n<p><span style=\"font-weight: 400;\">Estas lesiones pueden provocar p\u00e9rdida de movilidad, numerosos procedimientos quir\u00fargicos, cambios en la funci\u00f3n cognitiva, p\u00e9rdida de calidad de vida y mucho m\u00e1s. En algunos casos, los accidentes son mortales.<\/span><\/p>\n<p class=\"rs-content-cta\">Abogado de Lesiones Personales de Washington Court House Cerca de M\u00ed <a href=\"tel:+17408075079\">740-807-5079<\/a><\/p><h2><span style=\"font-weight: 400;\">Medidas preventivas que pueden tomar los conductores<\/span><\/h2>\n<p><span style=\"font-weight: 400;\">Como conductor, hay algunas medidas que puede tomar para minimizar los riesgos. Esto incluye estar atento a su entorno y usar el cintur\u00f3n de seguridad. Nuestros abogados especializados en accidentes automovil\u00edsticos de Washington Court House a menudo ayudan a personas que no ten\u00edan forma de evitar lo ocurrido. Sin embargo, al prestar mucha atenci\u00f3n a lo que sucede a su alrededor, es m\u00e1s probable que evite accidentes en la carretera.<\/span><\/p>\n<p class=\"rs-content-cta rs-content-cta-small\"><a href=\"\/es\/contacto\/\">Haga clic para contactar<\/a> con nuestros lesiones personales abogados hoy<\/p><h2><span style=\"font-weight: 400;\">Qu\u00e9 hacer despu\u00e9s de un accidente de auto<\/span><\/h2>\n<p><span style=\"font-weight: 400;\">Despu\u00e9s de un accidente de auto, sepa qu\u00e9 hacer para protegerse y proteger sus derechos:<\/span><\/p>\n<ul>\n<li style=\"font-weight: 400;\" aria-level=\"1\"><span style=\"font-weight: 400;\">Acu\u00e9stese a un lado de la carretera. Si es seguro hacerlo, aparte el accidente.<\/span><\/li>\n<li style=\"font-weight: 400;\" aria-level=\"1\"><span style=\"font-weight: 400;\">Llame al 911. Es fundamental que la polic\u00eda acuda al lugar para realizar una investigaci\u00f3n formal. Quiere que recopilen informaci\u00f3n sobre el accidente y determinen qui\u00e9n es el responsable.<\/span><\/li>\n<li style=\"font-weight: 400;\" aria-level=\"1\"><span style=\"font-weight: 400;\">Busque atenci\u00f3n m\u00e9dica. Incluso si se siente bien, acuda a urgencias para que le revisen. Esto le permitir\u00e1 presentar una reclamaci\u00f3n en el futuro si surge alg\u00fan problema.<\/span><\/li>\n<li style=\"font-weight: 400;\" aria-level=\"1\"><span style=\"font-weight: 400;\">Tome tantas fotos del \u00e1rea como sea posible, manteni\u00e9ndose seguro. Siempre es buena idea priorizar su salud, pero si puede tomar fotos, eso podr\u00eda ayudarle.<\/span><\/li>\n<li style=\"font-weight: 400;\" aria-level=\"1\"><span style=\"font-weight: 400;\">Re\u00fana los nombres y la informaci\u00f3n de contacto de los testigos y de todos los involucrados.<\/span><\/li>\n<li style=\"font-weight: 400;\" aria-level=\"1\"><span style=\"font-weight: 400;\">Anote lo que recuerde de inmediato. Documente cosas como lo que vio hacer al auto antes de que lo atropellara. Nunca admita haber causado los da\u00f1os ni el accidente en s\u00ed.\u00a0<\/span><\/li>\n<\/ul>\n<p class=\"rs-content-cta rs-content-cta-small\">Complete una <a href=\"\/es\/contacto\/\">evaluaci\u00f3n gratuita de su caso<\/a> ahora<\/p><h2><span style=\"font-weight: 400;\">Proceso de Reclamaciones \u2013 Nuestros Abogados de Accidentes de Auto en Washington Court House Pueden Ayudarle<\/span><\/h2>\n<p><span style=\"font-weight: 400;\">En \u00faltima instancia, el objetivo es que la compa\u00f1\u00eda de seguros de la parte responsable cubra las p\u00e9rdidas que usted ha sufrido. Sin embargo, el proceso de reclamaciones no siempre es tan sencillo. Es muy com\u00fan que las compa\u00f1\u00edas de seguros intenten reducir la indemnizaci\u00f3n que le pagan. Pueden lograrlo oblig\u00e1ndole a admitir parte de su culpa.<\/span><\/p>\n<p><span style=\"font-weight: 400;\">En lugar de eso, permita que nuestros abogados de accidentes de auto en Washington Court House le ayuden. Nos encargaremos de:<\/span><\/p>\n<ul>\n<li style=\"font-weight: 400;\" aria-level=\"1\"><span style=\"font-weight: 400;\">Determinar qu\u00e9 ocurri\u00f3 y qui\u00e9n tiene la culpa<\/span><\/li>\n<li style=\"font-weight: 400;\" aria-level=\"1\"><span style=\"font-weight: 400;\">Recopilar pruebas para probar su caso<\/span><\/li>\n<li style=\"font-weight: 400;\" aria-level=\"1\"><span style=\"font-weight: 400;\">Obtener los informes m\u00e9dicos necesarios, as\u00ed como otras declaraciones<\/span><\/li>\n<li style=\"font-weight: 400;\" aria-level=\"1\"><span style=\"font-weight: 400;\">Calcular sus p\u00e9rdidas<\/span><\/li>\n<li style=\"font-weight: 400;\" aria-level=\"1\"><span style=\"font-weight: 400;\">Presentar la reclamaci\u00f3n por usted y luego negociar seg\u00fan sea necesario<\/span><\/li>\n<\/ul>\n<p><span style=\"font-weight: 400;\">Si el caso debe ir a juicio, estaremos all\u00ed para garantizar que se lleve a cabo. Somos en\u00e9rgicos en la protecci\u00f3n de los derechos de nuestros clientes.<\/span><\/p>\n<h2><span style=\"font-weight: 400;\">\u00bfTengo un caso? \u00bfCu\u00e1nto vale mi caso?<\/span><\/h2>\n<p><span style=\"font-weight: 400;\">Estas son las preguntas m\u00e1s frecuentes de muchos de nuestros clientes. De hecho, no lo sabremos hasta que hablemos con usted. Programe una consulta gratuita con nuestros abogados de accidentes de auto en Washington Court House para hablar sobre su caso. No tiene costo alguno. Seremos francos y honestos con usted sobre sus derechos y lo que puede esperar de ahora en adelante.<\/span><\/p>\n<p><span style=\"font-weight: 400;\">C\u00f3mo elegir al mejor abogado de accidentes de auto para m\u00ed<\/span><\/p>\n<p><span style=\"font-weight: 400;\">Kruger &amp; Hodges quiere asegurarse de que contrate a un abogado que se adapte a sus necesidades. Elija uno con experiencia en enfrentarse a grandes aseguradoras que buscan reducir su indemnizaci\u00f3n. Aseg\u00farese de trabajar con un abogado compasivo y dispuesto a escucharlo. Un estilo agresivo es importante, pero es a\u00fan m\u00e1s importante que comprenda lo que ocurre en cada etapa del proceso.<\/span><\/p>\n<h2><span style=\"font-weight: 400;\">C\u00f3mo puede ayudar Kruger &amp; Hodges<\/span><\/h2>\n<p><span style=\"font-weight: 400;\">Kruger &amp; Hodges est\u00e1 aqu\u00ed para usted. Nuestros abogados de accidentes de auto en Washington Court House pueden responder a sus preguntas cuando nos llame. <\/span><a href=\"https:\/\/thehometownlawyers.com\/es\/contacto\/\"><span style=\"font-weight: 400;\">Cont\u00e1ctenos<\/span><\/a><span style=\"font-weight: 400;\"> ahora para programar una cita que le convenga. Aproveche nuestra experiencia y pasi\u00f3n por proteger a nuestros clientes.<\/span><\/p>\n<p class=\"rs-content-cta rs-content-cta-small\">Llame o env\u00ede un mensaje de texto al <a href=\"tel:+17408075079\">740-807-5079<\/a> o complete una <a href=\"\/es\/contacto\/\">evaluaci\u00f3n gratuita de su caso<\/a><\/p>","protected":false},"excerpt":{"rendered":"<p>Los accidentes automovil\u00edsticos son comunes. Aunque muchos no resultan en lesiones, otros s\u00ed. Cuando alguien causa un accidente automovil\u00edstico que deja a su familia con la p\u00e9rdida de un ser querido, o usted sufre lesiones devastadoras, esa persona debe rendir cuentas. En Kruger &amp; Hodges, trabajamos incansablemente para ayudar a proteger los derechos de las &#8230;<\/p>\n","protected":false},"author":13,"featured_media":24763,"parent":25184,"menu_order":0,"comment_status":"closed","ping_status":"closed","template":"","meta":{"_acf_changed":false,"inline_featured_image":false,"_genesis_hide_title":false,"_genesis_hide_breadcrumbs":false,"_genesis_hide_singular_image":false,"_genesis_hide_footer_widgets":false,"_genesis_custom_body_class":"","_genesis_custom_post_class":"","_genesis_layout":"","footnotes":""},"hc_faqs":[],"hc_spanish_faqs":[],"class_list":{"0":"post-25206","1":"page","2":"type-page","3":"status-publish","4":"has-post-thumbnail","6":"hc_city_location-washington-court-house-2","7":"entry"},"acf":[],"yoast_head":"<!-- This site is optimized with the Yoast SEO plugin v27.4 - https:\/\/yoast.com\/product\/yoast-seo-wordpress\/ -->\n<title>Abogados de Accidentes Automovil\u00edsticos en Washington Court House: Consulta gratuita<\/title>\n<meta name=\"description\" content=\"Comun\u00edquese hoy con nuestros abogados de Accidentes Automovil\u00edsticos en Washington Court House, Ohio, para programar su consulta inicial gratuita.\" \/>\n<meta name=\"robots\" content=\"index, follow, max-snippet:-1, max-image-preview:large, max-video-preview:-1\" \/>\n<link rel=\"canonical\" href=\"https:\/\/thehometownlawyers.com\/es\/washington-court-house\/abogados-de-accidentes-automovilisticos\/\" \/>\n<meta property=\"og:locale\" content=\"es_MX\" \/>\n<meta property=\"og:type\" content=\"article\" \/>\n<meta property=\"og:title\" content=\"Abogados de Accidentes Automovil\u00edsticos en Washington Court House: Consulta gratuita\" \/>\n<meta property=\"og:description\" content=\"Comun\u00edquese hoy con nuestros abogados de Accidentes Automovil\u00edsticos en Washington Court House, Ohio, para programar su consulta inicial gratuita.\" \/>\n<meta property=\"og:url\" content=\"https:\/\/thehometownlawyers.com\/es\/washington-court-house\/abogados-de-accidentes-automovilisticos\/\" \/>\n<meta property=\"og:site_name\" content=\"Kruger &amp; Hodges Abogados De Lesiones\" \/>\n<meta property=\"article:publisher\" content=\"https:\/\/www.facebook.com\/KrugerHodges\/\" \/>\n<meta property=\"article:modified_time\" content=\"2025-06-25T19:54:14+00:00\" \/>\n<meta property=\"og:image\" content=\"https:\/\/thehometownlawyers.com\/wp-content\/uploads\/2025\/03\/what-to-do-after-a-car-crash.jpg\" \/>\n\t<meta property=\"og:image:width\" content=\"736\" \/>\n\t<meta property=\"og:image:height\" content=\"490\" \/>\n\t<meta property=\"og:image:type\" content=\"image\/jpeg\" \/>\n<meta name=\"twitter:card\" content=\"summary_large_image\" \/>\n<meta name=\"twitter:label1\" content=\"Tiempo de lectura\" \/>\n\t<meta name=\"twitter:data1\" content=\"5 minutos\" \/>\n<script type=\"application\/ld+json\" class=\"yoast-schema-graph\">{\"@context\":\"https:\\\/\\\/schema.org\",\"@graph\":[{\"@type\":\"WebPage\",\"@id\":\"https:\\\/\\\/thehometownlawyers.com\\\/es\\\/washington-court-house\\\/abogados-de-accidentes-automovilisticos\\\/\",\"url\":\"https:\\\/\\\/thehometownlawyers.com\\\/es\\\/washington-court-house\\\/abogados-de-accidentes-automovilisticos\\\/\",\"name\":\"Abogados de Accidentes Automovil\u00edsticos en Washington Court House: Consulta gratuita\",\"isPartOf\":{\"@id\":\"https:\\\/\\\/thehometownlawyers.com\\\/es\\\/#website\"},\"primaryImageOfPage\":{\"@id\":\"https:\\\/\\\/thehometownlawyers.com\\\/es\\\/washington-court-house\\\/abogados-de-accidentes-automovilisticos\\\/#primaryimage\"},\"image\":{\"@id\":\"https:\\\/\\\/thehometownlawyers.com\\\/es\\\/washington-court-house\\\/abogados-de-accidentes-automovilisticos\\\/#primaryimage\"},\"thumbnailUrl\":\"https:\\\/\\\/thehometownlawyers.com\\\/wp-content\\\/uploads\\\/2025\\\/03\\\/what-to-do-after-a-car-crash.jpg\",\"datePublished\":\"2025-06-25T19:53:26+00:00\",\"dateModified\":\"2025-06-25T19:54:14+00:00\",\"description\":\"Comun\u00edquese hoy con nuestros abogados de Accidentes Automovil\u00edsticos en Washington Court House, Ohio, para programar su consulta inicial gratuita.\",\"breadcrumb\":{\"@id\":\"https:\\\/\\\/thehometownlawyers.com\\\/es\\\/washington-court-house\\\/abogados-de-accidentes-automovilisticos\\\/#breadcrumb\"},\"inLanguage\":\"es\",\"potentialAction\":[{\"@type\":\"ReadAction\",\"target\":[\"https:\\\/\\\/thehometownlawyers.com\\\/es\\\/washington-court-house\\\/abogados-de-accidentes-automovilisticos\\\/\"]}]},{\"@type\":\"ImageObject\",\"inLanguage\":\"es\",\"@id\":\"https:\\\/\\\/thehometownlawyers.com\\\/es\\\/washington-court-house\\\/abogados-de-accidentes-automovilisticos\\\/#primaryimage\",\"url\":\"https:\\\/\\\/thehometownlawyers.com\\\/wp-content\\\/uploads\\\/2025\\\/03\\\/what-to-do-after-a-car-crash.jpg\",\"contentUrl\":\"https:\\\/\\\/thehometownlawyers.com\\\/wp-content\\\/uploads\\\/2025\\\/03\\\/what-to-do-after-a-car-crash.jpg\",\"width\":736,\"height\":490,\"caption\":\"What to do After a Car Crash\"},{\"@type\":\"BreadcrumbList\",\"@id\":\"https:\\\/\\\/thehometownlawyers.com\\\/es\\\/washington-court-house\\\/abogados-de-accidentes-automovilisticos\\\/#breadcrumb\",\"itemListElement\":[{\"@type\":\"ListItem\",\"position\":1,\"name\":\"Home\",\"item\":\"https:\\\/\\\/thehometownlawyers.com\\\/es\\\/\"},{\"@type\":\"ListItem\",\"position\":2,\"name\":\"Abogado de Lesiones Personales en Washington Court House\",\"item\":\"https:\\\/\\\/thehometownlawyers.com\\\/es\\\/washington-court-house\\\/abogado-de-lesiones-personales\\\/\"},{\"@type\":\"ListItem\",\"position\":3,\"name\":\"Abogados De Accidentes Automovil\u00edsticos En Washington Court House\"}]},{\"@type\":\"WebSite\",\"@id\":\"https:\\\/\\\/thehometownlawyers.com\\\/es\\\/#website\",\"url\":\"https:\\\/\\\/thehometownlawyers.com\\\/es\\\/\",\"name\":\"Kruger & Hodges Hometown Injury Lawyers | Accident Attorneys\",\"description\":\"Attorneys for Car, Truck and Motorcycle Accidents, Personal Injuries, and Criminal Defense.\",\"publisher\":{\"@id\":\"https:\\\/\\\/thehometownlawyers.com\\\/es\\\/#organization\"},\"alternateName\":\"Kruger & Hodges Personal Injury Lawyers\",\"inLanguage\":\"es\"},{\"@type\":\"Organization\",\"@id\":\"https:\\\/\\\/thehometownlawyers.com\\\/es\\\/#organization\",\"name\":\"Kruger & Hodges Hometown Injury Lawyers\",\"alternateName\":\"Kruger & Hodges\",\"url\":\"https:\\\/\\\/thehometownlawyers.com\\\/es\\\/\",\"logo\":{\"@type\":\"ImageObject\",\"inLanguage\":\"es\",\"@id\":\"https:\\\/\\\/thehometownlawyers.com\\\/es\\\/#\\\/schema\\\/logo\\\/image\\\/\",\"url\":\"https:\\\/\\\/thehometownlawyers.com\\\/wp-content\\\/uploads\\\/2025\\\/12\\\/revised-kh-logo-vertical-white-background-scaled.png\",\"contentUrl\":\"https:\\\/\\\/thehometownlawyers.com\\\/wp-content\\\/uploads\\\/2025\\\/12\\\/revised-kh-logo-vertical-white-background-scaled.png\",\"width\":2560,\"height\":1440,\"caption\":\"Kruger & Hodges Hometown Injury Lawyers\"},\"image\":{\"@id\":\"https:\\\/\\\/thehometownlawyers.com\\\/es\\\/#\\\/schema\\\/logo\\\/image\\\/\"},\"sameAs\":[\"https:\\\/\\\/www.facebook.com\\\/KrugerHodges\\\/\",\"https:\\\/\\\/www.instagram.com\\\/krugerhodges\\\/\",\"https:\\\/\\\/www.linkedin.com\\\/company\\\/kruger-hodges-hometown-injury-lawyers\\\/\",\"https:\\\/\\\/www.youtube.com\\\/channel\\\/UCeYcMaMaN2rb9jMlqt4EIdQ\",\"https:\\\/\\\/www.tiktok.com\\\/@thehometownlawyer\"]}]}<\/script>\n<!-- \/ Yoast SEO plugin. -->","yoast_head_json":{"title":"Abogados de Accidentes Automovil\u00edsticos en Washington Court House: Consulta gratuita","description":"Comun\u00edquese hoy con nuestros abogados de Accidentes Automovil\u00edsticos en Washington Court House, Ohio, para programar su consulta inicial gratuita.","robots":{"index":"index","follow":"follow","max-snippet":"max-snippet:-1","max-image-preview":"max-image-preview:large","max-video-preview":"max-video-preview:-1"},"canonical":"https:\/\/thehometownlawyers.com\/es\/washington-court-house\/abogados-de-accidentes-automovilisticos\/","og_locale":"es_MX","og_type":"article","og_title":"Abogados de Accidentes Automovil\u00edsticos en Washington Court House: Consulta gratuita","og_description":"Comun\u00edquese hoy con nuestros abogados de Accidentes Automovil\u00edsticos en Washington Court House, Ohio, para programar su consulta inicial gratuita.","og_url":"https:\/\/thehometownlawyers.com\/es\/washington-court-house\/abogados-de-accidentes-automovilisticos\/","og_site_name":"Kruger &amp; Hodges Abogados De Lesiones","article_publisher":"https:\/\/www.facebook.com\/KrugerHodges\/","article_modified_time":"2025-06-25T19:54:14+00:00","og_image":[{"width":736,"height":490,"url":"https:\/\/thehometownlawyers.com\/wp-content\/uploads\/2025\/03\/what-to-do-after-a-car-crash.jpg","type":"image\/jpeg"}],"twitter_card":"summary_large_image","twitter_misc":{"Tiempo de lectura":"5 minutos"},"schema":{"@context":"https:\/\/schema.org","@graph":[{"@type":"WebPage","@id":"https:\/\/thehometownlawyers.com\/es\/washington-court-house\/abogados-de-accidentes-automovilisticos\/","url":"https:\/\/thehometownlawyers.com\/es\/washington-court-house\/abogados-de-accidentes-automovilisticos\/","name":"Abogados de Accidentes Automovil\u00edsticos en Washington Court House: Consulta gratuita","isPartOf":{"@id":"https:\/\/thehometownlawyers.com\/es\/#website"},"primaryImageOfPage":{"@id":"https:\/\/thehometownlawyers.com\/es\/washington-court-house\/abogados-de-accidentes-automovilisticos\/#primaryimage"},"image":{"@id":"https:\/\/thehometownlawyers.com\/es\/washington-court-house\/abogados-de-accidentes-automovilisticos\/#primaryimage"},"thumbnailUrl":"https:\/\/thehometownlawyers.com\/wp-content\/uploads\/2025\/03\/what-to-do-after-a-car-crash.jpg","datePublished":"2025-06-25T19:53:26+00:00","dateModified":"2025-06-25T19:54:14+00:00","description":"Comun\u00edquese hoy con nuestros abogados de Accidentes Automovil\u00edsticos en Washington Court House, Ohio, para programar su consulta inicial gratuita.","breadcrumb":{"@id":"https:\/\/thehometownlawyers.com\/es\/washington-court-house\/abogados-de-accidentes-automovilisticos\/#breadcrumb"},"inLanguage":"es","potentialAction":[{"@type":"ReadAction","target":["https:\/\/thehometownlawyers.com\/es\/washington-court-house\/abogados-de-accidentes-automovilisticos\/"]}]},{"@type":"ImageObject","inLanguage":"es","@id":"https:\/\/thehometownlawyers.com\/es\/washington-court-house\/abogados-de-accidentes-automovilisticos\/#primaryimage","url":"https:\/\/thehometownlawyers.com\/wp-content\/uploads\/2025\/03\/what-to-do-after-a-car-crash.jpg","contentUrl":"https:\/\/thehometownlawyers.com\/wp-content\/uploads\/2025\/03\/what-to-do-after-a-car-crash.jpg","width":736,"height":490,"caption":"What to do After a Car Crash"},{"@type":"BreadcrumbList","@id":"https:\/\/thehometownlawyers.com\/es\/washington-court-house\/abogados-de-accidentes-automovilisticos\/#breadcrumb","itemListElement":[{"@type":"ListItem","position":1,"name":"Home","item":"https:\/\/thehometownlawyers.com\/es\/"},{"@type":"ListItem","position":2,"name":"Abogado de Lesiones Personales en Washington Court House","item":"https:\/\/thehometownlawyers.com\/es\/washington-court-house\/abogado-de-lesiones-personales\/"},{"@type":"ListItem","position":3,"name":"Abogados De Accidentes Automovil\u00edsticos En Washington Court House"}]},{"@type":"WebSite","@id":"https:\/\/thehometownlawyers.com\/es\/#website","url":"https:\/\/thehometownlawyers.com\/es\/","name":"Kruger & Hodges Hometown Injury Lawyers | Accident Attorneys","description":"Attorneys for Car, Truck and Motorcycle Accidents, Personal Injuries, and Criminal Defense.","publisher":{"@id":"https:\/\/thehometownlawyers.com\/es\/#organization"},"alternateName":"Kruger & Hodges Personal Injury Lawyers","inLanguage":"es"},{"@type":"Organization","@id":"https:\/\/thehometownlawyers.com\/es\/#organization","name":"Kruger & Hodges Hometown Injury Lawyers","alternateName":"Kruger & Hodges","url":"https:\/\/thehometownlawyers.com\/es\/","logo":{"@type":"ImageObject","inLanguage":"es","@id":"https:\/\/thehometownlawyers.com\/es\/#\/schema\/logo\/image\/","url":"https:\/\/thehometownlawyers.com\/wp-content\/uploads\/2025\/12\/revised-kh-logo-vertical-white-background-scaled.png","contentUrl":"https:\/\/thehometownlawyers.com\/wp-content\/uploads\/2025\/12\/revised-kh-logo-vertical-white-background-scaled.png","width":2560,"height":1440,"caption":"Kruger & Hodges Hometown Injury Lawyers"},"image":{"@id":"https:\/\/thehometownlawyers.com\/es\/#\/schema\/logo\/image\/"},"sameAs":["https:\/\/www.facebook.com\/KrugerHodges\/","https:\/\/www.instagram.com\/krugerhodges\/","https:\/\/www.linkedin.com\/company\/kruger-hodges-hometown-injury-lawyers\/","https:\/\/www.youtube.com\/channel\/UCeYcMaMaN2rb9jMlqt4EIdQ","https:\/\/www.tiktok.com\/@thehometownlawyer"]}]}},"_links":{"self":[{"href":"https:\/\/thehometownlawyers.com\/es\/wp-json\/wp\/v2\/pages\/25206","targetHints":{"allow":["GET"]}}],"collection":[{"href":"https:\/\/thehometownlawyers.com\/es\/wp-json\/wp\/v2\/pages"}],"about":[{"href":"https:\/\/thehometownlawyers.com\/es\/wp-json\/wp\/v2\/types\/page"}],"author":[{"embeddable":true,"href":"https:\/\/thehometownlawyers.com\/es\/wp-json\/wp\/v2\/users\/13"}],"replies":[{"embeddable":true,"href":"https:\/\/thehometownlawyers.com\/es\/wp-json\/wp\/v2\/comments?post=25206"}],"version-history":[{"count":0,"href":"https:\/\/thehometownlawyers.com\/es\/wp-json\/wp\/v2\/pages\/25206\/revisions"}],"up":[{"embeddable":true,"href":"https:\/\/thehometownlawyers.com\/es\/wp-json\/wp\/v2\/pages\/25184"}],"wp:featuredmedia":[{"embeddable":true,"href":"https:\/\/thehometownlawyers.com\/es\/wp-json\/wp\/v2\/media\/24763"}],"wp:attachment":[{"href":"https:\/\/thehometownlawyers.com\/es\/wp-json\/wp\/v2\/media?parent=25206"}],"wp:term":[{"taxonomy":"hc_faqs","embeddable":true,"href":"https:\/\/thehometownlawyers.com\/es\/wp-json\/wp\/v2\/hc_faqs?post=25206"},{"taxonomy":"hc_spanish_faqs","embeddable":true,"href":"https:\/\/thehometownlawyers.com\/es\/wp-json\/wp\/v2\/hc_spanish_faqs?post=25206"}],"curies":[{"name":"wp","href":"https:\/\/api.w.org\/{rel}","templated":true}]}}