{"id":25208,"date":"2025-06-25T15:59:58","date_gmt":"2025-06-25T19:59:58","guid":{"rendered":"https:\/\/thehometownlawyers.com\/?page_id=25208"},"modified":"2025-06-25T16:11:39","modified_gmt":"2025-06-25T20:11:39","slug":"abogados-de-accidentes-de-motocicleta-en-washington-court-house","status":"publish","type":"page","link":"https:\/\/thehometownlawyers.com\/es\/washington-court-house\/abogados-de-accidentes-de-motocicleta\/","title":{"rendered":"Abogados de Accidentes de Motocicleta en Washington Court House"},"content":{"rendered":"<p><span style=\"font-weight: 400;\">Las estad\u00edsticas muestran que las motocicletas solo representan alrededor del 3% de todos los veh\u00edculos registrados en las carreteras. Sin embargo, los accidentes de motocicleta representan el 14% de todas las muertes sufridas en accidentes de veh\u00edculos y una gran parte de las lesiones. Estos accidentes a menudo pueden ser devastadores, causando una p\u00e9rdida significativa para el conductor, incluyendo costosas facturas m\u00e9dicas, p\u00e9rdida de la capacidad para trabajar y, en ocasiones, dolor y sufrimiento cr\u00f3nicos. Si usted es una de las muchas personas que ha sufrido un accidente de motocicleta, es fundamental que conozca sus derechos cuando otra persona causa esa p\u00e9rdida. Nuestros abogados de accidentes de motocicleta en Washington Court House, OH, pueden brindarle el apoyo y la orientaci\u00f3n que necesita para recuperar sus p\u00e9rdidas.<\/span><\/p>\n<p><span style=\"font-weight: 400;\">No tiene ning\u00fan costo comunicarse con Kruger &amp; Hodges para obtener m\u00e1s informaci\u00f3n sobre sus derechos en caso de accidentes de motocicleta. Nuestro equipo le brindar\u00e1 una consulta gratuita para hablar sobre su caso.<\/span><\/p>\n<h2><span style=\"font-weight: 400;\">Estad\u00edsticas de Accidentes<\/span><\/h2>\n<p><span style=\"font-weight: 400;\">El Departamento de Seguridad P\u00fablica de Ohio informa que, en 2021, ocurrieron 11 accidentes de motocicleta en el condado de Fayette. En todo el estado, 212 motociclistas perdieron la vida en accidentes. Muchas otras personas sufrieron lesiones graves, lo que gener\u00f3 la necesidad de cirug\u00edas, rehabilitaci\u00f3n, dolor y limitaciones a largo plazo en su calidad de vida.<\/span><\/p>\n<p><span style=\"font-weight: 400;\">Sin duda, la p\u00e9rdida de una vida es dif\u00edcil para las familias, pero a menudo, la causa de esa p\u00e9rdida no es culpa del motociclista, sino de otra persona. En ese caso, es fundamental buscar la ayuda de un equipo experimentado de abogados especializados en accidentes de motocicleta en Washington Court House, Ohio, quienes pueden ofrecer apoyo y orientaci\u00f3n personalizada.<\/span><\/p>\n<p class=\"rs-content-cta rs-content-cta-small\">Para una consulta legal gratuita, llame al <a href=\"tel:+17408075079\">740-807-5079 <\/a><\/p><h2><span style=\"font-weight: 400;\">Tipos comunes de lesiones por accidentes de motocicleta<\/span><\/h2>\n<p><span style=\"font-weight: 400;\">Los accidentes automovil\u00edsticos pueden causar lesiones que cambian la vida de muchas personas. La gravedad de estas lesiones var\u00eda ampliamente, desde rasgu\u00f1os y moretones menores hasta consecuencias graves que alteran la vida y obligan a las familias a mantener sus vidas. Algunos de los tipos m\u00e1s comunes de lesiones por accidentes de motocicleta incluyen:<\/span><\/p>\n<ul>\n<li style=\"font-weight: 400;\" aria-level=\"1\"><span style=\"font-weight: 400;\">Lesi\u00f3n cerebral traum\u00e1tica: Debido a la exposici\u00f3n del motociclista a los elementos, incluso con casco, existe un alto riesgo de lesi\u00f3n cerebral traum\u00e1tica, lo que puede dificultar la recuperaci\u00f3n o el mantenimiento de una funci\u00f3n normal.<\/span><\/li>\n<li style=\"font-weight: 400;\" aria-level=\"1\"><span style=\"font-weight: 400;\">Fracturas \u00f3seas: Desde fracturas hasta accidentes por aplastamiento, los motociclistas a menudo sufren lesiones importantes por fracturas \u00f3seas. Estas suelen ser fracturas complejas que requieren intervenciones quir\u00fargicas extensas para preservar la funci\u00f3n, como la capacidad de caminar.<\/span><\/li>\n<li style=\"font-weight: 400;\" aria-level=\"1\"><span style=\"font-weight: 400;\">Erupci\u00f3n de carretera: Los motociclistas que se caen de su motocicleta o quienes son arrastrados por ella a menudo sufren erupciones de carretera, una afecci\u00f3n en la que la piel se desgarra y se desgarra al ser arrastrados o empujados por el pavimento. El riesgo de infecci\u00f3n es significativo en este caso.<\/span><\/li>\n<li style=\"font-weight: 400;\" aria-level=\"1\"><span style=\"font-weight: 400;\">Da\u00f1o en la columna vertebral: No es raro que los motociclistas salgan despedidos de sus motocicletas o queden aplastados entre veh\u00edculos u objetos. Esto puede provocar da\u00f1o en la columna vertebral, a veces tan grave que impide a la persona caminar o requiere rehabilitaci\u00f3n exhaustiva.\u00a0<\/span><\/li>\n<li style=\"font-weight: 400;\" aria-level=\"1\"><span style=\"font-weight: 400;\">Trastorno de estr\u00e9s postraum\u00e1tico: Las personas con problemas f\u00edsicos son una cosa, pero las v\u00edctimas de accidentes de motocicleta a menudo sufren lesiones causadas por el TEPT, reviviendo una y otra vez los eventos ocurridos, el dolor y la experiencia en general.<\/span><\/li>\n<\/ul>\n<p><span style=\"font-weight: 400;\">Cualquiera de estos riesgos de lesi\u00f3n puede tener consecuencias que cambian la vida. Las muertes son frecuentes, lo que a menudo supone una p\u00e9rdida devastadora para las familias.<\/span><\/p>\n<p class=\"rs-content-cta\">Abogado de Lesiones Personales de Washington Court House Cerca de M\u00ed <a href=\"tel:+17408075079\">740-807-5079<\/a><\/p><h2><span style=\"font-weight: 400;\">Medidas preventivas que pueden tomar los motociclistas<\/span><\/h2>\n<p><span style=\"font-weight: 400;\">\u00bfQu\u00e9 pueden hacer los motociclistas para prevenir este tipo de lesiones? Muchas veces, otros conductores no prestan atenci\u00f3n a los motociclistas o estos pueden distraerse en la carretera. Puede ser imposible evitar que otras personas provoquen este tipo de lesiones. Los motociclistas pueden reducir el riesgo para su bienestar usando casco y observando a los dem\u00e1s en la carretera.<\/span><\/p>\n<p class=\"rs-content-cta rs-content-cta-small\"><a href=\"\/es\/contacto\/\">Haga clic para contactar<\/a> con nuestros lesiones personales abogados hoy<\/p><h2><span style=\"font-weight: 400;\">Qu\u00e9 hacer despu\u00e9s de un accidente<\/span><\/h2>\n<p><span style=\"font-weight: 400;\">Cuando ocurre un accidente como este, el primer paso m\u00e1s importante es obtener la atenci\u00f3n m\u00e9dica necesaria. Si es posible, al\u00e9jese del riesgo, por ejemplo, a un lado de la carretera. Llame al 911 y solicite la llegada de la polic\u00eda y una ambulancia. Incluso si cree que est\u00e1 bien, necesita atenci\u00f3n m\u00e9dica para una evaluaci\u00f3n completa. En la mayor\u00eda de los casos, esto significa ir a urgencias.<\/span><\/p>\n<p><span style=\"font-weight: 400;\">Si es seguro, tome algunas medidas adicionales:<\/span><\/p>\n<ul>\n<li style=\"font-weight: 400;\" aria-level=\"1\"><span style=\"font-weight: 400;\">Obtenga la informaci\u00f3n de contacto de las personas involucradas y de los testigos.<\/span><\/li>\n<li style=\"font-weight: 400;\" aria-level=\"1\"><span style=\"font-weight: 400;\">No se confiese culpable ni se disculpe por lo ocurrido.<\/span><\/li>\n<li style=\"font-weight: 400;\" aria-level=\"1\"><span style=\"font-weight: 400;\">Tome fotos de las \u00e1reas circundantes y de los da\u00f1os.\u00a0<\/span><\/li>\n<li style=\"font-weight: 400;\" aria-level=\"1\"><span style=\"font-weight: 400;\">Aseg\u00farese de presentar una denuncia policial.<\/span><\/li>\n<\/ul>\n<p><span style=\"font-weight: 400;\">Luego, hable con nuestros abogados especializados en accidentes de motocicleta en Washington Court House, Ohio. No hable con las compa\u00f1\u00edas de seguros de la otra parte hasta que hable con su abogado.<\/span><\/p>\n<p class=\"rs-content-cta rs-content-cta-small\">Complete una <a href=\"\/es\/contacto\/\">evaluaci\u00f3n gratuita de su caso<\/a> ahora<\/p><h2><span style=\"font-weight: 400;\">Proceso de reclamaci\u00f3n: Deje que sus abogados especializados en accidentes de motocicleta en Washington Court House, Ohio le ayuden.<\/span><\/h2>\n<p><span style=\"font-weight: 400;\">La compa\u00f1\u00eda de seguros intentar\u00e1 reducir la indemnizaci\u00f3n, en lugar de trabajar para apoyarle. Tomar\u00e1n medidas para reducirla, como intentar culparlo por el accidente o lograr que llegue a un acuerdo demasiado r\u00e1pido. Por eso necesita abogados a su lado.<\/span><\/p>\n<p><span style=\"font-weight: 400;\">Trabajaremos estrechamente con usted para determinar sus p\u00e9rdidas y luego presentar una reclamaci\u00f3n en su nombre. Tambi\u00e9n nos encargaremos de cualquier negociaci\u00f3n.<\/span><\/p><h2><span style=\"font-weight: 400;\">\u00bfTengo un caso? \u00bfCu\u00e1nto vale mi caso?<\/span><\/h2>\n<p><span style=\"font-weight: 400;\">La mejor manera de saber si tiene un caso es contactar con abogados especializados en accidentes de motocicleta en Washington Court House, Ohio, para obtener m\u00e1s informaci\u00f3n. Podemos ofrecerle una revisi\u00f3n formal de su caso para determinar la indemnizaci\u00f3n que podr\u00eda recibir con base en las pruebas de su caso.\u00a0<\/span><\/p>\n<h2><span style=\"font-weight: 400;\">C\u00f3mo elegir al mejor abogado de accidentes de motocicleta<\/span><\/h2>\n<p><span style=\"font-weight: 400;\">Elija un abogado confiable, con experiencia y con la compasi\u00f3n que busca. Es \u00fatil contar con un abogado que haya asesorado a otros clientes de accidentes de motocicleta. Tambi\u00e9n querr\u00e1 conocer los resultados de sus casos.<\/span><\/p>\n<h2><span style=\"font-weight: 400;\">C\u00f3mo puede ayudar Kruger &amp; Hodges<\/span><\/h2>\n<p><span style=\"font-weight: 400;\">Con muchos a\u00f1os de experiencia en servicios combinados, Kruger &amp; Hodges puede ayudarle incluso en los casos de accidentes de motocicleta m\u00e1s dif\u00edciles. Programe una <\/span><a href=\"https:\/\/thehometownlawyers.com\/es\/contacto\/\"><span style=\"font-weight: 400;\">consulta gratuita<\/span><\/a><span style=\"font-weight: 400;\"> con nuestro equipo hoy mismo para hablar sobre su caso y determinar los siguientes pasos para obtener la compensaci\u00f3n que le corresponde.<\/span><\/p>\n<p class=\"rs-content-cta rs-content-cta-small\">Llame o env\u00ede un mensaje de texto al <a href=\"tel:+17408075079\">740-807-5079<\/a> o complete una <a href=\"\/es\/contacto\/\">evaluaci\u00f3n gratuita de su caso<\/a><\/p>","protected":false},"excerpt":{"rendered":"<p>Las estad\u00edsticas muestran que las motocicletas solo representan alrededor del 3% de todos los veh\u00edculos registrados en las carreteras. Sin embargo, los accidentes de motocicleta representan el 14% de todas las muertes sufridas en accidentes de veh\u00edculos y una gran parte de las lesiones. Estos accidentes a menudo pueden ser devastadores, causando una p\u00e9rdida significativa &#8230;<\/p>\n","protected":false},"author":13,"featured_media":24572,"parent":25184,"menu_order":0,"comment_status":"closed","ping_status":"closed","template":"","meta":{"_acf_changed":false,"inline_featured_image":false,"_genesis_hide_title":false,"_genesis_hide_breadcrumbs":false,"_genesis_hide_singular_image":false,"_genesis_hide_footer_widgets":false,"_genesis_custom_body_class":"","_genesis_custom_post_class":"","_genesis_layout":"","footnotes":""},"hc_faqs":[],"hc_spanish_faqs":[],"class_list":{"0":"post-25208","1":"page","2":"type-page","3":"status-publish","4":"has-post-thumbnail","6":"hc_city_location-washington-court-house-2","7":"entry"},"acf":[],"yoast_head":"<!-- This site is optimized with the Yoast SEO plugin v27.4 - https:\/\/yoast.com\/product\/yoast-seo-wordpress\/ -->\n<title>Abogados de accidentes de motocicleta en Washington Court House, Ohio: Consulta gratuita<\/title>\n<meta name=\"description\" content=\"Hable con los abogados de accidentes de motocicleta en Washington Court House, OH en Kruger &amp; Hodges Attorneys at Law hoy para programar una consulta inicial gratuita.\" \/>\n<meta name=\"robots\" content=\"index, follow, max-snippet:-1, max-image-preview:large, max-video-preview:-1\" \/>\n<link rel=\"canonical\" href=\"https:\/\/thehometownlawyers.com\/es\/washington-court-house\/abogados-de-accidentes-de-motocicleta\/\" \/>\n<meta property=\"og:locale\" content=\"es_MX\" \/>\n<meta property=\"og:type\" content=\"article\" \/>\n<meta property=\"og:title\" content=\"Abogados de accidentes de motocicleta en Washington Court House, Ohio: Consulta gratuita\" \/>\n<meta property=\"og:description\" content=\"Hable con los abogados de accidentes de motocicleta en Washington Court House, OH en Kruger &amp; Hodges Attorneys at Law hoy para programar una consulta inicial gratuita.\" \/>\n<meta property=\"og:url\" content=\"https:\/\/thehometownlawyers.com\/es\/washington-court-house\/abogados-de-accidentes-de-motocicleta\/\" \/>\n<meta property=\"og:site_name\" content=\"Kruger &amp; Hodges Abogados De Lesiones\" \/>\n<meta property=\"article:publisher\" content=\"https:\/\/www.facebook.com\/KrugerHodges\/\" \/>\n<meta property=\"article:modified_time\" content=\"2025-06-25T20:11:39+00:00\" \/>\n<meta property=\"og:image\" content=\"https:\/\/thehometownlawyers.com\/wp-content\/uploads\/2025\/03\/common-motorcycle-accidents-to-avoid.jpg\" \/>\n\t<meta property=\"og:image:width\" content=\"768\" \/>\n\t<meta property=\"og:image:height\" content=\"511\" \/>\n\t<meta property=\"og:image:type\" content=\"image\/jpeg\" \/>\n<meta name=\"twitter:card\" content=\"summary_large_image\" \/>\n<meta name=\"twitter:label1\" content=\"Tiempo de lectura\" \/>\n\t<meta name=\"twitter:data1\" content=\"5 minutos\" \/>\n<script type=\"application\/ld+json\" class=\"yoast-schema-graph\">{\"@context\":\"https:\\\/\\\/schema.org\",\"@graph\":[{\"@type\":\"WebPage\",\"@id\":\"https:\\\/\\\/thehometownlawyers.com\\\/es\\\/washington-court-house\\\/abogados-de-accidentes-de-motocicleta\\\/\",\"url\":\"https:\\\/\\\/thehometownlawyers.com\\\/es\\\/washington-court-house\\\/abogados-de-accidentes-de-motocicleta\\\/\",\"name\":\"Abogados de accidentes de motocicleta en Washington Court House, Ohio: Consulta gratuita\",\"isPartOf\":{\"@id\":\"https:\\\/\\\/thehometownlawyers.com\\\/es\\\/#website\"},\"primaryImageOfPage\":{\"@id\":\"https:\\\/\\\/thehometownlawyers.com\\\/es\\\/washington-court-house\\\/abogados-de-accidentes-de-motocicleta\\\/#primaryimage\"},\"image\":{\"@id\":\"https:\\\/\\\/thehometownlawyers.com\\\/es\\\/washington-court-house\\\/abogados-de-accidentes-de-motocicleta\\\/#primaryimage\"},\"thumbnailUrl\":\"https:\\\/\\\/thehometownlawyers.com\\\/wp-content\\\/uploads\\\/2025\\\/03\\\/common-motorcycle-accidents-to-avoid.jpg\",\"datePublished\":\"2025-06-25T19:59:58+00:00\",\"dateModified\":\"2025-06-25T20:11:39+00:00\",\"description\":\"Hable con los abogados de accidentes de motocicleta en Washington Court House, OH en Kruger & Hodges Attorneys at Law hoy para programar una consulta inicial gratuita.\",\"breadcrumb\":{\"@id\":\"https:\\\/\\\/thehometownlawyers.com\\\/es\\\/washington-court-house\\\/abogados-de-accidentes-de-motocicleta\\\/#breadcrumb\"},\"inLanguage\":\"es\",\"potentialAction\":[{\"@type\":\"ReadAction\",\"target\":[\"https:\\\/\\\/thehometownlawyers.com\\\/es\\\/washington-court-house\\\/abogados-de-accidentes-de-motocicleta\\\/\"]}]},{\"@type\":\"ImageObject\",\"inLanguage\":\"es\",\"@id\":\"https:\\\/\\\/thehometownlawyers.com\\\/es\\\/washington-court-house\\\/abogados-de-accidentes-de-motocicleta\\\/#primaryimage\",\"url\":\"https:\\\/\\\/thehometownlawyers.com\\\/wp-content\\\/uploads\\\/2025\\\/03\\\/common-motorcycle-accidents-to-avoid.jpg\",\"contentUrl\":\"https:\\\/\\\/thehometownlawyers.com\\\/wp-content\\\/uploads\\\/2025\\\/03\\\/common-motorcycle-accidents-to-avoid.jpg\",\"width\":768,\"height\":511,\"caption\":\"The motorcycle lies on the sidewalk after a ride.\"},{\"@type\":\"BreadcrumbList\",\"@id\":\"https:\\\/\\\/thehometownlawyers.com\\\/es\\\/washington-court-house\\\/abogados-de-accidentes-de-motocicleta\\\/#breadcrumb\",\"itemListElement\":[{\"@type\":\"ListItem\",\"position\":1,\"name\":\"Home\",\"item\":\"https:\\\/\\\/thehometownlawyers.com\\\/es\\\/\"},{\"@type\":\"ListItem\",\"position\":2,\"name\":\"Abogado de Lesiones Personales en Washington Court House\",\"item\":\"https:\\\/\\\/thehometownlawyers.com\\\/es\\\/washington-court-house\\\/abogado-de-lesiones-personales\\\/\"},{\"@type\":\"ListItem\",\"position\":3,\"name\":\"Abogados de Accidentes de Motocicleta en Washington Court House\"}]},{\"@type\":\"WebSite\",\"@id\":\"https:\\\/\\\/thehometownlawyers.com\\\/es\\\/#website\",\"url\":\"https:\\\/\\\/thehometownlawyers.com\\\/es\\\/\",\"name\":\"Kruger & Hodges Hometown Injury Lawyers | Accident Attorneys\",\"description\":\"Attorneys for Car, Truck and Motorcycle Accidents, Personal Injuries, and Criminal Defense.\",\"publisher\":{\"@id\":\"https:\\\/\\\/thehometownlawyers.com\\\/es\\\/#organization\"},\"alternateName\":\"Kruger & Hodges Personal Injury Lawyers\",\"inLanguage\":\"es\"},{\"@type\":\"Organization\",\"@id\":\"https:\\\/\\\/thehometownlawyers.com\\\/es\\\/#organization\",\"name\":\"Kruger & Hodges Hometown Injury Lawyers\",\"alternateName\":\"Kruger & Hodges\",\"url\":\"https:\\\/\\\/thehometownlawyers.com\\\/es\\\/\",\"logo\":{\"@type\":\"ImageObject\",\"inLanguage\":\"es\",\"@id\":\"https:\\\/\\\/thehometownlawyers.com\\\/es\\\/#\\\/schema\\\/logo\\\/image\\\/\",\"url\":\"https:\\\/\\\/thehometownlawyers.com\\\/wp-content\\\/uploads\\\/2025\\\/12\\\/revised-kh-logo-vertical-white-background-scaled.png\",\"contentUrl\":\"https:\\\/\\\/thehometownlawyers.com\\\/wp-content\\\/uploads\\\/2025\\\/12\\\/revised-kh-logo-vertical-white-background-scaled.png\",\"width\":2560,\"height\":1440,\"caption\":\"Kruger & Hodges Hometown Injury Lawyers\"},\"image\":{\"@id\":\"https:\\\/\\\/thehometownlawyers.com\\\/es\\\/#\\\/schema\\\/logo\\\/image\\\/\"},\"sameAs\":[\"https:\\\/\\\/www.facebook.com\\\/KrugerHodges\\\/\",\"https:\\\/\\\/www.instagram.com\\\/krugerhodges\\\/\",\"https:\\\/\\\/www.linkedin.com\\\/company\\\/kruger-hodges-hometown-injury-lawyers\\\/\",\"https:\\\/\\\/www.youtube.com\\\/channel\\\/UCeYcMaMaN2rb9jMlqt4EIdQ\",\"https:\\\/\\\/www.tiktok.com\\\/@thehometownlawyer\"]}]}<\/script>\n<!-- \/ Yoast SEO plugin. -->","yoast_head_json":{"title":"Abogados de accidentes de motocicleta en Washington Court House, Ohio: Consulta gratuita","description":"Hable con los abogados de accidentes de motocicleta en Washington Court House, OH en Kruger & Hodges Attorneys at Law hoy para programar una consulta inicial gratuita.","robots":{"index":"index","follow":"follow","max-snippet":"max-snippet:-1","max-image-preview":"max-image-preview:large","max-video-preview":"max-video-preview:-1"},"canonical":"https:\/\/thehometownlawyers.com\/es\/washington-court-house\/abogados-de-accidentes-de-motocicleta\/","og_locale":"es_MX","og_type":"article","og_title":"Abogados de accidentes de motocicleta en Washington Court House, Ohio: Consulta gratuita","og_description":"Hable con los abogados de accidentes de motocicleta en Washington Court House, OH en Kruger & Hodges Attorneys at Law hoy para programar una consulta inicial gratuita.","og_url":"https:\/\/thehometownlawyers.com\/es\/washington-court-house\/abogados-de-accidentes-de-motocicleta\/","og_site_name":"Kruger &amp; Hodges Abogados De Lesiones","article_publisher":"https:\/\/www.facebook.com\/KrugerHodges\/","article_modified_time":"2025-06-25T20:11:39+00:00","og_image":[{"width":768,"height":511,"url":"https:\/\/thehometownlawyers.com\/wp-content\/uploads\/2025\/03\/common-motorcycle-accidents-to-avoid.jpg","type":"image\/jpeg"}],"twitter_card":"summary_large_image","twitter_misc":{"Tiempo de lectura":"5 minutos"},"schema":{"@context":"https:\/\/schema.org","@graph":[{"@type":"WebPage","@id":"https:\/\/thehometownlawyers.com\/es\/washington-court-house\/abogados-de-accidentes-de-motocicleta\/","url":"https:\/\/thehometownlawyers.com\/es\/washington-court-house\/abogados-de-accidentes-de-motocicleta\/","name":"Abogados de accidentes de motocicleta en Washington Court House, Ohio: Consulta gratuita","isPartOf":{"@id":"https:\/\/thehometownlawyers.com\/es\/#website"},"primaryImageOfPage":{"@id":"https:\/\/thehometownlawyers.com\/es\/washington-court-house\/abogados-de-accidentes-de-motocicleta\/#primaryimage"},"image":{"@id":"https:\/\/thehometownlawyers.com\/es\/washington-court-house\/abogados-de-accidentes-de-motocicleta\/#primaryimage"},"thumbnailUrl":"https:\/\/thehometownlawyers.com\/wp-content\/uploads\/2025\/03\/common-motorcycle-accidents-to-avoid.jpg","datePublished":"2025-06-25T19:59:58+00:00","dateModified":"2025-06-25T20:11:39+00:00","description":"Hable con los abogados de accidentes de motocicleta en Washington Court House, OH en Kruger & Hodges Attorneys at Law hoy para programar una consulta inicial gratuita.","breadcrumb":{"@id":"https:\/\/thehometownlawyers.com\/es\/washington-court-house\/abogados-de-accidentes-de-motocicleta\/#breadcrumb"},"inLanguage":"es","potentialAction":[{"@type":"ReadAction","target":["https:\/\/thehometownlawyers.com\/es\/washington-court-house\/abogados-de-accidentes-de-motocicleta\/"]}]},{"@type":"ImageObject","inLanguage":"es","@id":"https:\/\/thehometownlawyers.com\/es\/washington-court-house\/abogados-de-accidentes-de-motocicleta\/#primaryimage","url":"https:\/\/thehometownlawyers.com\/wp-content\/uploads\/2025\/03\/common-motorcycle-accidents-to-avoid.jpg","contentUrl":"https:\/\/thehometownlawyers.com\/wp-content\/uploads\/2025\/03\/common-motorcycle-accidents-to-avoid.jpg","width":768,"height":511,"caption":"The motorcycle lies on the sidewalk after a ride."},{"@type":"BreadcrumbList","@id":"https:\/\/thehometownlawyers.com\/es\/washington-court-house\/abogados-de-accidentes-de-motocicleta\/#breadcrumb","itemListElement":[{"@type":"ListItem","position":1,"name":"Home","item":"https:\/\/thehometownlawyers.com\/es\/"},{"@type":"ListItem","position":2,"name":"Abogado de Lesiones Personales en Washington Court House","item":"https:\/\/thehometownlawyers.com\/es\/washington-court-house\/abogado-de-lesiones-personales\/"},{"@type":"ListItem","position":3,"name":"Abogados de Accidentes de Motocicleta en Washington Court House"}]},{"@type":"WebSite","@id":"https:\/\/thehometownlawyers.com\/es\/#website","url":"https:\/\/thehometownlawyers.com\/es\/","name":"Kruger & Hodges Hometown Injury Lawyers | Accident Attorneys","description":"Attorneys for Car, Truck and Motorcycle Accidents, Personal Injuries, and Criminal Defense.","publisher":{"@id":"https:\/\/thehometownlawyers.com\/es\/#organization"},"alternateName":"Kruger & Hodges Personal Injury Lawyers","inLanguage":"es"},{"@type":"Organization","@id":"https:\/\/thehometownlawyers.com\/es\/#organization","name":"Kruger & Hodges Hometown Injury Lawyers","alternateName":"Kruger & Hodges","url":"https:\/\/thehometownlawyers.com\/es\/","logo":{"@type":"ImageObject","inLanguage":"es","@id":"https:\/\/thehometownlawyers.com\/es\/#\/schema\/logo\/image\/","url":"https:\/\/thehometownlawyers.com\/wp-content\/uploads\/2025\/12\/revised-kh-logo-vertical-white-background-scaled.png","contentUrl":"https:\/\/thehometownlawyers.com\/wp-content\/uploads\/2025\/12\/revised-kh-logo-vertical-white-background-scaled.png","width":2560,"height":1440,"caption":"Kruger & Hodges Hometown Injury Lawyers"},"image":{"@id":"https:\/\/thehometownlawyers.com\/es\/#\/schema\/logo\/image\/"},"sameAs":["https:\/\/www.facebook.com\/KrugerHodges\/","https:\/\/www.instagram.com\/krugerhodges\/","https:\/\/www.linkedin.com\/company\/kruger-hodges-hometown-injury-lawyers\/","https:\/\/www.youtube.com\/channel\/UCeYcMaMaN2rb9jMlqt4EIdQ","https:\/\/www.tiktok.com\/@thehometownlawyer"]}]}},"_links":{"self":[{"href":"https:\/\/thehometownlawyers.com\/es\/wp-json\/wp\/v2\/pages\/25208","targetHints":{"allow":["GET"]}}],"collection":[{"href":"https:\/\/thehometownlawyers.com\/es\/wp-json\/wp\/v2\/pages"}],"about":[{"href":"https:\/\/thehometownlawyers.com\/es\/wp-json\/wp\/v2\/types\/page"}],"author":[{"embeddable":true,"href":"https:\/\/thehometownlawyers.com\/es\/wp-json\/wp\/v2\/users\/13"}],"replies":[{"embeddable":true,"href":"https:\/\/thehometownlawyers.com\/es\/wp-json\/wp\/v2\/comments?post=25208"}],"version-history":[{"count":0,"href":"https:\/\/thehometownlawyers.com\/es\/wp-json\/wp\/v2\/pages\/25208\/revisions"}],"up":[{"embeddable":true,"href":"https:\/\/thehometownlawyers.com\/es\/wp-json\/wp\/v2\/pages\/25184"}],"wp:featuredmedia":[{"embeddable":true,"href":"https:\/\/thehometownlawyers.com\/es\/wp-json\/wp\/v2\/media\/24572"}],"wp:attachment":[{"href":"https:\/\/thehometownlawyers.com\/es\/wp-json\/wp\/v2\/media?parent=25208"}],"wp:term":[{"taxonomy":"hc_faqs","embeddable":true,"href":"https:\/\/thehometownlawyers.com\/es\/wp-json\/wp\/v2\/hc_faqs?post=25208"},{"taxonomy":"hc_spanish_faqs","embeddable":true,"href":"https:\/\/thehometownlawyers.com\/es\/wp-json\/wp\/v2\/hc_spanish_faqs?post=25208"}],"curies":[{"name":"wp","href":"https:\/\/api.w.org\/{rel}","templated":true}]}}