{"id":25210,"date":"2025-06-25T16:20:28","date_gmt":"2025-06-25T20:20:28","guid":{"rendered":"https:\/\/thehometownlawyers.com\/?page_id=25210"},"modified":"2025-06-25T16:20:55","modified_gmt":"2025-06-25T20:20:55","slug":"abogados-de-accidentes-de-camion-semiremolque-en-washington-court-house","status":"publish","type":"page","link":"https:\/\/thehometownlawyers.com\/es\/washington-court-house\/abogados-de-accidentes-de-camion-semiremolque\/","title":{"rendered":"Abogados de Accidentes de Cami\u00f3n Semiremolque en Washington Court House"},"content":{"rendered":"<p><span style=\"font-weight: 400;\">Un accidente con un cami\u00f3n semirremolque puede causar da\u00f1os incre\u00edbles y la p\u00e9rdida de vidas. Hoy en d\u00eda, hay m\u00e1s camiones en las carreteras que nunca, ya que cada vez m\u00e1s personas compran en l\u00ednea y realizan env\u00edos a pedido. Todos los camiones que circulan con usted tienen la obligaci\u00f3n legal de garantizar la seguridad de los dem\u00e1s conductores actuando con responsabilidad. Sin embargo, no es raro que surjan problemas. Nuestros abogados especializados en accidentes de camiones semirremolque en Washington Court House, Ohio, han representado a muchos clientes que han sufrido accidentes relacionados con camiones en toda la regi\u00f3n. Estamos aqu\u00ed para apoyarle tambi\u00e9n.<\/span><\/p>\n<h2><span style=\"font-weight: 400;\">Estad\u00edsticas de Accidentes<\/span><\/h2>\n<p><span style=\"font-weight: 400;\">Ya sea que circulen por la I-71, la autopista 35 o la autopista 62, las principales carreteras de la zona, o cualquiera de las rutas m\u00e1s peque\u00f1as, los camiones representan un mayor riesgo para todos los conductores que los acompa\u00f1an. Seg\u00fan el Departamento de Seguridad P\u00fablica de Ohio, solo en el condado de Fayette en 2021 hubo un total de 91 accidentes. Algunos de estos accidentes podr\u00edan haber causado p\u00e9rdidas devastadoras para las v\u00edctimas. Si sufri\u00f3 p\u00e9rdidas en un accidente automovil\u00edstico con un cami\u00f3n en Ohio, comun\u00edquese con Kruger &amp; Hodges. Permita que nuestro equipo trabaje estrechamente con usted para determinar sus p\u00e9rdidas y c\u00f3mo puede obtener una compensaci\u00f3n.<\/span><\/p>\n<p class=\"rs-content-cta rs-content-cta-small\">Para una consulta legal gratuita, llame al <a href=\"tel:+17408075079\">740-807-5079 <\/a><\/p><h2><span style=\"font-weight: 400;\">Lesiones por Accidentes de Camiones<\/span><\/h2>\n<p><span style=\"font-weight: 400;\">Los camiones son veh\u00edculos pesados \u200b\u200by grandes que suelen circular a alta velocidad, especialmente por la I-71 o alguna de las otras v\u00edas principales. Los conductores de camiones suelen estar sobrecargados de trabajo y con falta de sue\u00f1o. Algunos tambi\u00e9n pueden distraerse con sus celulares o comiendo mientras conducen. Esto aumenta el riesgo de un accidente devastador. Cuando un cami\u00f3n choca con un autom\u00f3vil, una motocicleta o cualquier otra persona, puede causar da\u00f1os, incluyendo lesiones como las siguientes:<\/span><\/p>\n<ul>\n<li style=\"font-weight: 400;\" aria-level=\"1\"><span style=\"font-weight: 400;\">Fracturas de huesos: Los camiones pueden causar lesiones por aplastamiento, as\u00ed como da\u00f1os devastadores en las extremidades debido a fracturas de huesos.<\/span><\/li>\n<li style=\"font-weight: 400;\" aria-level=\"1\"><span style=\"font-weight: 400;\">Lesiones cerebrales traum\u00e1ticas: Si una persona se golpea la cabeza debido al accidente, esto puede causar da\u00f1o al cr\u00e1neo y al cerebro, lo que a menudo conduce a lesiones cerebrales traum\u00e1ticas que causan discapacidad.\u00a0<\/span><\/li>\n<li style=\"font-weight: 400;\" aria-level=\"1\"><span style=\"font-weight: 400;\">Da\u00f1os en la columna vertebral: Es com\u00fan que una persona tenga dificultad para caminar y mover sus extremidades despu\u00e9s de accidentes como este, a menudo debido a las lesiones en la columna vertebral posteriores a un accidente de cami\u00f3n. Algunas personas pueden perder la capacidad de caminar.<\/span><\/li>\n<li style=\"font-weight: 400;\" aria-level=\"1\"><span style=\"font-weight: 400;\">Laceraciones y desfiguraciones: En algunas situaciones, las v\u00edctimas sufren laceraciones que da\u00f1an tejidos y \u00f3rganos, lo que crea riesgo de hemorragia interna. En otras ocasiones, estos accidentes pueden causar deformidades faciales o de otro tipo debido al vidrio y al metal afilado.<\/span><\/li>\n<li style=\"font-weight: 400;\" aria-level=\"1\"><span style=\"font-weight: 400;\">P\u00e9rdida de vidas: Es com\u00fan que los accidentes de camiones causen la muerte. Los conductores pueden quedar atrapados o sufrir otras p\u00e9rdidas durante un accidente como este.<\/span><\/li>\n<\/ul>\n<p><span style=\"font-weight: 400;\">Nuestros abogados de accidentes de semirremolques en Washington Court House, Ohio, han trabajado con personas que han sufrido p\u00e9rdidas incre\u00edbles como resultado de un conductor de cami\u00f3n que no prest\u00f3 atenci\u00f3n o condujo correctamente. Trabajaremos con firmeza para proteger sus derechos en casos como este.<\/span><\/p>\n<p class=\"rs-content-cta\">Abogado de Lesiones Personales de Washington Court House Cerca de M\u00ed <a href=\"tel:+17408075079\">740-807-5079<\/a><\/p><h2><span style=\"font-weight: 400;\">Medidas preventivas<\/span><\/h2>\n<p><span style=\"font-weight: 400;\">En algunas situaciones, los accidentes de cami\u00f3n son causados \u200b\u200bpor veh\u00edculos de pasajeros y, cuando esto sucede, las p\u00e9rdidas tambi\u00e9n pueden ser devastadoras. Sin embargo, hay un l\u00edmite en lo que otras personas pueden hacer para prevenir accidentes como este. Mant\u00e9ngase alerta. Observe lo que hacen los camiones cuando se incorpora a la carretera con ellos. Preste mucha atenci\u00f3n tambi\u00e9n a los conductores. \u00bfEst\u00e1n prestando atenci\u00f3n a la carretera o desvi\u00e1ndose? Haga todo lo posible por conducir a la defensiva para protegerse.<\/span><\/p>\n<p class=\"rs-content-cta rs-content-cta-small\"><a href=\"\/es\/contacto\/\">Haga clic para contactar<\/a> con nuestros lesiones personales abogados hoy<\/p><h2><span style=\"font-weight: 400;\">Qu\u00e9 hacer despu\u00e9s de un accidente de cami\u00f3n<\/span><\/h2>\n<p><span style=\"font-weight: 400;\">Si se ve involucrado en un accidente de cami\u00f3n, mantenga la calma y llame a la polic\u00eda. El operador del 911 le ayudar\u00e1 a saber qu\u00e9 pasos tomar.<\/span><\/p>\n<p><span style=\"font-weight: 400;\">Si es seguro, h\u00e1gase a un lado de la carretera para evitar el peligro. Si no, qu\u00e9dese donde est\u00e1 y espere a que llegue la ayuda. En situaciones en las que pueda hacerse a un lado, intente documentar lo que est\u00e1 sucediendo. Esto podr\u00eda incluir tomar fotos de todo lo que est\u00e9 en el \u00e1rea y hablar con testigos.<\/span><\/p>\n<p><span style=\"font-weight: 400;\">La prioridad es recibir la atenci\u00f3n m\u00e9dica que necesita. Acuda a urgencias para un examen f\u00edsico completo. Al mismo tiempo, tambi\u00e9n querr\u00e1 asegurarse de que un oficial de polic\u00eda est\u00e9 disponible para documentar lo ocurrido.<\/span><\/p>\n<p><span style=\"font-weight: 400;\">Despu\u00e9s de todo esto, llame a su abogado. Kruger &amp; Hodges est\u00e1 disponible para hablar sobre su caso con usted de inmediato. Perm\u00edtanos trabajar para proteger sus derechos.<\/span><\/p>\n<p class=\"rs-content-cta rs-content-cta-small\">Complete una <a href=\"\/es\/contacto\/\">evaluaci\u00f3n gratuita de su caso<\/a> ahora<\/p><h2><span style=\"font-weight: 400;\">Proceso de Reclamaciones: Nuestros Abogados de Accidentes de Camiones Semirremolque en Washington Court House, OH, Pueden Ayudar<\/span><\/h2>\n<p><span style=\"font-weight: 400;\">Nuestros abogados de accidentes de camiones semirremolque en Washington Court House, Ohio, se comprometen a ayudarle durante todo el proceso de reclamaci\u00f3n. Sin duda, necesita un abogado a su lado para garantizar una compensaci\u00f3n justa. Los conductores y las compa\u00f1\u00edas de camiones cuentan con compa\u00f1\u00edas de seguros y abogados de gran prestigio y experiencia que trabajan para proteger sus derechos y reducir los costos que se le paguen. Perm\u00edtanos encargarnos del proceso de reclamaci\u00f3n por usted.<\/span><\/p>\n<p><span style=\"font-weight: 400;\">Le ayudaremos a:<\/span><\/p>\n<ul>\n<li style=\"font-weight: 400;\" aria-level=\"1\"><span style=\"font-weight: 400;\">Determinar qui\u00e9n es responsable.<\/span><\/li>\n<li style=\"font-weight: 400;\" aria-level=\"1\"><span style=\"font-weight: 400;\">Calcular las p\u00e9rdidas totales que ha sufrido.<\/span><\/li>\n<li style=\"font-weight: 400;\" aria-level=\"1\"><span style=\"font-weight: 400;\">Presentar una reclamaci\u00f3n a la compa\u00f1\u00eda de seguros.<\/span><\/li>\n<li style=\"font-weight: 400;\" aria-level=\"1\"><span style=\"font-weight: 400;\">Manejar cada conversaci\u00f3n con los ajustadores de seguros para que usted no tenga que hacerlo.<\/span><\/li>\n<li style=\"font-weight: 400;\" aria-level=\"1\"><span style=\"font-weight: 400;\">Ir a los tribunales si no aceptan una compensaci\u00f3n justa.<\/span><\/li>\n<\/ul>\n<h2><span style=\"font-weight: 400;\">\u00bfTengo un caso? \u00bfCu\u00e1nto vale mi caso?<\/span><\/h2>\n<p><span style=\"font-weight: 400;\">La \u00fanica manera de saber si tiene un caso v\u00e1lido es que acuda a una consulta gratuita. Nuestros abogados especializados en accidentes de camiones en Washington Court House, Ohio, tienen la experiencia para responder a todas sus preguntas.<\/span><\/p>\n<h2><span style=\"font-weight: 400;\">C\u00f3mo elegir al mejor abogado de accidentes de camiones<\/span><\/h2>\n<p><span style=\"font-weight: 400;\">Debido a la complejidad de estos casos, le recomendamos encarecidamente elegir un abogado con amplia experiencia en accidentes de camiones en Ohio. Busque un equipo legal con resultados comprobados para proteger sus derechos.<\/span><\/p>\n<h2><span style=\"font-weight: 400;\">C\u00f3mo puede ayudarle Kruger &amp; Hodges<\/span><\/h2>\n<p><a href=\"https:\/\/thehometownlawyers.com\/es\/contacto\/\"><span style=\"font-weight: 400;\">Contacte con Kruger &amp; Hodges<\/span><\/a><span style=\"font-weight: 400;\"> hoy mismo para hablar sobre su caso. Permita que nuestros abogados especializados en accidentes de camiones en Washington Court House, Ohio, le gu\u00eden en este proceso legal. Con gusto le brindaremos una consulta gratuita para hablar sobre su caso hoy mismo.<\/span><\/p>\n<p class=\"rs-content-cta rs-content-cta-small\">Llame o env\u00ede un mensaje de texto al <a href=\"tel:+17408075079\">740-807-5079<\/a> o complete una <a href=\"\/es\/contacto\/\">evaluaci\u00f3n gratuita de su caso<\/a><\/p>","protected":false},"excerpt":{"rendered":"<p>Un accidente con un cami\u00f3n semirremolque puede causar da\u00f1os incre\u00edbles y la p\u00e9rdida de vidas. Hoy en d\u00eda, hay m\u00e1s camiones en las carreteras que nunca, ya que cada vez m\u00e1s personas compran en l\u00ednea y realizan env\u00edos a pedido. Todos los camiones que circulan con usted tienen la obligaci\u00f3n legal de garantizar la seguridad &#8230;<\/p>\n","protected":false},"author":13,"featured_media":24608,"parent":25184,"menu_order":0,"comment_status":"closed","ping_status":"closed","template":"","meta":{"_acf_changed":false,"inline_featured_image":false,"_genesis_hide_title":false,"_genesis_hide_breadcrumbs":false,"_genesis_hide_singular_image":false,"_genesis_hide_footer_widgets":false,"_genesis_custom_body_class":"","_genesis_custom_post_class":"","_genesis_layout":"","footnotes":""},"hc_faqs":[],"hc_spanish_faqs":[],"class_list":{"0":"post-25210","1":"page","2":"type-page","3":"status-publish","4":"has-post-thumbnail","6":"hc_city_location-washington-court-house-2","7":"entry"},"acf":[],"yoast_head":"<!-- This site is optimized with the Yoast SEO plugin v27.4 - https:\/\/yoast.com\/product\/yoast-seo-wordpress\/ -->\n<title>Abogados de accidentes de camiones semiremolque en Washington Court House, Ohio: Consulta gratuita<\/title>\n<meta name=\"description\" content=\"Despu\u00e9s de buscar tratamiento m\u00e9dico, comun\u00edquese con los abogados experimentados en accidentes de camiones semiremolque en Washington Court House, OH de Kruger &amp; Hodges para obtener ayuda.\" \/>\n<meta name=\"robots\" content=\"index, follow, max-snippet:-1, max-image-preview:large, max-video-preview:-1\" \/>\n<link rel=\"canonical\" href=\"https:\/\/thehometownlawyers.com\/es\/washington-court-house\/abogados-de-accidentes-de-camion-semiremolque\/\" \/>\n<meta property=\"og:locale\" content=\"es_MX\" \/>\n<meta property=\"og:type\" content=\"article\" \/>\n<meta property=\"og:title\" content=\"Abogados de accidentes de camiones semiremolque en Washington Court House, Ohio: Consulta gratuita\" \/>\n<meta property=\"og:description\" content=\"Despu\u00e9s de buscar tratamiento m\u00e9dico, comun\u00edquese con los abogados experimentados en accidentes de camiones semiremolque en Washington Court House, OH de Kruger &amp; Hodges para obtener ayuda.\" \/>\n<meta property=\"og:url\" content=\"https:\/\/thehometownlawyers.com\/es\/washington-court-house\/abogados-de-accidentes-de-camion-semiremolque\/\" \/>\n<meta property=\"og:site_name\" content=\"Kruger &amp; Hodges Abogados De Lesiones\" \/>\n<meta property=\"article:publisher\" content=\"https:\/\/www.facebook.com\/KrugerHodges\/\" \/>\n<meta property=\"article:modified_time\" content=\"2025-06-25T20:20:55+00:00\" \/>\n<meta property=\"og:image\" content=\"https:\/\/thehometownlawyers.com\/wp-content\/uploads\/2025\/03\/abogados-de-accidentes-de-camiones-que-prestan-servicios-en-fairfield-ohio.jpg\" \/>\n\t<meta property=\"og:image:width\" content=\"768\" \/>\n\t<meta property=\"og:image:height\" content=\"512\" \/>\n\t<meta property=\"og:image:type\" content=\"image\/jpeg\" \/>\n<meta name=\"twitter:card\" content=\"summary_large_image\" \/>\n<meta name=\"twitter:label1\" content=\"Tiempo de lectura\" \/>\n\t<meta name=\"twitter:data1\" content=\"5 minutos\" \/>\n<script type=\"application\/ld+json\" class=\"yoast-schema-graph\">{\"@context\":\"https:\\\/\\\/schema.org\",\"@graph\":[{\"@type\":\"WebPage\",\"@id\":\"https:\\\/\\\/thehometownlawyers.com\\\/es\\\/washington-court-house\\\/abogados-de-accidentes-de-camion-semiremolque\\\/\",\"url\":\"https:\\\/\\\/thehometownlawyers.com\\\/es\\\/washington-court-house\\\/abogados-de-accidentes-de-camion-semiremolque\\\/\",\"name\":\"Abogados de accidentes de camiones semiremolque en Washington Court House, Ohio: Consulta gratuita\",\"isPartOf\":{\"@id\":\"https:\\\/\\\/thehometownlawyers.com\\\/es\\\/#website\"},\"primaryImageOfPage\":{\"@id\":\"https:\\\/\\\/thehometownlawyers.com\\\/es\\\/washington-court-house\\\/abogados-de-accidentes-de-camion-semiremolque\\\/#primaryimage\"},\"image\":{\"@id\":\"https:\\\/\\\/thehometownlawyers.com\\\/es\\\/washington-court-house\\\/abogados-de-accidentes-de-camion-semiremolque\\\/#primaryimage\"},\"thumbnailUrl\":\"https:\\\/\\\/thehometownlawyers.com\\\/wp-content\\\/uploads\\\/2025\\\/03\\\/abogados-de-accidentes-de-camiones-que-prestan-servicios-en-fairfield-ohio.jpg\",\"datePublished\":\"2025-06-25T20:20:28+00:00\",\"dateModified\":\"2025-06-25T20:20:55+00:00\",\"description\":\"Despu\u00e9s de buscar tratamiento m\u00e9dico, comun\u00edquese con los abogados experimentados en accidentes de camiones semiremolque en Washington Court House, OH de Kruger & Hodges para obtener ayuda.\",\"breadcrumb\":{\"@id\":\"https:\\\/\\\/thehometownlawyers.com\\\/es\\\/washington-court-house\\\/abogados-de-accidentes-de-camion-semiremolque\\\/#breadcrumb\"},\"inLanguage\":\"es\",\"potentialAction\":[{\"@type\":\"ReadAction\",\"target\":[\"https:\\\/\\\/thehometownlawyers.com\\\/es\\\/washington-court-house\\\/abogados-de-accidentes-de-camion-semiremolque\\\/\"]}]},{\"@type\":\"ImageObject\",\"inLanguage\":\"es\",\"@id\":\"https:\\\/\\\/thehometownlawyers.com\\\/es\\\/washington-court-house\\\/abogados-de-accidentes-de-camion-semiremolque\\\/#primaryimage\",\"url\":\"https:\\\/\\\/thehometownlawyers.com\\\/wp-content\\\/uploads\\\/2025\\\/03\\\/abogados-de-accidentes-de-camiones-que-prestan-servicios-en-fairfield-ohio.jpg\",\"contentUrl\":\"https:\\\/\\\/thehometownlawyers.com\\\/wp-content\\\/uploads\\\/2025\\\/03\\\/abogados-de-accidentes-de-camiones-que-prestan-servicios-en-fairfield-ohio.jpg\",\"width\":768,\"height\":512,\"caption\":\"Industrial long hauler carriers white big rig semi trucks tractors with high cab for truck driver rest standing on the parking lot in warehouse docks gates loading cargo for the next delivery freight.\"},{\"@type\":\"BreadcrumbList\",\"@id\":\"https:\\\/\\\/thehometownlawyers.com\\\/es\\\/washington-court-house\\\/abogados-de-accidentes-de-camion-semiremolque\\\/#breadcrumb\",\"itemListElement\":[{\"@type\":\"ListItem\",\"position\":1,\"name\":\"Home\",\"item\":\"https:\\\/\\\/thehometownlawyers.com\\\/es\\\/\"},{\"@type\":\"ListItem\",\"position\":2,\"name\":\"Abogado de Lesiones Personales en Washington Court House\",\"item\":\"https:\\\/\\\/thehometownlawyers.com\\\/es\\\/washington-court-house\\\/abogado-de-lesiones-personales\\\/\"},{\"@type\":\"ListItem\",\"position\":3,\"name\":\"Abogados de Accidentes de Cami\u00f3n Semiremolque en Washington Court House\"}]},{\"@type\":\"WebSite\",\"@id\":\"https:\\\/\\\/thehometownlawyers.com\\\/es\\\/#website\",\"url\":\"https:\\\/\\\/thehometownlawyers.com\\\/es\\\/\",\"name\":\"Kruger & Hodges Hometown Injury Lawyers | Accident Attorneys\",\"description\":\"Attorneys for Car, Truck and Motorcycle Accidents, Personal Injuries, and Criminal Defense.\",\"publisher\":{\"@id\":\"https:\\\/\\\/thehometownlawyers.com\\\/es\\\/#organization\"},\"alternateName\":\"Kruger & Hodges Personal Injury Lawyers\",\"inLanguage\":\"es\"},{\"@type\":\"Organization\",\"@id\":\"https:\\\/\\\/thehometownlawyers.com\\\/es\\\/#organization\",\"name\":\"Kruger & Hodges Hometown Injury Lawyers\",\"alternateName\":\"Kruger & Hodges\",\"url\":\"https:\\\/\\\/thehometownlawyers.com\\\/es\\\/\",\"logo\":{\"@type\":\"ImageObject\",\"inLanguage\":\"es\",\"@id\":\"https:\\\/\\\/thehometownlawyers.com\\\/es\\\/#\\\/schema\\\/logo\\\/image\\\/\",\"url\":\"https:\\\/\\\/thehometownlawyers.com\\\/wp-content\\\/uploads\\\/2025\\\/12\\\/revised-kh-logo-vertical-white-background-scaled.png\",\"contentUrl\":\"https:\\\/\\\/thehometownlawyers.com\\\/wp-content\\\/uploads\\\/2025\\\/12\\\/revised-kh-logo-vertical-white-background-scaled.png\",\"width\":2560,\"height\":1440,\"caption\":\"Kruger & Hodges Hometown Injury Lawyers\"},\"image\":{\"@id\":\"https:\\\/\\\/thehometownlawyers.com\\\/es\\\/#\\\/schema\\\/logo\\\/image\\\/\"},\"sameAs\":[\"https:\\\/\\\/www.facebook.com\\\/KrugerHodges\\\/\",\"https:\\\/\\\/www.instagram.com\\\/krugerhodges\\\/\",\"https:\\\/\\\/www.linkedin.com\\\/company\\\/kruger-hodges-hometown-injury-lawyers\\\/\",\"https:\\\/\\\/www.youtube.com\\\/channel\\\/UCeYcMaMaN2rb9jMlqt4EIdQ\",\"https:\\\/\\\/www.tiktok.com\\\/@thehometownlawyer\"]}]}<\/script>\n<!-- \/ Yoast SEO plugin. -->","yoast_head_json":{"title":"Abogados de accidentes de camiones semiremolque en Washington Court House, Ohio: Consulta gratuita","description":"Despu\u00e9s de buscar tratamiento m\u00e9dico, comun\u00edquese con los abogados experimentados en accidentes de camiones semiremolque en Washington Court House, OH de Kruger & Hodges para obtener ayuda.","robots":{"index":"index","follow":"follow","max-snippet":"max-snippet:-1","max-image-preview":"max-image-preview:large","max-video-preview":"max-video-preview:-1"},"canonical":"https:\/\/thehometownlawyers.com\/es\/washington-court-house\/abogados-de-accidentes-de-camion-semiremolque\/","og_locale":"es_MX","og_type":"article","og_title":"Abogados de accidentes de camiones semiremolque en Washington Court House, Ohio: Consulta gratuita","og_description":"Despu\u00e9s de buscar tratamiento m\u00e9dico, comun\u00edquese con los abogados experimentados en accidentes de camiones semiremolque en Washington Court House, OH de Kruger & Hodges para obtener ayuda.","og_url":"https:\/\/thehometownlawyers.com\/es\/washington-court-house\/abogados-de-accidentes-de-camion-semiremolque\/","og_site_name":"Kruger &amp; Hodges Abogados De Lesiones","article_publisher":"https:\/\/www.facebook.com\/KrugerHodges\/","article_modified_time":"2025-06-25T20:20:55+00:00","og_image":[{"width":768,"height":512,"url":"https:\/\/thehometownlawyers.com\/wp-content\/uploads\/2025\/03\/abogados-de-accidentes-de-camiones-que-prestan-servicios-en-fairfield-ohio.jpg","type":"image\/jpeg"}],"twitter_card":"summary_large_image","twitter_misc":{"Tiempo de lectura":"5 minutos"},"schema":{"@context":"https:\/\/schema.org","@graph":[{"@type":"WebPage","@id":"https:\/\/thehometownlawyers.com\/es\/washington-court-house\/abogados-de-accidentes-de-camion-semiremolque\/","url":"https:\/\/thehometownlawyers.com\/es\/washington-court-house\/abogados-de-accidentes-de-camion-semiremolque\/","name":"Abogados de accidentes de camiones semiremolque en Washington Court House, Ohio: Consulta gratuita","isPartOf":{"@id":"https:\/\/thehometownlawyers.com\/es\/#website"},"primaryImageOfPage":{"@id":"https:\/\/thehometownlawyers.com\/es\/washington-court-house\/abogados-de-accidentes-de-camion-semiremolque\/#primaryimage"},"image":{"@id":"https:\/\/thehometownlawyers.com\/es\/washington-court-house\/abogados-de-accidentes-de-camion-semiremolque\/#primaryimage"},"thumbnailUrl":"https:\/\/thehometownlawyers.com\/wp-content\/uploads\/2025\/03\/abogados-de-accidentes-de-camiones-que-prestan-servicios-en-fairfield-ohio.jpg","datePublished":"2025-06-25T20:20:28+00:00","dateModified":"2025-06-25T20:20:55+00:00","description":"Despu\u00e9s de buscar tratamiento m\u00e9dico, comun\u00edquese con los abogados experimentados en accidentes de camiones semiremolque en Washington Court House, OH de Kruger & Hodges para obtener ayuda.","breadcrumb":{"@id":"https:\/\/thehometownlawyers.com\/es\/washington-court-house\/abogados-de-accidentes-de-camion-semiremolque\/#breadcrumb"},"inLanguage":"es","potentialAction":[{"@type":"ReadAction","target":["https:\/\/thehometownlawyers.com\/es\/washington-court-house\/abogados-de-accidentes-de-camion-semiremolque\/"]}]},{"@type":"ImageObject","inLanguage":"es","@id":"https:\/\/thehometownlawyers.com\/es\/washington-court-house\/abogados-de-accidentes-de-camion-semiremolque\/#primaryimage","url":"https:\/\/thehometownlawyers.com\/wp-content\/uploads\/2025\/03\/abogados-de-accidentes-de-camiones-que-prestan-servicios-en-fairfield-ohio.jpg","contentUrl":"https:\/\/thehometownlawyers.com\/wp-content\/uploads\/2025\/03\/abogados-de-accidentes-de-camiones-que-prestan-servicios-en-fairfield-ohio.jpg","width":768,"height":512,"caption":"Industrial long hauler carriers white big rig semi trucks tractors with high cab for truck driver rest standing on the parking lot in warehouse docks gates loading cargo for the next delivery freight."},{"@type":"BreadcrumbList","@id":"https:\/\/thehometownlawyers.com\/es\/washington-court-house\/abogados-de-accidentes-de-camion-semiremolque\/#breadcrumb","itemListElement":[{"@type":"ListItem","position":1,"name":"Home","item":"https:\/\/thehometownlawyers.com\/es\/"},{"@type":"ListItem","position":2,"name":"Abogado de Lesiones Personales en Washington Court House","item":"https:\/\/thehometownlawyers.com\/es\/washington-court-house\/abogado-de-lesiones-personales\/"},{"@type":"ListItem","position":3,"name":"Abogados de Accidentes de Cami\u00f3n Semiremolque en Washington Court House"}]},{"@type":"WebSite","@id":"https:\/\/thehometownlawyers.com\/es\/#website","url":"https:\/\/thehometownlawyers.com\/es\/","name":"Kruger & Hodges Hometown Injury Lawyers | Accident Attorneys","description":"Attorneys for Car, Truck and Motorcycle Accidents, Personal Injuries, and Criminal Defense.","publisher":{"@id":"https:\/\/thehometownlawyers.com\/es\/#organization"},"alternateName":"Kruger & Hodges Personal Injury Lawyers","inLanguage":"es"},{"@type":"Organization","@id":"https:\/\/thehometownlawyers.com\/es\/#organization","name":"Kruger & Hodges Hometown Injury Lawyers","alternateName":"Kruger & Hodges","url":"https:\/\/thehometownlawyers.com\/es\/","logo":{"@type":"ImageObject","inLanguage":"es","@id":"https:\/\/thehometownlawyers.com\/es\/#\/schema\/logo\/image\/","url":"https:\/\/thehometownlawyers.com\/wp-content\/uploads\/2025\/12\/revised-kh-logo-vertical-white-background-scaled.png","contentUrl":"https:\/\/thehometownlawyers.com\/wp-content\/uploads\/2025\/12\/revised-kh-logo-vertical-white-background-scaled.png","width":2560,"height":1440,"caption":"Kruger & Hodges Hometown Injury Lawyers"},"image":{"@id":"https:\/\/thehometownlawyers.com\/es\/#\/schema\/logo\/image\/"},"sameAs":["https:\/\/www.facebook.com\/KrugerHodges\/","https:\/\/www.instagram.com\/krugerhodges\/","https:\/\/www.linkedin.com\/company\/kruger-hodges-hometown-injury-lawyers\/","https:\/\/www.youtube.com\/channel\/UCeYcMaMaN2rb9jMlqt4EIdQ","https:\/\/www.tiktok.com\/@thehometownlawyer"]}]}},"_links":{"self":[{"href":"https:\/\/thehometownlawyers.com\/es\/wp-json\/wp\/v2\/pages\/25210","targetHints":{"allow":["GET"]}}],"collection":[{"href":"https:\/\/thehometownlawyers.com\/es\/wp-json\/wp\/v2\/pages"}],"about":[{"href":"https:\/\/thehometownlawyers.com\/es\/wp-json\/wp\/v2\/types\/page"}],"author":[{"embeddable":true,"href":"https:\/\/thehometownlawyers.com\/es\/wp-json\/wp\/v2\/users\/13"}],"replies":[{"embeddable":true,"href":"https:\/\/thehometownlawyers.com\/es\/wp-json\/wp\/v2\/comments?post=25210"}],"version-history":[{"count":0,"href":"https:\/\/thehometownlawyers.com\/es\/wp-json\/wp\/v2\/pages\/25210\/revisions"}],"up":[{"embeddable":true,"href":"https:\/\/thehometownlawyers.com\/es\/wp-json\/wp\/v2\/pages\/25184"}],"wp:featuredmedia":[{"embeddable":true,"href":"https:\/\/thehometownlawyers.com\/es\/wp-json\/wp\/v2\/media\/24608"}],"wp:attachment":[{"href":"https:\/\/thehometownlawyers.com\/es\/wp-json\/wp\/v2\/media?parent=25210"}],"wp:term":[{"taxonomy":"hc_faqs","embeddable":true,"href":"https:\/\/thehometownlawyers.com\/es\/wp-json\/wp\/v2\/hc_faqs?post=25210"},{"taxonomy":"hc_spanish_faqs","embeddable":true,"href":"https:\/\/thehometownlawyers.com\/es\/wp-json\/wp\/v2\/hc_spanish_faqs?post=25210"}],"curies":[{"name":"wp","href":"https:\/\/api.w.org\/{rel}","templated":true}]}}