{"id":25888,"date":"2025-12-03T15:36:56","date_gmt":"2025-12-03T20:36:56","guid":{"rendered":"https:\/\/thehometownlawyers.com\/?page_id=25888"},"modified":"2025-12-03T15:59:10","modified_gmt":"2025-12-03T20:59:10","slug":"abogado-de-accidentes-de-camiones-en-washington-court-house","status":"publish","type":"page","link":"https:\/\/thehometownlawyers.com\/es\/washington-court-house\/abogado-de-accidentes-de-camiones\/","title":{"rendered":"Abogado de accidentes de camiones en Washington Court House"},"content":{"rendered":"<p><span style=\"font-weight: 400;\">Puede explorar opciones para obtener una compensaci\u00f3n despu\u00e9s de un accidente con un abogado de\u00a0 accidentes de cami\u00f3n en Washington Court House, de los abogados locales de Kruger &amp; Hodges. Contamos con a\u00f1os de experiencia que utilizamos para ayudar a clientes lesionados en colisiones de veh\u00edculos comerciales.<\/span><\/p>\n<p><span style=\"font-weight: 400;\">Un abogado de lesiones personales en Washington Court House puede tratar con la compa\u00f1\u00eda de camiones y todos los representantes de seguros para que usted pueda dedicar su energ\u00eda a sanar. Podemos hacer un seguimiento de todas sus p\u00e9rdidas y trabajar diligentemente para obtener la m\u00e1xima compensaci\u00f3n.<\/span><\/p>\n<p><span style=\"font-weight: 400;\">Estamos disponibles para ayudarle ahora mismo, as\u00ed que cont\u00e1ctenos y hablemos sobre sus pr\u00f3ximos pasos.<\/span><\/p><h2><span style=\"font-weight: 400;\">\u00bfPor qu\u00e9 contratar a un abogado de accidentes de cami\u00f3n en Washington Court House, OH?<\/span><\/h2>\n<p><span style=\"font-weight: 400;\">Es posible que desee contratar a un abogado despu\u00e9s de un accidente de cami\u00f3n porque dar este paso mejora sus posibilidades de obtener una compensaci\u00f3n justa por sus p\u00e9rdidas. Un abogado puede nivelar el campo de juego cuando se trata de tratar con compa\u00f1\u00edas de camiones poderosas y garantizar que la compa\u00f1\u00eda no intente abrumarlo para que acepte un acuerdo inferior.<\/span><\/p><p><span style=\"font-weight: 400;\">Los abogados tambi\u00e9n saben c\u00f3mo investigar y recopilar pruebas r\u00e1pidamente despu\u00e9s de un accidente de cami\u00f3n. Por ejemplo, su abogado podr\u00eda necesitar solicitar r\u00e1pidamente la informaci\u00f3n contenida en la grabadora de datos del cami\u00f3n. La compa\u00f1\u00eda de camiones puede eliminar esta informaci\u00f3n si se le da el tiempo suficiente. Por lo tanto, le sugerimos que busque ayuda profesional de inmediato despu\u00e9s de un accidente.<\/span><\/p>\n<p class=\"rs-content-cta rs-content-cta-small\">Para una consulta legal gratuita, llame al <a href=\"tel:+17408075079\">740-807-5079 <\/a><\/p><h2><span style=\"font-weight: 400;\">Tipos de casos de accidentes de camiones que manejamos<\/span><\/h2>\n<p><span style=\"font-weight: 400;\">Nuestra firma puede atender todas sus necesidades legales despu\u00e9s de cualquier tipo de colisi\u00f3n de cami\u00f3n. Cont\u00e1ctenos si necesita ayuda despu\u00e9s de un accidente que involucre un cami\u00f3n semirremolque, un cami\u00f3n de 18 ruedas, un cami\u00f3n de carga u otro veh\u00edculo comercial grande.<\/span><\/p>\n<p><span style=\"font-weight: 400;\">Sabemos lo que se necesita para ayudar a los clientes que sufren lesiones catastr\u00f3ficas debido a colisiones que involucran:<\/span><\/p>\n<ul>\n<li style=\"font-weight: 400;\" aria-level=\"1\"><span style=\"font-weight: 400;\">Camiones de volteo<\/span><\/li>\n<li style=\"font-weight: 400;\" aria-level=\"1\"><span style=\"font-weight: 400;\">Camiones de basura<\/span><\/li>\n<li style=\"font-weight: 400;\" aria-level=\"1\"><span style=\"font-weight: 400;\">Gr\u00faas<\/span><\/li>\n<li style=\"font-weight: 400;\" aria-level=\"1\"><span style=\"font-weight: 400;\">Camiones de reparto<\/span><\/li>\n<\/ul>\n<p><span style=\"font-weight: 400;\">Si fue atropellado por un conductor de cami\u00f3n negligente, puede acudir a nosotros para obtener ayuda.<\/span><\/p>\n<p class=\"rs-content-cta\">Abogado de Lesiones Personales de Washington Court House Cerca de M\u00ed <a href=\"tel:+17408075079\">740-807-5079<\/a><\/p><h2><span style=\"font-weight: 400;\">Dinero disponible despu\u00e9s de un accidente de cami\u00f3n<\/span><\/h2>\n<p><span style=\"font-weight: 400;\">Tiene la oportunidad de obtener una compensaci\u00f3n para cubrir todas sus p\u00e9rdidas de la parte responsable despu\u00e9s de una colisi\u00f3n. Un abogado de accidentes de camiones que trabaja en Washington Court House, OH, puede emprender acciones legales para asegurar el pago de:<\/span><\/p>\n<h3><span style=\"font-weight: 400;\">Sus facturas m\u00e9dicas<\/span><\/h3>\n<p><span style=\"font-weight: 400;\">Los accidentes de cami\u00f3n pueden causar lesiones catastr\u00f3ficas que conllevan muchos gastos m\u00e9dicos. Creemos que la parte responsable debe pagar todos sus tratamientos necesarios, incluyendo los costos de cirug\u00edas y medicamentos.<\/span><\/p>\n<h3><span style=\"font-weight: 400;\">Su dolor y sufrimiento mental<\/span><\/h3>\n<p><span style=\"font-weight: 400;\">Es posible que experimente angustia mental, dolor y angustia emocional a causa de un accidente de cami\u00f3n. La parte responsable del accidente podr\u00eda tener que cubrir estos da\u00f1os no econ\u00f3micos. Podemos evaluar su situaci\u00f3n y determinar un valor justo por estos efectos en su vida.<\/span><\/p>\n<h3><span style=\"font-weight: 400;\">Sus da\u00f1os materiales<\/span><\/h3>\n<p><span style=\"font-weight: 400;\">Una colisi\u00f3n con un veh\u00edculo comercial grande podr\u00eda da\u00f1ar gravemente su autom\u00f3vil y otras propiedades. Podemos incluir los costos de las reparaciones en su reclamo, lo que podr\u00eda obligar a la parte culpable a cubrir todos estos costos.<\/span><\/p>\n<h3><span style=\"font-weight: 400;\">Su p\u00e9rdida de salario<\/span><\/h3>\n<p><span style=\"font-weight: 400;\">Entendemos que podr\u00eda necesitar tiempo libre de su trabajo despu\u00e9s de sufrir un accidente de cami\u00f3n. Nuestro bufete de abogados puede incluir la p\u00e9rdida de salario en su reclamo de compensaci\u00f3n. Algunos de nuestros clientes tambi\u00e9n reciben compensaci\u00f3n por su potencial de ingresos reducido.<\/span><\/p>\n<p class=\"rs-content-cta rs-content-cta-small\"><a href=\"\/es\/contacto\/\">Haga clic para contactar<\/a> con nuestros lesiones personales abogados hoy<\/p><h2><span style=\"font-weight: 400;\">Razones para elegirnos despu\u00e9s de un accidente de cami\u00f3n<\/span><\/h2>\n<p><span style=\"font-weight: 400;\">En Kruger &amp; Hodges, nuestro equipo se enorgullece de su reputaci\u00f3n como un bufete de abogados local en el que puede confiar despu\u00e9s de un accidente. Ofrecemos atenci\u00f3n personalizada a nuestros clientes porque escuchamos sus inquietudes y nos adaptamos a sus necesidades despu\u00e9s de una colisi\u00f3n.<\/span><\/p>\n<p><span style=\"font-weight: 400;\">Puede contactarnos inmediatamente despu\u00e9s de un accidente. Responderemos r\u00e1pidamente a sus inquietudes y mantendremos una comunicaci\u00f3n abierta durante todo el proceso legal. Queremos ayudarle a comprender todas sus opciones para que pueda tomar decisiones informadas sobre sus reclamos.<\/span><\/p><p><span style=\"font-weight: 400;\">Nuestro equipo nunca quiere aumentar la carga financiera que enfrenta despu\u00e9s de un accidente. Por lo tanto, solo cobraremos los honorarios legales despu\u00e9s de la resoluci\u00f3n de su reclamo.<\/span><\/p><p class=\"rs-content-cta rs-content-cta-small\">Complete una <a href=\"\/es\/contacto\/\">evaluaci\u00f3n gratuita de su caso<\/a> ahora<\/p><h2><span style=\"font-weight: 400;\">\u00bfQui\u00e9n le paga despu\u00e9s de un accidente de cami\u00f3n?<\/span><\/h2><p><span style=\"font-weight: 400;\">La parte responsable generalmente tiene que cubrir sus p\u00e9rdidas econ\u00f3micas y no econ\u00f3micas despu\u00e9s de una colisi\u00f3n. Entonces, \u00bfqui\u00e9n es responsable en un accidente de cami\u00f3n semirremolque u otro tipo de accidente de cami\u00f3n? La responsabilidad var\u00eda seg\u00fan el caso.<\/span><\/p><p><span style=\"font-weight: 400;\">En algunos casos, nuestro equipo presentar\u00e1 un reclamo contra la compa\u00f1\u00eda de camiones. Tambi\u00e9n podemos presentar una demanda contra el camionero u otra persona que operara el veh\u00edculo y que haya contribuido a la colisi\u00f3n.<\/span><\/p><p><span style=\"font-weight: 400;\">Necesitamos iniciar nuestra investigaci\u00f3n r\u00e1pidamente despu\u00e9s de un accidente para encontrar a todos los que potencialmente le deben dinero.<\/span><\/p><h2><span style=\"font-weight: 400;\">Podemos Ayudarle Despu\u00e9s de un Accidente Mortal de Cami\u00f3n<\/span><\/h2><p><span style=\"font-weight: 400;\">Puede acudir a nuestro equipo para obtener asistencia compasiva despu\u00e9s de un accidente mortal de cami\u00f3n. Un abogado especializado en homicidio culposo de Washington Court House puede intervenir para manejar todos los asuntos legales en su nombre, brind\u00e1ndole el tiempo que necesita para atender las necesidades emocionales de su familia.<\/span><\/p><p><span style=\"font-weight: 400;\">Entendemos lo que implica presentar una demanda por homicidio culposo contra la parte responsable. Estas reclamaciones no pueden reparar la p\u00e9rdida que sufri\u00f3 su familia, pero pueden ayudarle a obtener la indemnizaci\u00f3n que necesita para abordar cualquier presi\u00f3n financiera que sienta.<\/span><\/p>\n<p><span style=\"font-weight: 400;\">Adem\u00e1s, emprender acciones legales contra la parte culpable puede ayudarle a cerrar el cap\u00edtulo. Estamos a su disposici\u00f3n para ayudarle con todos los asuntos legales cuando nos contacte para obtener ayuda.\u00a0<\/span><\/p>\n<h2><span style=\"font-weight: 400;\">Cont\u00e1ctenos despu\u00e9s de un accidente de cami\u00f3n en Washington Court House, OH<\/span><\/h2>\n<p><span style=\"font-weight: 400;\">Puede presentar una reclamaci\u00f3n para obtener una compensaci\u00f3n financiera justa despu\u00e9s de una colisi\u00f3n con un abogado especializado en accidentes de cami\u00f3n de Washington Court House de Kruger &amp; Hodges. Estamos preparados para ayudarle con cualquier obst\u00e1culo legal que enfrente, as\u00ed que <\/span><a href=\"https:\/\/thehometownlawyers.com\/es\/contacto\/\"><span style=\"font-weight: 400;\">cont\u00e1ctenos ahora<\/span><\/a><span style=\"font-weight: 400;\">.<\/span><\/p>\n<p class=\"rs-content-cta rs-content-cta-small\">Llame o env\u00ede un mensaje de texto al <a href=\"tel:+17408075079\">740-807-5079<\/a> o complete una <a href=\"\/es\/contacto\/\">evaluaci\u00f3n gratuita de su caso<\/a><\/p>","protected":false},"excerpt":{"rendered":"<p>Puede explorar opciones para obtener una compensaci\u00f3n despu\u00e9s de un accidente con un abogado de\u00a0 accidentes de cami\u00f3n en Washington Court House, de los abogados locales de Kruger &amp; Hodges. Contamos con a\u00f1os de experiencia que utilizamos para ayudar a clientes lesionados en colisiones de veh\u00edculos comerciales. Un abogado de lesiones personales en Washington Court &#8230;<\/p>\n","protected":false},"author":13,"featured_media":0,"parent":25184,"menu_order":0,"comment_status":"closed","ping_status":"closed","template":"","meta":{"_acf_changed":false,"inline_featured_image":false,"_genesis_hide_title":false,"_genesis_hide_breadcrumbs":false,"_genesis_hide_singular_image":false,"_genesis_hide_footer_widgets":false,"_genesis_custom_body_class":"","_genesis_custom_post_class":"","_genesis_layout":"","footnotes":""},"hc_faqs":[],"hc_spanish_faqs":[],"class_list":{"0":"post-25888","1":"page","2":"type-page","3":"status-publish","5":"hc_city_location-washington-court-house-2","6":"entry"},"acf":[],"yoast_head":"<!-- This site is optimized with the Yoast SEO plugin v27.4 - https:\/\/yoast.com\/product\/yoast-seo-wordpress\/ -->\n<title>Abogado de accidentes de camiones en Washington Court House | Kruger &amp; Hodges Abogados De Lesiones<\/title>\n<meta name=\"description\" content=\"Puede explorar opciones para obtener una compensaci\u00f3n despu\u00e9s de un accidente con un abogado de\u00a0 accidentes de cami\u00f3n en Washington Court House, de los\" \/>\n<meta name=\"robots\" content=\"index, follow, max-snippet:-1, max-image-preview:large, max-video-preview:-1\" \/>\n<link rel=\"canonical\" href=\"https:\/\/thehometownlawyers.com\/es\/washington-court-house\/abogado-de-accidentes-de-camiones\/\" \/>\n<meta property=\"og:locale\" content=\"es_MX\" \/>\n<meta property=\"og:type\" content=\"article\" \/>\n<meta property=\"og:title\" content=\"Abogado de accidentes de camiones en Washington Court House | Kruger &amp; Hodges Abogados De Lesiones\" \/>\n<meta property=\"og:description\" content=\"Puede explorar opciones para obtener una compensaci\u00f3n despu\u00e9s de un accidente con un abogado de\u00a0 accidentes de cami\u00f3n en Washington Court House, de los\" \/>\n<meta property=\"og:url\" content=\"https:\/\/thehometownlawyers.com\/es\/washington-court-house\/abogado-de-accidentes-de-camiones\/\" \/>\n<meta property=\"og:site_name\" content=\"Kruger &amp; Hodges Abogados De Lesiones\" \/>\n<meta property=\"article:publisher\" content=\"https:\/\/www.facebook.com\/KrugerHodges\/\" \/>\n<meta property=\"article:modified_time\" content=\"2025-12-03T20:59:10+00:00\" \/>\n<meta property=\"og:image\" content=\"https:\/\/thehometownlawyers.com\/wp-content\/uploads\/2026\/02\/TEAM-PHOTO-2026-scaled.jpg\" \/>\n\t<meta property=\"og:image:width\" content=\"2560\" \/>\n\t<meta property=\"og:image:height\" content=\"1689\" \/>\n\t<meta property=\"og:image:type\" content=\"image\/jpeg\" \/>\n<meta name=\"twitter:card\" content=\"summary_large_image\" \/>\n<meta name=\"twitter:label1\" content=\"Tiempo de lectura\" \/>\n\t<meta name=\"twitter:data1\" content=\"5 minutos\" \/>\n<script type=\"application\/ld+json\" class=\"yoast-schema-graph\">{\"@context\":\"https:\\\/\\\/schema.org\",\"@graph\":[{\"@type\":\"WebPage\",\"@id\":\"https:\\\/\\\/thehometownlawyers.com\\\/es\\\/washington-court-house\\\/abogado-de-accidentes-de-camiones\\\/\",\"url\":\"https:\\\/\\\/thehometownlawyers.com\\\/es\\\/washington-court-house\\\/abogado-de-accidentes-de-camiones\\\/\",\"name\":\"Abogado de accidentes de camiones en Washington Court House | Kruger &amp; Hodges Abogados De Lesiones\",\"isPartOf\":{\"@id\":\"https:\\\/\\\/thehometownlawyers.com\\\/es\\\/#website\"},\"datePublished\":\"2025-12-03T20:36:56+00:00\",\"dateModified\":\"2025-12-03T20:59:10+00:00\",\"description\":\"Puede explorar opciones para obtener una compensaci\u00f3n despu\u00e9s de un accidente con un abogado de\u00a0 accidentes de cami\u00f3n en Washington Court House, de los\",\"breadcrumb\":{\"@id\":\"https:\\\/\\\/thehometownlawyers.com\\\/es\\\/washington-court-house\\\/abogado-de-accidentes-de-camiones\\\/#breadcrumb\"},\"inLanguage\":\"es\",\"potentialAction\":[{\"@type\":\"ReadAction\",\"target\":[\"https:\\\/\\\/thehometownlawyers.com\\\/es\\\/washington-court-house\\\/abogado-de-accidentes-de-camiones\\\/\"]}]},{\"@type\":\"BreadcrumbList\",\"@id\":\"https:\\\/\\\/thehometownlawyers.com\\\/es\\\/washington-court-house\\\/abogado-de-accidentes-de-camiones\\\/#breadcrumb\",\"itemListElement\":[{\"@type\":\"ListItem\",\"position\":1,\"name\":\"Home\",\"item\":\"https:\\\/\\\/thehometownlawyers.com\\\/es\\\/\"},{\"@type\":\"ListItem\",\"position\":2,\"name\":\"Abogado de Lesiones Personales en Washington Court House\",\"item\":\"https:\\\/\\\/thehometownlawyers.com\\\/es\\\/washington-court-house\\\/abogado-de-lesiones-personales\\\/\"},{\"@type\":\"ListItem\",\"position\":3,\"name\":\"Abogado de accidentes de camiones en Washington Court House\"}]},{\"@type\":\"WebSite\",\"@id\":\"https:\\\/\\\/thehometownlawyers.com\\\/es\\\/#website\",\"url\":\"https:\\\/\\\/thehometownlawyers.com\\\/es\\\/\",\"name\":\"Kruger & Hodges Hometown Injury Lawyers | Accident Attorneys\",\"description\":\"Attorneys for Car, Truck and Motorcycle Accidents, Personal Injuries, and Criminal Defense.\",\"publisher\":{\"@id\":\"https:\\\/\\\/thehometownlawyers.com\\\/es\\\/#organization\"},\"alternateName\":\"Kruger & Hodges Personal Injury Lawyers\",\"inLanguage\":\"es\"},{\"@type\":\"Organization\",\"@id\":\"https:\\\/\\\/thehometownlawyers.com\\\/es\\\/#organization\",\"name\":\"Kruger & Hodges Hometown Injury Lawyers\",\"alternateName\":\"Kruger & Hodges\",\"url\":\"https:\\\/\\\/thehometownlawyers.com\\\/es\\\/\",\"logo\":{\"@type\":\"ImageObject\",\"inLanguage\":\"es\",\"@id\":\"https:\\\/\\\/thehometownlawyers.com\\\/es\\\/#\\\/schema\\\/logo\\\/image\\\/\",\"url\":\"https:\\\/\\\/thehometownlawyers.com\\\/wp-content\\\/uploads\\\/2025\\\/12\\\/revised-kh-logo-vertical-white-background-scaled.png\",\"contentUrl\":\"https:\\\/\\\/thehometownlawyers.com\\\/wp-content\\\/uploads\\\/2025\\\/12\\\/revised-kh-logo-vertical-white-background-scaled.png\",\"width\":2560,\"height\":1440,\"caption\":\"Kruger & Hodges Hometown Injury Lawyers\"},\"image\":{\"@id\":\"https:\\\/\\\/thehometownlawyers.com\\\/es\\\/#\\\/schema\\\/logo\\\/image\\\/\"},\"sameAs\":[\"https:\\\/\\\/www.facebook.com\\\/KrugerHodges\\\/\",\"https:\\\/\\\/www.instagram.com\\\/krugerhodges\\\/\",\"https:\\\/\\\/www.linkedin.com\\\/company\\\/kruger-hodges-hometown-injury-lawyers\\\/\",\"https:\\\/\\\/www.youtube.com\\\/channel\\\/UCeYcMaMaN2rb9jMlqt4EIdQ\",\"https:\\\/\\\/www.tiktok.com\\\/@thehometownlawyer\"]}]}<\/script>\n<!-- \/ Yoast SEO plugin. -->","yoast_head_json":{"title":"Abogado de accidentes de camiones en Washington Court House | Kruger &amp; Hodges Abogados De Lesiones","description":"Puede explorar opciones para obtener una compensaci\u00f3n despu\u00e9s de un accidente con un abogado de\u00a0 accidentes de cami\u00f3n en Washington Court House, de los","robots":{"index":"index","follow":"follow","max-snippet":"max-snippet:-1","max-image-preview":"max-image-preview:large","max-video-preview":"max-video-preview:-1"},"canonical":"https:\/\/thehometownlawyers.com\/es\/washington-court-house\/abogado-de-accidentes-de-camiones\/","og_locale":"es_MX","og_type":"article","og_title":"Abogado de accidentes de camiones en Washington Court House | Kruger &amp; Hodges Abogados De Lesiones","og_description":"Puede explorar opciones para obtener una compensaci\u00f3n despu\u00e9s de un accidente con un abogado de\u00a0 accidentes de cami\u00f3n en Washington Court House, de los","og_url":"https:\/\/thehometownlawyers.com\/es\/washington-court-house\/abogado-de-accidentes-de-camiones\/","og_site_name":"Kruger &amp; Hodges Abogados De Lesiones","article_publisher":"https:\/\/www.facebook.com\/KrugerHodges\/","article_modified_time":"2025-12-03T20:59:10+00:00","og_image":[{"width":2560,"height":1689,"url":"https:\/\/thehometownlawyers.com\/wp-content\/uploads\/2026\/02\/TEAM-PHOTO-2026-scaled.jpg","type":"image\/jpeg"}],"twitter_card":"summary_large_image","twitter_misc":{"Tiempo de lectura":"5 minutos"},"schema":{"@context":"https:\/\/schema.org","@graph":[{"@type":"WebPage","@id":"https:\/\/thehometownlawyers.com\/es\/washington-court-house\/abogado-de-accidentes-de-camiones\/","url":"https:\/\/thehometownlawyers.com\/es\/washington-court-house\/abogado-de-accidentes-de-camiones\/","name":"Abogado de accidentes de camiones en Washington Court House | Kruger &amp; Hodges Abogados De Lesiones","isPartOf":{"@id":"https:\/\/thehometownlawyers.com\/es\/#website"},"datePublished":"2025-12-03T20:36:56+00:00","dateModified":"2025-12-03T20:59:10+00:00","description":"Puede explorar opciones para obtener una compensaci\u00f3n despu\u00e9s de un accidente con un abogado de\u00a0 accidentes de cami\u00f3n en Washington Court House, de los","breadcrumb":{"@id":"https:\/\/thehometownlawyers.com\/es\/washington-court-house\/abogado-de-accidentes-de-camiones\/#breadcrumb"},"inLanguage":"es","potentialAction":[{"@type":"ReadAction","target":["https:\/\/thehometownlawyers.com\/es\/washington-court-house\/abogado-de-accidentes-de-camiones\/"]}]},{"@type":"BreadcrumbList","@id":"https:\/\/thehometownlawyers.com\/es\/washington-court-house\/abogado-de-accidentes-de-camiones\/#breadcrumb","itemListElement":[{"@type":"ListItem","position":1,"name":"Home","item":"https:\/\/thehometownlawyers.com\/es\/"},{"@type":"ListItem","position":2,"name":"Abogado de Lesiones Personales en Washington Court House","item":"https:\/\/thehometownlawyers.com\/es\/washington-court-house\/abogado-de-lesiones-personales\/"},{"@type":"ListItem","position":3,"name":"Abogado de accidentes de camiones en Washington Court House"}]},{"@type":"WebSite","@id":"https:\/\/thehometownlawyers.com\/es\/#website","url":"https:\/\/thehometownlawyers.com\/es\/","name":"Kruger & Hodges Hometown Injury Lawyers | Accident Attorneys","description":"Attorneys for Car, Truck and Motorcycle Accidents, Personal Injuries, and Criminal Defense.","publisher":{"@id":"https:\/\/thehometownlawyers.com\/es\/#organization"},"alternateName":"Kruger & Hodges Personal Injury Lawyers","inLanguage":"es"},{"@type":"Organization","@id":"https:\/\/thehometownlawyers.com\/es\/#organization","name":"Kruger & Hodges Hometown Injury Lawyers","alternateName":"Kruger & Hodges","url":"https:\/\/thehometownlawyers.com\/es\/","logo":{"@type":"ImageObject","inLanguage":"es","@id":"https:\/\/thehometownlawyers.com\/es\/#\/schema\/logo\/image\/","url":"https:\/\/thehometownlawyers.com\/wp-content\/uploads\/2025\/12\/revised-kh-logo-vertical-white-background-scaled.png","contentUrl":"https:\/\/thehometownlawyers.com\/wp-content\/uploads\/2025\/12\/revised-kh-logo-vertical-white-background-scaled.png","width":2560,"height":1440,"caption":"Kruger & Hodges Hometown Injury Lawyers"},"image":{"@id":"https:\/\/thehometownlawyers.com\/es\/#\/schema\/logo\/image\/"},"sameAs":["https:\/\/www.facebook.com\/KrugerHodges\/","https:\/\/www.instagram.com\/krugerhodges\/","https:\/\/www.linkedin.com\/company\/kruger-hodges-hometown-injury-lawyers\/","https:\/\/www.youtube.com\/channel\/UCeYcMaMaN2rb9jMlqt4EIdQ","https:\/\/www.tiktok.com\/@thehometownlawyer"]}]}},"_links":{"self":[{"href":"https:\/\/thehometownlawyers.com\/es\/wp-json\/wp\/v2\/pages\/25888","targetHints":{"allow":["GET"]}}],"collection":[{"href":"https:\/\/thehometownlawyers.com\/es\/wp-json\/wp\/v2\/pages"}],"about":[{"href":"https:\/\/thehometownlawyers.com\/es\/wp-json\/wp\/v2\/types\/page"}],"author":[{"embeddable":true,"href":"https:\/\/thehometownlawyers.com\/es\/wp-json\/wp\/v2\/users\/13"}],"replies":[{"embeddable":true,"href":"https:\/\/thehometownlawyers.com\/es\/wp-json\/wp\/v2\/comments?post=25888"}],"version-history":[{"count":0,"href":"https:\/\/thehometownlawyers.com\/es\/wp-json\/wp\/v2\/pages\/25888\/revisions"}],"up":[{"embeddable":true,"href":"https:\/\/thehometownlawyers.com\/es\/wp-json\/wp\/v2\/pages\/25184"}],"wp:attachment":[{"href":"https:\/\/thehometownlawyers.com\/es\/wp-json\/wp\/v2\/media?parent=25888"}],"wp:term":[{"taxonomy":"hc_faqs","embeddable":true,"href":"https:\/\/thehometownlawyers.com\/es\/wp-json\/wp\/v2\/hc_faqs?post=25888"},{"taxonomy":"hc_spanish_faqs","embeddable":true,"href":"https:\/\/thehometownlawyers.com\/es\/wp-json\/wp\/v2\/hc_spanish_faqs?post=25888"}],"curies":[{"name":"wp","href":"https:\/\/api.w.org\/{rel}","templated":true}]}}