{"id":25890,"date":"2025-12-03T15:39:53","date_gmt":"2025-12-03T20:39:53","guid":{"rendered":"https:\/\/thehometownlawyers.com\/?page_id=25890"},"modified":"2025-12-03T15:39:53","modified_gmt":"2025-12-03T20:39:53","slug":"abogado-de-accidentes-de-viajes-compartidos-en-washington-court-house","status":"publish","type":"page","link":"https:\/\/thehometownlawyers.com\/es\/abogado-de-lesiones-personales-en-washington-court-house\/abogado-de-accidentes-de-viajes-compartidos-en-washington-court-house\/","title":{"rendered":"Abogado de accidentes de viajes compartidos en Washington Court House"},"content":{"rendered":"<p><span style=\"font-weight: 400;\">Empresas como Uber y Lyft ofrecen opciones de transporte convenientes y asequibles para sus pasajeros. Sin embargo, con la creciente popularidad de los servicios de viajes compartidos, tambi\u00e9n ha aumentado el n\u00famero de accidentes. Si usted o un ser querido ha sufrido un accidente de viaje compartido cerca de Washington Court House, Ohio, es importante que comprenda sus derechos y opciones para obtener una compensaci\u00f3n.<\/span><\/p><h2><span style=\"font-weight: 400;\">\u00bfCu\u00e1les son los requisitos de seguro de Uber y Lyft?<\/span><\/h2><p><span style=\"font-weight: 400;\">Las empresas de viajes compartidos como Uber y Lyft est\u00e1n obligadas por ley a ofrecer cobertura de seguro a sus conductores y pasajeros. En Ohio, los requisitos m\u00ednimos de seguro para los conductores de viajes compartidos son los siguientes:<\/span><\/p><p><span style=\"font-weight: 400;\">Periodo 1: Cuando el conductor est\u00e1 conectado y espera una solicitud de viaje, pero a\u00fan no la ha aceptado. Durante este per\u00edodo, la empresa de viajes compartidos debe ofrecer una cobertura de seguro de responsabilidad civil de al menos $50,000 por persona, $100,000 por accidente por lesiones corporales y $25,000 por da\u00f1os a la propiedad.<\/span><\/p>\n<p><span style=\"font-weight: 400;\">Periodo 2: Cuando el conductor ha aceptado un viaje y se dirige a recoger al\/los pasajero(s). Durante este per\u00edodo, la compa\u00f1\u00eda de viajes compartidos debe ofrecer una cobertura de seguro de responsabilidad civil de al menos $1 mill\u00f3n por lesiones corporales y da\u00f1os a la propiedad.<\/span><\/p>\n<p><span style=\"font-weight: 400;\">Per\u00edodo 3: Cuando el\/los pasajero(s) se encuentre(n) en el veh\u00edculo. Durante este per\u00edodo, la compa\u00f1\u00eda de viajes compartidos debe ofrecer una cobertura de seguro de responsabilidad civil de al menos $1 mill\u00f3n por lesiones corporales y da\u00f1os a la propiedad, as\u00ed como cobertura para conductores sin seguro o con seguro insuficiente.<\/span><\/p>\n<p><span style=\"font-weight: 400;\">Es importante tener en cuenta que, si bien las p\u00f3lizas de seguro de la compa\u00f1\u00eda de viajes compartidos pueden ofrecer cobertura, no siempre son suficientes para cubrir la totalidad de los da\u00f1os y p\u00e9rdidas sufridos por las v\u00edctimas de accidentes de viajes compartidos. En estos casos, puede ser necesario buscar una compensaci\u00f3n a trav\u00e9s de otras v\u00edas, como la p\u00f3liza de seguro personal del conductor o mediante una demanda legal contra la parte culpable.<\/span><\/p>\n<p><span style=\"font-weight: 400;\">Tambi\u00e9n cabe destacar que los conductores de viajes compartidos deben tener su propia p\u00f3liza de seguro de auto personal que cumpla con los requisitos m\u00ednimos del estado. Sin embargo, las p\u00f3lizas de seguro de auto personal generalmente no cubren accidentes que ocurren mientras el conductor realiza actividades comerciales, como conducir para una compa\u00f1\u00eda de viajes compartidos. En estos casos, las p\u00f3lizas de seguro de la compa\u00f1\u00eda de viajes compartidos pueden proporcionar la cobertura principal.<\/span><\/p>\n<p><span style=\"font-weight: 400;\">Si ha sufrido un accidente de viaje compartido, es importante consultar con nuestros abogados expertos en lesiones personales, quienes pueden ayudarle a determinar el curso de acci\u00f3n adecuado para obtener la m\u00e1xima compensaci\u00f3n por sus da\u00f1os y p\u00e9rdidas.<\/span><\/p>\n<p class=\"rs-content-cta rs-content-cta-small\">Para una consulta legal gratuita, llame al <a href=\"tel:+17408075079\">740-807-5079 <\/a><\/p><h2><span style=\"font-weight: 400;\">Causas comunes de accidentes de viajes compartidos<\/span><\/h2>\n<p><span style=\"font-weight: 400;\">Muchos factores pueden contribuir a un accidente de viaje compartido en Washington Court House, Ohio. Algunas de las causas m\u00e1s comunes de accidentes de viajes compartidos incluyen:<\/span><\/p>\n<ul>\n<li><span style=\"font-weight: 400;\">Conducci\u00f3n distra\u00edda: Como cualquier conductor, los conductores de viajes compartidos pueden distraerse al volante. Sin embargo, dado que los conductores de viajes compartidos a menudo dependen de sus tel\u00e9fonos inteligentes para recibir solicitudes de viaje y llegar a su destino, las distracciones pueden ser a\u00fan m\u00e1s comunes.<\/span><\/li>\n<li><span style=\"font-weight: 400;\">Conducci\u00f3n imprudente: Para maximizar sus ganancias, algunos conductores de viajes compartidos pueden conducir de forma agresiva o incurrir en otros comportamientos imprudentes.<\/span><\/li>\n<li><span style=\"font-weight: 400;\">Fatiga: Los conductores de viajes compartidos suelen trabajar muchas horas para satisfacer la demanda, lo que puede provocar fatiga y un mayor riesgo de accidentes. Fatiga: Los conductores de viajes compartidos a menudo trabajan muchas horas para satisfacer la demanda, lo que puede generar fatiga y un mayor riesgo de accidentes.<\/span><\/li>\n<\/ul>\n<p class=\"rs-content-cta\">Abogado de Lesiones Personales de Washington Court House Cerca de M\u00ed <a href=\"tel:+17408075079\">740-807-5079<\/a><\/p><h2><span style=\"font-weight: 400;\">Lesiones comunes en accidentes de viajes compartidos<\/span><\/h2>\n<p><span style=\"font-weight: 400;\">Los accidentes de viajes compartidos pueden provocar una amplia gama de lesiones, desde cortes y moretones leves hasta lesiones graves que ponen en peligro la vida. Algunas de las lesiones m\u00e1s comunes que pueden resultar de un accidente de viaje compartido incluyen:<\/span><\/p>\n<ul>\n<li><span style=\"font-weight: 400;\">Latigazo cervical: El latigazo cervical es una lesi\u00f3n com\u00fan que puede ocurrir en accidentes automovil\u00edsticos cuando la cabeza y el cuello se sacuden repentinamente hacia adelante y luego hacia atr\u00e1s.<\/span><\/li>\n<li><span style=\"font-weight: 400;\">Fracturas \u00f3seas: La fuerza de un accidente de viaje compartido puede causar fracturas de huesos, lo cual puede ser una lesi\u00f3n dolorosa y debilitante.<\/span><\/li>\n<li><span style=\"font-weight: 400;\">Lesiones de espalda: Las lesiones de espalda pueden ser particularmente graves y pueden provocar dolor cr\u00f3nico, movilidad limitada y otras complicaciones a largo plazo.<\/span><\/li>\n<li><span style=\"font-weight: 400;\">Lesiones cerebrales traum\u00e1ticas: Una lesi\u00f3n cerebral traum\u00e1tica (LCT) puede ocurrir cuando la cabeza recibe una sacudida o un golpe en un accidente. Las LCT pueden variar desde conmociones cerebrales leves hasta da\u00f1o cerebral grave, y pueden tener efectos a largo plazo en la funci\u00f3n cognitiva, la memoria y m\u00e1s.<\/span><\/li>\n<li><span style=\"font-weight: 400;\">Adem\u00e1s de las lesiones f\u00edsicas, las v\u00edctimas de accidentes de viajes compartidos tambi\u00e9n pueden sufrir trauma emocional, como trastorno de estr\u00e9s postraum\u00e1tico (TEPT) y ansiedad. Estas lesiones emocionales pueden ser tan devastadoras como las lesiones f\u00edsicas y podr\u00edan requerir tratamiento m\u00e9dico continuo, terapia y medicaci\u00f3n.<\/span><\/li>\n<\/ul>\n<p class=\"rs-content-cta rs-content-cta-small\"><a href=\"\/es\/contacto\/\">Haga clic para contactar<\/a> con nuestros lesiones personales abogados hoy<\/p><h2><span style=\"font-weight: 400;\">Qu\u00e9 hacer despu\u00e9s de un accidente de Uber o Lyft<\/span><\/h2>\n<p><span style=\"font-weight: 400;\">Si se ve involucrado en un accidente de viaje compartido en Washington Court House, Ohio, es importante seguir estos pasos:<\/span><\/p>\n<ul>\n<li><span style=\"font-weight: 400;\">Llame al 911: Si alguien resulta herido, llame al 911 inmediatamente. Incluso si no hay heridos, es importante reportar el accidente a la polic\u00eda.<\/span><\/li>\n<li><span style=\"font-weight: 400;\">Busque atenci\u00f3n m\u00e9dica: Aunque no se sienta herido, es importante que lo revise un profesional m\u00e9dico. Algunas lesiones pueden no presentar s\u00edntomas hasta m\u00e1s tarde.<\/span><\/li>\n<li><span style=\"font-weight: 400;\">Recopile informaci\u00f3n: Recopile los nombres y la informaci\u00f3n de contacto de todos los conductores involucrados, as\u00ed como de los testigos del accidente. Tome fotograf\u00edas del lugar del accidente, incluyendo los da\u00f1os a los veh\u00edculos.<\/span><\/li>\n<li><span style=\"font-weight: 400;\">Reporte el accidente a Uber o Lyft: Reporte el accidente a la compa\u00f1\u00eda de viajes compartidos lo antes posible. Probablemente le pedir\u00e1n un informe policial, as\u00ed que aseg\u00farese de obtenerlo. Contacte a un abogado con experiencia en accidentes de viajes compartidos: Un abogado experto puede ayudarle a comprender las complejidades legales de un accidente de viaje compartido y garantizar que reciba la compensaci\u00f3n que merece.<\/span><\/li>\n<\/ul>\n<p class=\"rs-content-cta rs-content-cta-small\">Complete una <a href=\"\/es\/contacto\/\">evaluaci\u00f3n gratuita de su caso<\/a> ahora<\/p><h2><span style=\"font-weight: 400;\">C\u00f3mo Kruger &amp; Hodges puede ayudar a las v\u00edctimas de accidentes de viajes compartidos en Washington Court House, Ohio<\/span><\/h2>\n<p><span style=\"font-weight: 400;\">En Kruger &amp; Hodges, nuestros abogados con experiencia en lesiones personales han ayudado a muchas v\u00edctimas de accidentes en Washington Court House, Ohio. Comprendemos la complejidad de estos casos y nos dedicamos a defender los derechos de nuestros clientes. Nuestro equipo realizar\u00e1 una investigaci\u00f3n exhaustiva del accidente, recopilar\u00e1 pruebas y trabajar\u00e1 con expertos para determinar la responsabilidad. Tambi\u00e9n colaboraremos con profesionales m\u00e9dicos para documentar sus lesiones y calcular el alcance total de sus da\u00f1os. Nuestro objetivo es asegurar que reciba la m\u00e1xima compensaci\u00f3n posible por sus lesiones y p\u00e9rdidas, incluyendo gastos m\u00e9dicos, p\u00e9rdida de ingresos, dolor y sufrimiento, y m\u00e1s.<\/span><\/p>\n<p><span style=\"font-weight: 400;\">Si usted o un ser querido ha estado involucrado en un accidente de viaje compartido en Washington Court House, Ohio, contacte a Kruger &amp; Hodges hoy mismo para una consulta gratuita. Estamos aqu\u00ed para ayudarle.<\/span><\/p>\n<p class=\"rs-content-cta rs-content-cta-small\">Llame o env\u00ede un mensaje de texto al <a href=\"tel:+17408075079\">740-807-5079<\/a> o complete una <a href=\"\/es\/contacto\/\">evaluaci\u00f3n gratuita de su caso<\/a><\/p>","protected":false},"excerpt":{"rendered":"<p>Empresas como Uber y Lyft ofrecen opciones de transporte convenientes y asequibles para sus pasajeros. Sin embargo, con la creciente popularidad de los servicios de viajes compartidos, tambi\u00e9n ha aumentado el n\u00famero de accidentes. Si usted o un ser querido ha sufrido un accidente de viaje compartido cerca de Washington Court House, Ohio, es importante &#8230;<\/p>\n","protected":false},"author":13,"featured_media":0,"parent":25184,"menu_order":0,"comment_status":"closed","ping_status":"closed","template":"","meta":{"_acf_changed":false,"inline_featured_image":false,"_genesis_hide_title":false,"_genesis_hide_breadcrumbs":false,"_genesis_hide_singular_image":false,"_genesis_hide_footer_widgets":false,"_genesis_custom_body_class":"","_genesis_custom_post_class":"","_genesis_layout":"","footnotes":""},"hc_faqs":[],"hc_spanish_faqs":[],"class_list":{"0":"post-25890","1":"page","2":"type-page","3":"status-publish","5":"hc_city_location-washington-court-house-2","6":"entry"},"acf":[],"yoast_head":"<!-- This site is optimized with the Yoast SEO plugin v27.3 - https:\/\/yoast.com\/product\/yoast-seo-wordpress\/ -->\n<title>Abogado de accidentes de viajes compartidos en Washington Court House | Kruger &amp; Hodges Abogados De Lesiones<\/title>\n<meta name=\"description\" content=\"Empresas como Uber y Lyft ofrecen opciones de transporte convenientes y asequibles para sus pasajeros. Sin embargo, con la creciente popularidad de los\" \/>\n<meta name=\"robots\" content=\"index, follow, max-snippet:-1, max-image-preview:large, max-video-preview:-1\" \/>\n<link rel=\"canonical\" href=\"https:\/\/thehometownlawyers.com\/es\/abogado-de-lesiones-personales-en-washington-court-house\/abogado-de-accidentes-de-viajes-compartidos-en-washington-court-house\/\" \/>\n<meta property=\"og:locale\" content=\"es_MX\" \/>\n<meta property=\"og:type\" content=\"article\" \/>\n<meta property=\"og:title\" content=\"Abogado de accidentes de viajes compartidos en Washington Court House | Kruger &amp; Hodges Abogados De Lesiones\" \/>\n<meta property=\"og:description\" content=\"Empresas como Uber y Lyft ofrecen opciones de transporte convenientes y asequibles para sus pasajeros. Sin embargo, con la creciente popularidad de los\" \/>\n<meta property=\"og:url\" content=\"https:\/\/thehometownlawyers.com\/es\/abogado-de-lesiones-personales-en-washington-court-house\/abogado-de-accidentes-de-viajes-compartidos-en-washington-court-house\/\" \/>\n<meta property=\"og:site_name\" content=\"Kruger &amp; Hodges Abogados De Lesiones\" \/>\n<meta property=\"article:publisher\" content=\"https:\/\/www.facebook.com\/KrugerHodges\/\" \/>\n<meta property=\"og:image\" content=\"https:\/\/thehometownlawyers.com\/wp-content\/uploads\/2026\/02\/TEAM-PHOTO-2026-scaled.jpg\" \/>\n\t<meta property=\"og:image:width\" content=\"2560\" \/>\n\t<meta property=\"og:image:height\" content=\"1689\" \/>\n\t<meta property=\"og:image:type\" content=\"image\/jpeg\" \/>\n<meta name=\"twitter:card\" content=\"summary_large_image\" \/>\n<meta name=\"twitter:label1\" content=\"Tiempo de lectura\" \/>\n\t<meta name=\"twitter:data1\" content=\"6 minutos\" \/>\n<script type=\"application\/ld+json\" class=\"yoast-schema-graph\">{\"@context\":\"https:\\\/\\\/schema.org\",\"@graph\":[{\"@type\":\"WebPage\",\"@id\":\"https:\\\/\\\/thehometownlawyers.com\\\/es\\\/abogado-de-lesiones-personales-en-washington-court-house\\\/abogado-de-accidentes-de-viajes-compartidos-en-washington-court-house\\\/\",\"url\":\"https:\\\/\\\/thehometownlawyers.com\\\/es\\\/abogado-de-lesiones-personales-en-washington-court-house\\\/abogado-de-accidentes-de-viajes-compartidos-en-washington-court-house\\\/\",\"name\":\"Abogado de accidentes de viajes compartidos en Washington Court House | Kruger &amp; Hodges Abogados De Lesiones\",\"isPartOf\":{\"@id\":\"https:\\\/\\\/thehometownlawyers.com\\\/es\\\/#website\"},\"datePublished\":\"2025-12-03T20:39:53+00:00\",\"description\":\"Empresas como Uber y Lyft ofrecen opciones de transporte convenientes y asequibles para sus pasajeros. Sin embargo, con la creciente popularidad de los\",\"breadcrumb\":{\"@id\":\"https:\\\/\\\/thehometownlawyers.com\\\/es\\\/abogado-de-lesiones-personales-en-washington-court-house\\\/abogado-de-accidentes-de-viajes-compartidos-en-washington-court-house\\\/#breadcrumb\"},\"inLanguage\":\"es\",\"potentialAction\":[{\"@type\":\"ReadAction\",\"target\":[\"https:\\\/\\\/thehometownlawyers.com\\\/es\\\/abogado-de-lesiones-personales-en-washington-court-house\\\/abogado-de-accidentes-de-viajes-compartidos-en-washington-court-house\\\/\"]}]},{\"@type\":\"BreadcrumbList\",\"@id\":\"https:\\\/\\\/thehometownlawyers.com\\\/es\\\/abogado-de-lesiones-personales-en-washington-court-house\\\/abogado-de-accidentes-de-viajes-compartidos-en-washington-court-house\\\/#breadcrumb\",\"itemListElement\":[{\"@type\":\"ListItem\",\"position\":1,\"name\":\"Home\",\"item\":\"https:\\\/\\\/thehometownlawyers.com\\\/es\\\/\"},{\"@type\":\"ListItem\",\"position\":2,\"name\":\"Abogado de Lesiones Personales en Washington Court House\",\"item\":\"https:\\\/\\\/thehometownlawyers.com\\\/es\\\/washington-court-house\\\/abogado-de-lesiones-personales\\\/\"},{\"@type\":\"ListItem\",\"position\":3,\"name\":\"Abogado de accidentes de viajes compartidos en Washington Court House\"}]},{\"@type\":\"WebSite\",\"@id\":\"https:\\\/\\\/thehometownlawyers.com\\\/es\\\/#website\",\"url\":\"https:\\\/\\\/thehometownlawyers.com\\\/es\\\/\",\"name\":\"Kruger & Hodges Hometown Injury Lawyers | Accident Attorneys\",\"description\":\"Attorneys for Car, Truck and Motorcycle Accidents, Personal Injuries, and Criminal Defense.\",\"publisher\":{\"@id\":\"https:\\\/\\\/thehometownlawyers.com\\\/es\\\/#organization\"},\"alternateName\":\"Kruger & Hodges Personal Injury Lawyers\",\"inLanguage\":\"es\"},{\"@type\":\"Organization\",\"@id\":\"https:\\\/\\\/thehometownlawyers.com\\\/es\\\/#organization\",\"name\":\"Kruger & Hodges Hometown Injury Lawyers\",\"alternateName\":\"Kruger & Hodges\",\"url\":\"https:\\\/\\\/thehometownlawyers.com\\\/es\\\/\",\"logo\":{\"@type\":\"ImageObject\",\"inLanguage\":\"es\",\"@id\":\"https:\\\/\\\/thehometownlawyers.com\\\/es\\\/#\\\/schema\\\/logo\\\/image\\\/\",\"url\":\"https:\\\/\\\/thehometownlawyers.com\\\/wp-content\\\/uploads\\\/2025\\\/12\\\/revised-kh-logo-vertical-white-background-scaled.png\",\"contentUrl\":\"https:\\\/\\\/thehometownlawyers.com\\\/wp-content\\\/uploads\\\/2025\\\/12\\\/revised-kh-logo-vertical-white-background-scaled.png\",\"width\":2560,\"height\":1440,\"caption\":\"Kruger & Hodges Hometown Injury Lawyers\"},\"image\":{\"@id\":\"https:\\\/\\\/thehometownlawyers.com\\\/es\\\/#\\\/schema\\\/logo\\\/image\\\/\"},\"sameAs\":[\"https:\\\/\\\/www.facebook.com\\\/KrugerHodges\\\/\",\"https:\\\/\\\/www.instagram.com\\\/krugerhodges\\\/\",\"https:\\\/\\\/www.linkedin.com\\\/company\\\/kruger-hodges-hometown-injury-lawyers\\\/\",\"https:\\\/\\\/www.youtube.com\\\/channel\\\/UCeYcMaMaN2rb9jMlqt4EIdQ\",\"https:\\\/\\\/www.tiktok.com\\\/@thehometownlawyer\"]}]}<\/script>\n<!-- \/ Yoast SEO plugin. -->","yoast_head_json":{"title":"Abogado de accidentes de viajes compartidos en Washington Court House | Kruger &amp; Hodges Abogados De Lesiones","description":"Empresas como Uber y Lyft ofrecen opciones de transporte convenientes y asequibles para sus pasajeros. Sin embargo, con la creciente popularidad de los","robots":{"index":"index","follow":"follow","max-snippet":"max-snippet:-1","max-image-preview":"max-image-preview:large","max-video-preview":"max-video-preview:-1"},"canonical":"https:\/\/thehometownlawyers.com\/es\/abogado-de-lesiones-personales-en-washington-court-house\/abogado-de-accidentes-de-viajes-compartidos-en-washington-court-house\/","og_locale":"es_MX","og_type":"article","og_title":"Abogado de accidentes de viajes compartidos en Washington Court House | Kruger &amp; Hodges Abogados De Lesiones","og_description":"Empresas como Uber y Lyft ofrecen opciones de transporte convenientes y asequibles para sus pasajeros. Sin embargo, con la creciente popularidad de los","og_url":"https:\/\/thehometownlawyers.com\/es\/abogado-de-lesiones-personales-en-washington-court-house\/abogado-de-accidentes-de-viajes-compartidos-en-washington-court-house\/","og_site_name":"Kruger &amp; Hodges Abogados De Lesiones","article_publisher":"https:\/\/www.facebook.com\/KrugerHodges\/","og_image":[{"width":2560,"height":1689,"url":"https:\/\/thehometownlawyers.com\/wp-content\/uploads\/2026\/02\/TEAM-PHOTO-2026-scaled.jpg","type":"image\/jpeg"}],"twitter_card":"summary_large_image","twitter_misc":{"Tiempo de lectura":"6 minutos"},"schema":{"@context":"https:\/\/schema.org","@graph":[{"@type":"WebPage","@id":"https:\/\/thehometownlawyers.com\/es\/abogado-de-lesiones-personales-en-washington-court-house\/abogado-de-accidentes-de-viajes-compartidos-en-washington-court-house\/","url":"https:\/\/thehometownlawyers.com\/es\/abogado-de-lesiones-personales-en-washington-court-house\/abogado-de-accidentes-de-viajes-compartidos-en-washington-court-house\/","name":"Abogado de accidentes de viajes compartidos en Washington Court House | Kruger &amp; Hodges Abogados De Lesiones","isPartOf":{"@id":"https:\/\/thehometownlawyers.com\/es\/#website"},"datePublished":"2025-12-03T20:39:53+00:00","description":"Empresas como Uber y Lyft ofrecen opciones de transporte convenientes y asequibles para sus pasajeros. Sin embargo, con la creciente popularidad de los","breadcrumb":{"@id":"https:\/\/thehometownlawyers.com\/es\/abogado-de-lesiones-personales-en-washington-court-house\/abogado-de-accidentes-de-viajes-compartidos-en-washington-court-house\/#breadcrumb"},"inLanguage":"es","potentialAction":[{"@type":"ReadAction","target":["https:\/\/thehometownlawyers.com\/es\/abogado-de-lesiones-personales-en-washington-court-house\/abogado-de-accidentes-de-viajes-compartidos-en-washington-court-house\/"]}]},{"@type":"BreadcrumbList","@id":"https:\/\/thehometownlawyers.com\/es\/abogado-de-lesiones-personales-en-washington-court-house\/abogado-de-accidentes-de-viajes-compartidos-en-washington-court-house\/#breadcrumb","itemListElement":[{"@type":"ListItem","position":1,"name":"Home","item":"https:\/\/thehometownlawyers.com\/es\/"},{"@type":"ListItem","position":2,"name":"Abogado de Lesiones Personales en Washington Court House","item":"https:\/\/thehometownlawyers.com\/es\/washington-court-house\/abogado-de-lesiones-personales\/"},{"@type":"ListItem","position":3,"name":"Abogado de accidentes de viajes compartidos en Washington Court House"}]},{"@type":"WebSite","@id":"https:\/\/thehometownlawyers.com\/es\/#website","url":"https:\/\/thehometownlawyers.com\/es\/","name":"Kruger & Hodges Hometown Injury Lawyers | Accident Attorneys","description":"Attorneys for Car, Truck and Motorcycle Accidents, Personal Injuries, and Criminal Defense.","publisher":{"@id":"https:\/\/thehometownlawyers.com\/es\/#organization"},"alternateName":"Kruger & Hodges Personal Injury Lawyers","inLanguage":"es"},{"@type":"Organization","@id":"https:\/\/thehometownlawyers.com\/es\/#organization","name":"Kruger & Hodges Hometown Injury Lawyers","alternateName":"Kruger & Hodges","url":"https:\/\/thehometownlawyers.com\/es\/","logo":{"@type":"ImageObject","inLanguage":"es","@id":"https:\/\/thehometownlawyers.com\/es\/#\/schema\/logo\/image\/","url":"https:\/\/thehometownlawyers.com\/wp-content\/uploads\/2025\/12\/revised-kh-logo-vertical-white-background-scaled.png","contentUrl":"https:\/\/thehometownlawyers.com\/wp-content\/uploads\/2025\/12\/revised-kh-logo-vertical-white-background-scaled.png","width":2560,"height":1440,"caption":"Kruger & Hodges Hometown Injury Lawyers"},"image":{"@id":"https:\/\/thehometownlawyers.com\/es\/#\/schema\/logo\/image\/"},"sameAs":["https:\/\/www.facebook.com\/KrugerHodges\/","https:\/\/www.instagram.com\/krugerhodges\/","https:\/\/www.linkedin.com\/company\/kruger-hodges-hometown-injury-lawyers\/","https:\/\/www.youtube.com\/channel\/UCeYcMaMaN2rb9jMlqt4EIdQ","https:\/\/www.tiktok.com\/@thehometownlawyer"]}]}},"_links":{"self":[{"href":"https:\/\/thehometownlawyers.com\/es\/wp-json\/wp\/v2\/pages\/25890","targetHints":{"allow":["GET"]}}],"collection":[{"href":"https:\/\/thehometownlawyers.com\/es\/wp-json\/wp\/v2\/pages"}],"about":[{"href":"https:\/\/thehometownlawyers.com\/es\/wp-json\/wp\/v2\/types\/page"}],"author":[{"embeddable":true,"href":"https:\/\/thehometownlawyers.com\/es\/wp-json\/wp\/v2\/users\/13"}],"replies":[{"embeddable":true,"href":"https:\/\/thehometownlawyers.com\/es\/wp-json\/wp\/v2\/comments?post=25890"}],"version-history":[{"count":0,"href":"https:\/\/thehometownlawyers.com\/es\/wp-json\/wp\/v2\/pages\/25890\/revisions"}],"up":[{"embeddable":true,"href":"https:\/\/thehometownlawyers.com\/es\/wp-json\/wp\/v2\/pages\/25184"}],"wp:attachment":[{"href":"https:\/\/thehometownlawyers.com\/es\/wp-json\/wp\/v2\/media?parent=25890"}],"wp:term":[{"taxonomy":"hc_faqs","embeddable":true,"href":"https:\/\/thehometownlawyers.com\/es\/wp-json\/wp\/v2\/hc_faqs?post=25890"},{"taxonomy":"hc_spanish_faqs","embeddable":true,"href":"https:\/\/thehometownlawyers.com\/es\/wp-json\/wp\/v2\/hc_spanish_faqs?post=25890"}],"curies":[{"name":"wp","href":"https:\/\/api.w.org\/{rel}","templated":true}]}}