{"id":25892,"date":"2025-12-03T15:51:33","date_gmt":"2025-12-03T20:51:33","guid":{"rendered":"https:\/\/thehometownlawyers.com\/?page_id=25892"},"modified":"2025-12-03T15:51:33","modified_gmt":"2025-12-03T20:51:33","slug":"abogado-de-accidentes-de-conductores-sin-seguro-en-washington-court-house","status":"publish","type":"page","link":"https:\/\/thehometownlawyers.com\/es\/abogado-de-lesiones-personales-en-washington-court-house\/abogado-de-accidentes-de-conductores-sin-seguro-en-washington-court-house\/","title":{"rendered":"Abogado de accidentes de conductores sin seguro en Washington Court House"},"content":{"rendered":"<p><span style=\"font-weight: 400;\">Seg\u00fan la ley de Ohio, los conductores deben tener un seguro de responsabilidad civil. Este seguro cubre las p\u00e9rdidas que el conductor cause a otras personas. Sin embargo, algunas personas no contratan suficiente cobertura o no contratan ning\u00fan seguro. Aun as\u00ed, se ponen al volante, poniendo en riesgo a otros. Cuando ocurre un desastre y un accidente causa lesiones y da\u00f1os graves a otra persona, las v\u00edctimas deben recurrir a su propia cobertura para conductores sin seguro o con seguro insuficiente. \u00bfConoce sus derechos con esta cobertura? Aqu\u00ed le explicamos lo que necesita saber sobre la cobertura para conductores sin seguro en Washington Court House, Ohio, y sus alrededores.<\/span><\/p><h2><span style=\"font-weight: 400;\">\u00bfQu\u00e9 es la cobertura para conductores sin seguro?<\/span><\/h2><p><span style=\"font-weight: 400;\">Seg\u00fan la ley de Ohio, todos los propietarios de veh\u00edculos deben tener un seguro. Esto incluye al menos $25,000 por incidente en da\u00f1os a la propiedad causados \u200b\u200bpor conductores sin seguro, $25,000 por persona y hasta $50,000 por incidente de lesiones corporales causadas por conductores con seguro insuficiente. Esto se suma a los requisitos del seguro de responsabilidad civil general. La cobertura contra conductores sin seguro en Ohio ayuda a cubrir al conductor en caso de que otra persona cause un accidente y no tenga cobertura. Aqu\u00ed tenemos un ejemplo.<\/span><\/p>\n<p><span style=\"font-weight: 400;\">El conductor A no tiene seguro de auto, pero caus\u00f3 el accidente del conductor B, lo que ocasion\u00f3 facturas m\u00e9dicas y da\u00f1os a la propiedad. En este caso, la cobertura contra conductores sin seguro del conductor B debe proporcionarle una compensaci\u00f3n financiera por las p\u00e9rdidas que caus\u00f3 el conductor A, hasta el l\u00edmite de la p\u00f3liza.<\/span><\/p>\n<p class=\"rs-content-cta rs-content-cta-small\">Para una consulta legal gratuita, llame al <a href=\"tel:+17408075079\">740-807-5079 <\/a><\/p><h2><span style=\"font-weight: 400;\">\u00bfPor qu\u00e9 necesita un abogado al presentar una reclamaci\u00f3n?<\/span><\/h2>\n<p><span style=\"font-weight: 400;\">Al presentar una reclamaci\u00f3n por cobertura contra conductores sin seguro, es importante reconocer lo que est\u00e1 sucediendo. La compa\u00f1\u00eda de seguros quiere minimizar la cantidad de dinero que le paga. Intentar\u00e1n reducir la compensaci\u00f3n pagada o intentar\u00e1n que usted llegue a un acuerdo r\u00e1pido para reducir las reclamaciones adicionales que presente.<\/span><\/p>\n<p><span style=\"font-weight: 400;\">Por devastador que sea un accidente como este, la situaci\u00f3n empeora cuando su compa\u00f1\u00eda de seguros le dificulta obtener la compensaci\u00f3n que le corresponde. Sin embargo, nuestros abogados de Kruger &amp; Hodges han visto esto suceder muchas veces. Por eso, trabajaremos con firmeza para proteger sus derechos. Permita que nuestro equipo en Washington Court House, Ohio, trabaje para proteger sus derechos.<\/span><\/p>\n<p class=\"rs-content-cta\">Abogado de Lesiones Personales de Washington Court House Cerca de M\u00ed <a href=\"tel:+17408075079\">740-807-5079<\/a><\/p><h2><span style=\"font-weight: 400;\">\u00bfC\u00f3mo puede un abogado ayudarle con la cobertura contra conductores sin seguro en Ohio?<\/span><\/h2>\n<p><span style=\"font-weight: 400;\">Nuestro equipo legal se dedica a ayudarle a obtener la compensaci\u00f3n que le corresponde despu\u00e9s de un accidente como este. Podemos ayudarle de varias maneras:<\/span><\/p>\n<p><span style=\"font-weight: 400;\">Determinar qui\u00e9n es responsable de sus p\u00e9rdidas.\u00a0<\/span><span style=\"font-weight: 400;\">Un buen punto de partida es determinar qui\u00e9n debe pagar las p\u00e9rdidas sufridas. La ley de Ohio permite a las v\u00edctimas reclamar una compensaci\u00f3n econ\u00f3mica por las p\u00e9rdidas a la parte responsable. Esta podr\u00eda ser su propia compa\u00f1\u00eda de seguros en lo que respecta a la cobertura contra conductores sin seguro.<\/span><\/p>\n<p><span style=\"font-weight: 400;\">Adem\u00e1s, podr\u00eda ser necesario y posible reclamar una compensaci\u00f3n econ\u00f3mica al conductor que caus\u00f3 sus p\u00e9rdidas. Podr\u00eda ser posible solicitar la liquidaci\u00f3n de sus bienes o tomar otras medidas legales. La clave aqu\u00ed es comprender que tiene derecho a reclamar una compensaci\u00f3n.<\/span><\/p>\n<p class=\"rs-content-cta rs-content-cta-small\"><a href=\"\/es\/contacto\/\">Haga clic para contactar<\/a> con nuestros lesiones personales abogados hoy<\/p><h2><span style=\"font-weight: 400;\">Descubra cu\u00e1les son sus p\u00e9rdidas<\/span><\/h2>\n<p><span style=\"font-weight: 400;\">Adem\u00e1s, nuestro equipo trabajar\u00e1 estrechamente con usted para determinar las p\u00e9rdidas financieras que ha sufrido como resultado de las acciones de otra persona. Este suele ser un proceso integral que analiza todas las maneras en que el accidente los afect\u00f3 a usted y a su familia. Algunos ejemplos de los tipos de p\u00e9rdidas que puede experimentar despu\u00e9s de un accidente de veh\u00edculo incluyen:<\/span><\/p>\n<ul>\n<li><span style=\"font-weight: 400;\">Atenci\u00f3n m\u00e9dica de emergencia: Las visitas a urgencias, la atenci\u00f3n m\u00e9dica vital y las hospitalizaciones iniciales pueden ser muy costosas.<\/span><\/li>\n<li><span style=\"font-weight: 400;\">Atenci\u00f3n especializada: Los procedimientos quir\u00fargicos, por ejemplo, son comunes despu\u00e9s de un accidente devastador y requieren la atenci\u00f3n de un especialista.<\/span><\/li>\n<li><span style=\"font-weight: 400;\">Rehabilitaci\u00f3n: Si sufri\u00f3 una lesi\u00f3n importante o un largo tiempo de recuperaci\u00f3n, podr\u00eda necesitar rehabilitaci\u00f3n. Nuestro equipo trabajar\u00e1 para determinar si esta es su necesidad y, de ser as\u00ed, cu\u00e1nto tiempo podr\u00eda necesitar atenci\u00f3n.<\/span><\/li>\n<li><span style=\"font-weight: 400;\">Medicamentos y atenci\u00f3n continua: Muchas veces, un accidente puede causar p\u00e9rdidas y complicaciones m\u00e9dicas continuas, no solo una hospitalizaci\u00f3n inicial. Esto podr\u00eda significar necesidades m\u00e9dicas continuas.<\/span><\/li>\n<li><span style=\"font-weight: 400;\">Dolor y sufrimiento: Un simple accidente de auto puede causar lesiones traum\u00e1ticas que causan mucho dolor. Algunas personas desarrollan dolor cr\u00f3nico que limita su calidad de vida.<\/span><\/li>\n<li><span style=\"font-weight: 400;\">Trastorno de estr\u00e9s postraum\u00e1tico: Es posible que desarrolle problemas de salud mental despu\u00e9s de un accidente como este, debido en parte a lo que ha experimentado.<\/span><\/li>\n<li><span style=\"font-weight: 400;\">Si su ser querido perdi\u00f3 la vida en un accidente como este, podr\u00eda tener derecho a una indemnizaci\u00f3n si depend\u00eda de \u00e9l. En un caso como este, es fundamental tener acceso a un abogado que pueda ayudarle a obtener la indemnizaci\u00f3n que se le debe.<\/span><\/li>\n<li><span style=\"font-weight: 400;\">Otras p\u00e9rdidas pueden incluir p\u00e9rdida de tiempo en el trabajo, incapacidad para trabajar, p\u00e9rdida de movilidad y cambios en la calidad de vida. Todo esto y mucho m\u00e1s puede ser financieramente devastador. Nuestros abogados trabajar\u00e1n estrechamente con usted para guiarlo en la recuperaci\u00f3n de sus p\u00e9rdidas.<\/span><\/li>\n<\/ul>\n<p class=\"rs-content-cta rs-content-cta-small\">Complete una <a href=\"\/es\/contacto\/\">evaluaci\u00f3n gratuita de su caso<\/a> ahora<\/p><h2><span style=\"font-weight: 400;\">C\u00f3mo elegir un abogado de accidentes de auto<\/span><\/h2>\n<p><span style=\"font-weight: 400;\">Incluso si su accidente no result\u00f3 en la p\u00e9rdida de vidas ni en otras complicaciones, a\u00fan podr\u00eda estar sufriendo financieramente debido a las acciones de otra persona. Permita que nuestros abogados lo representen en un tribunal.<\/span><\/p>\n<p><span style=\"font-weight: 400;\">Elija un abogado con el que se sienta c\u00f3modo y que tenga amplia experiencia trabajando en casos de cobertura para conductores sin seguro en Ohio. Quiere tener la certeza de tener una visi\u00f3n clara de sus opciones. Nuestro equipo legal est\u00e1 aqu\u00ed para apoyarle en Washington Court House, Ohio.<\/span><\/p>\n<h2><span style=\"font-weight: 400;\">C\u00f3mo Kruger &amp; Hodges puede ayudarle<\/span><\/h2>\n<p><span style=\"font-weight: 400;\">El primer paso es contactar a nuestros abogados especializados en accidentes de tr\u00e1fico en Washington Court House, Ohio. Perm\u00edtanos ofrecerle una consulta gratuita para hablar sobre su caso. D\u00edganos qu\u00e9 ocurri\u00f3 y por qu\u00e9 cree que se le debe una compensaci\u00f3n adicional.<\/span><\/p>\n<p><span style=\"font-weight: 400;\">Si decide trabajar con nosotros, nuestro equipo se pondr\u00e1 a trabajar para defenderlo con firmeza en un tribunal. Somos profesionales compasivos y estamos comprometidos con su mejor resultado. Cont\u00e1ctenos ahora para una consulta gratuita y hablar sobre su caso.<\/span><\/p>\n<p class=\"rs-content-cta rs-content-cta-small\">Llame o env\u00ede un mensaje de texto al <a href=\"tel:+17408075079\">740-807-5079<\/a> o complete una <a href=\"\/es\/contacto\/\">evaluaci\u00f3n gratuita de su caso<\/a><\/p>","protected":false},"excerpt":{"rendered":"<p>Seg\u00fan la ley de Ohio, los conductores deben tener un seguro de responsabilidad civil. Este seguro cubre las p\u00e9rdidas que el conductor cause a otras personas. Sin embargo, algunas personas no contratan suficiente cobertura o no contratan ning\u00fan seguro. Aun as\u00ed, se ponen al volante, poniendo en riesgo a otros. Cuando ocurre un desastre y &#8230;<\/p>\n","protected":false},"author":13,"featured_media":0,"parent":25184,"menu_order":0,"comment_status":"closed","ping_status":"closed","template":"","meta":{"_acf_changed":false,"inline_featured_image":false,"_genesis_hide_title":false,"_genesis_hide_breadcrumbs":false,"_genesis_hide_singular_image":false,"_genesis_hide_footer_widgets":false,"_genesis_custom_body_class":"","_genesis_custom_post_class":"","_genesis_layout":"","footnotes":""},"hc_faqs":[],"hc_spanish_faqs":[],"class_list":{"0":"post-25892","1":"page","2":"type-page","3":"status-publish","5":"hc_city_location-washington-court-house-2","6":"entry"},"acf":[],"yoast_head":"<!-- This site is optimized with the Yoast SEO plugin v27.3 - https:\/\/yoast.com\/product\/yoast-seo-wordpress\/ -->\n<title>Abogado de accidentes de conductores sin seguro en Washington Court House | Kruger &amp; Hodges Abogados De Lesiones<\/title>\n<meta name=\"description\" content=\"Seg\u00fan la ley de Ohio, los conductores deben tener un seguro de responsabilidad civil. Este seguro cubre las p\u00e9rdidas que el conductor cause a otras\" \/>\n<meta name=\"robots\" content=\"index, follow, max-snippet:-1, max-image-preview:large, max-video-preview:-1\" \/>\n<link rel=\"canonical\" href=\"https:\/\/thehometownlawyers.com\/es\/abogado-de-lesiones-personales-en-washington-court-house\/abogado-de-accidentes-de-conductores-sin-seguro-en-washington-court-house\/\" \/>\n<meta property=\"og:locale\" content=\"es_MX\" \/>\n<meta property=\"og:type\" content=\"article\" \/>\n<meta property=\"og:title\" content=\"Abogado de accidentes de conductores sin seguro en Washington Court House | Kruger &amp; Hodges Abogados De Lesiones\" \/>\n<meta property=\"og:description\" content=\"Seg\u00fan la ley de Ohio, los conductores deben tener un seguro de responsabilidad civil. Este seguro cubre las p\u00e9rdidas que el conductor cause a otras\" \/>\n<meta property=\"og:url\" content=\"https:\/\/thehometownlawyers.com\/es\/abogado-de-lesiones-personales-en-washington-court-house\/abogado-de-accidentes-de-conductores-sin-seguro-en-washington-court-house\/\" \/>\n<meta property=\"og:site_name\" content=\"Kruger &amp; Hodges Abogados De Lesiones\" \/>\n<meta property=\"article:publisher\" content=\"https:\/\/www.facebook.com\/KrugerHodges\/\" \/>\n<meta property=\"og:image\" content=\"https:\/\/thehometownlawyers.com\/wp-content\/uploads\/2026\/02\/TEAM-PHOTO-2026-scaled.jpg\" \/>\n\t<meta property=\"og:image:width\" content=\"2560\" \/>\n\t<meta property=\"og:image:height\" content=\"1689\" \/>\n\t<meta property=\"og:image:type\" content=\"image\/jpeg\" \/>\n<meta name=\"twitter:card\" content=\"summary_large_image\" \/>\n<meta name=\"twitter:label1\" content=\"Tiempo de lectura\" \/>\n\t<meta name=\"twitter:data1\" content=\"5 minutos\" \/>\n<script type=\"application\/ld+json\" class=\"yoast-schema-graph\">{\"@context\":\"https:\\\/\\\/schema.org\",\"@graph\":[{\"@type\":\"WebPage\",\"@id\":\"https:\\\/\\\/thehometownlawyers.com\\\/es\\\/abogado-de-lesiones-personales-en-washington-court-house\\\/abogado-de-accidentes-de-conductores-sin-seguro-en-washington-court-house\\\/\",\"url\":\"https:\\\/\\\/thehometownlawyers.com\\\/es\\\/abogado-de-lesiones-personales-en-washington-court-house\\\/abogado-de-accidentes-de-conductores-sin-seguro-en-washington-court-house\\\/\",\"name\":\"Abogado de accidentes de conductores sin seguro en Washington Court House | Kruger &amp; Hodges Abogados De Lesiones\",\"isPartOf\":{\"@id\":\"https:\\\/\\\/thehometownlawyers.com\\\/es\\\/#website\"},\"datePublished\":\"2025-12-03T20:51:33+00:00\",\"description\":\"Seg\u00fan la ley de Ohio, los conductores deben tener un seguro de responsabilidad civil. Este seguro cubre las p\u00e9rdidas que el conductor cause a otras\",\"breadcrumb\":{\"@id\":\"https:\\\/\\\/thehometownlawyers.com\\\/es\\\/abogado-de-lesiones-personales-en-washington-court-house\\\/abogado-de-accidentes-de-conductores-sin-seguro-en-washington-court-house\\\/#breadcrumb\"},\"inLanguage\":\"es\",\"potentialAction\":[{\"@type\":\"ReadAction\",\"target\":[\"https:\\\/\\\/thehometownlawyers.com\\\/es\\\/abogado-de-lesiones-personales-en-washington-court-house\\\/abogado-de-accidentes-de-conductores-sin-seguro-en-washington-court-house\\\/\"]}]},{\"@type\":\"BreadcrumbList\",\"@id\":\"https:\\\/\\\/thehometownlawyers.com\\\/es\\\/abogado-de-lesiones-personales-en-washington-court-house\\\/abogado-de-accidentes-de-conductores-sin-seguro-en-washington-court-house\\\/#breadcrumb\",\"itemListElement\":[{\"@type\":\"ListItem\",\"position\":1,\"name\":\"Home\",\"item\":\"https:\\\/\\\/thehometownlawyers.com\\\/es\\\/\"},{\"@type\":\"ListItem\",\"position\":2,\"name\":\"Abogado de Lesiones Personales en Washington Court House\",\"item\":\"https:\\\/\\\/thehometownlawyers.com\\\/es\\\/washington-court-house\\\/abogado-de-lesiones-personales\\\/\"},{\"@type\":\"ListItem\",\"position\":3,\"name\":\"Abogado de accidentes de conductores sin seguro en Washington Court House\"}]},{\"@type\":\"WebSite\",\"@id\":\"https:\\\/\\\/thehometownlawyers.com\\\/es\\\/#website\",\"url\":\"https:\\\/\\\/thehometownlawyers.com\\\/es\\\/\",\"name\":\"Kruger & Hodges Hometown Injury Lawyers | Accident Attorneys\",\"description\":\"Attorneys for Car, Truck and Motorcycle Accidents, Personal Injuries, and Criminal Defense.\",\"publisher\":{\"@id\":\"https:\\\/\\\/thehometownlawyers.com\\\/es\\\/#organization\"},\"alternateName\":\"Kruger & Hodges Personal Injury Lawyers\",\"inLanguage\":\"es\"},{\"@type\":\"Organization\",\"@id\":\"https:\\\/\\\/thehometownlawyers.com\\\/es\\\/#organization\",\"name\":\"Kruger & Hodges Hometown Injury Lawyers\",\"alternateName\":\"Kruger & Hodges Accident Attorneys\",\"url\":\"https:\\\/\\\/thehometownlawyers.com\\\/es\\\/\",\"logo\":{\"@type\":\"ImageObject\",\"inLanguage\":\"es\",\"@id\":\"https:\\\/\\\/thehometownlawyers.com\\\/es\\\/#\\\/schema\\\/logo\\\/image\\\/\",\"url\":\"https:\\\/\\\/thehometownlawyers.com\\\/wp-content\\\/uploads\\\/2025\\\/12\\\/revised-kh-logo-vertical-white-background-scaled.png\",\"contentUrl\":\"https:\\\/\\\/thehometownlawyers.com\\\/wp-content\\\/uploads\\\/2025\\\/12\\\/revised-kh-logo-vertical-white-background-scaled.png\",\"width\":2560,\"height\":1440,\"caption\":\"Kruger & Hodges Hometown Injury Lawyers\"},\"image\":{\"@id\":\"https:\\\/\\\/thehometownlawyers.com\\\/es\\\/#\\\/schema\\\/logo\\\/image\\\/\"},\"sameAs\":[\"https:\\\/\\\/www.facebook.com\\\/KrugerHodges\\\/\",\"https:\\\/\\\/www.instagram.com\\\/krugerhodges\\\/\",\"https:\\\/\\\/www.linkedin.com\\\/company\\\/kruger-hodges-hometown-injury-lawyers\\\/\",\"https:\\\/\\\/www.youtube.com\\\/channel\\\/UCeYcMaMaN2rb9jMlqt4EIdQ\",\"https:\\\/\\\/www.tiktok.com\\\/@thehometownlawyer\"]}]}<\/script>\n<!-- \/ Yoast SEO plugin. -->","yoast_head_json":{"title":"Abogado de accidentes de conductores sin seguro en Washington Court House | Kruger &amp; Hodges Abogados De Lesiones","description":"Seg\u00fan la ley de Ohio, los conductores deben tener un seguro de responsabilidad civil. Este seguro cubre las p\u00e9rdidas que el conductor cause a otras","robots":{"index":"index","follow":"follow","max-snippet":"max-snippet:-1","max-image-preview":"max-image-preview:large","max-video-preview":"max-video-preview:-1"},"canonical":"https:\/\/thehometownlawyers.com\/es\/abogado-de-lesiones-personales-en-washington-court-house\/abogado-de-accidentes-de-conductores-sin-seguro-en-washington-court-house\/","og_locale":"es_MX","og_type":"article","og_title":"Abogado de accidentes de conductores sin seguro en Washington Court House | Kruger &amp; Hodges Abogados De Lesiones","og_description":"Seg\u00fan la ley de Ohio, los conductores deben tener un seguro de responsabilidad civil. Este seguro cubre las p\u00e9rdidas que el conductor cause a otras","og_url":"https:\/\/thehometownlawyers.com\/es\/abogado-de-lesiones-personales-en-washington-court-house\/abogado-de-accidentes-de-conductores-sin-seguro-en-washington-court-house\/","og_site_name":"Kruger &amp; Hodges Abogados De Lesiones","article_publisher":"https:\/\/www.facebook.com\/KrugerHodges\/","og_image":[{"width":2560,"height":1689,"url":"https:\/\/thehometownlawyers.com\/wp-content\/uploads\/2026\/02\/TEAM-PHOTO-2026-scaled.jpg","type":"image\/jpeg"}],"twitter_card":"summary_large_image","twitter_misc":{"Tiempo de lectura":"5 minutos"},"schema":{"@context":"https:\/\/schema.org","@graph":[{"@type":"WebPage","@id":"https:\/\/thehometownlawyers.com\/es\/abogado-de-lesiones-personales-en-washington-court-house\/abogado-de-accidentes-de-conductores-sin-seguro-en-washington-court-house\/","url":"https:\/\/thehometownlawyers.com\/es\/abogado-de-lesiones-personales-en-washington-court-house\/abogado-de-accidentes-de-conductores-sin-seguro-en-washington-court-house\/","name":"Abogado de accidentes de conductores sin seguro en Washington Court House | Kruger &amp; Hodges Abogados De Lesiones","isPartOf":{"@id":"https:\/\/thehometownlawyers.com\/es\/#website"},"datePublished":"2025-12-03T20:51:33+00:00","description":"Seg\u00fan la ley de Ohio, los conductores deben tener un seguro de responsabilidad civil. Este seguro cubre las p\u00e9rdidas que el conductor cause a otras","breadcrumb":{"@id":"https:\/\/thehometownlawyers.com\/es\/abogado-de-lesiones-personales-en-washington-court-house\/abogado-de-accidentes-de-conductores-sin-seguro-en-washington-court-house\/#breadcrumb"},"inLanguage":"es","potentialAction":[{"@type":"ReadAction","target":["https:\/\/thehometownlawyers.com\/es\/abogado-de-lesiones-personales-en-washington-court-house\/abogado-de-accidentes-de-conductores-sin-seguro-en-washington-court-house\/"]}]},{"@type":"BreadcrumbList","@id":"https:\/\/thehometownlawyers.com\/es\/abogado-de-lesiones-personales-en-washington-court-house\/abogado-de-accidentes-de-conductores-sin-seguro-en-washington-court-house\/#breadcrumb","itemListElement":[{"@type":"ListItem","position":1,"name":"Home","item":"https:\/\/thehometownlawyers.com\/es\/"},{"@type":"ListItem","position":2,"name":"Abogado de Lesiones Personales en Washington Court House","item":"https:\/\/thehometownlawyers.com\/es\/washington-court-house\/abogado-de-lesiones-personales\/"},{"@type":"ListItem","position":3,"name":"Abogado de accidentes de conductores sin seguro en Washington Court House"}]},{"@type":"WebSite","@id":"https:\/\/thehometownlawyers.com\/es\/#website","url":"https:\/\/thehometownlawyers.com\/es\/","name":"Kruger & Hodges Hometown Injury Lawyers | Accident Attorneys","description":"Attorneys for Car, Truck and Motorcycle Accidents, Personal Injuries, and Criminal Defense.","publisher":{"@id":"https:\/\/thehometownlawyers.com\/es\/#organization"},"alternateName":"Kruger & Hodges Personal Injury Lawyers","inLanguage":"es"},{"@type":"Organization","@id":"https:\/\/thehometownlawyers.com\/es\/#organization","name":"Kruger & Hodges Hometown Injury Lawyers","alternateName":"Kruger & Hodges Accident Attorneys","url":"https:\/\/thehometownlawyers.com\/es\/","logo":{"@type":"ImageObject","inLanguage":"es","@id":"https:\/\/thehometownlawyers.com\/es\/#\/schema\/logo\/image\/","url":"https:\/\/thehometownlawyers.com\/wp-content\/uploads\/2025\/12\/revised-kh-logo-vertical-white-background-scaled.png","contentUrl":"https:\/\/thehometownlawyers.com\/wp-content\/uploads\/2025\/12\/revised-kh-logo-vertical-white-background-scaled.png","width":2560,"height":1440,"caption":"Kruger & Hodges Hometown Injury Lawyers"},"image":{"@id":"https:\/\/thehometownlawyers.com\/es\/#\/schema\/logo\/image\/"},"sameAs":["https:\/\/www.facebook.com\/KrugerHodges\/","https:\/\/www.instagram.com\/krugerhodges\/","https:\/\/www.linkedin.com\/company\/kruger-hodges-hometown-injury-lawyers\/","https:\/\/www.youtube.com\/channel\/UCeYcMaMaN2rb9jMlqt4EIdQ","https:\/\/www.tiktok.com\/@thehometownlawyer"]}]}},"_links":{"self":[{"href":"https:\/\/thehometownlawyers.com\/es\/wp-json\/wp\/v2\/pages\/25892","targetHints":{"allow":["GET"]}}],"collection":[{"href":"https:\/\/thehometownlawyers.com\/es\/wp-json\/wp\/v2\/pages"}],"about":[{"href":"https:\/\/thehometownlawyers.com\/es\/wp-json\/wp\/v2\/types\/page"}],"author":[{"embeddable":true,"href":"https:\/\/thehometownlawyers.com\/es\/wp-json\/wp\/v2\/users\/13"}],"replies":[{"embeddable":true,"href":"https:\/\/thehometownlawyers.com\/es\/wp-json\/wp\/v2\/comments?post=25892"}],"version-history":[{"count":0,"href":"https:\/\/thehometownlawyers.com\/es\/wp-json\/wp\/v2\/pages\/25892\/revisions"}],"up":[{"embeddable":true,"href":"https:\/\/thehometownlawyers.com\/es\/wp-json\/wp\/v2\/pages\/25184"}],"wp:attachment":[{"href":"https:\/\/thehometownlawyers.com\/es\/wp-json\/wp\/v2\/media?parent=25892"}],"wp:term":[{"taxonomy":"hc_faqs","embeddable":true,"href":"https:\/\/thehometownlawyers.com\/es\/wp-json\/wp\/v2\/hc_faqs?post=25892"},{"taxonomy":"hc_spanish_faqs","embeddable":true,"href":"https:\/\/thehometownlawyers.com\/es\/wp-json\/wp\/v2\/hc_spanish_faqs?post=25892"}],"curies":[{"name":"wp","href":"https:\/\/api.w.org\/{rel}","templated":true}]}}