{"id":25894,"date":"2025-12-03T15:55:11","date_gmt":"2025-12-03T20:55:11","guid":{"rendered":"https:\/\/thehometownlawyers.com\/?page_id=25894"},"modified":"2025-12-03T15:55:11","modified_gmt":"2025-12-03T20:55:11","slug":"abogado-de-accidentes-por-conducir-ebrio-en-washington-court-house","status":"publish","type":"page","link":"https:\/\/thehometownlawyers.com\/es\/abogado-de-lesiones-personales-en-washington-court-house\/abogado-de-accidentes-por-conducir-ebrio-en-washington-court-house\/","title":{"rendered":"Abogado de accidentes por conducir ebrio en Washington Court House"},"content":{"rendered":"<p><span style=\"font-weight: 400;\">Conducir en estado de ebriedad es una grave amenaza para la vida. Cuando una persona decide subirse a un veh\u00edculo despu\u00e9s de haber consumido incluso unas pocas copas, pone en riesgo a todos los dem\u00e1s conductores. Imagine a una persona de mediana edad que toma esa decisi\u00f3n, al salir a la carretera para volver a casa despu\u00e9s de pasar unas horas en un bar con amigos. Ese conductor choca contra otro conductor, quiz\u00e1s una familia joven, causando la muerte de una madre y lesiones graves a los ni\u00f1os. Las vidas de esas tres personas han sido devastadas por la simple decisi\u00f3n de conducir de regreso a casa. Las v\u00edctimas de accidentes por conducir en estado de ebriedad en Washington Court House, Ohio, merecen tener voz, y nuestro equipo de Kruger &amp; Hodges quiere ayudarlas a obtener la compensaci\u00f3n que les corresponde.<\/span><\/p><h2><span style=\"font-weight: 400;\">Estad\u00edsticas de Accidentes: \u00bfCon Qu\u00e9 Frecuencia Ocurre la Conducci\u00f3n en Estado de Ebriedad?<\/span><\/h2><p><span style=\"font-weight: 400;\">En el Condado de Fayette, conducir en estado de ebriedad es una preocupaci\u00f3n. En 2021, se produjeron 27 accidentes relacionados con el alcohol en el condado, seg\u00fan el Departamento de Seguridad P\u00fablica de Ohio. De ellos, uno result\u00f3 en la muerte de una persona y otras 11 sufrieron lesiones graves. Se trata de 27 conductores bajo los efectos del alcohol que decidieron salir a la carretera y poner en riesgo a otros.<\/span><\/p><p><span style=\"font-weight: 400;\">En Ohio, m\u00e1s del 28 % de los accidentes mortales se relacionan con la conducci\u00f3n bajo los efectos del alcohol. En Estados Unidos, una persona muere cada 52 minutos a causa de un accidente relacionado con el alcohol.<\/span><\/p><p class=\"rs-content-cta rs-content-cta-small\">Para una consulta legal gratuita, llame al <a href=\"tel:+17408075079\">740-807-5079 <\/a><\/p><h2><span style=\"font-weight: 400;\">Lesiones comunes causadas por accidentes por conducir ebrio<\/span><\/h2><p><span style=\"font-weight: 400;\">Los accidentes por conducir ebrio pueden causar una amplia gama de lesiones, ya que pueden ocurrir de diversas maneras. Las colisiones frontales son algunas de las m\u00e1s mortales, ya que representan el mayor riesgo de lesiones. Tambi\u00e9n pueden ocurrir accidentes de impacto lateral, que pueden ocurrir cuando un conductor no presta atenci\u00f3n en las intersecciones. Los accidentes por alcance, especialmente a alta velocidad, tambi\u00e9n pueden ser devastadores. Los accidentes comunes de las v\u00edctimas de accidentes por conducir ebrio en Washington Court House, Ohio, incluyen los siguientes:<\/span><\/p>\n<ul>\n<li style=\"font-weight: 400;\" aria-level=\"1\"><span style=\"font-weight: 400;\">Lesiones cerebrales traum\u00e1ticas: Las colisiones pueden provocar lesiones cerebrales traum\u00e1ticas que, a menudo, derivan en una amplia gama de problemas cognitivos y neuronales dif\u00edciles de tratar.\u00a0<\/span><\/li>\n<li style=\"font-weight: 400;\" aria-level=\"1\"><span style=\"font-weight: 400;\">Fracturas y laceraciones: Este tipo de lesiones puede variar desde fracturas simples hasta lesiones mucho m\u00e1s complejas, incluyendo huesos aplastados y fracturas complejas.<\/span><\/li>\n<li style=\"font-weight: 400;\" aria-level=\"1\"><span style=\"font-weight: 400;\">Lesiones de la columna vertebral: No es raro que una persona sufra lesiones de la columna vertebral por este tipo de accidentes, que pueden manifestarse como hernias discales, fracturas vertebrales o da\u00f1os en la m\u00e9dula espinal.<\/span><\/li>\n<\/ul>\n<p><span style=\"font-weight: 400;\">Otras lesiones pueden incluir laceraciones que provocan deformidades, p\u00e9rdida de extremidades, infecciones y muertes. En cada una de estas situaciones, las v\u00edctimas de accidentes por conducir ebrio en Washington Court House, Ohio, tienen derecho a emprender acciones legales y obtener una compensaci\u00f3n econ\u00f3mica si la causa del accidente fue ajena. Esto puede incluir al conductor ebrio y a su aseguradora.<\/span><\/p><p class=\"rs-content-cta\">Abogado de Lesiones Personales de Washington Court House Cerca de M\u00ed <a href=\"tel:+17408075079\">740-807-5079<\/a><\/p><h2><span style=\"font-weight: 400;\">Qu\u00e9 hacer si resulta lesionado por un conductor ebrio<\/span><\/h2>\n<p><span style=\"font-weight: 400;\">Si resulta lesionado de alguna manera en un accidente por conducir ebrio, llame a la polic\u00eda como primer paso. Aseg\u00farese de recibir la atenci\u00f3n m\u00e9dica necesaria primero. Permita que la polic\u00eda acuda al lugar del accidente para documentar lo ocurrido. Necesitar\u00e1n que proporciones la mayor cantidad de informaci\u00f3n posible, pero nunca admitas ning\u00fan tipo de culpa ni que hayas hecho algo que pudiera haber provocado el accidente.<\/span><\/p>\n<p><span style=\"font-weight: 400;\">Si es seguro hacerlo, sigue estos pasos:<\/span><\/p>\n<ul>\n<li style=\"font-weight: 400;\" aria-level=\"1\"><span style=\"font-weight: 400;\">Re\u00fane la informaci\u00f3n de contacto de todos los involucrados en el accidente, incluyendo al otro conductor y a los pasajeros. Si hay testigos, re\u00fane tambi\u00e9n su informaci\u00f3n de contacto.<\/span><\/li>\n<li style=\"font-weight: 400;\" aria-level=\"1\"><span style=\"font-weight: 400;\">Toma fotos de lo ocurrido. Intenta tomar fotos de toda la zona donde ocurri\u00f3 el incidente.<\/span><\/li>\n<li style=\"font-weight: 400;\" aria-level=\"1\"><span style=\"font-weight: 400;\">Anota lo sucedido, documentando cualquier detalle que puedas recordar. \u00bfViste al conductor desviarse o cruzar la l\u00ednea central?<\/span><\/li>\n<li style=\"font-weight: 400;\" aria-level=\"1\"><span style=\"font-weight: 400;\">Aseg\u00farate de documentar tu atenci\u00f3n m\u00e9dica. Aseg\u00farate de acudir a urgencias para un examen. Despu\u00e9s, consulta con un abogado. Evita publicar informaci\u00f3n en redes sociales o hablar con las compa\u00f1\u00edas de seguros hasta que tengas un abogado que pueda ayudarte en este proceso.<\/span><\/li>\n<\/ul>\n<p><span style=\"font-weight: 400;\">No es raro que las v\u00edctimas de accidentes por conducir ebrias en Washington Court House, Ohio, se vean sometidas a peritos de seguros que intenten llegar a un acuerdo demasiado r\u00e1pido, o que las presionen para llegar a un acuerdo sin documentar todas tus p\u00e9rdidas. Deje que nuestros abogados le ayuden y le gu\u00eden durante todo este proceso.<\/span><\/p>\n<p class=\"rs-content-cta rs-content-cta-small\"><a href=\"\/es\/contacto\/\">Haga clic para contactar<\/a> con nuestros lesiones personales abogados hoy<\/p><h2><span style=\"font-weight: 400;\">\u00bfCu\u00e1l es el proceso de reclamaci\u00f3n para v\u00edctimas de accidentes por conducir ebrio en Washington Court House, OH?<\/span><\/h2>\n<p><span style=\"font-weight: 400;\">Aunque el proceso de reclamaci\u00f3n puede parecer sencillo, suele ser mucho m\u00e1s dif\u00edcil. Con frecuencia, las compa\u00f1\u00edas de seguros prefieren llegar a un acuerdo r\u00e1pido porque creen que as\u00ed minimizar\u00e1n la cantidad que tienen que pagar. Ese es un riesgo que usted mismo asume. Perm\u00edtanos gestionar las compa\u00f1\u00edas de seguros. Nos encargaremos de:<\/span><\/p>\n<ul>\n<li style=\"font-weight: 400;\" aria-level=\"1\"><span style=\"font-weight: 400;\">Documentar lo ocurrido.<\/span><\/li>\n<li style=\"font-weight: 400;\" aria-level=\"1\"><span style=\"font-weight: 400;\">Recopilaremos informaci\u00f3n y pruebas para respaldar su reclamaci\u00f3n.<\/span><\/li>\n<li style=\"font-weight: 400;\" aria-level=\"1\"><span style=\"font-weight: 400;\">Determinaremos cu\u00e1nto se le debe con base en todas sus p\u00e9rdidas actuales, as\u00ed como las p\u00e9rdidas previstas para los pr\u00f3ximos meses o a\u00f1os.<\/span><\/li>\n<li style=\"font-weight: 400;\" aria-level=\"1\"><span style=\"font-weight: 400;\">Presentamos una reclamaci\u00f3n a la compa\u00f1\u00eda de seguros por lo que se le debe.<\/span><\/li>\n<li style=\"font-weight: 400;\" aria-level=\"1\"><span style=\"font-weight: 400;\">Negociaremos con la compa\u00f1\u00eda de seguros una compensaci\u00f3n justa o iremos a juicio para defendernos.<\/span><\/li>\n<\/ul>\n<p class=\"rs-content-cta rs-content-cta-small\">Complete una <a href=\"\/es\/contacto\/\">evaluaci\u00f3n gratuita de su caso<\/a> ahora<\/p><h2><span style=\"font-weight: 400;\">C\u00f3mo elegir al mejor abogado de accidentes de auto para m\u00ed<\/span><\/h2>\n<p><span style=\"font-weight: 400;\">Sin duda, su vida ha cambiado. Permita que nuestro equipo legal le ayude a obtener la compensaci\u00f3n financiera y el apoyo que necesita. Elija un abogado con experiencia representando a otras v\u00edctimas como usted, que sea din\u00e1mico y est\u00e9 dedicado a obtener el mejor resultado posible para sus clientes.\u00a0<\/span><\/p>\n<h2><span style=\"font-weight: 400;\">C\u00f3mo puede ayudarle Kruger &amp; Hodges<\/span><\/h2>\n<p><span style=\"font-weight: 400;\">En Kruger &amp; Hodges, trabajamos estrechamente con usted para garantizar que comprenda plenamente sus derechos. Le brindaremos apoyo compasivo y trabajaremos con ah\u00ednco para ayudarle a obtener la compensaci\u00f3n que le corresponde. Nuestro equipo trabaja con v\u00edctimas de accidentes por conducir ebrio en Washington Court House, Ohio, y sus alrededores. Estamos aqu\u00ed para ayudarle hoy mismo.<\/span><\/p>\n<p><span style=\"font-weight: 400;\">Programe una consulta gratuita para hablar sobre su caso. No tiene que pagar nada.<\/span><\/p>\n<p class=\"rs-content-cta rs-content-cta-small\">Llame o env\u00ede un mensaje de texto al <a href=\"tel:+17408075079\">740-807-5079<\/a> o complete una <a href=\"\/es\/contacto\/\">evaluaci\u00f3n gratuita de su caso<\/a><\/p>","protected":false},"excerpt":{"rendered":"<p>Conducir en estado de ebriedad es una grave amenaza para la vida. Cuando una persona decide subirse a un veh\u00edculo despu\u00e9s de haber consumido incluso unas pocas copas, pone en riesgo a todos los dem\u00e1s conductores. Imagine a una persona de mediana edad que toma esa decisi\u00f3n, al salir a la carretera para volver a &#8230;<\/p>\n","protected":false},"author":13,"featured_media":0,"parent":25184,"menu_order":0,"comment_status":"closed","ping_status":"closed","template":"","meta":{"_acf_changed":false,"inline_featured_image":false,"_genesis_hide_title":false,"_genesis_hide_breadcrumbs":false,"_genesis_hide_singular_image":false,"_genesis_hide_footer_widgets":false,"_genesis_custom_body_class":"","_genesis_custom_post_class":"","_genesis_layout":"","footnotes":""},"hc_faqs":[],"hc_spanish_faqs":[],"class_list":{"0":"post-25894","1":"page","2":"type-page","3":"status-publish","5":"hc_city_location-washington-court-house-2","6":"entry"},"acf":[],"yoast_head":"<!-- This site is optimized with the Yoast SEO plugin v27.4 - https:\/\/yoast.com\/product\/yoast-seo-wordpress\/ -->\n<title>Abogado de accidentes por conducir ebrio en Washington Court House | Kruger &amp; Hodges Abogados De Lesiones<\/title>\n<meta name=\"description\" content=\"Conducir en estado de ebriedad es una grave amenaza para la vida. Cuando una persona decide subirse a un veh\u00edculo despu\u00e9s de haber consumido incluso unas\" \/>\n<meta name=\"robots\" content=\"index, follow, max-snippet:-1, max-image-preview:large, max-video-preview:-1\" \/>\n<link rel=\"canonical\" href=\"https:\/\/thehometownlawyers.com\/es\/abogado-de-lesiones-personales-en-washington-court-house\/abogado-de-accidentes-por-conducir-ebrio-en-washington-court-house\/\" \/>\n<meta property=\"og:locale\" content=\"es_MX\" \/>\n<meta property=\"og:type\" content=\"article\" \/>\n<meta property=\"og:title\" content=\"Abogado de accidentes por conducir ebrio en Washington Court House | Kruger &amp; Hodges Abogados De Lesiones\" \/>\n<meta property=\"og:description\" content=\"Conducir en estado de ebriedad es una grave amenaza para la vida. Cuando una persona decide subirse a un veh\u00edculo despu\u00e9s de haber consumido incluso unas\" \/>\n<meta property=\"og:url\" content=\"https:\/\/thehometownlawyers.com\/es\/abogado-de-lesiones-personales-en-washington-court-house\/abogado-de-accidentes-por-conducir-ebrio-en-washington-court-house\/\" \/>\n<meta property=\"og:site_name\" content=\"Kruger &amp; Hodges Abogados De Lesiones\" \/>\n<meta property=\"article:publisher\" content=\"https:\/\/www.facebook.com\/KrugerHodges\/\" \/>\n<meta property=\"og:image\" content=\"https:\/\/thehometownlawyers.com\/wp-content\/uploads\/2026\/02\/TEAM-PHOTO-2026-scaled.jpg\" \/>\n\t<meta property=\"og:image:width\" content=\"2560\" \/>\n\t<meta property=\"og:image:height\" content=\"1689\" \/>\n\t<meta property=\"og:image:type\" content=\"image\/jpeg\" \/>\n<meta name=\"twitter:card\" content=\"summary_large_image\" \/>\n<meta name=\"twitter:label1\" content=\"Tiempo de lectura\" \/>\n\t<meta name=\"twitter:data1\" content=\"5 minutos\" \/>\n<script type=\"application\/ld+json\" class=\"yoast-schema-graph\">{\"@context\":\"https:\\\/\\\/schema.org\",\"@graph\":[{\"@type\":\"WebPage\",\"@id\":\"https:\\\/\\\/thehometownlawyers.com\\\/es\\\/abogado-de-lesiones-personales-en-washington-court-house\\\/abogado-de-accidentes-por-conducir-ebrio-en-washington-court-house\\\/\",\"url\":\"https:\\\/\\\/thehometownlawyers.com\\\/es\\\/abogado-de-lesiones-personales-en-washington-court-house\\\/abogado-de-accidentes-por-conducir-ebrio-en-washington-court-house\\\/\",\"name\":\"Abogado de accidentes por conducir ebrio en Washington Court House | Kruger &amp; Hodges Abogados De Lesiones\",\"isPartOf\":{\"@id\":\"https:\\\/\\\/thehometownlawyers.com\\\/es\\\/#website\"},\"datePublished\":\"2025-12-03T20:55:11+00:00\",\"description\":\"Conducir en estado de ebriedad es una grave amenaza para la vida. Cuando una persona decide subirse a un veh\u00edculo despu\u00e9s de haber consumido incluso unas\",\"breadcrumb\":{\"@id\":\"https:\\\/\\\/thehometownlawyers.com\\\/es\\\/abogado-de-lesiones-personales-en-washington-court-house\\\/abogado-de-accidentes-por-conducir-ebrio-en-washington-court-house\\\/#breadcrumb\"},\"inLanguage\":\"es\",\"potentialAction\":[{\"@type\":\"ReadAction\",\"target\":[\"https:\\\/\\\/thehometownlawyers.com\\\/es\\\/abogado-de-lesiones-personales-en-washington-court-house\\\/abogado-de-accidentes-por-conducir-ebrio-en-washington-court-house\\\/\"]}]},{\"@type\":\"BreadcrumbList\",\"@id\":\"https:\\\/\\\/thehometownlawyers.com\\\/es\\\/abogado-de-lesiones-personales-en-washington-court-house\\\/abogado-de-accidentes-por-conducir-ebrio-en-washington-court-house\\\/#breadcrumb\",\"itemListElement\":[{\"@type\":\"ListItem\",\"position\":1,\"name\":\"Home\",\"item\":\"https:\\\/\\\/thehometownlawyers.com\\\/es\\\/\"},{\"@type\":\"ListItem\",\"position\":2,\"name\":\"Abogado de Lesiones Personales en Washington Court House\",\"item\":\"https:\\\/\\\/thehometownlawyers.com\\\/es\\\/washington-court-house\\\/abogado-de-lesiones-personales\\\/\"},{\"@type\":\"ListItem\",\"position\":3,\"name\":\"Abogado de accidentes por conducir ebrio en Washington Court House\"}]},{\"@type\":\"WebSite\",\"@id\":\"https:\\\/\\\/thehometownlawyers.com\\\/es\\\/#website\",\"url\":\"https:\\\/\\\/thehometownlawyers.com\\\/es\\\/\",\"name\":\"Kruger & Hodges Hometown Injury Lawyers | Accident Attorneys\",\"description\":\"Attorneys for Car, Truck and Motorcycle Accidents, Personal Injuries, and Criminal Defense.\",\"publisher\":{\"@id\":\"https:\\\/\\\/thehometownlawyers.com\\\/es\\\/#organization\"},\"alternateName\":\"Kruger & Hodges Personal Injury Lawyers\",\"inLanguage\":\"es\"},{\"@type\":\"Organization\",\"@id\":\"https:\\\/\\\/thehometownlawyers.com\\\/es\\\/#organization\",\"name\":\"Kruger & Hodges Hometown Injury Lawyers\",\"alternateName\":\"Kruger & Hodges\",\"url\":\"https:\\\/\\\/thehometownlawyers.com\\\/es\\\/\",\"logo\":{\"@type\":\"ImageObject\",\"inLanguage\":\"es\",\"@id\":\"https:\\\/\\\/thehometownlawyers.com\\\/es\\\/#\\\/schema\\\/logo\\\/image\\\/\",\"url\":\"https:\\\/\\\/thehometownlawyers.com\\\/wp-content\\\/uploads\\\/2025\\\/12\\\/revised-kh-logo-vertical-white-background-scaled.png\",\"contentUrl\":\"https:\\\/\\\/thehometownlawyers.com\\\/wp-content\\\/uploads\\\/2025\\\/12\\\/revised-kh-logo-vertical-white-background-scaled.png\",\"width\":2560,\"height\":1440,\"caption\":\"Kruger & Hodges Hometown Injury Lawyers\"},\"image\":{\"@id\":\"https:\\\/\\\/thehometownlawyers.com\\\/es\\\/#\\\/schema\\\/logo\\\/image\\\/\"},\"sameAs\":[\"https:\\\/\\\/www.facebook.com\\\/KrugerHodges\\\/\",\"https:\\\/\\\/www.instagram.com\\\/krugerhodges\\\/\",\"https:\\\/\\\/www.linkedin.com\\\/company\\\/kruger-hodges-hometown-injury-lawyers\\\/\",\"https:\\\/\\\/www.youtube.com\\\/channel\\\/UCeYcMaMaN2rb9jMlqt4EIdQ\",\"https:\\\/\\\/www.tiktok.com\\\/@thehometownlawyer\"]}]}<\/script>\n<!-- \/ Yoast SEO plugin. -->","yoast_head_json":{"title":"Abogado de accidentes por conducir ebrio en Washington Court House | Kruger &amp; Hodges Abogados De Lesiones","description":"Conducir en estado de ebriedad es una grave amenaza para la vida. Cuando una persona decide subirse a un veh\u00edculo despu\u00e9s de haber consumido incluso unas","robots":{"index":"index","follow":"follow","max-snippet":"max-snippet:-1","max-image-preview":"max-image-preview:large","max-video-preview":"max-video-preview:-1"},"canonical":"https:\/\/thehometownlawyers.com\/es\/abogado-de-lesiones-personales-en-washington-court-house\/abogado-de-accidentes-por-conducir-ebrio-en-washington-court-house\/","og_locale":"es_MX","og_type":"article","og_title":"Abogado de accidentes por conducir ebrio en Washington Court House | Kruger &amp; Hodges Abogados De Lesiones","og_description":"Conducir en estado de ebriedad es una grave amenaza para la vida. Cuando una persona decide subirse a un veh\u00edculo despu\u00e9s de haber consumido incluso unas","og_url":"https:\/\/thehometownlawyers.com\/es\/abogado-de-lesiones-personales-en-washington-court-house\/abogado-de-accidentes-por-conducir-ebrio-en-washington-court-house\/","og_site_name":"Kruger &amp; Hodges Abogados De Lesiones","article_publisher":"https:\/\/www.facebook.com\/KrugerHodges\/","og_image":[{"width":2560,"height":1689,"url":"https:\/\/thehometownlawyers.com\/wp-content\/uploads\/2026\/02\/TEAM-PHOTO-2026-scaled.jpg","type":"image\/jpeg"}],"twitter_card":"summary_large_image","twitter_misc":{"Tiempo de lectura":"5 minutos"},"schema":{"@context":"https:\/\/schema.org","@graph":[{"@type":"WebPage","@id":"https:\/\/thehometownlawyers.com\/es\/abogado-de-lesiones-personales-en-washington-court-house\/abogado-de-accidentes-por-conducir-ebrio-en-washington-court-house\/","url":"https:\/\/thehometownlawyers.com\/es\/abogado-de-lesiones-personales-en-washington-court-house\/abogado-de-accidentes-por-conducir-ebrio-en-washington-court-house\/","name":"Abogado de accidentes por conducir ebrio en Washington Court House | Kruger &amp; Hodges Abogados De Lesiones","isPartOf":{"@id":"https:\/\/thehometownlawyers.com\/es\/#website"},"datePublished":"2025-12-03T20:55:11+00:00","description":"Conducir en estado de ebriedad es una grave amenaza para la vida. Cuando una persona decide subirse a un veh\u00edculo despu\u00e9s de haber consumido incluso unas","breadcrumb":{"@id":"https:\/\/thehometownlawyers.com\/es\/abogado-de-lesiones-personales-en-washington-court-house\/abogado-de-accidentes-por-conducir-ebrio-en-washington-court-house\/#breadcrumb"},"inLanguage":"es","potentialAction":[{"@type":"ReadAction","target":["https:\/\/thehometownlawyers.com\/es\/abogado-de-lesiones-personales-en-washington-court-house\/abogado-de-accidentes-por-conducir-ebrio-en-washington-court-house\/"]}]},{"@type":"BreadcrumbList","@id":"https:\/\/thehometownlawyers.com\/es\/abogado-de-lesiones-personales-en-washington-court-house\/abogado-de-accidentes-por-conducir-ebrio-en-washington-court-house\/#breadcrumb","itemListElement":[{"@type":"ListItem","position":1,"name":"Home","item":"https:\/\/thehometownlawyers.com\/es\/"},{"@type":"ListItem","position":2,"name":"Abogado de Lesiones Personales en Washington Court House","item":"https:\/\/thehometownlawyers.com\/es\/washington-court-house\/abogado-de-lesiones-personales\/"},{"@type":"ListItem","position":3,"name":"Abogado de accidentes por conducir ebrio en Washington Court House"}]},{"@type":"WebSite","@id":"https:\/\/thehometownlawyers.com\/es\/#website","url":"https:\/\/thehometownlawyers.com\/es\/","name":"Kruger & Hodges Hometown Injury Lawyers | Accident Attorneys","description":"Attorneys for Car, Truck and Motorcycle Accidents, Personal Injuries, and Criminal Defense.","publisher":{"@id":"https:\/\/thehometownlawyers.com\/es\/#organization"},"alternateName":"Kruger & Hodges Personal Injury Lawyers","inLanguage":"es"},{"@type":"Organization","@id":"https:\/\/thehometownlawyers.com\/es\/#organization","name":"Kruger & Hodges Hometown Injury Lawyers","alternateName":"Kruger & Hodges","url":"https:\/\/thehometownlawyers.com\/es\/","logo":{"@type":"ImageObject","inLanguage":"es","@id":"https:\/\/thehometownlawyers.com\/es\/#\/schema\/logo\/image\/","url":"https:\/\/thehometownlawyers.com\/wp-content\/uploads\/2025\/12\/revised-kh-logo-vertical-white-background-scaled.png","contentUrl":"https:\/\/thehometownlawyers.com\/wp-content\/uploads\/2025\/12\/revised-kh-logo-vertical-white-background-scaled.png","width":2560,"height":1440,"caption":"Kruger & Hodges Hometown Injury Lawyers"},"image":{"@id":"https:\/\/thehometownlawyers.com\/es\/#\/schema\/logo\/image\/"},"sameAs":["https:\/\/www.facebook.com\/KrugerHodges\/","https:\/\/www.instagram.com\/krugerhodges\/","https:\/\/www.linkedin.com\/company\/kruger-hodges-hometown-injury-lawyers\/","https:\/\/www.youtube.com\/channel\/UCeYcMaMaN2rb9jMlqt4EIdQ","https:\/\/www.tiktok.com\/@thehometownlawyer"]}]}},"_links":{"self":[{"href":"https:\/\/thehometownlawyers.com\/es\/wp-json\/wp\/v2\/pages\/25894","targetHints":{"allow":["GET"]}}],"collection":[{"href":"https:\/\/thehometownlawyers.com\/es\/wp-json\/wp\/v2\/pages"}],"about":[{"href":"https:\/\/thehometownlawyers.com\/es\/wp-json\/wp\/v2\/types\/page"}],"author":[{"embeddable":true,"href":"https:\/\/thehometownlawyers.com\/es\/wp-json\/wp\/v2\/users\/13"}],"replies":[{"embeddable":true,"href":"https:\/\/thehometownlawyers.com\/es\/wp-json\/wp\/v2\/comments?post=25894"}],"version-history":[{"count":0,"href":"https:\/\/thehometownlawyers.com\/es\/wp-json\/wp\/v2\/pages\/25894\/revisions"}],"up":[{"embeddable":true,"href":"https:\/\/thehometownlawyers.com\/es\/wp-json\/wp\/v2\/pages\/25184"}],"wp:attachment":[{"href":"https:\/\/thehometownlawyers.com\/es\/wp-json\/wp\/v2\/media?parent=25894"}],"wp:term":[{"taxonomy":"hc_faqs","embeddable":true,"href":"https:\/\/thehometownlawyers.com\/es\/wp-json\/wp\/v2\/hc_faqs?post=25894"},{"taxonomy":"hc_spanish_faqs","embeddable":true,"href":"https:\/\/thehometownlawyers.com\/es\/wp-json\/wp\/v2\/hc_spanish_faqs?post=25894"}],"curies":[{"name":"wp","href":"https:\/\/api.w.org\/{rel}","templated":true}]}}