{"id":26376,"date":"2018-10-11T11:41:11","date_gmt":"2018-10-11T15:41:11","guid":{"rendered":"https:\/\/thehometownlawyers.com\/?page_id=26376"},"modified":"2026-02-06T12:35:02","modified_gmt":"2026-02-06T17:35:02","slug":"que-es-medpay","status":"publish","type":"page","link":"https:\/\/thehometownlawyers.com\/es\/preguntas-frecuentes\/que-es-medpay\/","title":{"rendered":"\u00bfQu\u00e9 es MedPay?"},"content":{"rendered":"<p>Si bien muchas personas han o\u00eddo hablar de Medpay, pocas est\u00e1n seguras de lo que hace. Medpay es un tipo opcional de cobertura de seguro que los conductores pueden elegir para agregar a sus p\u00f3lizas de seguro de veh\u00edculos motorizados.<\/p>\n<p>Cuando ocurre un accidente automovil\u00edstico , Medpay reembolsa a los conductores los gastos hasta un l\u00edmite establecido. Si bien Medpay no reembolsa a las v\u00edctimas de accidentes por ninguno y todos los gastos asociados con un accidente, muchas personas a\u00fan optan por obtener Medpay porque puede usarse para reembolsar los copagos y deducibles del seguro m\u00e9dico despu\u00e9s de un accidente.<\/p>\n<p>Medpay puede desempe\u00f1ar un papel fundamental para ayudar a las v\u00edctimas de accidentes automovil\u00edsticos a recuperar tanto su salud como su equilibrio financiero despu\u00e9s de una tragedia.<\/p>\n<h2>Por qu\u00e9 todav\u00eda necesita Medpay si tiene seguro m\u00e9dico<\/h2>\n<p>Muchas personas que tienen seguro de salud a\u00fan encuentran importante tener Medpay, que puede funcionar en combinaci\u00f3n con otros tipos de seguros para pagar los da\u00f1os considerables que uno puede encontrar despu\u00e9s de un accidente.<\/p>\n<p>Medpay tiende a funcionar como cobertura primaria o complementaria seg\u00fan el tipo de p\u00f3liza de seguro de salud que tenga una persona. Si Medpay funciona como cobertura primaria, pagar\u00e1 todos los gastos. Sin embargo, si MedPay se usa como complemento del seguro de salud, una persona puede usar Medpay para pagar copagos y deducibles. Si el seguro de salud de una persona no cubre las lesiones debidas a un accidente por cualquier motivo, MedPay puede ayudar a pagar estos da\u00f1os.<\/p>\n<p class=\"rs-content-cta rs-content-cta-small\">Para una consulta legal gratuita, llame al <a href=\"tel:+15138943333\">513-894-3333 <\/a><\/p><h2>Nueva ley Medpay de Ohio<\/h2>\n<p>En 2015, se aprob\u00f3 una nueva ley de Ohio llamada <u><a href=\"https:\/\/codes.ohio.gov\/ohio-revised-code\/section-2323.44\" target=\"_blank\" rel=\"noopener\">Rights of Subrogee<\/a><\/u> que cambi\u00f3 significativamente la forma en que funciona Medpay en el estado. Principalmente, esta ley intenta equilibrar la obligaci\u00f3n adeudada cuando surgen facturas m\u00e9dicas entre una persona asegurada y su compa\u00f1\u00eda de seguros.<\/p>\n<p>Si una persona recupera una compensaci\u00f3n del seguro de la parte culpable, esa persona deber\u00e1 reembolsar a su seguro los pagos de Medpay que haya recibido. Por lo tanto, no siempre es la mejor idea usar su Medpay, ya que puede haber mejores opciones.<\/p>\n<h2>Cobertura de motorista sin seguro o con seguro insuficiente<\/h2>\n<p>La cobertura de motorista sin seguro o con seguro insuficiente se usa en situaciones en las que otra persona es responsable de un accidente, pero la parte responsable no tiene seguro o tiene seguro insuficiente.<\/p>\n<p>Si decide presentar un reclamo basado en su propia p\u00f3liza sin seguro o con seguro insuficiente y tambi\u00e9n tiene cobertura de pago m\u00e9dico, en algunas situaciones, su compa\u00f1\u00eda de seguros podr\u00eda intentar agrupar a Medpay en esta cantidad. En cambio, Medpay es un tipo de seguro separado, lo que significa que a\u00fan deber\u00eda poder usar Medpay y obtener una compensaci\u00f3n bajo su propia cobertura de automovilista sin seguro o con seguro insuficiente.<\/p>\n<p>Esta es solo una de las \u00e1reas legales complicadas que pueden surgir despu\u00e9s de un accidente, por lo que a menudo es fundamental hablar con un abogado experto en lesiones personales despu\u00e9s de lesionarse en un accidente.<\/p>\n<p class=\"rs-content-cta rs-content-cta-small\"><a href=\"\/es\/contacto\/\">Haga clic para contactar<\/a> con nuestros  abogados hoy<\/p><h2>Hable con un abogado experimentado en accidentes<\/h2>\n<p>Comprender c\u00f3mo funcionan las p\u00f3lizas de seguro y apreciar c\u00f3mo los elementos individuales como Medpay pueden ser abrumadores. Sin embargo, comprender las p\u00f3lizas de seguro es fundamental despu\u00e9s de un accidente.<\/p>\n<p>Si usted o un ser querido ha estado involucrado en un accidente automovil\u00edstico, no dude en ponerse en contacto con un abogado experimentado en accidentes automovil\u00edsticos de <u><a href=\"https:\/\/thehometownlawyers.com\/es\/contacto\/\">Kruger &amp; Hodges<\/a><\/u> , quien seguir\u00e1 comprometido a luchar por la compensaci\u00f3n que usted merece.<\/p>\n<p class=\"rs-content-cta rs-content-cta-small\">Llame o env\u00ede un mensaje de texto al <a href=\"tel:+15138943333\">513-894-3333<\/a> o complete una <a href=\"\/es\/contacto\/\">evaluaci\u00f3n gratuita de su caso<\/a><\/p>","protected":false},"excerpt":{"rendered":"<p>Si bien muchas personas han o\u00eddo hablar de Medpay, pocas est\u00e1n seguras de lo que hace. Medpay es un tipo opcional de cobertura de seguro que los conductores pueden elegir para agregar a sus p\u00f3lizas de seguro de veh\u00edculos motorizados. Cuando ocurre un accidente automovil\u00edstico , Medpay reembolsa a los conductores los gastos hasta un &#8230;<\/p>\n","protected":false},"author":13,"featured_media":24585,"parent":20989,"menu_order":0,"comment_status":"closed","ping_status":"closed","template":"","meta":{"_acf_changed":false,"inline_featured_image":false,"_genesis_hide_title":false,"_genesis_hide_breadcrumbs":false,"_genesis_hide_singular_image":false,"_genesis_hide_footer_widgets":false,"_genesis_custom_body_class":"","_genesis_custom_post_class":"","_genesis_layout":"","footnotes":""},"hc_faqs":[316],"hc_spanish_faqs":[],"class_list":{"0":"post-26376","1":"page","2":"type-page","3":"status-publish","4":"has-post-thumbnail","6":"hc_faqs-accidente-de-automovilismo","7":"entry"},"acf":[],"yoast_head":"<!-- This site is optimized with the Yoast SEO plugin v27.4 - https:\/\/yoast.com\/product\/yoast-seo-wordpress\/ -->\n<title>\u00bfQu\u00e9 es MedPay? | Kruger &amp; Hodges Hometown Injury Lawyers<\/title>\n<meta name=\"description\" content=\"Si recientemente estuvo involucrado en un accidente automovil\u00edstico, es posible que se est\u00e9 preguntando, &quot;\u00bfqu\u00e9 es medpay?&quot; Medpay puede ser \u00fatil, pero no siempre es la mejor opci\u00f3n.\" \/>\n<meta name=\"robots\" content=\"index, follow, max-snippet:-1, max-image-preview:large, max-video-preview:-1\" \/>\n<link rel=\"canonical\" href=\"https:\/\/thehometownlawyers.com\/es\/preguntas-frecuentes\/que-es-medpay\/\" \/>\n<meta property=\"og:locale\" content=\"es_MX\" \/>\n<meta property=\"og:type\" content=\"article\" \/>\n<meta property=\"og:title\" content=\"\u00bfQu\u00e9 es MedPay? | Kruger &amp; Hodges Hometown Injury Lawyers\" \/>\n<meta property=\"og:description\" content=\"Si recientemente estuvo involucrado en un accidente automovil\u00edstico, es posible que se est\u00e9 preguntando, &quot;\u00bfqu\u00e9 es medpay?&quot; Medpay puede ser \u00fatil, pero no siempre es la mejor opci\u00f3n.\" \/>\n<meta property=\"og:url\" content=\"https:\/\/thehometownlawyers.com\/es\/preguntas-frecuentes\/que-es-medpay\/\" \/>\n<meta property=\"og:site_name\" content=\"Kruger &amp; Hodges Abogados De Lesiones\" \/>\n<meta property=\"article:publisher\" content=\"https:\/\/www.facebook.com\/KrugerHodges\/\" \/>\n<meta property=\"article:modified_time\" content=\"2026-02-06T17:35:02+00:00\" \/>\n<meta property=\"og:image\" content=\"https:\/\/thehometownlawyers.com\/wp-content\/uploads\/2018\/10\/que-es-medpay.jpg\" \/>\n\t<meta property=\"og:image:width\" content=\"418\" \/>\n\t<meta property=\"og:image:height\" content=\"626\" \/>\n\t<meta property=\"og:image:type\" content=\"image\/jpeg\" \/>\n<meta name=\"twitter:card\" content=\"summary_large_image\" \/>\n<meta name=\"twitter:label1\" content=\"Tiempo de lectura\" \/>\n\t<meta name=\"twitter:data1\" content=\"3 minutos\" \/>\n<script type=\"application\/ld+json\" class=\"yoast-schema-graph\">{\"@context\":\"https:\\\/\\\/schema.org\",\"@graph\":[{\"@type\":\"WebPage\",\"@id\":\"https:\\\/\\\/thehometownlawyers.com\\\/es\\\/preguntas-frecuentes\\\/que-es-medpay\\\/\",\"url\":\"https:\\\/\\\/thehometownlawyers.com\\\/es\\\/preguntas-frecuentes\\\/que-es-medpay\\\/\",\"name\":\"\u00bfQu\u00e9 es MedPay? | Kruger & Hodges Hometown Injury Lawyers\",\"isPartOf\":{\"@id\":\"https:\\\/\\\/thehometownlawyers.com\\\/es\\\/#website\"},\"primaryImageOfPage\":{\"@id\":\"https:\\\/\\\/thehometownlawyers.com\\\/es\\\/preguntas-frecuentes\\\/que-es-medpay\\\/#primaryimage\"},\"image\":{\"@id\":\"https:\\\/\\\/thehometownlawyers.com\\\/es\\\/preguntas-frecuentes\\\/que-es-medpay\\\/#primaryimage\"},\"thumbnailUrl\":\"https:\\\/\\\/thehometownlawyers.com\\\/wp-content\\\/uploads\\\/2018\\\/10\\\/que-es-medpay.jpg\",\"datePublished\":\"2018-10-11T15:41:11+00:00\",\"dateModified\":\"2026-02-06T17:35:02+00:00\",\"description\":\"Si recientemente estuvo involucrado en un accidente automovil\u00edstico, es posible que se est\u00e9 preguntando, \\\"\u00bfqu\u00e9 es medpay?\\\" Medpay puede ser \u00fatil, pero no siempre es la mejor opci\u00f3n.\",\"breadcrumb\":{\"@id\":\"https:\\\/\\\/thehometownlawyers.com\\\/es\\\/preguntas-frecuentes\\\/que-es-medpay\\\/#breadcrumb\"},\"inLanguage\":\"es\",\"potentialAction\":[{\"@type\":\"ReadAction\",\"target\":[\"https:\\\/\\\/thehometownlawyers.com\\\/es\\\/preguntas-frecuentes\\\/que-es-medpay\\\/\"]}]},{\"@type\":\"ImageObject\",\"inLanguage\":\"es\",\"@id\":\"https:\\\/\\\/thehometownlawyers.com\\\/es\\\/preguntas-frecuentes\\\/que-es-medpay\\\/#primaryimage\",\"url\":\"https:\\\/\\\/thehometownlawyers.com\\\/wp-content\\\/uploads\\\/2018\\\/10\\\/que-es-medpay.jpg\",\"contentUrl\":\"https:\\\/\\\/thehometownlawyers.com\\\/wp-content\\\/uploads\\\/2018\\\/10\\\/que-es-medpay.jpg\",\"width\":418,\"height\":626,\"caption\":\"Front view doctor holding stethoscope\"},{\"@type\":\"BreadcrumbList\",\"@id\":\"https:\\\/\\\/thehometownlawyers.com\\\/es\\\/preguntas-frecuentes\\\/que-es-medpay\\\/#breadcrumb\",\"itemListElement\":[{\"@type\":\"ListItem\",\"position\":1,\"name\":\"Home\",\"item\":\"https:\\\/\\\/thehometownlawyers.com\\\/es\\\/\"},{\"@type\":\"ListItem\",\"position\":2,\"name\":\"Preguntas Frecuentes\",\"item\":\"https:\\\/\\\/thehometownlawyers.com\\\/es\\\/preguntas-frecuentes\\\/\"},{\"@type\":\"ListItem\",\"position\":3,\"name\":\"\u00bfQu\u00e9 es MedPay?\"}]},{\"@type\":\"WebSite\",\"@id\":\"https:\\\/\\\/thehometownlawyers.com\\\/es\\\/#website\",\"url\":\"https:\\\/\\\/thehometownlawyers.com\\\/es\\\/\",\"name\":\"Kruger & Hodges Hometown Injury Lawyers | Accident Attorneys\",\"description\":\"Attorneys for Car, Truck and Motorcycle Accidents, Personal Injuries, and Criminal Defense.\",\"publisher\":{\"@id\":\"https:\\\/\\\/thehometownlawyers.com\\\/es\\\/#organization\"},\"alternateName\":\"Kruger & Hodges Personal Injury Lawyers\",\"inLanguage\":\"es\"},{\"@type\":\"Organization\",\"@id\":\"https:\\\/\\\/thehometownlawyers.com\\\/es\\\/#organization\",\"name\":\"Kruger & Hodges Hometown Injury Lawyers\",\"alternateName\":\"Kruger & Hodges\",\"url\":\"https:\\\/\\\/thehometownlawyers.com\\\/es\\\/\",\"logo\":{\"@type\":\"ImageObject\",\"inLanguage\":\"es\",\"@id\":\"https:\\\/\\\/thehometownlawyers.com\\\/es\\\/#\\\/schema\\\/logo\\\/image\\\/\",\"url\":\"https:\\\/\\\/thehometownlawyers.com\\\/wp-content\\\/uploads\\\/2025\\\/12\\\/revised-kh-logo-vertical-white-background-scaled.png\",\"contentUrl\":\"https:\\\/\\\/thehometownlawyers.com\\\/wp-content\\\/uploads\\\/2025\\\/12\\\/revised-kh-logo-vertical-white-background-scaled.png\",\"width\":2560,\"height\":1440,\"caption\":\"Kruger & Hodges Hometown Injury Lawyers\"},\"image\":{\"@id\":\"https:\\\/\\\/thehometownlawyers.com\\\/es\\\/#\\\/schema\\\/logo\\\/image\\\/\"},\"sameAs\":[\"https:\\\/\\\/www.facebook.com\\\/KrugerHodges\\\/\",\"https:\\\/\\\/www.instagram.com\\\/krugerhodges\\\/\",\"https:\\\/\\\/www.linkedin.com\\\/company\\\/kruger-hodges-hometown-injury-lawyers\\\/\",\"https:\\\/\\\/www.youtube.com\\\/channel\\\/UCeYcMaMaN2rb9jMlqt4EIdQ\",\"https:\\\/\\\/www.tiktok.com\\\/@thehometownlawyer\"]}]}<\/script>\n<!-- \/ Yoast SEO plugin. -->","yoast_head_json":{"title":"\u00bfQu\u00e9 es MedPay? | Kruger & Hodges Hometown Injury Lawyers","description":"Si recientemente estuvo involucrado en un accidente automovil\u00edstico, es posible que se est\u00e9 preguntando, \"\u00bfqu\u00e9 es medpay?\" Medpay puede ser \u00fatil, pero no siempre es la mejor opci\u00f3n.","robots":{"index":"index","follow":"follow","max-snippet":"max-snippet:-1","max-image-preview":"max-image-preview:large","max-video-preview":"max-video-preview:-1"},"canonical":"https:\/\/thehometownlawyers.com\/es\/preguntas-frecuentes\/que-es-medpay\/","og_locale":"es_MX","og_type":"article","og_title":"\u00bfQu\u00e9 es MedPay? | Kruger & Hodges Hometown Injury Lawyers","og_description":"Si recientemente estuvo involucrado en un accidente automovil\u00edstico, es posible que se est\u00e9 preguntando, \"\u00bfqu\u00e9 es medpay?\" Medpay puede ser \u00fatil, pero no siempre es la mejor opci\u00f3n.","og_url":"https:\/\/thehometownlawyers.com\/es\/preguntas-frecuentes\/que-es-medpay\/","og_site_name":"Kruger &amp; Hodges Abogados De Lesiones","article_publisher":"https:\/\/www.facebook.com\/KrugerHodges\/","article_modified_time":"2026-02-06T17:35:02+00:00","og_image":[{"width":418,"height":626,"url":"https:\/\/thehometownlawyers.com\/wp-content\/uploads\/2018\/10\/que-es-medpay.jpg","type":"image\/jpeg"}],"twitter_card":"summary_large_image","twitter_misc":{"Tiempo de lectura":"3 minutos"},"schema":{"@context":"https:\/\/schema.org","@graph":[{"@type":"WebPage","@id":"https:\/\/thehometownlawyers.com\/es\/preguntas-frecuentes\/que-es-medpay\/","url":"https:\/\/thehometownlawyers.com\/es\/preguntas-frecuentes\/que-es-medpay\/","name":"\u00bfQu\u00e9 es MedPay? | Kruger & Hodges Hometown Injury Lawyers","isPartOf":{"@id":"https:\/\/thehometownlawyers.com\/es\/#website"},"primaryImageOfPage":{"@id":"https:\/\/thehometownlawyers.com\/es\/preguntas-frecuentes\/que-es-medpay\/#primaryimage"},"image":{"@id":"https:\/\/thehometownlawyers.com\/es\/preguntas-frecuentes\/que-es-medpay\/#primaryimage"},"thumbnailUrl":"https:\/\/thehometownlawyers.com\/wp-content\/uploads\/2018\/10\/que-es-medpay.jpg","datePublished":"2018-10-11T15:41:11+00:00","dateModified":"2026-02-06T17:35:02+00:00","description":"Si recientemente estuvo involucrado en un accidente automovil\u00edstico, es posible que se est\u00e9 preguntando, \"\u00bfqu\u00e9 es medpay?\" Medpay puede ser \u00fatil, pero no siempre es la mejor opci\u00f3n.","breadcrumb":{"@id":"https:\/\/thehometownlawyers.com\/es\/preguntas-frecuentes\/que-es-medpay\/#breadcrumb"},"inLanguage":"es","potentialAction":[{"@type":"ReadAction","target":["https:\/\/thehometownlawyers.com\/es\/preguntas-frecuentes\/que-es-medpay\/"]}]},{"@type":"ImageObject","inLanguage":"es","@id":"https:\/\/thehometownlawyers.com\/es\/preguntas-frecuentes\/que-es-medpay\/#primaryimage","url":"https:\/\/thehometownlawyers.com\/wp-content\/uploads\/2018\/10\/que-es-medpay.jpg","contentUrl":"https:\/\/thehometownlawyers.com\/wp-content\/uploads\/2018\/10\/que-es-medpay.jpg","width":418,"height":626,"caption":"Front view doctor holding stethoscope"},{"@type":"BreadcrumbList","@id":"https:\/\/thehometownlawyers.com\/es\/preguntas-frecuentes\/que-es-medpay\/#breadcrumb","itemListElement":[{"@type":"ListItem","position":1,"name":"Home","item":"https:\/\/thehometownlawyers.com\/es\/"},{"@type":"ListItem","position":2,"name":"Preguntas Frecuentes","item":"https:\/\/thehometownlawyers.com\/es\/preguntas-frecuentes\/"},{"@type":"ListItem","position":3,"name":"\u00bfQu\u00e9 es MedPay?"}]},{"@type":"WebSite","@id":"https:\/\/thehometownlawyers.com\/es\/#website","url":"https:\/\/thehometownlawyers.com\/es\/","name":"Kruger & Hodges Hometown Injury Lawyers | Accident Attorneys","description":"Attorneys for Car, Truck and Motorcycle Accidents, Personal Injuries, and Criminal Defense.","publisher":{"@id":"https:\/\/thehometownlawyers.com\/es\/#organization"},"alternateName":"Kruger & Hodges Personal Injury Lawyers","inLanguage":"es"},{"@type":"Organization","@id":"https:\/\/thehometownlawyers.com\/es\/#organization","name":"Kruger & Hodges Hometown Injury Lawyers","alternateName":"Kruger & Hodges","url":"https:\/\/thehometownlawyers.com\/es\/","logo":{"@type":"ImageObject","inLanguage":"es","@id":"https:\/\/thehometownlawyers.com\/es\/#\/schema\/logo\/image\/","url":"https:\/\/thehometownlawyers.com\/wp-content\/uploads\/2025\/12\/revised-kh-logo-vertical-white-background-scaled.png","contentUrl":"https:\/\/thehometownlawyers.com\/wp-content\/uploads\/2025\/12\/revised-kh-logo-vertical-white-background-scaled.png","width":2560,"height":1440,"caption":"Kruger & Hodges Hometown Injury Lawyers"},"image":{"@id":"https:\/\/thehometownlawyers.com\/es\/#\/schema\/logo\/image\/"},"sameAs":["https:\/\/www.facebook.com\/KrugerHodges\/","https:\/\/www.instagram.com\/krugerhodges\/","https:\/\/www.linkedin.com\/company\/kruger-hodges-hometown-injury-lawyers\/","https:\/\/www.youtube.com\/channel\/UCeYcMaMaN2rb9jMlqt4EIdQ","https:\/\/www.tiktok.com\/@thehometownlawyer"]}]}},"_links":{"self":[{"href":"https:\/\/thehometownlawyers.com\/es\/wp-json\/wp\/v2\/pages\/26376","targetHints":{"allow":["GET"]}}],"collection":[{"href":"https:\/\/thehometownlawyers.com\/es\/wp-json\/wp\/v2\/pages"}],"about":[{"href":"https:\/\/thehometownlawyers.com\/es\/wp-json\/wp\/v2\/types\/page"}],"author":[{"embeddable":true,"href":"https:\/\/thehometownlawyers.com\/es\/wp-json\/wp\/v2\/users\/13"}],"replies":[{"embeddable":true,"href":"https:\/\/thehometownlawyers.com\/es\/wp-json\/wp\/v2\/comments?post=26376"}],"version-history":[{"count":0,"href":"https:\/\/thehometownlawyers.com\/es\/wp-json\/wp\/v2\/pages\/26376\/revisions"}],"up":[{"embeddable":true,"href":"https:\/\/thehometownlawyers.com\/es\/wp-json\/wp\/v2\/pages\/20989"}],"wp:featuredmedia":[{"embeddable":true,"href":"https:\/\/thehometownlawyers.com\/es\/wp-json\/wp\/v2\/media\/24585"}],"wp:attachment":[{"href":"https:\/\/thehometownlawyers.com\/es\/wp-json\/wp\/v2\/media?parent=26376"}],"wp:term":[{"taxonomy":"hc_faqs","embeddable":true,"href":"https:\/\/thehometownlawyers.com\/es\/wp-json\/wp\/v2\/hc_faqs?post=26376"},{"taxonomy":"hc_spanish_faqs","embeddable":true,"href":"https:\/\/thehometownlawyers.com\/es\/wp-json\/wp\/v2\/hc_spanish_faqs?post=26376"}],"curies":[{"name":"wp","href":"https:\/\/api.w.org\/{rel}","templated":true}]}}