{"id":26486,"date":"2026-02-26T10:45:43","date_gmt":"2026-02-26T15:45:43","guid":{"rendered":"https:\/\/thehometownlawyers.com\/?page_id=26486"},"modified":"2026-02-26T10:52:44","modified_gmt":"2026-02-26T15:52:44","slug":"abogado-de-lesiones-personales-en-wilmington","status":"publish","type":"page","link":"https:\/\/thehometownlawyers.com\/es\/abogado-de-lesiones-personales-en-wilmington\/","title":{"rendered":"Abogado de Lesiones Personales en Wilmington"},"content":{"rendered":"<p>Los accidentes ocurren constantemente en Wilmington, una peque\u00f1a ciudad de aproximadamente 12,000 habitantes ubicada a las afueras de Columbus. Con las carreteras US 22 y 68 atravesando la ciudad, no es raro que ocurran accidentes automovil\u00edsticos, de camiones y de motocicletas. Cuando ocurren, pueden resultar en p\u00e9rdidas financieras millonarias, sin culpa de la parte involucrada. \u00bfEs usted una de esas v\u00edctimas? Nuestros abogados de lesiones personales que atienden en Wilmington, Ohio, podr\u00edan ayudarle.<\/p>\n<p>Con a\u00f1os de experiencia combinada, Kruger &amp; Hodges Hometown Injury Lawyers cuenta con los recursos necesarios para apoyarle en este momento tan dif\u00edcil. Entendemos lo dif\u00edcil que es para usted gestionar las facturas, la incapacidad de trabajar y la p\u00e9rdida de calidad de vida. Por eso ofrecemos asistencia legal integral a nuestros clientes.<\/p>\n<h2>Accidentes de Carro en Wilmington, OH<\/h2>\n<p>Un accidente de tr\u00e1fico en Wilmington podr\u00eda ocurrir en cualquiera de las principales carreteras de la ciudad, desde South Street hasta Xenia y m\u00e1s all\u00e1. Ya sea que haya sufrido un choque por detr\u00e1s en la US 22 o un choque lateral en una de las zonas residenciales del centro de la ciudad, sus p\u00e9rdidas podr\u00edan ser considerables. Seg\u00fan datos de la Patrulla Estatal de Carreteras de Ohio recopilados entre 2022 y principios de 2025, el condado de Clinton experiment\u00f3 un total de 117 accidentes de tr\u00e1fico, incluyendo 5 accidentes con heridos graves y 7 accidentes mortales. Al promediar tres a\u00f1os, esto se traduce en aproximadamente 39 accidentes de tr\u00e1fico al a\u00f1o, con 2 accidentes con heridos graves y entre 2 y 3 muertes al a\u00f1o.<\/p>\n<p>Los accidentes de tr\u00e1fico pueden causar una amplia gama de lesiones, incluyendo la muerte. Dado que miles de estos accidentes ocurren en Ohio cada mes, es fundamental saber qu\u00e9 hacer si es v\u00edctima de este tipo de p\u00e9rdidas. Sin duda, nuestro equipo le guiar\u00e1 en ese proceso, respondiendo a sus preguntas, proporcion\u00e1ndole pautas y ayud\u00e1ndole a recuperar las p\u00e9rdidas.<\/p>\n<p class=\"rs-content-cta rs-content-cta-small\">Para una consulta legal gratuita, llame al <a href=\"tel:+19377708317\">937-770-8317 <\/a><\/p><h2>Accidentes de camiones en Wilmington, OH<\/h2>\n<p>Es f\u00e1cil enterarse de accidentes con camiones en Wilmington y sus alrededores. Esto incluye camiones como los que abastecen al Walmart Supercenter, as\u00ed como los que circulan por las carreteras US 22, US 23, US 73 y otras rutas de nuestra comunidad. Estos camiones son particularmente preocupantes debido a su tama\u00f1o, peso y velocidad. Sin embargo, tambi\u00e9n son los que causan accidentes constantemente debido al cansancio de los conductores o a un mantenimiento deficiente.<\/p>\n<p>Si usted ha sido v\u00edctima de este accidente, nuestros abogados de lesiones personales que atienden en Wilmington, OH, pueden ayudarle a defenderse de abogados influyentes y compa\u00f1\u00edas de seguros que trabajan para empresas de transporte. Nuestro objetivo es ayudarle a obtener la compensaci\u00f3n que le corresponde en cada ocasi\u00f3n.<\/p>\n<p class=\"rs-content-cta\">Abogado de Lesiones Personales de Wilmington Abogado de Lesiones Personales en Wilmington Cerca de M\u00ed <a href=\"tel:+19377708317\">937-770-8317<\/a><\/p><h2>Accidentes de motocicleta en Wilmington<\/h2>\n<p>Los accidentes de motocicleta son frecuentes en las calles de Wilmington. Debido a la menor protecci\u00f3n de los motociclistas en estos accidentes, suelen sufrir p\u00e9rdidas graves, como raspaduras en la carretera, fracturas y afecciones potencialmente mortales como traumatismos craneoencef\u00e1licos y da\u00f1o a la m\u00e9dula espinal. Si usted es v\u00edctima de un accidente de motocicleta, podr\u00eda enfrentar una vida dif\u00edcil.<\/p>\n<p>Permita que nuestro equipo le gu\u00ede para obtener una compensaci\u00f3n por sus p\u00e9rdidas. Trabajaremos estrechamente con usted para garantizarle el mejor resultado posible, incluyendo una compensaci\u00f3n por todas sus p\u00e9rdidas. Esto incluye el tiempo fuera del trabajo, los gastos m\u00e9dicos y la rehabilitaci\u00f3n.<\/p>\n<p class=\"rs-content-cta rs-content-cta-small\"><a href=\"\/es\/contacto\/\">Haga clic para contactar<\/a> con nuestros  abogados hoy<\/p><h2>Mordeduras y Ataques de Perro en Wilmington<\/h2>\n<p>Una mordedura de perro puede causar graves da\u00f1os a tendones, nervios y tejidos, lo que a veces puede provocar infecciones. Una p\u00e9rdida grave de sangre o da\u00f1os en zonas clave puede poner en peligro la vida tras un ataque de perro. Si un propietario es responsable de estas p\u00e9rdidas, tiene derecho a emprender acciones legales por las p\u00e9rdidas sufridas. Nuestros abogados han representado a muchas v\u00edctimas de mordeduras y ataques de perro en Wilmington. Estaremos ah\u00ed para ayudarle.<\/p>\n<p>Parte de nuestro trabajo consiste en documentar sus p\u00e9rdidas. Es posible que no pueda trabajar. Algunas personas pueden sufrir desfiguraciones. En cada situaci\u00f3n, nuestro objetivo es guiarle para que reciba la compensaci\u00f3n que merece.<\/p>\n<p class=\"rs-content-cta rs-content-cta-small\">Complete una <a href=\"\/es\/contacto\/\">evaluaci\u00f3n gratuita de su caso<\/a> ahora<\/p><h2>V\u00edctimas de Accidentes por Conducir Ebrio en Wilmington<\/h2>\n<p>Los accidentes por conducir ebrio representan una parte significativa de los accidentes que ocurren en Wilmington y sus alrededores. A menudo, nuestro equipo de abogados se ocupa de una amplia gama de p\u00e9rdidas, desde v\u00edctimas que pierden la vida hasta personas que sufren lesiones graves y potencialmente mortales. Si un conductor ebrio devast\u00f3 su vida, le dej\u00f3 con deudas m\u00e9dicas o caus\u00f3 la muerte de un ser querido, cont\u00e1ctenos.<\/p>\n<p>Permita que nuestros profesionales trabajen estrechamente con usted para determinar las mejores medidas legales posibles. Esto podr\u00eda incluir perseguir al conductor. Tambi\u00e9n puede significar asegurarse de que el seguro del conductor cubra sus p\u00e9rdidas.<\/p>\n<h2>Accidentes de peatones y ciclistas en Wilmington<\/h2>\n<p>No hay nada como caminar por el Williams Memorial Park o por las zonas residenciales a lo largo de E. Main Street, a menos que ocurra un accidente. Si va en bicicleta o caminando y es atropellado por un autom\u00f3vil, podr\u00eda sufrir p\u00e9rdidas m\u00e9dicas significativas. Obtener una compensaci\u00f3n financiera por accidentes de peatones y ciclistas puede ser muy dif\u00edcil, pero nuestro equipo de profesionales dedicados puede ayudarle.<\/p>\n<p>Perm\u00edtanos trabajar para recopilar pruebas que prueben su caso. Nos aseguraremos de que quien sea responsable de sus p\u00e9rdidas cumpla con la ley. Cont\u00e1ctenos ahora para obtener m\u00e1s informaci\u00f3n.<\/p>\n<h2>C\u00f3mo elegir al mejor abogado de lesiones personales<\/h2>\n<p>Seleccionar al mejor abogado para su situaci\u00f3n es crucial. Entendemos que no es f\u00e1cil. Usted busca un abogado en quien pueda confiar, que escuche sus necesidades y le ofrezca soluciones. Puede contar con nuestro equipo para guiarlo.<\/p>\n<p>Si ha sufrido una lesi\u00f3n personal causada por la negligencia de otra persona, cont\u00e1ctenos para obtener apoyo inmediato. Nuestros abogados de lesiones personales que atienden en Wilmington, OH, le brindar\u00e1n:<\/p>\n<ul>\n<li>Resultados: Nos esforzamos por obtener los resultados que nuestros clientes necesitan, que a menudo consisten en una compensaci\u00f3n financiera por las p\u00e9rdidas sufridas.<\/li>\n<li>Servicio excepcional: Lo notar\u00e1 desde la primera llamada. Estamos aqu\u00ed para usted. Nuestros testimonios tambi\u00e9n lo demuestran.<\/li>\n<li>Pautas claras: Es f\u00e1cil ver la complejidad de la ley de lesiones personales, pero nuestro equipo trabaja estrechamente con usted para garantizar que obtenga los resultados que necesita. Sabr\u00e1 qu\u00e9 esperar durante todo el proceso.<\/li>\n<li>Compasi\u00f3n: Este es un momento dif\u00edcil y podr\u00eda ser uno de los primeros de su vida. Nuestro objetivo es aliviarle la mayor presi\u00f3n posible para que pueda concentrarse en su recuperaci\u00f3n f\u00edsica y emocional.<\/li>\n<li>Comunicaci\u00f3n: Siempre estar\u00e1 al tanto de lo que sucede con su caso. Esto incluye el trabajo que realizamos.<\/li>\n<\/ul>\n<p>En Kruger &amp; Hodges somos profesionales dedicados a ayudarle. Programe una evaluaci\u00f3n gratuita de su caso para obtener m\u00e1s informaci\u00f3n sobre c\u00f3mo podemos ayudarle.<\/p>\n<h2>C\u00f3mo pueden ayudarle los abogados de Kruger &amp; Hodges<\/h2>\n<p>En Kruger &amp; Hodges, le brindamos apoyo personalizado. Hemos ayudado a muchas v\u00edctimas en esta \u00e1rea a obtener los recursos y la ayuda que necesitan para recuperarse de la devastaci\u00f3n financiera causada por las acciones de otras personas. Nuestros abogados de lesiones personales en Wilmington est\u00e1n dedicados a estar a su disposici\u00f3n.<\/p>\n<p>Comienza con una consulta con nuestros abogados. La revisi\u00f3n inicial de su caso es gratuita. Determinaremos si tiene un caso v\u00e1lido. Luego, crearemos un plan para asegurar las acciones legales necesarias para recuperar dichas p\u00e9rdidas. Con millones de d\u00f3lares potencialmente en juego, muchos de nuestros clientes han contado con el apoyo de nuestro equipo. Cont\u00e1ctenos ahora para obtener m\u00e1s informaci\u00f3n.<\/p>\n<p class=\"rs-content-cta rs-content-cta-small\">Llame o env\u00ede un mensaje de texto al <a href=\"tel:+19377708317\">937-770-8317<\/a> o complete una <a href=\"\/es\/contacto\/\">evaluaci\u00f3n gratuita de su caso<\/a><\/p>","protected":false},"excerpt":{"rendered":"<p>Los accidentes ocurren constantemente en Wilmington, una peque\u00f1a ciudad de aproximadamente 12,000 habitantes ubicada a las afueras de Columbus. Con las carreteras US 22 y 68 atravesando la ciudad, no es raro que ocurran accidentes automovil\u00edsticos, de camiones y de motocicletas. Cuando ocurren, pueden resultar en p\u00e9rdidas financieras millonarias, sin culpa de la parte involucrada. &#8230;<\/p>\n","protected":false},"author":13,"featured_media":20856,"parent":0,"menu_order":0,"comment_status":"closed","ping_status":"closed","template":"","meta":{"_acf_changed":false,"inline_featured_image":false,"_genesis_hide_title":false,"_genesis_hide_breadcrumbs":false,"_genesis_hide_singular_image":false,"_genesis_hide_footer_widgets":false,"_genesis_custom_body_class":"","_genesis_custom_post_class":"","_genesis_layout":"","footnotes":""},"hc_faqs":[],"hc_spanish_faqs":[],"class_list":{"0":"post-26486","1":"page","2":"type-page","3":"status-publish","4":"has-post-thumbnail","6":"hc_city_location-wilmington","7":"entry"},"acf":[],"yoast_head":"<!-- This site is optimized with the Yoast SEO plugin v27.3 - https:\/\/yoast.com\/product\/yoast-seo-wordpress\/ -->\n<title>Abogado de Lesiones Personales en Wilmington | Kruger &amp; Hodges Abogados De Lesiones<\/title>\n<meta name=\"description\" content=\"Abogado de lesiones personales cerca de m\u00ed en Wilmington, Ohio: Luchamos por una compensaci\u00f3n justa para las familias. Consulta gratuita.\" \/>\n<meta name=\"robots\" content=\"index, follow, max-snippet:-1, max-image-preview:large, max-video-preview:-1\" \/>\n<link rel=\"canonical\" href=\"https:\/\/thehometownlawyers.com\/es\/abogado-de-lesiones-personales-en-wilmington\/\" \/>\n<meta property=\"og:locale\" content=\"es_MX\" \/>\n<meta property=\"og:type\" content=\"article\" \/>\n<meta property=\"og:title\" content=\"Abogado de Lesiones Personales en Wilmington | Kruger &amp; Hodges Abogados De Lesiones\" \/>\n<meta property=\"og:description\" content=\"Abogado de lesiones personales cerca de m\u00ed en Wilmington, Ohio: Luchamos por una compensaci\u00f3n justa para las familias. Consulta gratuita.\" \/>\n<meta property=\"og:url\" content=\"https:\/\/thehometownlawyers.com\/es\/abogado-de-lesiones-personales-en-wilmington\/\" \/>\n<meta property=\"og:site_name\" content=\"Kruger &amp; Hodges Abogados De Lesiones\" \/>\n<meta property=\"article:publisher\" content=\"https:\/\/www.facebook.com\/KrugerHodges\/\" \/>\n<meta property=\"article:modified_time\" content=\"2026-02-26T15:52:44+00:00\" \/>\n<meta property=\"og:image\" content=\"https:\/\/thehometownlawyers.com\/wp-content\/uploads\/2021\/09\/closeup-gavel-block.jpg\" \/>\n\t<meta property=\"og:image:width\" content=\"1920\" \/>\n\t<meta property=\"og:image:height\" content=\"1080\" \/>\n\t<meta property=\"og:image:type\" content=\"image\/jpeg\" \/>\n<meta name=\"twitter:card\" content=\"summary_large_image\" \/>\n<meta name=\"twitter:label1\" content=\"Tiempo de lectura\" \/>\n\t<meta name=\"twitter:data1\" content=\"6 minutos\" \/>\n<script type=\"application\/ld+json\" class=\"yoast-schema-graph\">{\"@context\":\"https:\\\/\\\/schema.org\",\"@graph\":[{\"@type\":\"WebPage\",\"@id\":\"https:\\\/\\\/thehometownlawyers.com\\\/es\\\/abogado-de-lesiones-personales-en-wilmington\\\/\",\"url\":\"https:\\\/\\\/thehometownlawyers.com\\\/es\\\/abogado-de-lesiones-personales-en-wilmington\\\/\",\"name\":\"Abogado de Lesiones Personales en Wilmington | Kruger &amp; Hodges Abogados De Lesiones\",\"isPartOf\":{\"@id\":\"https:\\\/\\\/thehometownlawyers.com\\\/es\\\/#website\"},\"primaryImageOfPage\":{\"@id\":\"https:\\\/\\\/thehometownlawyers.com\\\/es\\\/abogado-de-lesiones-personales-en-wilmington\\\/#primaryimage\"},\"image\":{\"@id\":\"https:\\\/\\\/thehometownlawyers.com\\\/es\\\/abogado-de-lesiones-personales-en-wilmington\\\/#primaryimage\"},\"thumbnailUrl\":\"https:\\\/\\\/thehometownlawyers.com\\\/wp-content\\\/uploads\\\/2021\\\/09\\\/closeup-gavel-block.jpg\",\"datePublished\":\"2026-02-26T15:45:43+00:00\",\"dateModified\":\"2026-02-26T15:52:44+00:00\",\"description\":\"Abogado de lesiones personales cerca de m\u00ed en Wilmington, Ohio: Luchamos por una compensaci\u00f3n justa para las familias. Consulta gratuita.\",\"breadcrumb\":{\"@id\":\"https:\\\/\\\/thehometownlawyers.com\\\/es\\\/abogado-de-lesiones-personales-en-wilmington\\\/#breadcrumb\"},\"inLanguage\":\"es\",\"potentialAction\":[{\"@type\":\"ReadAction\",\"target\":[\"https:\\\/\\\/thehometownlawyers.com\\\/es\\\/abogado-de-lesiones-personales-en-wilmington\\\/\"]}]},{\"@type\":\"ImageObject\",\"inLanguage\":\"es\",\"@id\":\"https:\\\/\\\/thehometownlawyers.com\\\/es\\\/abogado-de-lesiones-personales-en-wilmington\\\/#primaryimage\",\"url\":\"https:\\\/\\\/thehometownlawyers.com\\\/wp-content\\\/uploads\\\/2021\\\/09\\\/closeup-gavel-block.jpg\",\"contentUrl\":\"https:\\\/\\\/thehometownlawyers.com\\\/wp-content\\\/uploads\\\/2021\\\/09\\\/closeup-gavel-block.jpg\",\"width\":1920,\"height\":1080,\"caption\":\"martillo y bloque de madera\"},{\"@type\":\"BreadcrumbList\",\"@id\":\"https:\\\/\\\/thehometownlawyers.com\\\/es\\\/abogado-de-lesiones-personales-en-wilmington\\\/#breadcrumb\",\"itemListElement\":[{\"@type\":\"ListItem\",\"position\":1,\"name\":\"Home\",\"item\":\"https:\\\/\\\/thehometownlawyers.com\\\/es\\\/\"},{\"@type\":\"ListItem\",\"position\":2,\"name\":\"Abogado de Lesiones Personales en Wilmington\"}]},{\"@type\":\"WebSite\",\"@id\":\"https:\\\/\\\/thehometownlawyers.com\\\/es\\\/#website\",\"url\":\"https:\\\/\\\/thehometownlawyers.com\\\/es\\\/\",\"name\":\"Kruger & Hodges Hometown Injury Lawyers | Accident Attorneys\",\"description\":\"Attorneys for Car, Truck and Motorcycle Accidents, Personal Injuries, and Criminal Defense.\",\"publisher\":{\"@id\":\"https:\\\/\\\/thehometownlawyers.com\\\/es\\\/#organization\"},\"alternateName\":\"Kruger & Hodges Personal Injury Lawyers\",\"inLanguage\":\"es\"},{\"@type\":\"Organization\",\"@id\":\"https:\\\/\\\/thehometownlawyers.com\\\/es\\\/#organization\",\"name\":\"Kruger & Hodges Hometown Injury Lawyers\",\"alternateName\":\"Kruger & Hodges\",\"url\":\"https:\\\/\\\/thehometownlawyers.com\\\/es\\\/\",\"logo\":{\"@type\":\"ImageObject\",\"inLanguage\":\"es\",\"@id\":\"https:\\\/\\\/thehometownlawyers.com\\\/es\\\/#\\\/schema\\\/logo\\\/image\\\/\",\"url\":\"https:\\\/\\\/thehometownlawyers.com\\\/wp-content\\\/uploads\\\/2025\\\/12\\\/revised-kh-logo-vertical-white-background-scaled.png\",\"contentUrl\":\"https:\\\/\\\/thehometownlawyers.com\\\/wp-content\\\/uploads\\\/2025\\\/12\\\/revised-kh-logo-vertical-white-background-scaled.png\",\"width\":2560,\"height\":1440,\"caption\":\"Kruger & Hodges Hometown Injury Lawyers\"},\"image\":{\"@id\":\"https:\\\/\\\/thehometownlawyers.com\\\/es\\\/#\\\/schema\\\/logo\\\/image\\\/\"},\"sameAs\":[\"https:\\\/\\\/www.facebook.com\\\/KrugerHodges\\\/\",\"https:\\\/\\\/www.instagram.com\\\/krugerhodges\\\/\",\"https:\\\/\\\/www.linkedin.com\\\/company\\\/kruger-hodges-hometown-injury-lawyers\\\/\",\"https:\\\/\\\/www.youtube.com\\\/channel\\\/UCeYcMaMaN2rb9jMlqt4EIdQ\",\"https:\\\/\\\/www.tiktok.com\\\/@thehometownlawyer\"]}]}<\/script>\n<!-- \/ Yoast SEO plugin. -->","yoast_head_json":{"title":"Abogado de Lesiones Personales en Wilmington | Kruger &amp; Hodges Abogados De Lesiones","description":"Abogado de lesiones personales cerca de m\u00ed en Wilmington, Ohio: Luchamos por una compensaci\u00f3n justa para las familias. Consulta gratuita.","robots":{"index":"index","follow":"follow","max-snippet":"max-snippet:-1","max-image-preview":"max-image-preview:large","max-video-preview":"max-video-preview:-1"},"canonical":"https:\/\/thehometownlawyers.com\/es\/abogado-de-lesiones-personales-en-wilmington\/","og_locale":"es_MX","og_type":"article","og_title":"Abogado de Lesiones Personales en Wilmington | Kruger &amp; Hodges Abogados De Lesiones","og_description":"Abogado de lesiones personales cerca de m\u00ed en Wilmington, Ohio: Luchamos por una compensaci\u00f3n justa para las familias. Consulta gratuita.","og_url":"https:\/\/thehometownlawyers.com\/es\/abogado-de-lesiones-personales-en-wilmington\/","og_site_name":"Kruger &amp; Hodges Abogados De Lesiones","article_publisher":"https:\/\/www.facebook.com\/KrugerHodges\/","article_modified_time":"2026-02-26T15:52:44+00:00","og_image":[{"width":1920,"height":1080,"url":"https:\/\/thehometownlawyers.com\/wp-content\/uploads\/2021\/09\/closeup-gavel-block.jpg","type":"image\/jpeg"}],"twitter_card":"summary_large_image","twitter_misc":{"Tiempo de lectura":"6 minutos"},"schema":{"@context":"https:\/\/schema.org","@graph":[{"@type":"WebPage","@id":"https:\/\/thehometownlawyers.com\/es\/abogado-de-lesiones-personales-en-wilmington\/","url":"https:\/\/thehometownlawyers.com\/es\/abogado-de-lesiones-personales-en-wilmington\/","name":"Abogado de Lesiones Personales en Wilmington | Kruger &amp; Hodges Abogados De Lesiones","isPartOf":{"@id":"https:\/\/thehometownlawyers.com\/es\/#website"},"primaryImageOfPage":{"@id":"https:\/\/thehometownlawyers.com\/es\/abogado-de-lesiones-personales-en-wilmington\/#primaryimage"},"image":{"@id":"https:\/\/thehometownlawyers.com\/es\/abogado-de-lesiones-personales-en-wilmington\/#primaryimage"},"thumbnailUrl":"https:\/\/thehometownlawyers.com\/wp-content\/uploads\/2021\/09\/closeup-gavel-block.jpg","datePublished":"2026-02-26T15:45:43+00:00","dateModified":"2026-02-26T15:52:44+00:00","description":"Abogado de lesiones personales cerca de m\u00ed en Wilmington, Ohio: Luchamos por una compensaci\u00f3n justa para las familias. Consulta gratuita.","breadcrumb":{"@id":"https:\/\/thehometownlawyers.com\/es\/abogado-de-lesiones-personales-en-wilmington\/#breadcrumb"},"inLanguage":"es","potentialAction":[{"@type":"ReadAction","target":["https:\/\/thehometownlawyers.com\/es\/abogado-de-lesiones-personales-en-wilmington\/"]}]},{"@type":"ImageObject","inLanguage":"es","@id":"https:\/\/thehometownlawyers.com\/es\/abogado-de-lesiones-personales-en-wilmington\/#primaryimage","url":"https:\/\/thehometownlawyers.com\/wp-content\/uploads\/2021\/09\/closeup-gavel-block.jpg","contentUrl":"https:\/\/thehometownlawyers.com\/wp-content\/uploads\/2021\/09\/closeup-gavel-block.jpg","width":1920,"height":1080,"caption":"martillo y bloque de madera"},{"@type":"BreadcrumbList","@id":"https:\/\/thehometownlawyers.com\/es\/abogado-de-lesiones-personales-en-wilmington\/#breadcrumb","itemListElement":[{"@type":"ListItem","position":1,"name":"Home","item":"https:\/\/thehometownlawyers.com\/es\/"},{"@type":"ListItem","position":2,"name":"Abogado de Lesiones Personales en Wilmington"}]},{"@type":"WebSite","@id":"https:\/\/thehometownlawyers.com\/es\/#website","url":"https:\/\/thehometownlawyers.com\/es\/","name":"Kruger & Hodges Hometown Injury Lawyers | Accident Attorneys","description":"Attorneys for Car, Truck and Motorcycle Accidents, Personal Injuries, and Criminal Defense.","publisher":{"@id":"https:\/\/thehometownlawyers.com\/es\/#organization"},"alternateName":"Kruger & Hodges Personal Injury Lawyers","inLanguage":"es"},{"@type":"Organization","@id":"https:\/\/thehometownlawyers.com\/es\/#organization","name":"Kruger & Hodges Hometown Injury Lawyers","alternateName":"Kruger & Hodges","url":"https:\/\/thehometownlawyers.com\/es\/","logo":{"@type":"ImageObject","inLanguage":"es","@id":"https:\/\/thehometownlawyers.com\/es\/#\/schema\/logo\/image\/","url":"https:\/\/thehometownlawyers.com\/wp-content\/uploads\/2025\/12\/revised-kh-logo-vertical-white-background-scaled.png","contentUrl":"https:\/\/thehometownlawyers.com\/wp-content\/uploads\/2025\/12\/revised-kh-logo-vertical-white-background-scaled.png","width":2560,"height":1440,"caption":"Kruger & Hodges Hometown Injury Lawyers"},"image":{"@id":"https:\/\/thehometownlawyers.com\/es\/#\/schema\/logo\/image\/"},"sameAs":["https:\/\/www.facebook.com\/KrugerHodges\/","https:\/\/www.instagram.com\/krugerhodges\/","https:\/\/www.linkedin.com\/company\/kruger-hodges-hometown-injury-lawyers\/","https:\/\/www.youtube.com\/channel\/UCeYcMaMaN2rb9jMlqt4EIdQ","https:\/\/www.tiktok.com\/@thehometownlawyer"]}]}},"_links":{"self":[{"href":"https:\/\/thehometownlawyers.com\/es\/wp-json\/wp\/v2\/pages\/26486","targetHints":{"allow":["GET"]}}],"collection":[{"href":"https:\/\/thehometownlawyers.com\/es\/wp-json\/wp\/v2\/pages"}],"about":[{"href":"https:\/\/thehometownlawyers.com\/es\/wp-json\/wp\/v2\/types\/page"}],"author":[{"embeddable":true,"href":"https:\/\/thehometownlawyers.com\/es\/wp-json\/wp\/v2\/users\/13"}],"replies":[{"embeddable":true,"href":"https:\/\/thehometownlawyers.com\/es\/wp-json\/wp\/v2\/comments?post=26486"}],"version-history":[{"count":0,"href":"https:\/\/thehometownlawyers.com\/es\/wp-json\/wp\/v2\/pages\/26486\/revisions"}],"wp:featuredmedia":[{"embeddable":true,"href":"https:\/\/thehometownlawyers.com\/es\/wp-json\/wp\/v2\/media\/20856"}],"wp:attachment":[{"href":"https:\/\/thehometownlawyers.com\/es\/wp-json\/wp\/v2\/media?parent=26486"}],"wp:term":[{"taxonomy":"hc_faqs","embeddable":true,"href":"https:\/\/thehometownlawyers.com\/es\/wp-json\/wp\/v2\/hc_faqs?post=26486"},{"taxonomy":"hc_spanish_faqs","embeddable":true,"href":"https:\/\/thehometownlawyers.com\/es\/wp-json\/wp\/v2\/hc_spanish_faqs?post=26486"}],"curies":[{"name":"wp","href":"https:\/\/api.w.org\/{rel}","templated":true}]}}