{"id":26507,"date":"2025-01-17T08:52:59","date_gmt":"2025-01-17T13:52:59","guid":{"rendered":"https:\/\/thehometownlawyers.com\/?page_id=26507"},"modified":"2026-02-26T14:36:45","modified_gmt":"2026-02-26T19:36:45","slug":"abogado-de-lesiones-personales-en-xenia","status":"publish","type":"page","link":"https:\/\/thehometownlawyers.com\/es\/xenia\/abogado-de-lesiones-personales","title":{"rendered":"Abogado de Lesiones Personales en Xenia"},"content":{"rendered":"<p>Puede contactar a un abogado de lesiones personales en Xenia para que le ayude a presentar una reclamaci\u00f3n de indemnizaci\u00f3n tras un accidente. Un abogado de nuestro equipo en Kruger &amp; Hodges cuenta con a\u00f1os de experiencia que podemos aplicar a su reclamaci\u00f3n.<\/p>\n<p>Creemos que cada ciudad necesita un abogado local. Queremos atender sus necesidades espec\u00edficas y ayudarle a conseguir un acuerdo con la aseguradora o una demanda que podr\u00eda ayudarle a cubrir sus facturas m\u00e9dicas, salarios perdidos, dolor y sufrimiento emocional en Ohio.<\/p>\n<p>Puede obtener m\u00e1s informaci\u00f3n sobre nosotros llamando o completando nuestro <a href=\"https:\/\/thehometownlawyers.com\/es\/contacto\/\">formulario de contacto en l\u00ednea.<\/a><\/p>\n<h2>\u00bfCu\u00e1ndo deber\u00eda llamar a un abogado de lesiones personales en Xenia?<\/h2>\n<p>Debe contactar a un abogado para obtener ayuda despu\u00e9s de cualquier lesi\u00f3n accidental causada por la negligencia o el comportamiento imprudente de otra persona. Obtener ayuda r\u00e1pidamente de un profesional legal puede aumentar sus posibilidades de obtener la m\u00e1xima indemnizaci\u00f3n por sus p\u00e9rdidas.<\/p>\n<p>Un abogado puede intervenir y explicarle su situaci\u00f3n. Puede confiar en nuestro bufete para revisar lo sucedido y determinar si califica para presentar una reclamaci\u00f3n de indemnizaci\u00f3n. Tambi\u00e9n podemos identificar r\u00e1pidamente a la parte responsable y reunir pruebas para respaldar su reclamaci\u00f3n. Tambi\u00e9n debe notificar a las autoridades competentes despu\u00e9s de un accidente y buscar atenci\u00f3n m\u00e9dica por cualquier lesi\u00f3n que sufra. Seguir estas medidas puede fortalecer su reclamaci\u00f3n.<\/p>\n<p class=\"rs-content-cta rs-content-cta-small\">Para una consulta legal gratuita, llame al <a href=\"tel:+19377708932\">937-770-8932 <\/a><\/p><h2>Tipos de reclamos por lesiones personales que manejamos en Xenia<\/h2>\n<p>Puede contactar a nuestros abogados en Kruger &amp; Hodges para obtener asistencia legal con una amplia gama de reclamos por lesiones personales. Puede contactarnos para obtener ayuda de:<\/p>\n<ul>\n<li>Abogado de Accidentes de Auto en Xenia: Puede acudir a nosotros para obtener ayuda despu\u00e9s de un accidente automovil\u00edstico de impacto frontal, trasero o lateral. Sabemos c\u00f3mo presentar una reclamaci\u00f3n si un conductor ebrio, distra\u00eddo, imprudente o fatigado caus\u00f3 su accidente.<\/li>\n<li>Abogado de Accidentes de Motocicleta en Xenia: Sabemos c\u00f3mo ayudarle a presentar una reclamaci\u00f3n despu\u00e9s de una colisi\u00f3n de motocicleta. Puede acudir a nosotros si un conductor abre una puerta en su camino o si otra acci\u00f3n imprudente causa su colisi\u00f3n.<\/li>\n<li>Abogado de Accidentes de Cami\u00f3n en Xenia: Nuestro equipo sabe c\u00f3mo ayudar a los clientes lesionados en accidentes de camiones de 18 ruedas, semirremolques y tractocamiones. Incluso podemos intervenir para ayudar despu\u00e9s de un accidente de vuelco o de tijera.<\/li>\n<li>Abogado de Lesiones por Mordedura de Perro en Xenia: Entendemos las lesiones catastr\u00f3ficas que puede sufrir en caso de un ataque animal. Estamos listos para explicarle las leyes de Ohio sobre mordeduras de perro mientras preparamos su reclamo.<\/li>\n<li>Abogado de Responsabilidad Civil en Xenia: Contamos con la capacitaci\u00f3n y la experiencia para ayudarle despu\u00e9s de una lesi\u00f3n accidental ocurrida en la propiedad de otra persona. Por ejemplo, puede solicitar ayuda despu\u00e9s de una lesi\u00f3n por resbal\u00f3n y ca\u00edda.<\/li>\n<li>Abogado de Accidentes de Autob\u00fas en Xenia: Estamos listos para representarlo despu\u00e9s de una colisi\u00f3n con un autob\u00fas de transporte p\u00fablico, un autob\u00fas escolar u otro tipo de autob\u00fas. Podemos encontrar a la parte responsable y perseguirla agresivamente para obtener una compensaci\u00f3n.<\/li>\n<li>Abogado de Accidentes de Bicicleta en Xenia: Puede acudir a nosotros para obtener ayuda despu\u00e9s de sufrir lesiones en un accidente de bicicleta. Sabemos que los conductores a veces no comparten la carretera, lo que causa estos accidentes graves.<\/li>\n<li>Abogado de Accidentes de Peatones en Xenia: Podr\u00eda calificar para una compensaci\u00f3n si un conductor lo golpea mientras cruza la calle o camina por un estacionamiento. Estamos aqu\u00ed para representarlo en estas situaciones.<\/li>\n<li>Abogado de Negligencia M\u00e9dica en Xenia: Puede contar con nuestro bufete si sufre lesiones debido a un error de un profesional m\u00e9dico. Entendemos las leyes de Ohio sobre negligencia m\u00e9dica.<\/li>\n<li>Abogado de Accidentes por Conducir Ebrio en Xenia: Conducir bajo la influencia del alcohol (DUI) aumenta dr\u00e1sticamente las probabilidades de sufrir una colisi\u00f3n. Nuestro equipo puede ayudarle si un conductor ebrio choca su veh\u00edculo y le causa lesiones.<\/li>\n<li>Abogado de Abuso de Ancianos en Xenia: Podemos ayudarle si cree que un familiar ha sufrido abuso de ancianos. Puede contactarnos para obtener m\u00e1s informaci\u00f3n sobre este tipo de abuso.<\/li>\n<li>Abogado de Muerte por Negligencia en Xenia: Finalmente, su familia puede acudir a nuestro equipo para obtener asistencia profesional y compasiva tras la p\u00e9rdida de un ser querido debido a la negligencia de otra persona. Estamos aqu\u00ed para ayudarle.<\/li>\n<\/ul>\n<p>Puede obtener m\u00e1s informaci\u00f3n <a href=\"https:\/\/thehometownlawyers.com\/es\/acerca-de-los-abogados-de-kruger-hodges\/\">sobre Kruger &amp; Hodges<\/a> a trav\u00e9s de nuestros <a href=\"https:\/\/thehometownlawyers.com\/es\/testimonios\/\">testimonios<\/a>.<\/p>\n<p class=\"rs-content-cta\">Abogado de Lesiones Personales de Xenia Abogado de Lesiones Personales en Xenia Cerca de M\u00ed <a href=\"tel:+19377708932\">937-770-8932<\/a><\/p><h2>Compensaci\u00f3n disponible despu\u00e9s de un accidente en Xenia<\/h2>\n<p>Puede recibir una compensaci\u00f3n para cubrir todas sus p\u00e9rdidas despu\u00e9s de un accidente. Un abogado de lesiones personales en Xenia puede ayudarle a obtener fondos para:<\/p>\n<ul>\n<li>Gastos m\u00e9dicos actuales y a largo plazo<\/li>\n<li>Salarios perdidos y reducci\u00f3n del potencial de ingresos<\/li>\n<li>Dolor, angustia mental y sufrimiento emocional<\/li>\n<\/ul>\n<p>Podemos rastrear todas sus p\u00e9rdidas e incluirlas en su reclamo. Ayudamos a nuestros clientes a obtener el dinero que necesitan para cubrir sus p\u00e9rdidas econ\u00f3micas y no econ\u00f3micas.<\/p>\n<p class=\"rs-content-cta rs-content-cta-small\"><a href=\"\/es\/contacto\/\">Haga clic para contactar<\/a> con nuestros  abogados hoy<\/p><h2>\u00bfCu\u00e1nta indemnizaci\u00f3n puede obtener por un accidente?<\/h2>\n<p>Mucha gente nos pregunta: &#8220;<a href=\"https:\/\/thehometownlawyers.com\/es\/preguntas-frecuentes\/cuanto-vale-mi-caso-de-lesiones-personales\/\">\u00bfCu\u00e1nto vale mi caso?<\/a>&#8220;. Lo cierto es que no hay dos casos de lesiones personales iguales. El valor de su reclamaci\u00f3n depende de las circunstancias \u00fanicas de su accidente y de las p\u00e9rdidas sufridas. Nuestros abogados eval\u00faan cuidadosamente cada detalle de su situaci\u00f3n para ofrecerle una estimaci\u00f3n realista cuando nos contacte en busca de ayuda.<\/p>\n<p>Algunos de los factores que influyen en el valor de un caso de lesiones personales incluyen:<\/p>\n<ul>\n<li>Gastos m\u00e9dicos: tanto el tratamiento actual como las necesidades de atenci\u00f3n futuras.<\/li>\n<li>Ingresos perdidos: salarios que ya no ha percibido y cualquier reducci\u00f3n en su capacidad de generar ingresos en el futuro.<\/li>\n<li>Dolor y sufrimiento: el dolor f\u00edsico y la angustia emocional causados \u200b\u200bpor sus lesiones.<\/li>\n<li>Da\u00f1os a la propiedad: costos de reparaci\u00f3n o reemplazo de su veh\u00edculo u otra propiedad.<\/li>\n<li>Impacto en la vida diaria: limitaciones que afectan su capacidad para trabajar, cuidar de su familia o disfrutar de las actividades que antes disfrutaba.<\/li>\n<\/ul>\n<p>En Kruger &amp; Hodges, luchamos para garantizar que cada d\u00f3lar de su p\u00e9rdida se tenga en cuenta. Nuestro objetivo es obtener la m\u00e1xima indemnizaci\u00f3n para que usted y su familia cuenten con los recursos necesarios para seguir adelante con confianza.<\/p>\n<p class=\"rs-content-cta rs-content-cta-small\">Complete una <a href=\"\/es\/contacto\/\">evaluaci\u00f3n gratuita de su caso<\/a> ahora<\/p><h2>\u00bfNecesita presentar una demanda despu\u00e9s de un accidente?<\/h2>\n<p>En muchos casos, puede obtener una compensaci\u00f3n por sus p\u00e9rdidas sin presentar una demanda por lesiones personales. En cambio, su abogado podr\u00eda centrarse en negociar con la compa\u00f1\u00eda de seguros que representa a la parte responsable para llegar a un acuerdo.<\/p>\n<p>Un acuerdo extrajudicial puede reducir el tiempo de espera para recibir la compensaci\u00f3n. Sin embargo, sabemos que la compa\u00f1\u00eda de seguros podr\u00eda no tratarlo de manera justa. Por lo tanto, estamos listos para litigar cuando sea necesario.<\/p>\n<h2>Plazos para reclamaciones por lesiones personales<\/h2>\n<p>Normalmente, solo tiene dos a\u00f1os para solicitar una indemnizaci\u00f3n por sus p\u00e9rdidas tras una lesi\u00f3n accidental en Ohio. Si espera demasiado, el plazo de prescripci\u00f3n de lesiones personales de nuestro estado expirar\u00e1. Afortunadamente, estamos aqu\u00ed para iniciar el proceso legal ahora mismo.<\/p>\n<h2>Cont\u00e1ctenos despu\u00e9s de una lesi\u00f3n personal en Xenia, OH<\/h2>\n<p>Puede contratar a un abogado de lesiones personales de Kruger &amp; Hodges en Xenia para que atienda todas sus necesidades legales despu\u00e9s de un accidente. Priorizamos a nuestros clientes y ofrecemos atenci\u00f3n personalizada seg\u00fan sus necesidades espec\u00edficas.<\/p>\n<p>Para obtener m\u00e1s informaci\u00f3n, ll\u00e1menos o complete nuestro <a href=\"https:\/\/thehometownlawyers.com\/es\/contacto\/\">formulario de contacto en l\u00ednea.<\/a><\/p>\n<p class=\"rs-content-cta rs-content-cta-small\">Llame o env\u00ede un mensaje de texto al <a href=\"tel:+19377708932\">937-770-8932<\/a> o complete una <a href=\"\/es\/contacto\/\">evaluaci\u00f3n gratuita de su caso<\/a><\/p>","protected":false},"excerpt":{"rendered":"<p>Puede contactar a un abogado de lesiones personales en Xenia para que le ayude a presentar una reclamaci\u00f3n de indemnizaci\u00f3n tras un accidente. Un abogado de nuestro equipo en Kruger &amp; Hodges cuenta con a\u00f1os de experiencia que podemos aplicar a su reclamaci\u00f3n. Creemos que cada ciudad necesita un abogado local. Queremos atender sus necesidades &#8230;<\/p>\n","protected":false},"author":13,"featured_media":26406,"parent":0,"menu_order":0,"comment_status":"closed","ping_status":"closed","template":"","meta":{"_acf_changed":false,"inline_featured_image":false,"_genesis_hide_title":false,"_genesis_hide_breadcrumbs":false,"_genesis_hide_singular_image":false,"_genesis_hide_footer_widgets":false,"_genesis_custom_body_class":"","_genesis_custom_post_class":"","_genesis_layout":"","footnotes":""},"hc_faqs":[],"hc_spanish_faqs":[],"class_list":{"0":"post-26507","1":"page","2":"type-page","3":"status-publish","4":"has-post-thumbnail","6":"hc_city_location-xenia","7":"entry"},"acf":[],"yoast_head":"<!-- This site is optimized with the Yoast SEO plugin v27.3 - https:\/\/yoast.com\/product\/yoast-seo-wordpress\/ -->\n<title>Abogado de Lesiones Personales en Xenia | Kruger &amp; Hodges Abogados De Lesiones<\/title>\n<meta name=\"description\" content=\"Abogado de lesiones personales cerca de m\u00ed en Xenia: Luchamos por una compensaci\u00f3n justa para las familias. Consultas gratuitas.\" \/>\n<meta name=\"robots\" content=\"index, follow, max-snippet:-1, max-image-preview:large, max-video-preview:-1\" \/>\n<link rel=\"canonical\" href=\"https:\/\/thehometownlawyers.com\/es\/xenia\/abogado-de-lesiones-personales\/\" \/>\n<meta property=\"og:locale\" content=\"es_MX\" \/>\n<meta property=\"og:type\" content=\"article\" \/>\n<meta property=\"og:title\" content=\"Abogado de Lesiones Personales en Xenia | Kruger &amp; Hodges Abogados De Lesiones\" \/>\n<meta property=\"og:description\" content=\"Abogado de lesiones personales cerca de m\u00ed en Xenia: Luchamos por una compensaci\u00f3n justa para las familias. Consultas gratuitas.\" \/>\n<meta property=\"og:url\" content=\"https:\/\/thehometownlawyers.com\/es\/xenia\/abogado-de-lesiones-personales\" \/>\n<meta property=\"og:site_name\" content=\"Kruger &amp; Hodges Abogados De Lesiones\" \/>\n<meta property=\"article:publisher\" content=\"https:\/\/www.facebook.com\/KrugerHodges\/\" \/>\n<meta property=\"article:modified_time\" content=\"2026-02-26T19:36:45+00:00\" \/>\n<meta property=\"og:image\" content=\"https:\/\/thehometownlawyers.com\/wp-content\/uploads\/2026\/02\/TEAM-PHOTO-2026-scaled.jpg\" \/>\n\t<meta property=\"og:image:width\" content=\"2560\" \/>\n\t<meta property=\"og:image:height\" content=\"1689\" \/>\n\t<meta property=\"og:image:type\" content=\"image\/jpeg\" \/>\n<meta name=\"twitter:card\" content=\"summary_large_image\" \/>\n<meta name=\"twitter:label1\" content=\"Tiempo de lectura\" \/>\n\t<meta name=\"twitter:data1\" content=\"6 minutos\" \/>\n<script type=\"application\/ld+json\" class=\"yoast-schema-graph\">{\"@context\":\"https:\\\/\\\/schema.org\",\"@graph\":[{\"@type\":\"WebPage\",\"@id\":\"https:\\\/\\\/thehometownlawyers.com\\\/es\\\/xenia\\\/abogado-de-lesiones-personales\",\"url\":\"https:\\\/\\\/thehometownlawyers.com\\\/es\\\/xenia\\\/abogado-de-lesiones-personales\",\"name\":\"Abogado de Lesiones Personales en Xenia | Kruger &amp; Hodges Abogados De Lesiones\",\"isPartOf\":{\"@id\":\"https:\\\/\\\/thehometownlawyers.com\\\/es\\\/#website\"},\"primaryImageOfPage\":{\"@id\":\"https:\\\/\\\/thehometownlawyers.com\\\/es\\\/xenia\\\/abogado-de-lesiones-personales#primaryimage\"},\"image\":{\"@id\":\"https:\\\/\\\/thehometownlawyers.com\\\/es\\\/xenia\\\/abogado-de-lesiones-personales#primaryimage\"},\"thumbnailUrl\":\"https:\\\/\\\/thehometownlawyers.com\\\/wp-content\\\/uploads\\\/2026\\\/02\\\/TEAM-PHOTO-2026-scaled.jpg\",\"datePublished\":\"2025-01-17T13:52:59+00:00\",\"dateModified\":\"2026-02-26T19:36:45+00:00\",\"description\":\"Abogado de lesiones personales cerca de m\u00ed en Xenia: Luchamos por una compensaci\u00f3n justa para las familias. Consultas gratuitas.\",\"breadcrumb\":{\"@id\":\"https:\\\/\\\/thehometownlawyers.com\\\/es\\\/xenia\\\/abogado-de-lesiones-personales#breadcrumb\"},\"inLanguage\":\"es\",\"potentialAction\":[{\"@type\":\"ReadAction\",\"target\":[\"https:\\\/\\\/thehometownlawyers.com\\\/es\\\/xenia\\\/abogado-de-lesiones-personales\"]}]},{\"@type\":\"ImageObject\",\"inLanguage\":\"es\",\"@id\":\"https:\\\/\\\/thehometownlawyers.com\\\/es\\\/xenia\\\/abogado-de-lesiones-personales#primaryimage\",\"url\":\"https:\\\/\\\/thehometownlawyers.com\\\/wp-content\\\/uploads\\\/2026\\\/02\\\/TEAM-PHOTO-2026-scaled.jpg\",\"contentUrl\":\"https:\\\/\\\/thehometownlawyers.com\\\/wp-content\\\/uploads\\\/2026\\\/02\\\/TEAM-PHOTO-2026-scaled.jpg\",\"width\":2560,\"height\":1689,\"caption\":\"KRUGER & HODGES TEAM PHOTO\"},{\"@type\":\"BreadcrumbList\",\"@id\":\"https:\\\/\\\/thehometownlawyers.com\\\/es\\\/xenia\\\/abogado-de-lesiones-personales#breadcrumb\",\"itemListElement\":[{\"@type\":\"ListItem\",\"position\":1,\"name\":\"Home\",\"item\":\"https:\\\/\\\/thehometownlawyers.com\\\/es\\\/\"},{\"@type\":\"ListItem\",\"position\":2,\"name\":\"Abogado de Lesiones Personales en Xenia\"}]},{\"@type\":\"WebSite\",\"@id\":\"https:\\\/\\\/thehometownlawyers.com\\\/es\\\/#website\",\"url\":\"https:\\\/\\\/thehometownlawyers.com\\\/es\\\/\",\"name\":\"Kruger & Hodges Hometown Injury Lawyers | Accident Attorneys\",\"description\":\"Attorneys for Car, Truck and Motorcycle Accidents, Personal Injuries, and Criminal Defense.\",\"publisher\":{\"@id\":\"https:\\\/\\\/thehometownlawyers.com\\\/es\\\/#organization\"},\"alternateName\":\"Kruger & Hodges Personal Injury Lawyers\",\"inLanguage\":\"es\"},{\"@type\":\"Organization\",\"@id\":\"https:\\\/\\\/thehometownlawyers.com\\\/es\\\/#organization\",\"name\":\"Kruger & Hodges Hometown Injury Lawyers\",\"alternateName\":\"Kruger & Hodges\",\"url\":\"https:\\\/\\\/thehometownlawyers.com\\\/es\\\/\",\"logo\":{\"@type\":\"ImageObject\",\"inLanguage\":\"es\",\"@id\":\"https:\\\/\\\/thehometownlawyers.com\\\/es\\\/#\\\/schema\\\/logo\\\/image\\\/\",\"url\":\"https:\\\/\\\/thehometownlawyers.com\\\/wp-content\\\/uploads\\\/2025\\\/12\\\/revised-kh-logo-vertical-white-background-scaled.png\",\"contentUrl\":\"https:\\\/\\\/thehometownlawyers.com\\\/wp-content\\\/uploads\\\/2025\\\/12\\\/revised-kh-logo-vertical-white-background-scaled.png\",\"width\":2560,\"height\":1440,\"caption\":\"Kruger & Hodges Hometown Injury Lawyers\"},\"image\":{\"@id\":\"https:\\\/\\\/thehometownlawyers.com\\\/es\\\/#\\\/schema\\\/logo\\\/image\\\/\"},\"sameAs\":[\"https:\\\/\\\/www.facebook.com\\\/KrugerHodges\\\/\",\"https:\\\/\\\/www.instagram.com\\\/krugerhodges\\\/\",\"https:\\\/\\\/www.linkedin.com\\\/company\\\/kruger-hodges-hometown-injury-lawyers\\\/\",\"https:\\\/\\\/www.youtube.com\\\/channel\\\/UCeYcMaMaN2rb9jMlqt4EIdQ\",\"https:\\\/\\\/www.tiktok.com\\\/@thehometownlawyer\"]}]}<\/script>\n<!-- \/ Yoast SEO plugin. -->","yoast_head_json":{"title":"Abogado de Lesiones Personales en Xenia | Kruger &amp; Hodges Abogados De Lesiones","description":"Abogado de lesiones personales cerca de m\u00ed en Xenia: Luchamos por una compensaci\u00f3n justa para las familias. Consultas gratuitas.","robots":{"index":"index","follow":"follow","max-snippet":"max-snippet:-1","max-image-preview":"max-image-preview:large","max-video-preview":"max-video-preview:-1"},"canonical":"https:\/\/thehometownlawyers.com\/es\/xenia\/abogado-de-lesiones-personales\/","og_locale":"es_MX","og_type":"article","og_title":"Abogado de Lesiones Personales en Xenia | Kruger &amp; Hodges Abogados De Lesiones","og_description":"Abogado de lesiones personales cerca de m\u00ed en Xenia: Luchamos por una compensaci\u00f3n justa para las familias. Consultas gratuitas.","og_url":"https:\/\/thehometownlawyers.com\/es\/xenia\/abogado-de-lesiones-personales","og_site_name":"Kruger &amp; Hodges Abogados De Lesiones","article_publisher":"https:\/\/www.facebook.com\/KrugerHodges\/","article_modified_time":"2026-02-26T19:36:45+00:00","og_image":[{"width":2560,"height":1689,"url":"https:\/\/thehometownlawyers.com\/wp-content\/uploads\/2026\/02\/TEAM-PHOTO-2026-scaled.jpg","type":"image\/jpeg"}],"twitter_card":"summary_large_image","twitter_misc":{"Tiempo de lectura":"6 minutos"},"schema":{"@context":"https:\/\/schema.org","@graph":[{"@type":"WebPage","@id":"https:\/\/thehometownlawyers.com\/es\/xenia\/abogado-de-lesiones-personales","url":"https:\/\/thehometownlawyers.com\/es\/xenia\/abogado-de-lesiones-personales","name":"Abogado de Lesiones Personales en Xenia | Kruger &amp; Hodges Abogados De Lesiones","isPartOf":{"@id":"https:\/\/thehometownlawyers.com\/es\/#website"},"primaryImageOfPage":{"@id":"https:\/\/thehometownlawyers.com\/es\/xenia\/abogado-de-lesiones-personales#primaryimage"},"image":{"@id":"https:\/\/thehometownlawyers.com\/es\/xenia\/abogado-de-lesiones-personales#primaryimage"},"thumbnailUrl":"https:\/\/thehometownlawyers.com\/wp-content\/uploads\/2026\/02\/TEAM-PHOTO-2026-scaled.jpg","datePublished":"2025-01-17T13:52:59+00:00","dateModified":"2026-02-26T19:36:45+00:00","description":"Abogado de lesiones personales cerca de m\u00ed en Xenia: Luchamos por una compensaci\u00f3n justa para las familias. Consultas gratuitas.","breadcrumb":{"@id":"https:\/\/thehometownlawyers.com\/es\/xenia\/abogado-de-lesiones-personales#breadcrumb"},"inLanguage":"es","potentialAction":[{"@type":"ReadAction","target":["https:\/\/thehometownlawyers.com\/es\/xenia\/abogado-de-lesiones-personales"]}]},{"@type":"ImageObject","inLanguage":"es","@id":"https:\/\/thehometownlawyers.com\/es\/xenia\/abogado-de-lesiones-personales#primaryimage","url":"https:\/\/thehometownlawyers.com\/wp-content\/uploads\/2026\/02\/TEAM-PHOTO-2026-scaled.jpg","contentUrl":"https:\/\/thehometownlawyers.com\/wp-content\/uploads\/2026\/02\/TEAM-PHOTO-2026-scaled.jpg","width":2560,"height":1689,"caption":"KRUGER & HODGES TEAM PHOTO"},{"@type":"BreadcrumbList","@id":"https:\/\/thehometownlawyers.com\/es\/xenia\/abogado-de-lesiones-personales#breadcrumb","itemListElement":[{"@type":"ListItem","position":1,"name":"Home","item":"https:\/\/thehometownlawyers.com\/es\/"},{"@type":"ListItem","position":2,"name":"Abogado de Lesiones Personales en Xenia"}]},{"@type":"WebSite","@id":"https:\/\/thehometownlawyers.com\/es\/#website","url":"https:\/\/thehometownlawyers.com\/es\/","name":"Kruger & Hodges Hometown Injury Lawyers | Accident Attorneys","description":"Attorneys for Car, Truck and Motorcycle Accidents, Personal Injuries, and Criminal Defense.","publisher":{"@id":"https:\/\/thehometownlawyers.com\/es\/#organization"},"alternateName":"Kruger & Hodges Personal Injury Lawyers","inLanguage":"es"},{"@type":"Organization","@id":"https:\/\/thehometownlawyers.com\/es\/#organization","name":"Kruger & Hodges Hometown Injury Lawyers","alternateName":"Kruger & Hodges","url":"https:\/\/thehometownlawyers.com\/es\/","logo":{"@type":"ImageObject","inLanguage":"es","@id":"https:\/\/thehometownlawyers.com\/es\/#\/schema\/logo\/image\/","url":"https:\/\/thehometownlawyers.com\/wp-content\/uploads\/2025\/12\/revised-kh-logo-vertical-white-background-scaled.png","contentUrl":"https:\/\/thehometownlawyers.com\/wp-content\/uploads\/2025\/12\/revised-kh-logo-vertical-white-background-scaled.png","width":2560,"height":1440,"caption":"Kruger & Hodges Hometown Injury Lawyers"},"image":{"@id":"https:\/\/thehometownlawyers.com\/es\/#\/schema\/logo\/image\/"},"sameAs":["https:\/\/www.facebook.com\/KrugerHodges\/","https:\/\/www.instagram.com\/krugerhodges\/","https:\/\/www.linkedin.com\/company\/kruger-hodges-hometown-injury-lawyers\/","https:\/\/www.youtube.com\/channel\/UCeYcMaMaN2rb9jMlqt4EIdQ","https:\/\/www.tiktok.com\/@thehometownlawyer"]}]}},"_links":{"self":[{"href":"https:\/\/thehometownlawyers.com\/es\/wp-json\/wp\/v2\/pages\/26507","targetHints":{"allow":["GET"]}}],"collection":[{"href":"https:\/\/thehometownlawyers.com\/es\/wp-json\/wp\/v2\/pages"}],"about":[{"href":"https:\/\/thehometownlawyers.com\/es\/wp-json\/wp\/v2\/types\/page"}],"author":[{"embeddable":true,"href":"https:\/\/thehometownlawyers.com\/es\/wp-json\/wp\/v2\/users\/13"}],"replies":[{"embeddable":true,"href":"https:\/\/thehometownlawyers.com\/es\/wp-json\/wp\/v2\/comments?post=26507"}],"version-history":[{"count":0,"href":"https:\/\/thehometownlawyers.com\/es\/wp-json\/wp\/v2\/pages\/26507\/revisions"}],"wp:featuredmedia":[{"embeddable":true,"href":"https:\/\/thehometownlawyers.com\/es\/wp-json\/wp\/v2\/media\/26406"}],"wp:attachment":[{"href":"https:\/\/thehometownlawyers.com\/es\/wp-json\/wp\/v2\/media?parent=26507"}],"wp:term":[{"taxonomy":"hc_faqs","embeddable":true,"href":"https:\/\/thehometownlawyers.com\/es\/wp-json\/wp\/v2\/hc_faqs?post=26507"},{"taxonomy":"hc_spanish_faqs","embeddable":true,"href":"https:\/\/thehometownlawyers.com\/es\/wp-json\/wp\/v2\/hc_spanish_faqs?post=26507"}],"curies":[{"name":"wp","href":"https:\/\/api.w.org\/{rel}","templated":true}]}}