{"id":4516,"date":"2020-08-28T20:32:16","date_gmt":"2020-08-28T20:32:16","guid":{"rendered":"https:\/\/thehometownlawyers.com\/?page_id=4516"},"modified":"2025-05-23T15:31:46","modified_gmt":"2025-05-23T19:31:46","slug":"abogado-de-lesiones-personales-en-middletown","status":"publish","type":"page","link":"https:\/\/thehometownlawyers.com\/es\/abogados-de-lesiones-personales-de-middletown\/","title":{"rendered":"Abogado de Lesiones Personales en Middletown"},"content":{"rendered":"<div class=\"language-indicator\" xml:lang=\"es\">\n<h2><strong>Abogado de Lesiones Personales en Middletown<\/strong><\/h2>\n<p>Fundada en 1886, Middletown Ohio es una ciudad importante en el \u00e1rea de Ohio-Kentucky-Indiana. Hogar de AK Steel Holding Corporation junto con muchas otras empresas, Middletown tambi\u00e9n es el hogar del aeropuerto municipal de Hook Field y un campus regional de la Universidad de Miami. Por lo tanto, no deber\u00eda ser una sorpresa que Middletown ve muchos accidentes de lesiones personales cada a\u00f1o.<\/p>\n<p>De acuerdo a los Centros para el Control y la Prevenci\u00f3n de Enfermedades, el n\u00famero de personas muertas en accidentes en Ohio ha aumentado notablemente en los \u00faltimos a\u00f1os. En 2014, hubo 6.178 accidentes en Ohio que resultaron en muertes. En 2017, sin embargo, hubo 8.971 muertes como resultado de accidentes.<\/p>\n<p class=\"rs-content-cta rs-content-cta-small\">Para una consulta legal gratuita, llame al <a href=\"tel:+15138059841\">513-805-9841 <\/a><\/p><h2><strong>Accidentes de Lesiones Personales Com\u00fanes en Ohio<\/strong><\/h2>\n<p>Los accidentes de lesiones personales ocurren de innumerables maneras, pero algunos de los tipos m\u00e1s comunes de accidentes que nuestros abogados enfrentan incluyen:<\/p>\n<ul>\n<li>Los accidentes automovil\u00edsticos son una ocurrencia com\u00fan en Middletown, as\u00ed como en el resto de Ohio. Una de las causas m\u00e1s comunes de colisiones de veh\u00edculos es la conducci\u00f3n distra\u00edda.<\/li>\n<li>Los accidentes de camiones comerciales son causados por varios factores, como los conductores de camiones que se distraen o cansan. Mientras que los conductores de camiones son a menudo responsables de estos accidentes, las v\u00edctimas a veces tambi\u00e9n persiguen reclamos contra compa\u00f1\u00edas de camiones, fabricantes de camiones o cargadores de carga.<\/li>\n<li>Los accidentes de productos defectuosos pueden incluir medicamentos defectuosos o piezas de veh\u00edculos. Los fabricantes que fabrican o venden piezas defectuosas pueden ser responsables de los accidentes resultantes.<\/li>\n<li>Los accidentes automovil\u00edsticos son una ocurrencia com\u00fan en Middletown, as\u00ed como en el resto de Ohio. Una de las causas m\u00e1s comunes de colisiones de veh\u00edculos es la conducci\u00f3n distra\u00edda.<\/li>\n<li>Los accidentes de camiones comerciales son causados por varios factores, como los conductores de camiones que se distraen o se cansan. Aunque que los conductores de camiones son a menudo responsables de estos accidentes, las v\u00edctimas a veces tambi\u00e9n persiguen reclamos contra compa\u00f1\u00edas de camiones, fabricantes de camiones o cargadores de carga.<\/li>\n<li>Los accidentes de productos defectuosos pueden incluir medicamentos defectuosos o piezas de veh\u00edculos. Los fabricantes que fabrican o venden piezas defectuosas pueden ser responsables de los accidentes resultantes.<\/li>\n<li>La negligencia m\u00e9dica ocurre cuando los profesionales m\u00e9dicos no cumplen con los est\u00e1ndares asociados con la industria m\u00e9dica. Algunos de los tipos m\u00e1s comunes de negligencia m\u00e9dica incluyen medicamentos incorrectas, diagn\u00f3sticos ignorados o errores quir\u00fargicos.<\/li>\n<li>Los accidentes de motocicleta a menudo son causados porque las motocicletas son m\u00e1s peque\u00f1as que los veh\u00edculos de pasajeros y con frecuencia desaparecen en el punto ciego de los conductores de veh\u00edculos de motor.<\/li>\n<li>Los accidentes de peatones y bicicletas a menudo son devastadores porque las v\u00edctimas carecen del grado de protecci\u00f3n que hacen los automovilistas.<\/li>\n<li>Responsabilidad de las instalaciones, que ocurre cuando los propietarios de Ohio no pueden mantener sus instalaciones seguras para los visitantes. Algunos de los peligros m\u00e1s comunes que resultan en accidentes de responsabilidad por locales incluyen escaleras mal construidas y pisos mojados.<\/li>\n<li>Accidentes de transporte p\u00fablico, que ocurren cuando los peatones resultan heridos mientras montan, se suprimen o bajan de los autobuses.<\/li>\n<li>Los accidentes de peatones y bicicletas a menudo son devastadores porque las v\u00edctimas carecen del grado de protecci\u00f3n que tienen los automovilistas.<\/li>\n<li>Responsabilidad de las instalaciones, que ocurre cuando los propietarios en Ohio no pueden mantener sus instalaciones seguras para los visitantes. Algunos de los peligros m\u00e1s comunes que resultan en accidentes de responsabilidad de instalaciones incluyen escaleras mal construidas y pisos mojados.<\/li>\n<li>Accidentes de transporte p\u00fablico, que ocurren cuando los peatones resultan heridos mientras son pasajeros o se montan o bajan de los autobuses.<\/li>\n<\/ul>\n<p class=\"rs-content-cta\">Abogado de Lesiones Personales de Middletown Abogado de Lesiones Personales en Middletown Cerca de M\u00ed <a href=\"tel:+15138059841\">513-805-9841<\/a><\/p><h2><strong>Lesiones Comunes Despu\u00e9s de Accidentes en Middletown<\/strong><\/h2>\n<p>Si otra persona es responsable de su lesi\u00f3n, usted no debe ser considerado financieramente responsable de los da\u00f1os resultantes. A pesar de esto, la necesidad de recuperar la compensaci\u00f3n por las partes responsables se vuelve m\u00e1s cr\u00edtica cuando se trata de lesiones que cambian la vida.<\/p>\n<p>Esto se debe a que las lesiones graves pueden crear muchos obst\u00e1culos en la vida de una persona. Las peores lesiones no s\u00f3lo pueden dejar a una persona incapaz de trabajar, sino que estas lesiones tambi\u00e9n pueden dejar a las v\u00edctimas de accidentes incapaces de cuidarse a s\u00ed mismos. Algunas de las lesiones m\u00e1s comunes que nuestros abogados han visto a las v\u00edctimas de accidentes enfrentar incluyen:<\/p>\n<ul>\n<li>Los huesos rotos y fracturados no s\u00f3lo resultan en dolor debilitante, sino que los peores casos pueden incluso resultar en amputaciones.<\/li>\n<li>Las quemaduras graves pueden desfigurar y asustar a una persona, lo que resulta no solo en un trauma emocional, sino tambi\u00e9n en un dolor sustancial.<\/li>\n<li>Las lesiones en la columna vertebral pueden dejar a las v\u00edctimas de accidentes paralizadas y crear diversos problemas de movilidad a lo largo de sus vidas.<\/li>\n<li>Las lesiones cerebrales traum\u00e1ticas pueden alterar sustancialmente las habilidades de las v\u00edctimas para cuidarse a s\u00ed mismas.<\/li>\n<\/ul>\n<p class=\"rs-content-cta rs-content-cta-small\"><a href=\"\/es\/contacto\/\">Haga clic para contactar<\/a> con nuestros  abogados hoy<\/p><h2><strong>Persiguiendo su Compensaci\u00f3n Despu\u00e9s de Accidentes de Lesiones Personales en Ohio<\/strong><\/h2>\n<p>Las v\u00edctimas de accidentes de lesiones personales de Ohio a menudo pueden perseguir una compensaci\u00f3n por parte de las partes responsables. La compensaci\u00f3n puede ayudar a pagar varios costos, incluyendo:<\/p>\n<ul>\n<li>Trauma emocional<\/li>\n<li>P\u00e9rdida de compa\u00f1\u00eda<\/li>\n<li>Salarios perdidos<\/li>\n<li>Facturas m\u00e9dicas<\/li>\n<li>Da\u00f1os a la propiedad<\/li>\n<li>Reducci\u00f3n de la calidad de vida<\/li>\n<\/ul>\n<p>Desafortunadamente, los accidentes por lesiones personales de Ohio a veces resultan en la muerte de sus seres queridos. En estas situaciones, nuestros abogados pueden ayudar a la familia sobreviviente de la persona fallecida a perseguir una compensaci\u00f3n por los gastos funerarios y de entierro, as\u00ed como otros gastos asociados con la muerte de la persona.<\/p>\n<p class=\"rs-content-cta rs-content-cta-small\">Complete una <a href=\"\/es\/contacto\/\">evaluaci\u00f3n gratuita de su caso<\/a> ahora<\/p><h2><strong>No Dude en Presentar un Reclamo de Lesiones Personales<\/strong><\/h2>\n<p>El lapso de prescripci\u00f3n se refiere a la cantidad de tiempo que una v\u00edctima de accidente tiene para presentar su reclamo. El lapso de prescripci\u00f3n en Ohio es de dos a\u00f1os a partir de la fecha de la mayor\u00eda de los accidentes. Si una persona fallece en un accidente, los sobrevivientes tienen dos a\u00f1os a partir de la fecha del fallecimiento de la persona. Estas limitaciones aplican a las acciones civiles y no a las reclamaciones de seguros.<\/p>\n<p>Si una persona espera m\u00e1s tiempo que este lapso para presentar un reclamo personal, es probable que se le proh\u00edba solicitar una compensaci\u00f3n. Como resultado, usted no debe dudar en retener la asistencia de un abogado de accidentes experimentado hoy.<\/p>\n<h2><strong>Obtenga los Servicios de un Abogado de Lesiones Personales en Ohio<\/strong><\/h2>\n<p>Si usted o un ser querido se lesiona como resultado de la negligencia de otra persona en Middletown, Ohio, u otra parte de Ohio, no dude en hablar con un abogado de lesiones personales con experiencia en Kruger &amp; Hodges hoy.<\/p>\n<\/div>\n<p class=\"rs-content-cta rs-content-cta-small\">Llame o env\u00ede un mensaje de texto al <a href=\"tel:+15138059841\">513-805-9841<\/a> o complete una <a href=\"\/es\/contacto\/\">evaluaci\u00f3n gratuita de su caso<\/a><\/p>","protected":false},"excerpt":{"rendered":"<p>Abogado de Lesiones Personales en Middletown Fundada en 1886, Middletown Ohio es una ciudad importante en el \u00e1rea de Ohio-Kentucky-Indiana. Hogar de AK Steel Holding Corporation junto con muchas otras empresas, Middletown tambi\u00e9n es el hogar del aeropuerto municipal de Hook Field y un campus regional de la Universidad de Miami. Por lo tanto, no &#8230;<\/p>\n","protected":false},"author":7,"featured_media":24494,"parent":0,"menu_order":0,"comment_status":"closed","ping_status":"closed","template":"","meta":{"_acf_changed":false,"inline_featured_image":false,"_genesis_hide_title":false,"_genesis_hide_breadcrumbs":false,"_genesis_hide_singular_image":false,"_genesis_hide_footer_widgets":false,"_genesis_custom_body_class":"","_genesis_custom_post_class":"","_genesis_layout":"","footnotes":""},"hc_faqs":[],"hc_spanish_faqs":[],"class_list":{"0":"post-4516","1":"page","2":"type-page","3":"status-publish","4":"has-post-thumbnail","6":"hc_city_location-middletown-es","7":"entry"},"acf":[],"yoast_head":"<!-- This site is optimized with the Yoast SEO plugin v27.3 - https:\/\/yoast.com\/product\/yoast-seo-wordpress\/ -->\n<title>Abogado de Lesiones Personales en Middletown | Kruger &amp; Hodges Abogados De Lesiones<\/title>\n<meta name=\"description\" content=\"Abogado de Lesiones Personales en Middletown Fundada en 1886, Middletown Ohio es una ciudad importante en el \u00e1rea de Ohio-Kentucky-Indiana. Hogar de AK\" \/>\n<meta name=\"robots\" content=\"index, follow, max-snippet:-1, max-image-preview:large, max-video-preview:-1\" \/>\n<link rel=\"canonical\" href=\"https:\/\/thehometownlawyers.com\/es\/abogados-de-lesiones-personales-de-middletown\/\" \/>\n<meta property=\"og:locale\" content=\"es_MX\" \/>\n<meta property=\"og:type\" content=\"article\" \/>\n<meta property=\"og:title\" content=\"Abogado de Lesiones Personales en Middletown | Kruger &amp; Hodges Abogados De Lesiones\" \/>\n<meta property=\"og:description\" content=\"Abogado de Lesiones Personales en Middletown Fundada en 1886, Middletown Ohio es una ciudad importante en el \u00e1rea de Ohio-Kentucky-Indiana. Hogar de AK\" \/>\n<meta property=\"og:url\" content=\"https:\/\/thehometownlawyers.com\/es\/abogados-de-lesiones-personales-de-middletown\/\" \/>\n<meta property=\"og:site_name\" content=\"Kruger &amp; Hodges Abogados De Lesiones\" \/>\n<meta property=\"article:publisher\" content=\"https:\/\/www.facebook.com\/KrugerHodges\/\" \/>\n<meta property=\"article:modified_time\" content=\"2025-05-23T19:31:46+00:00\" \/>\n<meta property=\"og:image\" content=\"https:\/\/thehometownlawyers.com\/wp-content\/uploads\/2025\/03\/doctor-xray-spine.jpg\" \/>\n\t<meta property=\"og:image:width\" content=\"768\" \/>\n\t<meta property=\"og:image:height\" content=\"432\" \/>\n\t<meta property=\"og:image:type\" content=\"image\/jpeg\" \/>\n<meta name=\"twitter:card\" content=\"summary_large_image\" \/>\n<meta name=\"twitter:label1\" content=\"Tiempo de lectura\" \/>\n\t<meta name=\"twitter:data1\" content=\"6 minutos\" \/>\n<script type=\"application\/ld+json\" class=\"yoast-schema-graph\">{\"@context\":\"https:\\\/\\\/schema.org\",\"@graph\":[{\"@type\":\"WebPage\",\"@id\":\"https:\\\/\\\/thehometownlawyers.com\\\/es\\\/abogados-de-lesiones-personales-de-middletown\\\/\",\"url\":\"https:\\\/\\\/thehometownlawyers.com\\\/es\\\/abogados-de-lesiones-personales-de-middletown\\\/\",\"name\":\"Abogado de Lesiones Personales en Middletown | Kruger &amp; Hodges Abogados De Lesiones\",\"isPartOf\":{\"@id\":\"https:\\\/\\\/thehometownlawyers.com\\\/es\\\/#website\"},\"primaryImageOfPage\":{\"@id\":\"https:\\\/\\\/thehometownlawyers.com\\\/es\\\/abogados-de-lesiones-personales-de-middletown\\\/#primaryimage\"},\"image\":{\"@id\":\"https:\\\/\\\/thehometownlawyers.com\\\/es\\\/abogados-de-lesiones-personales-de-middletown\\\/#primaryimage\"},\"thumbnailUrl\":\"https:\\\/\\\/thehometownlawyers.com\\\/wp-content\\\/uploads\\\/2025\\\/03\\\/doctor-xray-spine.jpg\",\"datePublished\":\"2020-08-28T20:32:16+00:00\",\"dateModified\":\"2025-05-23T19:31:46+00:00\",\"description\":\"Abogado de Lesiones Personales en Middletown Fundada en 1886, Middletown Ohio es una ciudad importante en el \u00e1rea de Ohio-Kentucky-Indiana. Hogar de AK\",\"breadcrumb\":{\"@id\":\"https:\\\/\\\/thehometownlawyers.com\\\/es\\\/abogados-de-lesiones-personales-de-middletown\\\/#breadcrumb\"},\"inLanguage\":\"es\",\"potentialAction\":[{\"@type\":\"ReadAction\",\"target\":[\"https:\\\/\\\/thehometownlawyers.com\\\/es\\\/abogados-de-lesiones-personales-de-middletown\\\/\"]}]},{\"@type\":\"ImageObject\",\"inLanguage\":\"es\",\"@id\":\"https:\\\/\\\/thehometownlawyers.com\\\/es\\\/abogados-de-lesiones-personales-de-middletown\\\/#primaryimage\",\"url\":\"https:\\\/\\\/thehometownlawyers.com\\\/wp-content\\\/uploads\\\/2025\\\/03\\\/doctor-xray-spine.jpg\",\"contentUrl\":\"https:\\\/\\\/thehometownlawyers.com\\\/wp-content\\\/uploads\\\/2025\\\/03\\\/doctor-xray-spine.jpg\",\"width\":768,\"height\":432,\"caption\":\"primer plano de una radiograf\u00eda\"},{\"@type\":\"BreadcrumbList\",\"@id\":\"https:\\\/\\\/thehometownlawyers.com\\\/es\\\/abogados-de-lesiones-personales-de-middletown\\\/#breadcrumb\",\"itemListElement\":[{\"@type\":\"ListItem\",\"position\":1,\"name\":\"Home\",\"item\":\"https:\\\/\\\/thehometownlawyers.com\\\/es\\\/\"},{\"@type\":\"ListItem\",\"position\":2,\"name\":\"Abogado de Lesiones Personales en Middletown\"}]},{\"@type\":\"WebSite\",\"@id\":\"https:\\\/\\\/thehometownlawyers.com\\\/es\\\/#website\",\"url\":\"https:\\\/\\\/thehometownlawyers.com\\\/es\\\/\",\"name\":\"Kruger & Hodges Hometown Injury Lawyers | Accident Attorneys\",\"description\":\"Attorneys for Car, Truck and Motorcycle Accidents, Personal Injuries, and Criminal Defense.\",\"publisher\":{\"@id\":\"https:\\\/\\\/thehometownlawyers.com\\\/es\\\/#organization\"},\"alternateName\":\"Kruger & Hodges Personal Injury Lawyers\",\"inLanguage\":\"es\"},{\"@type\":\"Organization\",\"@id\":\"https:\\\/\\\/thehometownlawyers.com\\\/es\\\/#organization\",\"name\":\"Kruger & Hodges Hometown Injury Lawyers\",\"alternateName\":\"Kruger & Hodges\",\"url\":\"https:\\\/\\\/thehometownlawyers.com\\\/es\\\/\",\"logo\":{\"@type\":\"ImageObject\",\"inLanguage\":\"es\",\"@id\":\"https:\\\/\\\/thehometownlawyers.com\\\/es\\\/#\\\/schema\\\/logo\\\/image\\\/\",\"url\":\"https:\\\/\\\/thehometownlawyers.com\\\/wp-content\\\/uploads\\\/2025\\\/12\\\/revised-kh-logo-vertical-white-background-scaled.png\",\"contentUrl\":\"https:\\\/\\\/thehometownlawyers.com\\\/wp-content\\\/uploads\\\/2025\\\/12\\\/revised-kh-logo-vertical-white-background-scaled.png\",\"width\":2560,\"height\":1440,\"caption\":\"Kruger & Hodges Hometown Injury Lawyers\"},\"image\":{\"@id\":\"https:\\\/\\\/thehometownlawyers.com\\\/es\\\/#\\\/schema\\\/logo\\\/image\\\/\"},\"sameAs\":[\"https:\\\/\\\/www.facebook.com\\\/KrugerHodges\\\/\",\"https:\\\/\\\/www.instagram.com\\\/krugerhodges\\\/\",\"https:\\\/\\\/www.linkedin.com\\\/company\\\/kruger-hodges-hometown-injury-lawyers\\\/\",\"https:\\\/\\\/www.youtube.com\\\/channel\\\/UCeYcMaMaN2rb9jMlqt4EIdQ\",\"https:\\\/\\\/www.tiktok.com\\\/@thehometownlawyer\"]}]}<\/script>\n<!-- \/ Yoast SEO plugin. -->","yoast_head_json":{"title":"Abogado de Lesiones Personales en Middletown | Kruger &amp; Hodges Abogados De Lesiones","description":"Abogado de Lesiones Personales en Middletown Fundada en 1886, Middletown Ohio es una ciudad importante en el \u00e1rea de Ohio-Kentucky-Indiana. Hogar de AK","robots":{"index":"index","follow":"follow","max-snippet":"max-snippet:-1","max-image-preview":"max-image-preview:large","max-video-preview":"max-video-preview:-1"},"canonical":"https:\/\/thehometownlawyers.com\/es\/abogados-de-lesiones-personales-de-middletown\/","og_locale":"es_MX","og_type":"article","og_title":"Abogado de Lesiones Personales en Middletown | Kruger &amp; Hodges Abogados De Lesiones","og_description":"Abogado de Lesiones Personales en Middletown Fundada en 1886, Middletown Ohio es una ciudad importante en el \u00e1rea de Ohio-Kentucky-Indiana. Hogar de AK","og_url":"https:\/\/thehometownlawyers.com\/es\/abogados-de-lesiones-personales-de-middletown\/","og_site_name":"Kruger &amp; Hodges Abogados De Lesiones","article_publisher":"https:\/\/www.facebook.com\/KrugerHodges\/","article_modified_time":"2025-05-23T19:31:46+00:00","og_image":[{"width":768,"height":432,"url":"https:\/\/thehometownlawyers.com\/wp-content\/uploads\/2025\/03\/doctor-xray-spine.jpg","type":"image\/jpeg"}],"twitter_card":"summary_large_image","twitter_misc":{"Tiempo de lectura":"6 minutos"},"schema":{"@context":"https:\/\/schema.org","@graph":[{"@type":"WebPage","@id":"https:\/\/thehometownlawyers.com\/es\/abogados-de-lesiones-personales-de-middletown\/","url":"https:\/\/thehometownlawyers.com\/es\/abogados-de-lesiones-personales-de-middletown\/","name":"Abogado de Lesiones Personales en Middletown | Kruger &amp; Hodges Abogados De Lesiones","isPartOf":{"@id":"https:\/\/thehometownlawyers.com\/es\/#website"},"primaryImageOfPage":{"@id":"https:\/\/thehometownlawyers.com\/es\/abogados-de-lesiones-personales-de-middletown\/#primaryimage"},"image":{"@id":"https:\/\/thehometownlawyers.com\/es\/abogados-de-lesiones-personales-de-middletown\/#primaryimage"},"thumbnailUrl":"https:\/\/thehometownlawyers.com\/wp-content\/uploads\/2025\/03\/doctor-xray-spine.jpg","datePublished":"2020-08-28T20:32:16+00:00","dateModified":"2025-05-23T19:31:46+00:00","description":"Abogado de Lesiones Personales en Middletown Fundada en 1886, Middletown Ohio es una ciudad importante en el \u00e1rea de Ohio-Kentucky-Indiana. Hogar de AK","breadcrumb":{"@id":"https:\/\/thehometownlawyers.com\/es\/abogados-de-lesiones-personales-de-middletown\/#breadcrumb"},"inLanguage":"es","potentialAction":[{"@type":"ReadAction","target":["https:\/\/thehometownlawyers.com\/es\/abogados-de-lesiones-personales-de-middletown\/"]}]},{"@type":"ImageObject","inLanguage":"es","@id":"https:\/\/thehometownlawyers.com\/es\/abogados-de-lesiones-personales-de-middletown\/#primaryimage","url":"https:\/\/thehometownlawyers.com\/wp-content\/uploads\/2025\/03\/doctor-xray-spine.jpg","contentUrl":"https:\/\/thehometownlawyers.com\/wp-content\/uploads\/2025\/03\/doctor-xray-spine.jpg","width":768,"height":432,"caption":"primer plano de una radiograf\u00eda"},{"@type":"BreadcrumbList","@id":"https:\/\/thehometownlawyers.com\/es\/abogados-de-lesiones-personales-de-middletown\/#breadcrumb","itemListElement":[{"@type":"ListItem","position":1,"name":"Home","item":"https:\/\/thehometownlawyers.com\/es\/"},{"@type":"ListItem","position":2,"name":"Abogado de Lesiones Personales en Middletown"}]},{"@type":"WebSite","@id":"https:\/\/thehometownlawyers.com\/es\/#website","url":"https:\/\/thehometownlawyers.com\/es\/","name":"Kruger & Hodges Hometown Injury Lawyers | Accident Attorneys","description":"Attorneys for Car, Truck and Motorcycle Accidents, Personal Injuries, and Criminal Defense.","publisher":{"@id":"https:\/\/thehometownlawyers.com\/es\/#organization"},"alternateName":"Kruger & Hodges Personal Injury Lawyers","inLanguage":"es"},{"@type":"Organization","@id":"https:\/\/thehometownlawyers.com\/es\/#organization","name":"Kruger & Hodges Hometown Injury Lawyers","alternateName":"Kruger & Hodges","url":"https:\/\/thehometownlawyers.com\/es\/","logo":{"@type":"ImageObject","inLanguage":"es","@id":"https:\/\/thehometownlawyers.com\/es\/#\/schema\/logo\/image\/","url":"https:\/\/thehometownlawyers.com\/wp-content\/uploads\/2025\/12\/revised-kh-logo-vertical-white-background-scaled.png","contentUrl":"https:\/\/thehometownlawyers.com\/wp-content\/uploads\/2025\/12\/revised-kh-logo-vertical-white-background-scaled.png","width":2560,"height":1440,"caption":"Kruger & Hodges Hometown Injury Lawyers"},"image":{"@id":"https:\/\/thehometownlawyers.com\/es\/#\/schema\/logo\/image\/"},"sameAs":["https:\/\/www.facebook.com\/KrugerHodges\/","https:\/\/www.instagram.com\/krugerhodges\/","https:\/\/www.linkedin.com\/company\/kruger-hodges-hometown-injury-lawyers\/","https:\/\/www.youtube.com\/channel\/UCeYcMaMaN2rb9jMlqt4EIdQ","https:\/\/www.tiktok.com\/@thehometownlawyer"]}]}},"_links":{"self":[{"href":"https:\/\/thehometownlawyers.com\/es\/wp-json\/wp\/v2\/pages\/4516","targetHints":{"allow":["GET"]}}],"collection":[{"href":"https:\/\/thehometownlawyers.com\/es\/wp-json\/wp\/v2\/pages"}],"about":[{"href":"https:\/\/thehometownlawyers.com\/es\/wp-json\/wp\/v2\/types\/page"}],"author":[{"embeddable":true,"href":"https:\/\/thehometownlawyers.com\/es\/wp-json\/wp\/v2\/users\/7"}],"replies":[{"embeddable":true,"href":"https:\/\/thehometownlawyers.com\/es\/wp-json\/wp\/v2\/comments?post=4516"}],"version-history":[{"count":0,"href":"https:\/\/thehometownlawyers.com\/es\/wp-json\/wp\/v2\/pages\/4516\/revisions"}],"wp:featuredmedia":[{"embeddable":true,"href":"https:\/\/thehometownlawyers.com\/es\/wp-json\/wp\/v2\/media\/24494"}],"wp:attachment":[{"href":"https:\/\/thehometownlawyers.com\/es\/wp-json\/wp\/v2\/media?parent=4516"}],"wp:term":[{"taxonomy":"hc_faqs","embeddable":true,"href":"https:\/\/thehometownlawyers.com\/es\/wp-json\/wp\/v2\/hc_faqs?post=4516"},{"taxonomy":"hc_spanish_faqs","embeddable":true,"href":"https:\/\/thehometownlawyers.com\/es\/wp-json\/wp\/v2\/hc_spanish_faqs?post=4516"}],"curies":[{"name":"wp","href":"https:\/\/api.w.org\/{rel}","templated":true}]}}